{"id":8026,"date":"2023-08-16T21:19:00","date_gmt":"2023-08-17T00:19:00","guid":{"rendered":"https:\/\/cacapalavrasdidaticos.com.br\/site\/?post_type=product&#038;p=8026"},"modified":"2025-12-01T08:48:45","modified_gmt":"2025-12-01T11:48:45","slug":"pacote-de-apostilas-de-atividades-do-ensino-fundamental-geografia-8o-ano-volumes-1-e-2","status":"publish","type":"product","link":"https:\/\/cacapalavrasdidaticos.com.br\/site\/produto\/pacote-de-apostilas-de-atividades-do-ensino-fundamental-geografia-8o-ano-volumes-1-e-2\/","title":{"rendered":"PACOTE DE APOSTILAS DE ATIVIDADES DO ENSINO FUNDAMENTAL &#8211; GEOGRAFIA &#8211; 8\u00ba ANO (VOLUMES 1 e 2)"},"content":{"rendered":"","protected":false},"excerpt":{"rendered":"<p style=\"margin: 0cm;\">Este SUPERCOMBO \u00e9 referente aos 2 volumes do 8\u00ba ano para o projeto Geordenadas &#8211; Apostilas de Atividades para o Ensino Fundamental! As apostilas do 8 \u00ba ano est\u00e3o voltadas para professores e alunos que querem inovar no ensino-aprendizagem de Geografia e conta com 60 assuntos abordados atrav\u00e9s de:<br \/>\n&#8211; Mapas Mentais;<br \/>\n&#8211; Ca\u00e7a-palavras;<br \/>\n&#8211; Criptogramas;<\/p>\n<p>&#8211; Cruzadinhas;<\/p>\n<p style=\"margin: 0cm;\">&#8211; Mapas para colorir;<br \/>\n&#8211; Atividades variadas entre: Quest\u00f5es discursivas e objetivas, cruzadinhas, pintura e desenho.<\/p>\n<p style=\"margin: 0cm;\">Nossas atividades s\u00e3o fruto de anos de pesquisa na t\u00e9cnica dos mapas mentais, ca\u00e7a-palavras e intelig\u00eancias m\u00faltiplas. No in\u00edcio da apostila, voc\u00ea ir\u00e1 se deparar com uma tabela atualizada da BNCC, relacionando cada material a seu objeto de conhecimento e habilidades relacionadas. Logo em seguida, voc\u00ea conhecer\u00e1 mais sobre as t\u00e9cnicas empregadas para desenvolver nosso projeto e poder\u00e1, enfim, ingressar no mundo Geordenadas, abordando novas formas de ensinar e aprender Geografia. Neste volume seu aluno ir\u00e1 desenvolver a habilidades referentes a intelig\u00eancia espacial atrav\u00e9s de desenho e pinturas , o racioc\u00ednio a partir dos criptogramas e a intelig\u00eancia lingu\u00edstica com base nos ca\u00e7a-palavras e cruzadinhas.<br \/>\nNas pr\u00f3ximas semanas vamos lan\u00e7ar o volume 2 para o 8\u00ba ano e as demais apostilas para o 9\u00ba e Novo Ensino M\u00e9dio!<\/p>\n<p>&nbsp;<\/p>\n<p style=\"text-align: center;\"><strong>AVISO IMPORTANTE:<\/strong><\/p>\n<p style=\"text-align: center;\"><strong>AS APOSTILAS S\u00c3O ENVIADAS EM FORMATO PDF NO EMAIL CADASTRADO NO ATO DA COMPRA. CASO QUEIRA O MATERIAL EM FORMATO IMAGEM JPEG, ENTRE EM CONTATO CONOSCO PELO WHATSAPP: 31-994716920<\/strong><\/p>\n<p style=\"text-align: center;\"><strong>MAIS INFORMA\u00c7\u00d5ES E COMPRA PELO PIX, EM CONTATO CONOSCO: 31-994716920. PIX: 31-994716920 (Eduardo de Sousa)<\/strong><\/p>\n<p style=\"text-align: center;\"><strong>ENVIO DO MATERIAL: EM AT\u00c9 1 (UM) DIA \u00daTIL, AP\u00d3S A CONFIRMA\u00c7\u00c3O DO PAGAMENTO<\/strong>\u00a0<strong>(SER\u00c1 ENVIADO UM LINK DO GOOGLE DRIVE NO E-MAIL INFORMADO NO ATO DA COMPRA PARA O DOWNLOAD DA APOSTILA).<\/strong><\/p>\n","protected":false},"featured_media":8370,"comment_status":"closed","ping_status":"closed","template":"","meta":[],"product_brand":[],"product_cat":[153],"product_tag":[],"class_list":{"0":"post-8026","1":"product","2":"type-product","3":"status-publish","4":"has-post-thumbnail","6":"product_cat-geografia","8":"first","9":"instock","10":"sale","11":"virtual","12":"taxable","13":"purchasable","14":"product-type-simple"},"_links":{"self":[{"href":"https:\/\/cacapalavrasdidaticos.com.br\/site\/wp-json\/wp\/v2\/product\/8026","targetHints":{"allow":["GET"]}}],"collection":[{"href":"https:\/\/cacapalavrasdidaticos.com.br\/site\/wp-json\/wp\/v2\/product"}],"about":[{"href":"https:\/\/cacapalavrasdidaticos.com.br\/site\/wp-json\/wp\/v2\/types\/product"}],"replies":[{"embeddable":true,"href":"https:\/\/cacapalavrasdidaticos.com.br\/site\/wp-json\/wp\/v2\/comments?post=8026"}],"wp:featuredmedia":[{"embeddable":true,"href":"https:\/\/cacapalavrasdidaticos.com.br\/site\/wp-json\/wp\/v2\/media\/8370"}],"wp:attachment":[{"href":"https:\/\/cacapalavrasdidaticos.com.br\/site\/wp-json\/wp\/v2\/media?parent=8026"}],"wp:term":[{"taxonomy":"product_brand","embeddable":true,"href":"https:\/\/cacapalavrasdidaticos.com.br\/site\/wp-json\/wp\/v2\/product_brand?post=8026"},{"taxonomy":"product_cat","embeddable":true,"href":"https:\/\/cacapalavrasdidaticos.com.br\/site\/wp-json\/wp\/v2\/product_cat?post=8026"},{"taxonomy":"product_tag","embeddable":true,"href":"https:\/\/cacapalavrasdidaticos.com.br\/site\/wp-json\/wp\/v2\/product_tag?post=8026"}],"curies":[{"name":"wp","href":"https:\/\/api.w.org\/{rel}","templated":true}]}}