{"id":7751,"date":"2023-08-16T21:14:45","date_gmt":"2023-08-17T00:14:45","guid":{"rendered":"https:\/\/cacapalavrasdidaticos.com.br\/site\/?post_type=product&#038;p=7751"},"modified":"2025-12-01T08:50:09","modified_gmt":"2025-12-01T11:50:09","slug":"a-fantastica-apostila-da-russia-para-ciencias-humanas-pdf","status":"publish","type":"product","link":"https:\/\/cacapalavrasdidaticos.com.br\/site\/produto\/a-fantastica-apostila-da-russia-para-ciencias-humanas-pdf\/","title":{"rendered":"A FANT\u00c1STICA APOSTILA DA R\u00daSSIA PARA CI\u00caNCIAS HUMANAS &#8211; PDF"},"content":{"rendered":"","protected":false},"excerpt":{"rendered":"<p>Esta apostila \u00e9 do componente curricular de <strong>CI\u00caNCIAS HUMANAS<\/strong> e conta com atividades que foram elaboradas e organizados com foco nos estudos sobre as perspectivas das <strong>Ci\u00eancias Humanas<\/strong> acerca da <strong>R\u00fassia<\/strong>. Delicie-se e leve para a sua sala de aula mais essa experi\u00eancia l\u00fadica e did\u00e1tica.<\/p>\n<p>Este volume cont\u00e9m:<\/p>\n<ul>\n<li><strong>Hist\u00f3ria e Geografia da R\u00fassia<\/strong><\/li>\n<li><strong>Exerc\u00edcios de fixa\u00e7\u00e3o<\/strong><\/li>\n<li><strong>Mapas Mentais<\/strong><\/li>\n<li><strong>Ca\u00e7a-palavras<\/strong><\/li>\n<li><strong>Criptogramas<\/strong><\/li>\n<li><strong>Cruzadinhas<\/strong><\/li>\n<li><strong>Mapas e bandeiras para colorir<\/strong><\/li>\n<li><strong>Gabaritos de todas as atividades<\/strong><\/li>\n<\/ul>\n<p style=\"text-align: center;\"><strong>AVISO IMPORTANTE:<\/strong><\/p>\n<p style=\"text-align: center;\"><strong>AS APOSTILAS S\u00c3O ENVIADAS EM FORMATO PDF NO EMAIL CADASTRADO NO ATO DA COMPRA. CASO QUEIRA O MATERIAL EM FORMATO IMAGEM JPEG, ENTRE EM CONTATO CONOSCO PELO WHATSAPP: 31-994716920<\/strong><\/p>\n<p style=\"text-align: center;\"><strong>MAIS INFORMA\u00c7\u00d5ES E COMPRA PELO PIX, EM CONTATO CONOSCO: 31-994716920. PIX: 31-994716920 (Eduardo de Sousa)<\/strong><\/p>\n<p style=\"text-align: center;\"><strong>ENVIO DO MATERIAL: EM AT\u00c9 1 (UM) DIA \u00daTIL, AP\u00d3S A CONFIRMA\u00c7\u00c3O DO PAGAMENTO<\/strong>\u00a0<strong>(SER\u00c1 ENVIADO UM LINK DO GOOGLE DRIVE NO E-MAIL INFORMADO NO ATO DA COMPRA PARA O DOWNLOAD DA APOSTILA).<\/strong><\/p>\n","protected":false},"featured_media":8326,"comment_status":"open","ping_status":"closed","template":"","meta":[],"product_brand":[],"product_cat":[153,23],"product_tag":[68,26,69,70,71,72,38,73],"class_list":{"0":"post-7751","1":"product","2":"type-product","3":"status-publish","4":"has-post-thumbnail","6":"product_cat-geografia","7":"product_cat-historia","8":"product_tag-atualidades","9":"product_tag-filosofia","10":"product_tag-geopolitica","11":"product_tag-guerra","12":"product_tag-guerra-fria","13":"product_tag-russia","14":"product_tag-sociologia","15":"product_tag-ucrania","17":"first","18":"instock","19":"virtual","20":"taxable","21":"purchasable","22":"product-type-simple"},"_links":{"self":[{"href":"https:\/\/cacapalavrasdidaticos.com.br\/site\/wp-json\/wp\/v2\/product\/7751","targetHints":{"allow":["GET"]}}],"collection":[{"href":"https:\/\/cacapalavrasdidaticos.com.br\/site\/wp-json\/wp\/v2\/product"}],"about":[{"href":"https:\/\/cacapalavrasdidaticos.com.br\/site\/wp-json\/wp\/v2\/types\/product"}],"replies":[{"embeddable":true,"href":"https:\/\/cacapalavrasdidaticos.com.br\/site\/wp-json\/wp\/v2\/comments?post=7751"}],"wp:featuredmedia":[{"embeddable":true,"href":"https:\/\/cacapalavrasdidaticos.com.br\/site\/wp-json\/wp\/v2\/media\/8326"}],"wp:attachment":[{"href":"https:\/\/cacapalavrasdidaticos.com.br\/site\/wp-json\/wp\/v2\/media?parent=7751"}],"wp:term":[{"taxonomy":"product_brand","embeddable":true,"href":"https:\/\/cacapalavrasdidaticos.com.br\/site\/wp-json\/wp\/v2\/product_brand?post=7751"},{"taxonomy":"product_cat","embeddable":true,"href":"https:\/\/cacapalavrasdidaticos.com.br\/site\/wp-json\/wp\/v2\/product_cat?post=7751"},{"taxonomy":"product_tag","embeddable":true,"href":"https:\/\/cacapalavrasdidaticos.com.br\/site\/wp-json\/wp\/v2\/product_tag?post=7751"}],"curies":[{"name":"wp","href":"https:\/\/api.w.org\/{rel}","templated":true}]}}