{"id":7741,"date":"2023-08-16T21:14:41","date_gmt":"2023-08-17T00:14:41","guid":{"rendered":"https:\/\/cacapalavrasdidaticos.com.br\/site\/?post_type=product&#038;p=7741"},"modified":"2026-04-03T08:38:26","modified_gmt":"2026-04-03T11:38:26","slug":"apostila-de-atividades-de-educacao-fisica-ensino-medio-volume-2","status":"publish","type":"product","link":"https:\/\/cacapalavrasdidaticos.com.br\/site\/produto\/apostila-de-atividades-de-educacao-fisica-ensino-medio-volume-2\/","title":{"rendered":"APOSTILA DE ATIVIDADES DE EDUCA\u00c7\u00c3O F\u00cdSICA &#8211; ENSINO M\u00c9DIO &#8211; VOLUME 2"},"content":{"rendered":"","protected":false},"excerpt":{"rendered":"<p>Esta unidade \u00e9 o volume 2 de 3 apostilas da cole\u00e7\u00e3o de Educa\u00e7\u00e3o F\u00edsica para o Ensino M\u00e9dio. Abordaremos todos os principais conte\u00fados do componente curricular. Nesta apostila voc\u00ea encontrar\u00e1 60 p\u00e1ginas de atividades sobre os seguintes temas: V\u00f4lei, basquete, atletismo, dan\u00e7a, gin\u00e1stica, lutas e jogos.<\/p>\n<p>Esta unidade cont\u00e9m:<\/p>\n<ul>\n<li><strong>30 mapas mentais;<\/strong><\/li>\n<li><strong>30 ca\u00e7a-palavras;<\/strong><\/li>\n<li><strong>30 cruzadinhas;<\/strong><\/li>\n<li><strong>20 criptogramas;<\/strong><\/li>\n<li><strong>Atividades diversas relacionadas aos temas;<\/strong><\/li>\n<li><strong>Gabarito das atividades.<\/strong><\/li>\n<\/ul>\n<p>As atividades foram elaboradas e organizados com foco nas Unidades Tem\u00e1ticas, Objetos de Conhecimento e Habilidades presentes na BNCC (Base Nacional Comum Curricular) e tamb\u00e9m visando o ENEM (Exame Nacional do Ensino M\u00e9dio). Delicie-se e leve para a sua sala de aula mais essa experi\u00eancia l\u00fadica e did\u00e1tica.<\/p>\n<p>&nbsp;<\/p>\n<p style=\"text-align: center;\"><strong>AVISO IMPORTANTE<\/strong><\/p>\n<p style=\"text-align: center;\"><strong>AS APOSTILAS S\u00c3O ENVIADAS EM FORMATO PDF NO EMAIL CADASTRADO NO ATO DA COMPRA. CASO QUEIRA O MATERIAL EM FORMATO IMAGEM JPEG, ENTRE EM CONTATO CONOSCO PELO WHATSAPP: 31-994716920<\/strong><\/p>\n<p style=\"text-align: center;\"><strong>MAIS INFORMA\u00c7\u00d5ES E COMPRA PELO PIX, EM CONTATO CONOSCO: 31-994716920. PIX: 31-994716920 (Eduardo de Sousa)<\/strong><\/p>\n<p style=\"text-align: center;\"><strong>ENVIO DO MATERIAL: EM AT\u00c9 1 (UM) DIA \u00daTIL, AP\u00d3S A CONFIRMA\u00c7\u00c3O DO PAGAMENTO<\/strong>\u00a0<strong>(SER\u00c1 ENVIADO UM LINK DO GOOGLE DRIVE NO E-MAIL INFORMADO NO ATO DA COMPRA PARA O DOWNLOAD DA APOSTILA).<\/strong><\/p>\n","protected":false},"featured_media":8911,"comment_status":"closed","ping_status":"closed","template":"","meta":[],"product_brand":[],"product_cat":[137],"product_tag":[],"class_list":{"0":"post-7741","1":"product","2":"type-product","3":"status-publish","4":"has-post-thumbnail","6":"product_cat-educacao-fisica","8":"first","9":"instock","10":"virtual","11":"taxable","12":"purchasable","13":"product-type-simple"},"_links":{"self":[{"href":"https:\/\/cacapalavrasdidaticos.com.br\/site\/wp-json\/wp\/v2\/product\/7741","targetHints":{"allow":["GET"]}}],"collection":[{"href":"https:\/\/cacapalavrasdidaticos.com.br\/site\/wp-json\/wp\/v2\/product"}],"about":[{"href":"https:\/\/cacapalavrasdidaticos.com.br\/site\/wp-json\/wp\/v2\/types\/product"}],"replies":[{"embeddable":true,"href":"https:\/\/cacapalavrasdidaticos.com.br\/site\/wp-json\/wp\/v2\/comments?post=7741"}],"wp:featuredmedia":[{"embeddable":true,"href":"https:\/\/cacapalavrasdidaticos.com.br\/site\/wp-json\/wp\/v2\/media\/8911"}],"wp:attachment":[{"href":"https:\/\/cacapalavrasdidaticos.com.br\/site\/wp-json\/wp\/v2\/media?parent=7741"}],"wp:term":[{"taxonomy":"product_brand","embeddable":true,"href":"https:\/\/cacapalavrasdidaticos.com.br\/site\/wp-json\/wp\/v2\/product_brand?post=7741"},{"taxonomy":"product_cat","embeddable":true,"href":"https:\/\/cacapalavrasdidaticos.com.br\/site\/wp-json\/wp\/v2\/product_cat?post=7741"},{"taxonomy":"product_tag","embeddable":true,"href":"https:\/\/cacapalavrasdidaticos.com.br\/site\/wp-json\/wp\/v2\/product_tag?post=7741"}],"curies":[{"name":"wp","href":"https:\/\/api.w.org\/{rel}","templated":true}]}}