{"id":7699,"date":"2023-08-16T21:13:30","date_gmt":"2023-08-17T00:13:30","guid":{"rendered":"https:\/\/cacapalavrasdidaticos.com.br\/site\/?post_type=product&#038;p=7699"},"modified":"2025-12-01T09:30:13","modified_gmt":"2025-12-01T12:30:13","slug":"combo-apostilas-de-atividades-de-ensino-religioso-ensino-fundamental-2","status":"publish","type":"product","link":"https:\/\/cacapalavrasdidaticos.com.br\/site\/produto\/combo-apostilas-de-atividades-de-ensino-religioso-ensino-fundamental-2\/","title":{"rendered":"COMBO &#8211; APOSTILAS DE ATIVIDADES DE ENSINO RELIGIOSO (ENSINO FUNDAMENTAL 2)"},"content":{"rendered":"","protected":false},"excerpt":{"rendered":"<p>Este combo cont\u00e9m 4 apostilas de ENSINO RELIGIOSO\u00a0 para o ENSINO FUNDAMENTAL 2:<\/p>\n<ul>\n<li>6\u00ba E 7\u00ba ANO (APOSTILAS DE CA\u00c7A-PALAVRAS)<\/li>\n<li>8\u00ba E 9\u00baANO (APOSTILAS DE ATIVIDADES VARIADAS &#8211; MAPAS MENTAIS, CA\u00c7A-PALAVRAS, CRUZADINHAS, CRIPTOGRAMAS E ATIVIDADES VARIADAS)<\/li>\n<\/ul>\n<p>&nbsp;<\/p>\n<p>APROVEITE OS PRE\u00c7OS ESPECIAIS DOS COMBOS DE APOSTILAS. CASO QUEIRA APENAS ALGUMAS APOSTILAS DESTE COMBO, ENTRE EM CONTATO CONOSCO<\/p>\n<p style=\"text-align: center;\"><strong>AVISO IMPORTANTE<\/strong><\/p>\n<p style=\"text-align: center;\"><strong>AS APOSTILAS S\u00c3O ENVIADAS EM FORMATO PDF NO EMAIL CADASTRADO NO ATO DA COMPRA. CASO QUEIRA O MATERIAL EM FORMATO IMAGEM JPEG, ENTRE EM CONTATO CONOSCO PELO WHATSAPP: 31-994716920<\/strong><\/p>\n<p style=\"text-align: center;\"><strong>MAIS INFORMA\u00c7\u00d5ES E COMPRA PELO PIX, EM CONTATO CONOSCO: 31-994716920. PIX: 31-994716920 (Eduardo de Sousa)<\/strong><\/p>\n<p style=\"text-align: center;\"><strong>ENVIO DO MATERIAL: EM AT\u00c9 1 (UM) DIA \u00daTIL, AP\u00d3S A CONFIRMA\u00c7\u00c3O DO PAGAMENTO<\/strong>\u00a0<strong>(SER\u00c1 ENVIADO UM LINK DO GOOGLE DRIVE NO E-MAIL INFORMADO NO ATO DA COMPRA PARA O DOWNLOAD DA APOSTILA).<\/strong><\/p>\n","protected":false},"featured_media":8155,"comment_status":"open","ping_status":"closed","template":"","meta":[],"product_brand":[],"product_cat":[151],"product_tag":[31,32,34,65,37],"class_list":{"0":"post-7699","1":"product","2":"type-product","3":"status-publish","4":"has-post-thumbnail","6":"product_cat-ension-religioso","7":"product_tag-atividades-ludicas","8":"product_tag-caca-palavras","9":"product_tag-cruzadinhas","10":"product_tag-ensino-religioso","11":"product_tag-mapas-mentais","13":"first","14":"instock","15":"sale","16":"downloadable","17":"taxable","18":"shipping-taxable","19":"purchasable","20":"product-type-simple"},"_links":{"self":[{"href":"https:\/\/cacapalavrasdidaticos.com.br\/site\/wp-json\/wp\/v2\/product\/7699","targetHints":{"allow":["GET"]}}],"collection":[{"href":"https:\/\/cacapalavrasdidaticos.com.br\/site\/wp-json\/wp\/v2\/product"}],"about":[{"href":"https:\/\/cacapalavrasdidaticos.com.br\/site\/wp-json\/wp\/v2\/types\/product"}],"replies":[{"embeddable":true,"href":"https:\/\/cacapalavrasdidaticos.com.br\/site\/wp-json\/wp\/v2\/comments?post=7699"}],"wp:featuredmedia":[{"embeddable":true,"href":"https:\/\/cacapalavrasdidaticos.com.br\/site\/wp-json\/wp\/v2\/media\/8155"}],"wp:attachment":[{"href":"https:\/\/cacapalavrasdidaticos.com.br\/site\/wp-json\/wp\/v2\/media?parent=7699"}],"wp:term":[{"taxonomy":"product_brand","embeddable":true,"href":"https:\/\/cacapalavrasdidaticos.com.br\/site\/wp-json\/wp\/v2\/product_brand?post=7699"},{"taxonomy":"product_cat","embeddable":true,"href":"https:\/\/cacapalavrasdidaticos.com.br\/site\/wp-json\/wp\/v2\/product_cat?post=7699"},{"taxonomy":"product_tag","embeddable":true,"href":"https:\/\/cacapalavrasdidaticos.com.br\/site\/wp-json\/wp\/v2\/product_tag?post=7699"}],"curies":[{"name":"wp","href":"https:\/\/api.w.org\/{rel}","templated":true}]}}