{"id":7682,"date":"2023-08-16T21:13:19","date_gmt":"2023-08-17T00:13:19","guid":{"rendered":"https:\/\/cacapalavrasdidaticos.com.br\/site\/?post_type=product&#038;p=7682"},"modified":"2025-12-01T08:50:10","modified_gmt":"2025-12-01T11:50:10","slug":"apostila-de-atividades-do-ensino-fundamental-geografia-8o-ano-volume-1","status":"publish","type":"product","link":"https:\/\/cacapalavrasdidaticos.com.br\/site\/produto\/apostila-de-atividades-do-ensino-fundamental-geografia-8o-ano-volume-1\/","title":{"rendered":"APOSTILA DE ATIVIDADES DO ENSINO FUNDAMENTAL &#8211; GEOGRAFIA &#8211; 8\u00ba ANO (VOLUME 1)"},"content":{"rendered":"","protected":false},"excerpt":{"rendered":"<p style=\"text-align: left;\">O projeto Geordenadas tem a honra de apresentar a Apostila de Atividades de Geografia, 8\u00ba ano &#8211; volume 1, para o Ensino Fundamental! A apostila do 8\u00ba ano \u00e9 voltada para Professores e Estudantes que querem inovar no ensino-aprendizagem de Geografia e conta com 30 assuntos abordados atrav\u00e9s de:<br \/>\n&#8211; Mapas Mentais;<br \/>\n&#8211; Ca\u00e7a-palavras;<br \/>\n&#8211; Criptogramas;<br \/>\n&#8211; Atividades variadas entre: Quest\u00f5es discursivas e objetivas, cruzadinhas, pintura e desenho.<br \/>\nNossas atividades s\u00e3o fruto de anos de pesquisa na t\u00e9cnica dos mapas mentais, ca\u00e7a-palavras e intelig\u00eancias m\u00faltiplas. No in\u00edcio da apostila, voc\u00ea ir\u00e1 se deparar com uma tabela atualizada da BNCC, relacionando cada material a seu objeto de conhecimento e habilidades relacionadas. Logo em seguida, voc\u00ea conhecer\u00e1 mais sobre as t\u00e9cnicas empregadas para desenvolver nosso projeto e poder\u00e1, enfim, ingressar no mundo Geordenadas, abordando novas formas de ensinar e aprender Geografia. Neste volume seu aluno ir\u00e1 desenvolver a habilidades referentes a intelig\u00eancia espacial atrav\u00e9s de desenho e pinturas , o racioc\u00ednio a partir dos criptogramas e a intelig\u00eancia lingu\u00edstica com base nos ca\u00e7a-palavras e cruzadinhas.<br \/>\nNas pr\u00f3ximas semanas vamos lan\u00e7ar o volume 2 para o 8\u00ba ano e as demais apostilas para o 9\u00ba e Novo Ensino M\u00e9dio!<\/p>\n<p>&nbsp;<\/p>\n<p style=\"text-align: center;\"><strong>AVISO IMPORTANTE:<\/strong><\/p>\n<p style=\"text-align: center;\"><strong>AS APOSTILAS S\u00c3O ENVIADAS EM FORMATO PDF NO EMAIL CADASTRADO NO ATO DA COMPRA. CASO QUEIRA O MATERIAL EM FORMATO IMAGEM JPEG, ENTRE EM CONTATO CONOSCO PELO WHATSAPP: 31-994716920<\/strong><\/p>\n<p style=\"text-align: center;\"><strong>MAIS INFORMA\u00c7\u00d5ES E COMPRA PELO PIX, EM CONTATO CONOSCO: 31-994716920. PIX: 31-994716920 (Eduardo de Sousa)<\/strong><\/p>\n<p style=\"text-align: center;\"><strong>ENVIO DO MATERIAL: EM AT\u00c9 1 (UM) DIA \u00daTIL, AP\u00d3S A CONFIRMA\u00c7\u00c3O DO PAGAMENTO<\/strong>\u00a0<strong>(SER\u00c1 ENVIADO UM LINK DO GOOGLE DRIVE NO E-MAIL INFORMADO NO ATO DA COMPRA PARA O DOWNLOAD DA APOSTILA).<\/strong><\/p>\n","protected":false},"featured_media":8728,"comment_status":"open","ping_status":"closed","template":"","meta":[],"product_brand":[],"product_cat":[153],"product_tag":[],"class_list":{"0":"post-7682","1":"product","2":"type-product","3":"status-publish","4":"has-post-thumbnail","6":"product_cat-geografia","8":"first","9":"instock","10":"virtual","11":"taxable","12":"purchasable","13":"product-type-simple"},"_links":{"self":[{"href":"https:\/\/cacapalavrasdidaticos.com.br\/site\/wp-json\/wp\/v2\/product\/7682","targetHints":{"allow":["GET"]}}],"collection":[{"href":"https:\/\/cacapalavrasdidaticos.com.br\/site\/wp-json\/wp\/v2\/product"}],"about":[{"href":"https:\/\/cacapalavrasdidaticos.com.br\/site\/wp-json\/wp\/v2\/types\/product"}],"replies":[{"embeddable":true,"href":"https:\/\/cacapalavrasdidaticos.com.br\/site\/wp-json\/wp\/v2\/comments?post=7682"}],"wp:featuredmedia":[{"embeddable":true,"href":"https:\/\/cacapalavrasdidaticos.com.br\/site\/wp-json\/wp\/v2\/media\/8728"}],"wp:attachment":[{"href":"https:\/\/cacapalavrasdidaticos.com.br\/site\/wp-json\/wp\/v2\/media?parent=7682"}],"wp:term":[{"taxonomy":"product_brand","embeddable":true,"href":"https:\/\/cacapalavrasdidaticos.com.br\/site\/wp-json\/wp\/v2\/product_brand?post=7682"},{"taxonomy":"product_cat","embeddable":true,"href":"https:\/\/cacapalavrasdidaticos.com.br\/site\/wp-json\/wp\/v2\/product_cat?post=7682"},{"taxonomy":"product_tag","embeddable":true,"href":"https:\/\/cacapalavrasdidaticos.com.br\/site\/wp-json\/wp\/v2\/product_tag?post=7682"}],"curies":[{"name":"wp","href":"https:\/\/api.w.org\/{rel}","templated":true}]}}