{"id":7665,"date":"2023-08-16T21:13:15","date_gmt":"2023-08-17T00:13:15","guid":{"rendered":"https:\/\/cacapalavrasdidaticos.com.br\/site\/?post_type=product&#038;p=7665"},"modified":"2025-12-01T08:52:26","modified_gmt":"2025-12-01T11:52:26","slug":"pacote-de-apostilas-de-caca-palavras-de-geografia-ensino-medio-pdf","status":"publish","type":"product","link":"https:\/\/cacapalavrasdidaticos.com.br\/site\/produto\/pacote-de-apostilas-de-caca-palavras-de-geografia-ensino-medio-pdf\/","title":{"rendered":"PACOTE DE APOSTILAS DE CA\u00c7A-PALAVRAS DE GEOGRAFIA &#8211; ENSINO M\u00c9DIO (PDF)"},"content":{"rendered":"","protected":false},"excerpt":{"rendered":"<p>Este pacote cont\u00e9m 3 apostilas do componente curricular <strong>GEOGRAFIA, <\/strong>do 1\u00ba ao 3 \u00b0 ano do Ensino M\u00e9dio. S\u00e3o 50 ca\u00e7a-palavras por unidade (150 ca\u00e7a-palavras considerando todas as unidades). Os ca\u00e7a-palavras foram elaborados e organizados de acordo com as matrizes de refer\u00eancia de Ci\u00eancias Humanas e suas tecnologias, com foco tamb\u00e9m no ENEM (Exame Nacional do Ensino M\u00e9dio). As atividades est\u00e3o organizadas na sequ\u00eancia dos livros did\u00e1ticos, divididos em Bimestres.<\/p>\n<p>&nbsp;<\/p>\n<p style=\"text-align: center;\"><strong>AVISO IMPORTANTE<\/strong><\/p>\n<p style=\"text-align: center;\"><strong>AS APOSTILAS S\u00c3O ENVIADAS EM FORMATO PDF, NO EMAIL CADASTRADO NO ATO DA COMPRA.<\/strong><\/p>\n<p style=\"text-align: center;\"><strong>CASO QUEIRA O MATERIAL EM FORMATO IMAGEM JPEG, IDEAL PARA COMPARTILHAR CA\u00c7A-PALAVRAS INDIVIDUAIS COM OS SEUS ALUNOS E PREPARAR OUTRAS ATIVIDADES (ENTRE EM CONTATO CONOSCO: 31-994716920 OU FA\u00c7A UM PIX: eduardomenandes@gmail.com)<\/strong><\/p>\n<p style=\"text-align: center;\"><strong>ENVIO DO MATERIAL: EM AT\u00c9 2 (DOIS) DIAS \u00daTEIS, AP\u00d3S A CONFIRMA\u00c7\u00c3O DO PAGAMENTO<\/strong>\u00a0<strong>(SER\u00c1 ENVIADO UM LINK DO GOOGLE DRIVE NO E-MAIL INFORMADO NO ATO DA COMPRA PARA O DOWNLOAD DA APOSTILA).\u00a0<\/strong><\/p>\n","protected":false},"featured_media":9122,"comment_status":"open","ping_status":"closed","template":"","meta":[],"product_brand":[],"product_cat":[153],"product_tag":[],"class_list":{"0":"post-7665","1":"product","2":"type-product","3":"status-publish","4":"has-post-thumbnail","6":"product_cat-geografia","8":"first","9":"instock","10":"sale","11":"virtual","12":"taxable","13":"purchasable","14":"product-type-simple"},"_links":{"self":[{"href":"https:\/\/cacapalavrasdidaticos.com.br\/site\/wp-json\/wp\/v2\/product\/7665","targetHints":{"allow":["GET"]}}],"collection":[{"href":"https:\/\/cacapalavrasdidaticos.com.br\/site\/wp-json\/wp\/v2\/product"}],"about":[{"href":"https:\/\/cacapalavrasdidaticos.com.br\/site\/wp-json\/wp\/v2\/types\/product"}],"replies":[{"embeddable":true,"href":"https:\/\/cacapalavrasdidaticos.com.br\/site\/wp-json\/wp\/v2\/comments?post=7665"}],"wp:featuredmedia":[{"embeddable":true,"href":"https:\/\/cacapalavrasdidaticos.com.br\/site\/wp-json\/wp\/v2\/media\/9122"}],"wp:attachment":[{"href":"https:\/\/cacapalavrasdidaticos.com.br\/site\/wp-json\/wp\/v2\/media?parent=7665"}],"wp:term":[{"taxonomy":"product_brand","embeddable":true,"href":"https:\/\/cacapalavrasdidaticos.com.br\/site\/wp-json\/wp\/v2\/product_brand?post=7665"},{"taxonomy":"product_cat","embeddable":true,"href":"https:\/\/cacapalavrasdidaticos.com.br\/site\/wp-json\/wp\/v2\/product_cat?post=7665"},{"taxonomy":"product_tag","embeddable":true,"href":"https:\/\/cacapalavrasdidaticos.com.br\/site\/wp-json\/wp\/v2\/product_tag?post=7665"}],"curies":[{"name":"wp","href":"https:\/\/api.w.org\/{rel}","templated":true}]}}