{"id":7657,"date":"2023-08-16T21:13:14","date_gmt":"2023-08-17T00:13:14","guid":{"rendered":"https:\/\/cacapalavrasdidaticos.com.br\/site\/?post_type=product&#038;p=7657"},"modified":"2025-12-01T01:07:59","modified_gmt":"2025-12-01T04:07:59","slug":"apostila-de-caca-palavras-de-ciencias-ensino-fundamental-6oano-pdf","status":"publish","type":"product","link":"https:\/\/cacapalavrasdidaticos.com.br\/site\/produto\/apostila-de-caca-palavras-de-ciencias-ensino-fundamental-6oano-pdf\/","title":{"rendered":"APOSTILA DE CA\u00c7A-PALAVRAS DE CI\u00caNCIAS &#8211; ENSINO FUNDAMENTAL- 6\u00baANO (PDF)"},"content":{"rendered":"","protected":false},"excerpt":{"rendered":"<p>Esta apostila \u00e9 do componente curricular CI\u00caNCIAS DA NATUREZA e conta com 47 CA\u00c7A-PALAVRAS DE CI\u00caNCIAS PARA O 6\u00baANO DO ENSINO FUNDAMENTAL. E um dos grandes desa\ufb01os foi organiz\u00e1-la de modo a atender as premissas da Base Nacional Comum Curricular (BNCC) e a realidade vivenciada com os livros did\u00e1ticos que foram analisados e escolhidos na \u00faltima edi\u00e7\u00e3o do Programa Nacional do Livro Did\u00e1tico (PNLD). O rearranjo dos conte\u00fados e as adapta\u00e7\u00f5es necess\u00e1rias t\u00eam causado muitas discuss\u00f5es entre o corpo docente.<\/p>\n<p>Respeitando a particularidade de cada regi\u00e3o e a autonomia das redes de ensino para seguir a sequ\u00eancia did\u00e1tica que for acordada entre os docentes, os ca\u00e7a-palavras de Ci\u00eancias da Natureza foram elaborados e organizados com foco nas Unidades Tem\u00e1ticas e Objetos de Conhecimento presentes na BNCC e em temas introdut\u00f3rios que os livros did\u00e1ticos aprovados no PNLD 2019\/2023 sugerem para os respectivos anos escolares. A seguir voc\u00ea ter\u00e1 uma vis\u00e3o geral de como esse material est\u00e1 disposto e pronto para lhe servir. Delicie-se e leve para a sua sala de aula mais essa experi\u00eancia l\u00fadica e did\u00e1tica.<\/p>\n<p style=\"text-align: center;\"><strong>AVISO IMPORTANTE<\/strong><\/p>\n<p style=\"text-align: center;\"><strong>AS APOSTILAS S\u00c3O ENVIADAS EM FORMATO PDF NO EMAIL CADASTRADO NO ATO DA COMPRA. CASO QUEIRA O MATERIAL EM FORMATO IMAGEM JPEG, ENTRE EM CONTATO CONOSCO PELO WHATSAPP: 31-994716920<\/strong><\/p>\n<p style=\"text-align: center;\"><strong>MAIS INFORMA\u00c7\u00d5ES E COMPRA PELO PIX, EM CONTATO CONOSCO: 31-994716920. PIX: 31-994716920 (Eduardo de Sousa)<\/strong><\/p>\n<p style=\"text-align: center;\"><strong>ENVIO DO MATERIAL: EM AT\u00c9 1 (UM) DIA \u00daTIL, AP\u00d3S A CONFIRMA\u00c7\u00c3O DO PAGAMENTO<\/strong>\u00a0<strong>(SER\u00c1 ENVIADO UM LINK DO GOOGLE DRIVE NO E-MAIL INFORMADO NO ATO DA COMPRA PARA O DOWNLOAD DA APOSTILA).<\/strong><\/p>\n","protected":false},"featured_media":9285,"comment_status":"closed","ping_status":"closed","template":"","meta":[],"product_brand":[],"product_cat":[24],"product_tag":[],"class_list":{"0":"post-7657","1":"product","2":"type-product","3":"status-publish","4":"has-post-thumbnail","6":"product_cat-ciencias","8":"first","9":"instock","10":"sale","11":"virtual","12":"taxable","13":"purchasable","14":"product-type-simple"},"_links":{"self":[{"href":"https:\/\/cacapalavrasdidaticos.com.br\/site\/wp-json\/wp\/v2\/product\/7657","targetHints":{"allow":["GET"]}}],"collection":[{"href":"https:\/\/cacapalavrasdidaticos.com.br\/site\/wp-json\/wp\/v2\/product"}],"about":[{"href":"https:\/\/cacapalavrasdidaticos.com.br\/site\/wp-json\/wp\/v2\/types\/product"}],"replies":[{"embeddable":true,"href":"https:\/\/cacapalavrasdidaticos.com.br\/site\/wp-json\/wp\/v2\/comments?post=7657"}],"wp:featuredmedia":[{"embeddable":true,"href":"https:\/\/cacapalavrasdidaticos.com.br\/site\/wp-json\/wp\/v2\/media\/9285"}],"wp:attachment":[{"href":"https:\/\/cacapalavrasdidaticos.com.br\/site\/wp-json\/wp\/v2\/media?parent=7657"}],"wp:term":[{"taxonomy":"product_brand","embeddable":true,"href":"https:\/\/cacapalavrasdidaticos.com.br\/site\/wp-json\/wp\/v2\/product_brand?post=7657"},{"taxonomy":"product_cat","embeddable":true,"href":"https:\/\/cacapalavrasdidaticos.com.br\/site\/wp-json\/wp\/v2\/product_cat?post=7657"},{"taxonomy":"product_tag","embeddable":true,"href":"https:\/\/cacapalavrasdidaticos.com.br\/site\/wp-json\/wp\/v2\/product_tag?post=7657"}],"curies":[{"name":"wp","href":"https:\/\/api.w.org\/{rel}","templated":true}]}}