{"id":7616,"date":"2023-08-16T21:12:54","date_gmt":"2023-08-17T00:12:54","guid":{"rendered":"https:\/\/cacapalavrasdidaticos.com.br\/site\/?post_type=product&#038;p=7616"},"modified":"2025-12-01T09:10:52","modified_gmt":"2025-12-01T12:10:52","slug":"atividades-de-historia-7o-ano-2o-bimestre","status":"publish","type":"product","link":"https:\/\/cacapalavrasdidaticos.com.br\/site\/produto\/atividades-de-historia-7o-ano-2o-bimestre\/","title":{"rendered":"ATIVIDADES DE HIST\u00d3RIA &#8211; 7\u00ba ANO (2\u00ba BIMESTRE)"},"content":{"rendered":"","protected":false},"excerpt":{"rendered":"<p>Esta apostila \u00e9 referente ao <strong>2\u00ba BIMESTRE<\/strong> de <strong>HIST\u00d3RIA<\/strong> para o Ensino Fundamental 2 (7\u00ba ano). Este projeto cont\u00e9m 16 apostilas com atividades variadas. As atividades cont\u00e9m os c\u00f3digos de Habilidades BNCC. Em cada uma das apostilas voc\u00ea encontrar\u00e1:<\/p>\n<ul>\n<li><strong>Planejamento bimestral e habilidades BNCC com descri\u00e7\u00e3o;<\/strong><\/li>\n<li><strong>15 Mapas mentais;<\/strong><\/li>\n<li><strong>15 Ca\u00e7a-palavras;<\/strong><\/li>\n<li><strong>15 Estudos de textos para completar com 7 quest\u00f5es abertas;<\/strong><\/li>\n<li><strong>15 Cruzadinhas;<\/strong><\/li>\n<li><strong>Quest\u00f5es com 2 criptogramas;<\/strong><\/li>\n<li><strong>Duas op\u00e7\u00f5es de avalia\u00e7\u00f5es bimestrais (m\u00e9dia de 15 quest\u00f5es por prova);<\/strong><\/li>\n<li><strong>Gabaritos de todas as atividades.<\/strong><\/li>\n<\/ul>\n<p><strong>\u00a0 \u00a0 \u00a0 89 P\u00c1GINAS<\/strong><\/p>\n<p style=\"text-align: center;\"><strong>AVISO IMPORTANTE:<\/strong><\/p>\n<p style=\"text-align: center;\"><strong>AS APOSTILAS S\u00c3O ENVIADAS EM FORMATO PDF NO EMAIL CADASTRADO NO ATO DA COMPRA. CASO QUEIRA O MATERIAL EM FORMATO IMAGEM JPEG, ENTRE EM CONTATO CONOSCO PELO WHATSAPP: 31-994716920<\/strong><\/p>\n<p style=\"text-align: center;\"><strong>MAIS INFORMA\u00c7\u00d5ES E COMPRA PELO PIX, EM CONTATO CONOSCO: 31-994716920. PIX: 31-994716920 (Eduardo de Sousa)<\/strong><\/p>\n<p style=\"text-align: center;\"><strong>ENVIO DO MATERIAL: EM AT\u00c9 1 (UM) DIA \u00daTIL, AP\u00d3S A CONFIRMA\u00c7\u00c3O DO PAGAMENTO<\/strong>\u00a0<strong>(SER\u00c1 ENVIADO UM LINK DO GOOGLE DRIVE NO E-MAIL INFORMADO NO ATO DA COMPRA PARA O DOWNLOAD DA APOSTILA).<\/strong><\/p>\n","protected":false},"featured_media":11301,"comment_status":"open","ping_status":"closed","template":"","meta":[],"product_brand":[],"product_cat":[23],"product_tag":[31,101,32,33,34,114,86,36,37],"class_list":{"0":"post-7616","1":"product","2":"type-product","3":"status-publish","4":"has-post-thumbnail","6":"product_cat-historia","7":"product_tag-atividades-ludicas","8":"product_tag-bncc","9":"product_tag-caca-palavras","10":"product_tag-criptogramas","11":"product_tag-cruzadinhas","12":"product_tag-ensino-fundamental-2","13":"product_tag-historia","14":"product_tag-mapas-conceituais","15":"product_tag-mapas-mentais","17":"first","18":"instock","19":"virtual","20":"taxable","21":"purchasable","22":"product-type-simple"},"_links":{"self":[{"href":"https:\/\/cacapalavrasdidaticos.com.br\/site\/wp-json\/wp\/v2\/product\/7616","targetHints":{"allow":["GET"]}}],"collection":[{"href":"https:\/\/cacapalavrasdidaticos.com.br\/site\/wp-json\/wp\/v2\/product"}],"about":[{"href":"https:\/\/cacapalavrasdidaticos.com.br\/site\/wp-json\/wp\/v2\/types\/product"}],"replies":[{"embeddable":true,"href":"https:\/\/cacapalavrasdidaticos.com.br\/site\/wp-json\/wp\/v2\/comments?post=7616"}],"wp:featuredmedia":[{"embeddable":true,"href":"https:\/\/cacapalavrasdidaticos.com.br\/site\/wp-json\/wp\/v2\/media\/11301"}],"wp:attachment":[{"href":"https:\/\/cacapalavrasdidaticos.com.br\/site\/wp-json\/wp\/v2\/media?parent=7616"}],"wp:term":[{"taxonomy":"product_brand","embeddable":true,"href":"https:\/\/cacapalavrasdidaticos.com.br\/site\/wp-json\/wp\/v2\/product_brand?post=7616"},{"taxonomy":"product_cat","embeddable":true,"href":"https:\/\/cacapalavrasdidaticos.com.br\/site\/wp-json\/wp\/v2\/product_cat?post=7616"},{"taxonomy":"product_tag","embeddable":true,"href":"https:\/\/cacapalavrasdidaticos.com.br\/site\/wp-json\/wp\/v2\/product_tag?post=7616"}],"curies":[{"name":"wp","href":"https:\/\/api.w.org\/{rel}","templated":true}]}}