{"id":7517,"date":"2023-08-16T21:11:39","date_gmt":"2023-08-17T00:11:39","guid":{"rendered":"https:\/\/cacapalavrasdidaticos.com.br\/site\/?post_type=product&#038;p=7517"},"modified":"2025-12-01T10:12:54","modified_gmt":"2025-12-01T13:12:54","slug":"apostila-de-caca-palavras-de-sociologia-volume-unico-pdf","status":"publish","type":"product","link":"https:\/\/cacapalavrasdidaticos.com.br\/site\/produto\/apostila-de-caca-palavras-de-sociologia-volume-unico-pdf\/","title":{"rendered":"APOSTILA DE CA\u00c7A-PALAVRAS DE SOCIOLOGIA &#8211; VOLUME \u00daNICO (PDF)"},"content":{"rendered":"","protected":false},"excerpt":{"rendered":"<p><span style=\"vertical-align: inherit;\"><span style=\"vertical-align: inherit;\">Esta apostila \u00e9 do componente curricular de <\/span><\/span><strong><span style=\"vertical-align: inherit;\"><span style=\"vertical-align: inherit;\">SOCIOLOGIA\u00a0<\/span><\/span><\/strong><span style=\"vertical-align: inherit;\"><span style=\"vertical-align: inherit;\"> e conta com <\/span><\/span><strong><span style=\"vertical-align: inherit;\"><span style=\"vertical-align: inherit;\">40 CA\u00c7A-PALAVRAS<\/span><\/span><\/strong><span style=\"vertical-align: inherit;\"><span style=\"vertical-align: inherit;\">\u00a0elaborados e organizados de acordo com as matrizes de refer\u00eancia de Ci\u00eancias Humanas e suas tecnologias, divididos entre os tr\u00eas anos do Ensino M\u00e9dio. <\/span><span style=\"vertical-align: inherit;\">Este material tamb\u00e9m tem foco nos conte\u00fados que mais caem no ENEM (Exame Nacional do Ensino M\u00e9dio).<\/span><\/span><\/p>\n<p><span style=\"vertical-align: inherit;\"><span style=\"vertical-align: inherit;\">Principais temas desta edi\u00e7\u00e3o:<\/span><\/span><\/p>\n<p>1\u00ba ANO: O QUE \u00c9 SOCIOLOGIA, SOCIALIZA\u00c7\u00c3O, INSTITUI\u00c7OES SOCIAIS, \u00c9MILE DURKHEIM, FATO SOCIAL, MAX WEBER, INTERA\u00c7\u00c3O SOCIAL, LUTA DE CLASSES, ALIENA\u00c7\u00c3O DO TRABALHO, ESTERE\u00d3TIPOS, MULTICULTURALISMO, DIVERSIDADE CULTURAL.<\/p>\n<p>2\u00ba ANO: CULTURA, SOCIEDADE E IDEOLOGIA, IND\u00daSTRIA CULTURAL, CONTROLE SOCIAL, FORMAS DE ESTADO, FORMAS DE GOVERNO, DIREITOS HUMANOS, CIDADANIA E DIREITOS, TRABALHO E SOCIEDADE, SOCIEDADE E ESPA\u00c7O URBANO, GLOBALIZA\u00c7\u00c3O E ESPA\u00c7O URBANO .<\/p>\n<p>3 \u00b0 ANO: ESTRATIFICA\u00c7\u00c3O SOCIAL, MOBILIDADE SOCIAL, MISCIGENA\u00c7\u00c3O, MERCADO DE TRABALHO HOMENS E MULHERES (NEGROS E RENDA), G\u00caNERO COM FATOR DE DESIGUALDADE, MOVIMENTOS SOCIAIS, MOVIMENTO FEMINISTA, MOVIMENTO LGBTQ +, SOCIEDADE E MEIO AMBIENTE.<\/p>\n<p>&nbsp;<\/p>\n<p style=\"text-align: center;\"><strong>AVISO IMPORTANTE:<\/strong><\/p>\n<p style=\"text-align: center;\"><strong>AS APOSTILAS S\u00c3O ENVIADAS EM FORMATO PDF NO EMAIL CADASTRADO NO ATO DA COMPRA. CASO QUEIRA O MATERIAL EM FORMATO IMAGEM JPEG, ENTRE EM CONTATO CONOSCO PELO WHATSAPP: 31-994716920<\/strong><\/p>\n<p style=\"text-align: center;\"><strong>MAIS INFORMA\u00c7\u00d5ES E COMPRA PELO PIX, EM CONTATO CONOSCO: 31-994716920. PIX: 31-994716920 (Eduardo de Sousa)<\/strong><\/p>\n<p style=\"text-align: center;\"><strong>ENVIO DO MATERIAL: EM AT\u00c9 1 (UM) DIA \u00daTIL, AP\u00d3S A CONFIRMA\u00c7\u00c3O DO PAGAMENTO<\/strong>\u00a0<strong>(SER\u00c1 ENVIADO UM LINK DO GOOGLE DRIVE NO E-MAIL INFORMADO NO ATO DA COMPRA PARA O DOWNLOAD DA APOSTILA).<\/strong><\/p>\n","protected":false},"featured_media":9276,"comment_status":"closed","ping_status":"closed","template":"","meta":[],"product_brand":[],"product_cat":[155],"product_tag":[40,38],"class_list":{"0":"post-7517","1":"product","2":"type-product","3":"status-publish","4":"has-post-thumbnail","6":"product_cat-sociologia","7":"product_tag-cacapalavras","8":"product_tag-sociologia","10":"first","11":"instock","12":"sale","13":"virtual","14":"taxable","15":"purchasable","16":"product-type-simple"},"_links":{"self":[{"href":"https:\/\/cacapalavrasdidaticos.com.br\/site\/wp-json\/wp\/v2\/product\/7517","targetHints":{"allow":["GET"]}}],"collection":[{"href":"https:\/\/cacapalavrasdidaticos.com.br\/site\/wp-json\/wp\/v2\/product"}],"about":[{"href":"https:\/\/cacapalavrasdidaticos.com.br\/site\/wp-json\/wp\/v2\/types\/product"}],"replies":[{"embeddable":true,"href":"https:\/\/cacapalavrasdidaticos.com.br\/site\/wp-json\/wp\/v2\/comments?post=7517"}],"wp:featuredmedia":[{"embeddable":true,"href":"https:\/\/cacapalavrasdidaticos.com.br\/site\/wp-json\/wp\/v2\/media\/9276"}],"wp:attachment":[{"href":"https:\/\/cacapalavrasdidaticos.com.br\/site\/wp-json\/wp\/v2\/media?parent=7517"}],"wp:term":[{"taxonomy":"product_brand","embeddable":true,"href":"https:\/\/cacapalavrasdidaticos.com.br\/site\/wp-json\/wp\/v2\/product_brand?post=7517"},{"taxonomy":"product_cat","embeddable":true,"href":"https:\/\/cacapalavrasdidaticos.com.br\/site\/wp-json\/wp\/v2\/product_cat?post=7517"},{"taxonomy":"product_tag","embeddable":true,"href":"https:\/\/cacapalavrasdidaticos.com.br\/site\/wp-json\/wp\/v2\/product_tag?post=7517"}],"curies":[{"name":"wp","href":"https:\/\/api.w.org\/{rel}","templated":true}]}}