{"id":7490,"date":"2023-08-16T21:11:37","date_gmt":"2023-08-17T00:11:37","guid":{"rendered":"https:\/\/cacapalavrasdidaticos.com.br\/site\/?post_type=product&#038;p=7490"},"modified":"2025-11-24T15:48:42","modified_gmt":"2025-11-24T18:48:42","slug":"combo-apostilas-de-atividades-de-arte-ensino-fundamental-2-e-medio","status":"publish","type":"product","link":"https:\/\/cacapalavrasdidaticos.com.br\/site\/produto\/combo-apostilas-de-atividades-de-arte-ensino-fundamental-2-e-medio\/","title":{"rendered":"COMBO &#8211; APOSTILAS DE ATIVIDADES DE ARTE (ENSINO FUNDAMENTAL 2 E M\u00c9DIO)"},"content":{"rendered":"","protected":false},"excerpt":{"rendered":"<p>Este combo de apostilas de ARTE\u00a0 para o ENSINO FUNDAMENTAL 2 cont\u00e9m:<\/p>\n<ol>\n<li>ARTES VISUAIS<\/li>\n<li>ARTES VISUAIS E HIST\u00d3RIA DA ARTE<\/li>\n<li>HIST\u00d3RIA DA ARTE<\/li>\n<li>TEATRO &#8211; VOLUME 1<\/li>\n<li>TEATRO &#8211; VOLUME 2<\/li>\n<li>M\u00daSICA E DAN\u00c7A<\/li>\n<li>ENSINO M\u00c9DIO &#8211; VOLUME 1<\/li>\n<\/ol>\n<p>APROVEITE OS PRE\u00c7OS ESPECIAIS DOS COMBOS DE APOSTILAS. CASO QUEIRA APENAS ALGUMAS APOSTILAS DESTE COMBO, ENTRE EM CONTATO CONOSCO<\/p>\n<p>&nbsp;<\/p>\n<p style=\"text-align: center;\"><strong>AVISO IMPORTANTE<\/strong><\/p>\n<p style=\"text-align: center;\"><strong>AS APOSTILAS S\u00c3O ENVIADAS EM FORMATO PDF NO EMAIL CADASTRADO NO ATO DA COMPRA. CASO QUEIRA O MATERIAL EM FORMATO IMAGEM JPEG, ENTRE EM CONTATO CONOSCO PELO WHATSAPP: 31-994716920<\/strong><\/p>\n<p style=\"text-align: center;\"><strong>MAIS INFORMA\u00c7\u00d5ES E COMPRA PELO PIX, EM CONTATO CONOSCO: 31-994716920. PIX: 31-994716920 (Eduardo de Sousa)<\/strong><\/p>\n<p style=\"text-align: center;\"><strong>ENVIO DO MATERIAL: EM AT\u00c9 1 (UM) DIA \u00daTIL, AP\u00d3S A CONFIRMA\u00c7\u00c3O DO PAGAMENTO<\/strong>\u00a0<strong>(SER\u00c1 ENVIADO UM LINK DO GOOGLE DRIVE NO E-MAIL INFORMADO NO ATO DA COMPRA PARA O DOWNLOAD DA APOSTILA).<\/strong><\/p>\n","protected":false},"featured_media":8169,"comment_status":"open","ping_status":"closed","template":"","meta":[],"product_brand":[],"product_cat":[50],"product_tag":[95,31,32,34,37],"class_list":{"0":"post-7490","1":"product","2":"type-product","3":"status-publish","4":"has-post-thumbnail","6":"product_cat-arte","7":"product_tag-arte","8":"product_tag-atividades-ludicas","9":"product_tag-caca-palavras","10":"product_tag-cruzadinhas","11":"product_tag-mapas-mentais","13":"first","14":"instock","15":"downloadable","16":"taxable","17":"shipping-taxable","18":"purchasable","19":"product-type-simple"},"_links":{"self":[{"href":"https:\/\/cacapalavrasdidaticos.com.br\/site\/wp-json\/wp\/v2\/product\/7490","targetHints":{"allow":["GET"]}}],"collection":[{"href":"https:\/\/cacapalavrasdidaticos.com.br\/site\/wp-json\/wp\/v2\/product"}],"about":[{"href":"https:\/\/cacapalavrasdidaticos.com.br\/site\/wp-json\/wp\/v2\/types\/product"}],"replies":[{"embeddable":true,"href":"https:\/\/cacapalavrasdidaticos.com.br\/site\/wp-json\/wp\/v2\/comments?post=7490"}],"wp:featuredmedia":[{"embeddable":true,"href":"https:\/\/cacapalavrasdidaticos.com.br\/site\/wp-json\/wp\/v2\/media\/8169"}],"wp:attachment":[{"href":"https:\/\/cacapalavrasdidaticos.com.br\/site\/wp-json\/wp\/v2\/media?parent=7490"}],"wp:term":[{"taxonomy":"product_brand","embeddable":true,"href":"https:\/\/cacapalavrasdidaticos.com.br\/site\/wp-json\/wp\/v2\/product_brand?post=7490"},{"taxonomy":"product_cat","embeddable":true,"href":"https:\/\/cacapalavrasdidaticos.com.br\/site\/wp-json\/wp\/v2\/product_cat?post=7490"},{"taxonomy":"product_tag","embeddable":true,"href":"https:\/\/cacapalavrasdidaticos.com.br\/site\/wp-json\/wp\/v2\/product_tag?post=7490"}],"curies":[{"name":"wp","href":"https:\/\/api.w.org\/{rel}","templated":true}]}}