{"id":7474,"date":"2023-08-16T21:11:36","date_gmt":"2023-08-17T00:11:36","guid":{"rendered":"https:\/\/cacapalavrasdidaticos.com.br\/site\/?post_type=product&#038;p=7474"},"modified":"2025-12-01T01:31:21","modified_gmt":"2025-12-01T04:31:21","slug":"combo-apostilas-de-atividades-de-lingua-portuguesa-ensino-fundamental-2-e-medio","status":"publish","type":"product","link":"https:\/\/cacapalavrasdidaticos.com.br\/site\/produto\/combo-apostilas-de-atividades-de-lingua-portuguesa-ensino-fundamental-2-e-medio\/","title":{"rendered":"COMBO &#8211; APOSTILAS DE ATIVIDADES DE L\u00cdNGUA PORTUGUESA (ENSINO FUNDAMENTAL 2 E M\u00c9DIO)"},"content":{"rendered":"","protected":false},"excerpt":{"rendered":"<p>Este combo de apostilas de L\u00cdNGUA PORTUGUESA\u00a0 para o ENSINO FUNDAMENTAL 2 e M\u00c9DIO cont\u00e9m 6 volumes, s\u00e3o eles:<\/p>\n<ol>\n<li>L\u00cdNGUA PORTUGUESA &#8211; 6\u00ba ANO (CA\u00c7A-PALAVRAS)<\/li>\n<li>L\u00cdNGUA PORTUGUESA &#8211; 7\u00ba ANO (CA\u00c7A-PALAVRAS)<\/li>\n<li>L\u00cdNGUA PORTUGUESA &#8211; 8\u00ba ANO (CA\u00c7A-PALAVRAS)<\/li>\n<li>L\u00cdNGUA PORTUGUESA &#8211; 9\u00ba ANO (CA\u00c7A-PALAVRAS)<\/li>\n<li>L\u00cdNGUA PORTUGUESA &#8211; ENSINO M\u00c9DIO &#8211; VOLUME 1 (ATIVIDADES VARIADAS)<\/li>\n<li>L\u00cdNGUA PORTUGUESA &#8211; ENSINO M\u00c9DIO &#8211; VOLUME 2 (ATIVIDADES VARIADAS)<\/li>\n<\/ol>\n<p>&nbsp;<\/p>\n<p>APROVEITE OS PRE\u00c7OS ESPECIAIS DOS COMBOS DE APOSTILAS. CASO QUEIRA APENAS ALGUMAS APOSTILAS DESTE COMBO, ENTRE EM CONTATO CONOSCO<\/p>\n<p style=\"text-align: center;\"><strong>AVISO IMPORTANTE<\/strong><\/p>\n<p style=\"text-align: center;\"><strong>AS APOSTILAS S\u00c3O ENVIADAS EM FORMATO PDF E IMAGEM, NO EMAIL CADASTRADO NO ATO DA COMPRA.<\/strong><\/p>\n<p style=\"text-align: center;\"><strong>MAIS INFORMA\u00c7\u00d5ES E COMPRA PELO PIX, EM CONTATO CONOSCO: 31-994716920 .\u00a0<\/strong><strong>PIX: 31-994716920 (Eduardo de Sousa)<\/strong><\/p>\n<p style=\"text-align: center;\"><strong>ENVIO DO MATERIAL: EM AT\u00c9 2 (DOIS) DIAS \u00daTEIS, AP\u00d3S A CONFIRMA\u00c7\u00c3O DO PAGAMENTO<\/strong>\u00a0<strong>(SER\u00c1 ENVIADO UM LINK DO GOOGLE DRIVE NO E-MAIL INFORMADO NO ATO DA COMPRA PARA O DOWNLOAD DA APOSTILA).\u00a0<\/strong><\/p>\n<p>&nbsp;<\/p>\n","protected":false},"featured_media":8116,"comment_status":"open","ping_status":"closed","template":"","meta":[],"product_brand":[],"product_cat":[44],"product_tag":[31,32,34,74,37],"class_list":{"0":"post-7474","1":"product","2":"type-product","3":"status-publish","4":"has-post-thumbnail","6":"product_cat-lingua-portuguesa","7":"product_tag-atividades-ludicas","8":"product_tag-caca-palavras","9":"product_tag-cruzadinhas","10":"product_tag-lingua-portuguesa","11":"product_tag-mapas-mentais","13":"first","14":"instock","15":"sale","16":"downloadable","17":"taxable","18":"shipping-taxable","19":"purchasable","20":"product-type-simple"},"_links":{"self":[{"href":"https:\/\/cacapalavrasdidaticos.com.br\/site\/wp-json\/wp\/v2\/product\/7474","targetHints":{"allow":["GET"]}}],"collection":[{"href":"https:\/\/cacapalavrasdidaticos.com.br\/site\/wp-json\/wp\/v2\/product"}],"about":[{"href":"https:\/\/cacapalavrasdidaticos.com.br\/site\/wp-json\/wp\/v2\/types\/product"}],"replies":[{"embeddable":true,"href":"https:\/\/cacapalavrasdidaticos.com.br\/site\/wp-json\/wp\/v2\/comments?post=7474"}],"wp:featuredmedia":[{"embeddable":true,"href":"https:\/\/cacapalavrasdidaticos.com.br\/site\/wp-json\/wp\/v2\/media\/8116"}],"wp:attachment":[{"href":"https:\/\/cacapalavrasdidaticos.com.br\/site\/wp-json\/wp\/v2\/media?parent=7474"}],"wp:term":[{"taxonomy":"product_brand","embeddable":true,"href":"https:\/\/cacapalavrasdidaticos.com.br\/site\/wp-json\/wp\/v2\/product_brand?post=7474"},{"taxonomy":"product_cat","embeddable":true,"href":"https:\/\/cacapalavrasdidaticos.com.br\/site\/wp-json\/wp\/v2\/product_cat?post=7474"},{"taxonomy":"product_tag","embeddable":true,"href":"https:\/\/cacapalavrasdidaticos.com.br\/site\/wp-json\/wp\/v2\/product_tag?post=7474"}],"curies":[{"name":"wp","href":"https:\/\/api.w.org\/{rel}","templated":true}]}}