{"id":7428,"date":"2023-08-16T21:11:34","date_gmt":"2023-08-17T00:11:34","guid":{"rendered":"https:\/\/cacapalavrasdidaticos.com.br\/site\/?post_type=product&#038;p=7428"},"modified":"2025-12-01T09:19:22","modified_gmt":"2025-12-01T12:19:22","slug":"apostila-de-mapas-mentais-caca-palavras-cruzadinhas-e-atividades-de-historia-ensino-medio-volume-3-pdf","status":"publish","type":"product","link":"https:\/\/cacapalavrasdidaticos.com.br\/site\/produto\/apostila-de-mapas-mentais-caca-palavras-cruzadinhas-e-atividades-de-historia-ensino-medio-volume-3-pdf\/","title":{"rendered":"APOSTILA DE MAPAS MENTAIS, CA\u00c7A-PALAVRAS, CRUZADINHAS E ATIVIDADES DE HIST\u00d3RIA &#8211; ENSINO M\u00c9DIO: VOLUME 3 (PDF)"},"content":{"rendered":"","protected":false},"excerpt":{"rendered":"<p>Esta apostila compreende o componente curricular <strong>de Hist\u00f3ria para o Ensino M\u00e9dio.\u00a0<\/strong>O volume 3 desta cole\u00e7\u00e3o aborda o seguinte conte\u00fados e per\u00edodos hist\u00f3ricos: Economia a\u00e7ucareira e mineradora; Escravid\u00e3o; Revolu\u00e7\u00f5es: Inglesas, Industrial e Francesa; Iluminismo; etc. Esta unidade cont\u00e9m:<\/p>\n<p style=\"text-align: center;\"><strong>VOLUME 3: Uni\u00e3o Ib\u00e9rica a Revolu\u00e7\u00e3o Francesa<\/strong><\/p>\n<ul>\n<li><strong>31 mapas mentais e conceituais;<\/strong><\/li>\n<li><strong>31 ca\u00e7a-palavras;<\/strong><\/li>\n<li><strong>16 cruzadinhas;<\/strong><\/li>\n<li><strong>15 criptogramas (frases codificadas);<\/strong><\/li>\n<li><strong>Atividades diversas relacionadas aos temas (Quest\u00f5es de vestibulares, ENEM e perguntas);<\/strong><\/li>\n<li><strong>QRCODE direcionando o estudante para um v\u00eddeo do Youtube ou texto complementar;<\/strong><\/li>\n<li><strong>TODAS as atividades possuem GABARITO.<\/strong><\/li>\n<\/ul>\n<p>As atividades foram elaboradas e organizados com foco nas Unidades Tem\u00e1ticas, Objetos de Conhecimento e Habilidades presentes na BNCC (Base Nacional Comum Curricular) e tamb\u00e9m visando o ENEM (Exame Nacional do Ensino M\u00e9dio). Delicie-se e leve para a sua sala de aula mais essa experi\u00eancia l\u00fadica e did\u00e1tica.<\/p>\n<p>&nbsp;<\/p>\n<p style=\"text-align: center;\"><strong>AVISO IMPORTANTE:<\/strong><\/p>\n<p style=\"text-align: center;\"><strong>AS APOSTILAS S\u00c3O ENVIADAS EM FORMATO PDF NO EMAIL CADASTRADO NO ATO DA COMPRA. CASO QUEIRA O MATERIAL EM FORMATO IMAGEM JPEG, ENTRE EM CONTATO CONOSCO PELO WHATSAPP: 31-994716920<\/strong><\/p>\n<p style=\"text-align: center;\"><strong>MAIS INFORMA\u00c7\u00d5ES E COMPRA PELO PIX, EM CONTATO CONOSCO: 31-994716920. PIX: 31-994716920 (Eduardo de Sousa)<\/strong><\/p>\n<p style=\"text-align: center;\"><strong>ENVIO DO MATERIAL: EM AT\u00c9 1 (UM) DIA \u00daTIL, AP\u00d3S A CONFIRMA\u00c7\u00c3O DO PAGAMENTO<\/strong>\u00a0<strong>(SER\u00c1 ENVIADO UM LINK DO GOOGLE DRIVE NO E-MAIL INFORMADO NO ATO DA COMPRA PARA O DOWNLOAD DA APOSTILA).<\/strong><\/p>\n","protected":false},"featured_media":7942,"comment_status":"open","ping_status":"closed","template":"","meta":[],"product_brand":[],"product_cat":[23],"product_tag":[],"class_list":{"0":"post-7428","1":"product","2":"type-product","3":"status-publish","4":"has-post-thumbnail","6":"product_cat-historia","8":"first","9":"instock","10":"sale","11":"virtual","12":"taxable","13":"purchasable","14":"product-type-simple"},"_links":{"self":[{"href":"https:\/\/cacapalavrasdidaticos.com.br\/site\/wp-json\/wp\/v2\/product\/7428","targetHints":{"allow":["GET"]}}],"collection":[{"href":"https:\/\/cacapalavrasdidaticos.com.br\/site\/wp-json\/wp\/v2\/product"}],"about":[{"href":"https:\/\/cacapalavrasdidaticos.com.br\/site\/wp-json\/wp\/v2\/types\/product"}],"replies":[{"embeddable":true,"href":"https:\/\/cacapalavrasdidaticos.com.br\/site\/wp-json\/wp\/v2\/comments?post=7428"}],"wp:featuredmedia":[{"embeddable":true,"href":"https:\/\/cacapalavrasdidaticos.com.br\/site\/wp-json\/wp\/v2\/media\/7942"}],"wp:attachment":[{"href":"https:\/\/cacapalavrasdidaticos.com.br\/site\/wp-json\/wp\/v2\/media?parent=7428"}],"wp:term":[{"taxonomy":"product_brand","embeddable":true,"href":"https:\/\/cacapalavrasdidaticos.com.br\/site\/wp-json\/wp\/v2\/product_brand?post=7428"},{"taxonomy":"product_cat","embeddable":true,"href":"https:\/\/cacapalavrasdidaticos.com.br\/site\/wp-json\/wp\/v2\/product_cat?post=7428"},{"taxonomy":"product_tag","embeddable":true,"href":"https:\/\/cacapalavrasdidaticos.com.br\/site\/wp-json\/wp\/v2\/product_tag?post=7428"}],"curies":[{"name":"wp","href":"https:\/\/api.w.org\/{rel}","templated":true}]}}