{"id":27046,"date":"2026-04-04T10:28:04","date_gmt":"2026-04-04T13:28:04","guid":{"rendered":"https:\/\/cacapalavrasdidaticos.com.br\/site\/?post_type=product&#038;p=27046"},"modified":"2026-04-04T10:36:53","modified_gmt":"2026-04-04T13:36:53","slug":"educacao-antirracista-estudos-dirigidos","status":"publish","type":"product","link":"https:\/\/cacapalavrasdidaticos.com.br\/site\/produto\/educacao-antirracista-estudos-dirigidos\/","title":{"rendered":"EDUCA\u00c7\u00c3O ANTIRRACISTA &#8211; ESTUDOS DIRIGIDOS"},"content":{"rendered":"","protected":false},"excerpt":{"rendered":"<p data-start=\"193\" data-end=\"238\"><strong data-start=\"193\" data-end=\"238\">Educa\u00e7\u00e3o Antirracista \u2013 Estudos Tem\u00e1ticos<\/strong><\/p>\n<p data-start=\"240\" data-end=\"625\">Este material foi desenvolvido para promover uma forma\u00e7\u00e3o cr\u00edtica e consciente, ampliando o olhar dos estudantes sobre a presen\u00e7a, a import\u00e2ncia e a resist\u00eancia dos povos ind\u00edgenas na constru\u00e7\u00e3o do Brasil. A proposta valoriza a diversidade cultural, os saberes ancestrais e a rela\u00e7\u00e3o desses povos com o territ\u00f3rio, articulando passado e presente em uma abordagem significativa e atual.<\/p>\n<p data-start=\"627\" data-end=\"1010\">Ao longo do material, os alunos s\u00e3o convidados a refletir sobre desigualdades hist\u00f3ricas, direitos sociais e os desafios enfrentados pelas popula\u00e7\u00f5es ind\u00edgenas na contemporaneidade. A constru\u00e7\u00e3o do conhecimento ocorre de forma contextualizada, estimulando o pensamento cr\u00edtico, o respeito \u00e0 diversidade e o reconhecimento das m\u00faltiplas identidades que comp\u00f5em a sociedade brasileira.<\/p>\n<p data-start=\"1012\" data-end=\"1036\"><strong data-start=\"1012\" data-end=\"1036\">Conte\u00fado: 49 p\u00e1ginas<\/strong><\/p>\n<p data-start=\"1012\" data-end=\"1036\">\n<p data-start=\"1043\" data-end=\"1063\"><strong data-start=\"1043\" data-end=\"1063\">Temas abordados:<\/strong><\/p>\n<ol>\n<li data-start=\"1065\" data-end=\"1654\">A riqueza da diversidade ind\u00edgena no Brasil<\/li>\n<li data-start=\"1065\" data-end=\"1654\">A presen\u00e7a ind\u00edgena na constru\u00e7\u00e3o da hist\u00f3ria brasileira<\/li>\n<li data-start=\"1065\" data-end=\"1654\">Educa\u00e7\u00e3o e valoriza\u00e7\u00e3o das culturas ind\u00edgenas na escola<\/li>\n<li data-start=\"1065\" data-end=\"1654\">Representa\u00e7\u00f5es ind\u00edgenas: identidade, m\u00eddia e sociedade<\/li>\n<li data-start=\"1065\" data-end=\"1654\">Etnia, territ\u00f3rio e cultura: compreendendo desigualdades<\/li>\n<li data-start=\"1065\" data-end=\"1654\">Preconceito ind\u00edgena: caminhos para o combate na escola<\/li>\n<li data-start=\"1065\" data-end=\"1654\">Saberes ind\u00edgenas: conhecimentos ancestrais e sua relev\u00e2ncia<\/li>\n<li data-start=\"1065\" data-end=\"1654\">Territ\u00f3rios ind\u00edgenas e desafios ambientais contempor\u00e2neos<\/li>\n<li data-start=\"1065\" data-end=\"1654\">Resist\u00eancia ind\u00edgena: a luta hist\u00f3rica pela terra e direitos<\/li>\n<li data-start=\"1065\" data-end=\"1654\">Povos ind\u00edgenas hoje: desafios, direitos e protagonismo social<\/li>\n<\/ol>\n<hr data-start=\"1656\" data-end=\"1659\" \/>\n<p data-start=\"1661\" data-end=\"1688\"><strong data-start=\"1661\" data-end=\"1688\">Formato das atividades:<\/strong><\/p>\n<p data-start=\"1690\" data-end=\"1820\">Estudos dirigidos<br data-start=\"1707\" data-end=\"1710\" \/>Quest\u00f5es de compreens\u00e3o de texto<br data-start=\"1742\" data-end=\"1745\" \/>Cruzadinhas<br data-start=\"1756\" data-end=\"1759\" \/>Ca\u00e7a-palavras<br data-start=\"1772\" data-end=\"1775\" \/>Atividades de colorir<br data-start=\"1796\" data-end=\"1799\" \/>Gabaritos completos<\/p>\n<hr data-start=\"1822\" data-end=\"1825\" \/>\n<p data-start=\"1827\" data-end=\"2150\">Este material fortalece a Educa\u00e7\u00e3o Antirracista ao integrar diferentes matrizes culturais no processo de ensino-aprendizagem, contribuindo para a forma\u00e7\u00e3o de estudantes mais cr\u00edticos, emp\u00e1ticos e preparados para atuar em uma sociedade diversa, plural e democr\u00e1tica, em conson\u00e2ncia com as compet\u00eancias e habilidades da BNCC.<\/p>\n<p data-start=\"1827\" data-end=\"2150\">\n<p style=\"text-align: center;\"><strong>AVISO IMPORTANTE:<\/strong><\/p>\n<p style=\"text-align: center;\"><strong>AS APOSTILAS S\u00c3O ENVIADAS EM FORMATO PDF NO EMAIL CADASTRADO NO ATO DA COMPRA. CASO QUEIRA O MATERIAL EM FORMATO IMAGEM JPEG, ENTRE EM CONTATO CONOSCO PELO WHATSAPP: 31-994716920<\/strong><\/p>\n<p style=\"text-align: center;\"><strong>MAIS INFORMA\u00c7\u00d5ES E COMPRA PELO PIX: 31-994716920 (Eduardo de Sousa)<\/strong><\/p>\n<p style=\"text-align: center;\"><strong>ENVIO DO MATERIAL: EM AT\u00c9 1 (UM) DIA \u00daTIL, AP\u00d3S A CONFIRMA\u00c7\u00c3O DO PAGAMENTO<\/strong>\u00a0<strong>(SER\u00c1 ENVIADO UM LINK DO GOOGLE DRIVE NO E-MAIL INFORMADO NO ATO DA COMPRA PARA O DOWNLOAD DA APOSTILA).<\/strong><\/p>\n","protected":false},"featured_media":27048,"comment_status":"open","ping_status":"closed","template":"","meta":[],"product_brand":[],"product_cat":[152,160,159,151,156,153,23,167,155],"product_tag":[31,101,32,175,34,114,172],"class_list":{"0":"post-27046","1":"product","2":"type-product","3":"status-publish","4":"has-post-thumbnail","6":"product_cat-plano-de-curso","7":"product_cat-datas-comemorativas","8":"product_cat-eletivas","9":"product_cat-ension-religioso","10":"product_cat-filosofia","11":"product_cat-geografia","12":"product_cat-historia","13":"product_cat-projeto-de-vida-ensino-fundamental-medio","14":"product_cat-sociologia","15":"product_tag-atividades-ludicas","16":"product_tag-bncc","17":"product_tag-caca-palavras","18":"product_tag-ciencias-da-natureza","19":"product_tag-cruzadinhas","20":"product_tag-ensino-fundamental-2","21":"product_tag-estudos-dirigidos","23":"first","24":"instock","25":"virtual","26":"taxable","27":"purchasable","28":"product-type-simple"},"_links":{"self":[{"href":"https:\/\/cacapalavrasdidaticos.com.br\/site\/wp-json\/wp\/v2\/product\/27046","targetHints":{"allow":["GET"]}}],"collection":[{"href":"https:\/\/cacapalavrasdidaticos.com.br\/site\/wp-json\/wp\/v2\/product"}],"about":[{"href":"https:\/\/cacapalavrasdidaticos.com.br\/site\/wp-json\/wp\/v2\/types\/product"}],"replies":[{"embeddable":true,"href":"https:\/\/cacapalavrasdidaticos.com.br\/site\/wp-json\/wp\/v2\/comments?post=27046"}],"wp:featuredmedia":[{"embeddable":true,"href":"https:\/\/cacapalavrasdidaticos.com.br\/site\/wp-json\/wp\/v2\/media\/27048"}],"wp:attachment":[{"href":"https:\/\/cacapalavrasdidaticos.com.br\/site\/wp-json\/wp\/v2\/media?parent=27046"}],"wp:term":[{"taxonomy":"product_brand","embeddable":true,"href":"https:\/\/cacapalavrasdidaticos.com.br\/site\/wp-json\/wp\/v2\/product_brand?post=27046"},{"taxonomy":"product_cat","embeddable":true,"href":"https:\/\/cacapalavrasdidaticos.com.br\/site\/wp-json\/wp\/v2\/product_cat?post=27046"},{"taxonomy":"product_tag","embeddable":true,"href":"https:\/\/cacapalavrasdidaticos.com.br\/site\/wp-json\/wp\/v2\/product_tag?post=27046"}],"curies":[{"name":"wp","href":"https:\/\/api.w.org\/{rel}","templated":true}]}}