{"id":26628,"date":"2026-03-18T10:11:29","date_gmt":"2026-03-18T13:11:29","guid":{"rendered":"https:\/\/cacapalavrasdidaticos.com.br\/site\/?post_type=product&#038;p=26628"},"modified":"2026-03-18T10:21:34","modified_gmt":"2026-03-18T13:21:34","slug":"ferramentas-do-mundo-do-trabalho-1o-ano-1o-trimestre","status":"publish","type":"product","link":"https:\/\/cacapalavrasdidaticos.com.br\/site\/produto\/ferramentas-do-mundo-do-trabalho-1o-ano-1o-trimestre\/","title":{"rendered":"FERRAMENTAS DO MUNDO DO TRABALHO &#8211; 1\u00ba ANO -1\u00ba TRIMESTRE"},"content":{"rendered":"","protected":false},"excerpt":{"rendered":"<p data-start=\"0\" data-end=\"64\"><strong data-start=\"0\" data-end=\"64\">Ferramentas para o Mundo do Trabalho \u2013 1\u00ba Ano \u2013 1\u00ba Trimestre &#8211; 73 p\u00e1ginas<\/strong><\/p>\n<p data-start=\"66\" data-end=\"296\">\ud83c\udf0d <strong data-start=\"69\" data-end=\"123\">Prepare-se para os desafios do futuro do trabalho!<\/strong> Este material aborda as ferramentas e habilidades essenciais para navegar no mundo profissional atual, focando em racioc\u00ednio l\u00f3gico, metodologias \u00e1geis, comunica\u00e7\u00e3o e mais.<\/p>\n<p data-start=\"298\" data-end=\"340\">\ud83d\udca1 <strong data-start=\"301\" data-end=\"340\">O que voc\u00ea encontra neste material:<\/strong><\/p>\n<ul data-start=\"342\" data-end=\"1066\">\n<li data-section-id=\"hmu3r8\" data-start=\"342\" data-end=\"521\">\n<p data-start=\"344\" data-end=\"521\"><strong data-start=\"344\" data-end=\"390\">Introdu\u00e7\u00e3o ao Racioc\u00ednio L\u00f3gico e Cr\u00edtico:<\/strong> Compreenda a import\u00e2ncia do pensamento l\u00f3gico e cr\u00edtico na resolu\u00e7\u00e3o de problemas e na tomada de decis\u00f5es no ambiente de trabalho.<\/p>\n<\/li>\n<li data-section-id=\"8ddt14\" data-start=\"525\" data-end=\"686\">\n<p data-start=\"527\" data-end=\"686\"><strong data-start=\"527\" data-end=\"558\">Jogos e Desafios de L\u00f3gica:<\/strong> Estimule suas habilidades cognitivas por meio de desafios que envolvem l\u00f3gica, racioc\u00ednio estrat\u00e9gico e resolu\u00e7\u00e3o de problemas.<\/p>\n<\/li>\n<li data-section-id=\"nlrjih\" data-start=\"688\" data-end=\"881\">\n<p data-start=\"690\" data-end=\"881\"><strong data-start=\"690\" data-end=\"731\">Metodologias \u00c1geis (Kanban e Outras):<\/strong> Aprenda como organizar tarefas e otimizar seu fluxo de trabalho utilizando metodologias \u00e1geis, como o Kanban, promovendo produtividade e colabora\u00e7\u00e3o.<\/p>\n<\/li>\n<li data-section-id=\"1v8325z\" data-start=\"883\" data-end=\"1066\">\n<p data-start=\"885\" data-end=\"1066\"><strong data-start=\"885\" data-end=\"917\">An\u00e1lise e Tomada de Decis\u00e3o:<\/strong> Ferramentas e pr\u00e1ticas para ajudar no processo de an\u00e1lise de problemas, comparando informa\u00e7\u00f5es, identificando padr\u00f5es e aplicando solu\u00e7\u00f5es eficazes.<\/p>\n<\/li>\n<\/ul>\n<p data-start=\"1068\" data-end=\"1217\">\ud83d\udd0d <strong data-start=\"1071\" data-end=\"1084\">Objetivo:<\/strong> Desenvolver nos alunos habilidades que os preparem para um mercado de trabalho cada vez mais din\u00e2mico, tecnol\u00f3gico e interconectado.<\/p>\n<p data-start=\"1219\" data-end=\"1289\">\ud83c\udf31 <strong data-start=\"1222\" data-end=\"1234\">Autoria:<\/strong> Elaborado por Elaine Cris Andrade e equipe pedag\u00f3gica.<\/p>\n<p data-start=\"1291\" data-end=\"1518\">Este material foi criado para fornecer ferramentas que ajudam os alunos a aprimorar suas habilidades de resolu\u00e7\u00e3o de problemas, organiza\u00e7\u00e3o de tarefas e trabalho colaborativo, essenciais para o sucesso no ambiente profissional.<\/p>\n<p data-start=\"1520\" data-end=\"1590\" data-is-last-node=\"\" data-is-only-node=\"\">\ud83d\udcda <strong data-start=\"1523\" data-end=\"1590\" data-is-last-node=\"\">Prepare-se para o futuro do trabalho com as ferramentas certas!<\/strong><\/p>\n<p data-start=\"1520\" data-end=\"1590\" data-is-last-node=\"\" data-is-only-node=\"\">\n<p style=\"text-align: center;\"><strong>AVISO IMPORTANTE:<\/strong><\/p>\n<p style=\"text-align: center;\"><strong>MAIS INFORMA\u00c7\u00d5ES E COMPRA PELO PIX, ENTRE EM CONTATO CONOSCO: 31-994716920. PIX: 31-994716920 (Eduardo de Sousa)<\/strong><\/p>\n<p style=\"text-align: center;\"><strong>ENVIO DO MATERIAL: EM AT\u00c9 1 (UM) DIA \u00daTIL, AP\u00d3S A CONFIRMA\u00c7\u00c3O DO PAGAMENTO<\/strong>\u00a0<strong>(SER\u00c1 ENVIADO UM LINK DO GOOGLE DRIVE NO E-MAIL INFORMADO NO ATO DA COMPRA PARA O DOWNLOAD DA APOSTILA).<\/strong><\/p>\n","protected":false},"featured_media":26630,"comment_status":"open","ping_status":"closed","template":"","meta":[],"product_brand":[],"product_cat":[152],"product_tag":[128,31,188],"class_list":{"0":"post-26628","1":"product","2":"type-product","3":"status-publish","4":"has-post-thumbnail","6":"product_cat-plano-de-curso","7":"product_tag-atividades-adaptadas","8":"product_tag-atividades-ludicas","9":"product_tag-itinerarios-mg","11":"first","12":"instock","13":"virtual","14":"taxable","15":"purchasable","16":"product-type-simple"},"_links":{"self":[{"href":"https:\/\/cacapalavrasdidaticos.com.br\/site\/wp-json\/wp\/v2\/product\/26628","targetHints":{"allow":["GET"]}}],"collection":[{"href":"https:\/\/cacapalavrasdidaticos.com.br\/site\/wp-json\/wp\/v2\/product"}],"about":[{"href":"https:\/\/cacapalavrasdidaticos.com.br\/site\/wp-json\/wp\/v2\/types\/product"}],"replies":[{"embeddable":true,"href":"https:\/\/cacapalavrasdidaticos.com.br\/site\/wp-json\/wp\/v2\/comments?post=26628"}],"wp:featuredmedia":[{"embeddable":true,"href":"https:\/\/cacapalavrasdidaticos.com.br\/site\/wp-json\/wp\/v2\/media\/26630"}],"wp:attachment":[{"href":"https:\/\/cacapalavrasdidaticos.com.br\/site\/wp-json\/wp\/v2\/media?parent=26628"}],"wp:term":[{"taxonomy":"product_brand","embeddable":true,"href":"https:\/\/cacapalavrasdidaticos.com.br\/site\/wp-json\/wp\/v2\/product_brand?post=26628"},{"taxonomy":"product_cat","embeddable":true,"href":"https:\/\/cacapalavrasdidaticos.com.br\/site\/wp-json\/wp\/v2\/product_cat?post=26628"},{"taxonomy":"product_tag","embeddable":true,"href":"https:\/\/cacapalavrasdidaticos.com.br\/site\/wp-json\/wp\/v2\/product_tag?post=26628"}],"curies":[{"name":"wp","href":"https:\/\/api.w.org\/{rel}","templated":true}]}}