{"id":26343,"date":"2026-03-10T01:40:20","date_gmt":"2026-03-10T04:40:20","guid":{"rendered":"https:\/\/cacapalavrasdidaticos.com.br\/site\/?post_type=product&#038;p=26343"},"modified":"2026-03-19T23:52:09","modified_gmt":"2026-03-20T02:52:09","slug":"cultura-digital-e-fundamentos-de-ia-1o-ano-1o-trimestre","status":"publish","type":"product","link":"https:\/\/cacapalavrasdidaticos.com.br\/site\/produto\/cultura-digital-e-fundamentos-de-ia-1o-ano-1o-trimestre\/","title":{"rendered":"CULTURA DIGITAL E FUNDAMENTOS DE IA &#8211; 1\u00ba ANO &#8211; 1\u00ba TRIMESTRE"},"content":{"rendered":"","protected":false},"excerpt":{"rendered":"<p data-start=\"232\" data-end=\"518\"><strong data-start=\"232\" data-end=\"301\">\ud83d\ude80 Cultura Digital e Fundamentos de IA \u2013 1\u00ba Ano \u2013 1\u00ba Trimestre \ud83d\ude80 77 p\u00e1ginas<\/strong><br data-start=\"301\" data-end=\"304\" \/>Desperte o futuro digital com este material inovador! O conte\u00fado aborda as principais quest\u00f5es da cultura digital, o impacto da intelig\u00eancia artificial e a hist\u00f3ria da internet. Ideal para o 1\u00ba Ano do Ensino M\u00e9dio.<\/p>\n<p data-start=\"520\" data-end=\"559\"><strong data-start=\"520\" data-end=\"559\">\ud83d\udca1 O que voc\u00ea encontra no material:<\/strong><\/p>\n<ul data-start=\"561\" data-end=\"1363\">\n<li data-section-id=\"10bxjl1\" data-start=\"561\" data-end=\"665\">\n<p data-start=\"563\" data-end=\"665\"><strong data-start=\"563\" data-end=\"596\">Introdu\u00e7\u00e3o \u00e0 Cultura Digital:<\/strong> Compreenda o impacto das tecnologias em nossas vidas e na sociedade.<\/p>\n<\/li>\n<li data-section-id=\"pdz1th\" data-start=\"666\" data-end=\"755\">\n<p data-start=\"668\" data-end=\"755\"><strong data-start=\"668\" data-end=\"693\">Hist\u00f3ria da Internet:<\/strong> Da sua origem militar ao grande fen\u00f4meno que conecta o mundo.<\/p>\n<\/li>\n<li data-section-id=\"4x1foq\" data-start=\"756\" data-end=\"851\">\n<p data-start=\"758\" data-end=\"851\"><strong data-start=\"758\" data-end=\"798\">Redes Sociais e Comunica\u00e7\u00e3o Digital:<\/strong> Como as redes sociais influenciam nossa comunica\u00e7\u00e3o.<\/p>\n<\/li>\n<li data-section-id=\"17reh8d\" data-start=\"852\" data-end=\"934\">\n<p data-start=\"854\" data-end=\"934\"><strong data-start=\"854\" data-end=\"889\">Privacidade e Seguran\u00e7a Online:<\/strong> Enfrentando os desafios de um mundo digital.<\/p>\n<\/li>\n<li data-section-id=\"bqj0yx\" data-start=\"935\" data-end=\"1010\">\n<p data-start=\"937\" data-end=\"1010\"><strong data-start=\"937\" data-end=\"959\">Fundamentos da IA:<\/strong> O que \u00e9 a Intelig\u00eancia Artificial e seus desafios.<\/p>\n<\/li>\n<li data-section-id=\"109jqsp\" data-start=\"1011\" data-end=\"1072\">\n<p data-start=\"1013\" data-end=\"1072\"><strong data-start=\"1013\" data-end=\"1029\">Tipos de IA:<\/strong> Como m\u00e1quinas pensam de maneira diferente.<\/p>\n<\/li>\n<li data-section-id=\"wqtqw6\" data-start=\"1073\" data-end=\"1151\">\n<p data-start=\"1075\" data-end=\"1151\"><strong data-start=\"1075\" data-end=\"1115\">Algoritmos e Aprendizado de M\u00e1quina:<\/strong> Como as m\u00e1quinas aprendem sozinhas.<\/p>\n<\/li>\n<li data-section-id=\"cdwkh7\" data-start=\"1152\" data-end=\"1221\">\n<p data-start=\"1154\" data-end=\"1221\"><strong data-start=\"1154\" data-end=\"1174\">IA no Cotidiano:<\/strong> A presen\u00e7a invis\u00edvel da IA no nosso dia a dia.<\/p>\n<\/li>\n<li data-section-id=\"1pv2gju\" data-start=\"1222\" data-end=\"1294\">\n<p data-start=\"1224\" data-end=\"1294\"><strong data-start=\"1224\" data-end=\"1239\">\u00c9tica e IA:<\/strong> Reflex\u00f5es sobre os limites da intelig\u00eancia artificial.<\/p>\n<\/li>\n<li data-section-id=\"2gs27f\" data-start=\"1295\" data-end=\"1363\">\n<p data-start=\"1297\" data-end=\"1363\"><strong data-start=\"1297\" data-end=\"1314\">Futuro da IA:<\/strong> Como a tecnologia vai redefinir nossa realidade.<\/p>\n<\/li>\n<\/ul>\n<p data-start=\"1365\" data-end=\"1549\">\ud83d\udd0d <strong data-start=\"1368\" data-end=\"1381\">Objetivo:<\/strong> Capacitar os alunos a compreenderem a revolu\u00e7\u00e3o digital e os fundamentos da IA, promovendo uma reflex\u00e3o cr\u00edtica sobre o uso da tecnologia de forma \u00e9tica e respons\u00e1vel.<\/p>\n<p data-start=\"1551\" data-end=\"1619\">\ud83c\udf31 <strong data-start=\"1554\" data-end=\"1566\">Autoria:<\/strong> Elaborado por Bruna Profito, Elaine Cris Andrade e equipe pedag\u00f3gica.<\/p>\n<p data-start=\"1621\" data-end=\"1765\"><strong data-start=\"1621\" data-end=\"1643\">Material exclusivo<\/strong> para alunos do 1\u00ba Ano do Ensino M\u00e9dio, com o intuito de preparar os estudantes para as transforma\u00e7\u00f5es digitais do futuro!<\/p>\n<p data-start=\"1767\" data-end=\"1895\">\ud83d\udcda <strong data-start=\"1770\" data-end=\"1895\">Desenvolva habilidades essenciais para o futuro acad\u00eamico e a constru\u00e7\u00e3o de uma sociedade mais digitalizada e consciente!<\/strong><\/p>\n","protected":false},"featured_media":26345,"comment_status":"open","ping_status":"closed","template":"","meta":[],"product_brand":[],"product_cat":[152],"product_tag":[128,31,188],"class_list":{"0":"post-26343","1":"product","2":"type-product","3":"status-publish","4":"has-post-thumbnail","6":"product_cat-plano-de-curso","7":"product_tag-atividades-adaptadas","8":"product_tag-atividades-ludicas","9":"product_tag-itinerarios-mg","11":"first","12":"instock","13":"virtual","14":"taxable","15":"purchasable","16":"product-type-simple"},"_links":{"self":[{"href":"https:\/\/cacapalavrasdidaticos.com.br\/site\/wp-json\/wp\/v2\/product\/26343","targetHints":{"allow":["GET"]}}],"collection":[{"href":"https:\/\/cacapalavrasdidaticos.com.br\/site\/wp-json\/wp\/v2\/product"}],"about":[{"href":"https:\/\/cacapalavrasdidaticos.com.br\/site\/wp-json\/wp\/v2\/types\/product"}],"replies":[{"embeddable":true,"href":"https:\/\/cacapalavrasdidaticos.com.br\/site\/wp-json\/wp\/v2\/comments?post=26343"}],"wp:featuredmedia":[{"embeddable":true,"href":"https:\/\/cacapalavrasdidaticos.com.br\/site\/wp-json\/wp\/v2\/media\/26345"}],"wp:attachment":[{"href":"https:\/\/cacapalavrasdidaticos.com.br\/site\/wp-json\/wp\/v2\/media?parent=26343"}],"wp:term":[{"taxonomy":"product_brand","embeddable":true,"href":"https:\/\/cacapalavrasdidaticos.com.br\/site\/wp-json\/wp\/v2\/product_brand?post=26343"},{"taxonomy":"product_cat","embeddable":true,"href":"https:\/\/cacapalavrasdidaticos.com.br\/site\/wp-json\/wp\/v2\/product_cat?post=26343"},{"taxonomy":"product_tag","embeddable":true,"href":"https:\/\/cacapalavrasdidaticos.com.br\/site\/wp-json\/wp\/v2\/product_tag?post=26343"}],"curies":[{"name":"wp","href":"https:\/\/api.w.org\/{rel}","templated":true}]}}