{"id":26171,"date":"2026-03-07T16:24:28","date_gmt":"2026-03-07T19:24:28","guid":{"rendered":"https:\/\/cacapalavrasdidaticos.com.br\/site\/?post_type=product&#038;p=26171"},"modified":"2026-03-07T16:30:45","modified_gmt":"2026-03-07T19:30:45","slug":"combo-de-estudos-dirigidos-de-historia-6o-ao-3o-ano-do-ensino-medio-1o-trimestre","status":"publish","type":"product","link":"https:\/\/cacapalavrasdidaticos.com.br\/site\/produto\/combo-de-estudos-dirigidos-de-historia-6o-ao-3o-ano-do-ensino-medio-1o-trimestre\/","title":{"rendered":"COMBO DE ESTUDOS DIRIGIDOS DE HIST\u00d3RIA &#8211; 6\u00ba AO 3\u00ba ANO DO ENSINO M\u00c9DIO (1\u00ba TRIMESTRE)"},"content":{"rendered":"","protected":false},"excerpt":{"rendered":"<p>Este combo cont\u00e9m 7 apostilas de atividades de <strong>HIST\u00d3RIA<\/strong> para o Ensino Fundamental 2 e M\u00e9dio (<strong>6\u00ba ao 3\u00ba ano<\/strong>), referentes ao <strong>1\u00ba TRIMESTRE<\/strong>. Este projeto ter\u00e1 21 apostilas com atividades variadas. As atividades cont\u00e9m os c\u00f3digos de Habilidades BNCC. Em cada uma das apostilas voc\u00ea encontrar\u00e1:<\/p>\n<ul>\n<li><strong>Planejamento bimestral e habilidades BNCC com descri\u00e7\u00e3o;<\/strong><\/li>\n<li><strong>15 Estudos dirigidos e atividades relacionadas na sequ\u00eancia;<\/strong><\/li>\n<li><strong>Ca\u00e7a-palavras;<\/strong><\/li>\n<li><strong>Cruzadinhas;<\/strong><\/li>\n<li><strong>Atividade orientada para colorir;<\/strong><\/li>\n<li><strong>Gabaritos de todas as atividades.<\/strong><\/li>\n<\/ul>\n<p>&nbsp;<\/p>\n<p style=\"text-align: center;\">Delicie-se e leve para a sua sala de aula mais essa experi\u00eancia l\u00fadica e did\u00e1tica.<\/p>\n<p>&nbsp;<\/p>\n<p style=\"text-align: center;\"><strong>AVISO IMPORTANTE:<\/strong><\/p>\n<p style=\"text-align: center;\"><strong>MAIS INFORMA\u00c7\u00d5ES E COMPRA PELO PIX: 31-994716920 (Eduardo de Sousa)<\/strong><\/p>\n<p style=\"text-align: center;\"><strong>ENVIO DO MATERIAL: EM AT\u00c9 1 (UM) DIA \u00daTIL, AP\u00d3S A CONFIRMA\u00c7\u00c3O DO PAGAMENTO<\/strong>\u00a0<strong>(SER\u00c1 ENVIADO UM LINK DO GOOGLE DRIVE NO E-MAIL INFORMADO NO ATO DA COMPRA PARA O DOWNLOAD DA APOSTILA).<\/strong><\/p>\n","protected":false},"featured_media":26169,"comment_status":"open","ping_status":"closed","template":"","meta":[],"product_brand":[],"product_cat":[23],"product_tag":[31,101,32,33,34,172,86],"class_list":{"0":"post-26171","1":"product","2":"type-product","3":"status-publish","4":"has-post-thumbnail","6":"product_cat-historia","7":"product_tag-atividades-ludicas","8":"product_tag-bncc","9":"product_tag-caca-palavras","10":"product_tag-criptogramas","11":"product_tag-cruzadinhas","12":"product_tag-estudos-dirigidos","13":"product_tag-historia","15":"first","16":"instock","17":"virtual","18":"taxable","19":"purchasable","20":"product-type-simple"},"_links":{"self":[{"href":"https:\/\/cacapalavrasdidaticos.com.br\/site\/wp-json\/wp\/v2\/product\/26171","targetHints":{"allow":["GET"]}}],"collection":[{"href":"https:\/\/cacapalavrasdidaticos.com.br\/site\/wp-json\/wp\/v2\/product"}],"about":[{"href":"https:\/\/cacapalavrasdidaticos.com.br\/site\/wp-json\/wp\/v2\/types\/product"}],"replies":[{"embeddable":true,"href":"https:\/\/cacapalavrasdidaticos.com.br\/site\/wp-json\/wp\/v2\/comments?post=26171"}],"wp:featuredmedia":[{"embeddable":true,"href":"https:\/\/cacapalavrasdidaticos.com.br\/site\/wp-json\/wp\/v2\/media\/26169"}],"wp:attachment":[{"href":"https:\/\/cacapalavrasdidaticos.com.br\/site\/wp-json\/wp\/v2\/media?parent=26171"}],"wp:term":[{"taxonomy":"product_brand","embeddable":true,"href":"https:\/\/cacapalavrasdidaticos.com.br\/site\/wp-json\/wp\/v2\/product_brand?post=26171"},{"taxonomy":"product_cat","embeddable":true,"href":"https:\/\/cacapalavrasdidaticos.com.br\/site\/wp-json\/wp\/v2\/product_cat?post=26171"},{"taxonomy":"product_tag","embeddable":true,"href":"https:\/\/cacapalavrasdidaticos.com.br\/site\/wp-json\/wp\/v2\/product_tag?post=26171"}],"curies":[{"name":"wp","href":"https:\/\/api.w.org\/{rel}","templated":true}]}}