{"id":26108,"date":"2026-03-06T22:31:46","date_gmt":"2026-03-07T01:31:46","guid":{"rendered":"https:\/\/cacapalavrasdidaticos.com.br\/site\/?post_type=product&#038;p=26108"},"modified":"2026-03-06T22:37:58","modified_gmt":"2026-03-07T01:37:58","slug":"combo-de-educacao-digital-1o-ao-3o-ano-1o-trimestre","status":"publish","type":"product","link":"https:\/\/cacapalavrasdidaticos.com.br\/site\/produto\/combo-de-educacao-digital-1o-ao-3o-ano-1o-trimestre\/","title":{"rendered":"COMBO DE EDUCA\u00c7\u00c3O DIGITAL &#8211; 1\u00ba AO 3\u00ba ANO &#8211; 1\u00ba TRIMESTRE"},"content":{"rendered":"","protected":false},"excerpt":{"rendered":"<p data-start=\"72\" data-end=\"156\"><strong data-start=\"72\" data-end=\"156\">\ud83d\ude80 Educa\u00e7\u00e3o Digital &#8211; Ensino M\u00e9dio &#8211; 1\u00ba ao 3\u00ba Ano \ud83d\ude80 \u2013 1\u00ba Trimestre \u2013 53 a 60 p\u00e1ginas<\/strong><\/p>\n<p data-start=\"158\" data-end=\"386\">Transforme a aprendizagem com o Itiner\u00e1rio Formativo Educa\u00e7\u00e3o Digital! Um material inovador para os alunos do Ensino M\u00e9dio, focado no desenvolvimento da cidadania digital, seguran\u00e7a online e constru\u00e7\u00e3o de conhecimentos digitais.<\/p>\n<p data-start=\"388\" data-end=\"427\">\ud83d\udca1 <strong data-start=\"391\" data-end=\"427\">O que voc\u00ea encontra no material:<\/strong><\/p>\n<ul data-start=\"429\" data-end=\"827\">\n<li data-section-id=\"1scwpzw\" data-start=\"429\" data-end=\"523\">\n<p data-start=\"431\" data-end=\"523\">Aulas introdut\u00f3rias que abordam a cultura digital, seus impactos e os desafios de seguran\u00e7a.<\/p>\n<\/li>\n<li data-section-id=\"p6xqlz\" data-start=\"524\" data-end=\"624\">\n<p data-start=\"526\" data-end=\"624\">Atividades pr\u00e1ticas para an\u00e1lise de informa\u00e7\u00f5es, cria\u00e7\u00e3o e compartilhamento de conte\u00fados digitais.<\/p>\n<\/li>\n<li data-section-id=\"1lu1sn3\" data-start=\"625\" data-end=\"748\">\n<p data-start=\"627\" data-end=\"748\">Projetos e estudos dirigidos que incentivam o pensamento cr\u00edtico e a utiliza\u00e7\u00e3o respons\u00e1vel das ferramentas tecnol\u00f3gicas.<\/p>\n<\/li>\n<li data-section-id=\"uppg1t\" data-start=\"749\" data-end=\"827\">\n<p data-start=\"751\" data-end=\"827\">Quest\u00f5es reflexivas sobre cidadania digital, direitos e deveres na internet.<\/p>\n<\/li>\n<\/ul>\n<p data-start=\"829\" data-end=\"1019\">\ud83d\udd0d <strong data-start=\"832\" data-end=\"845\">Objetivo:<\/strong> Capacitar os estudantes a compreenderem as implica\u00e7\u00f5es da cultura digital no mundo contempor\u00e2neo, promovendo o uso respons\u00e1vel e consciente das tecnologias no seu cotidiano.<\/p>\n<p data-start=\"1021\" data-end=\"1088\">\ud83c\udf31 <strong data-start=\"1024\" data-end=\"1036\">Autoria:<\/strong> Elaborado por Eduardo Menandes e equipe pedag\u00f3gica.<\/p>\n<p data-start=\"1090\" data-end=\"1257\">Apostila dispon\u00edvel para uso exclusivo com os alunos! Proporcione aos estudantes as ferramentas necess\u00e1rias para navegar no mundo digital com responsabilidade e \u00e9tica.<\/p>\n<p data-start=\"1259\" data-end=\"1354\">\ud83d\udcda <strong data-start=\"1262\" data-end=\"1354\">Desenvolva habilidades essenciais para o uso consciente e transformador das tecnologias!<\/strong><\/p>\n","protected":false},"featured_media":26110,"comment_status":"open","ping_status":"closed","template":"","meta":[],"product_brand":[],"product_cat":[152],"product_tag":[128,31,188],"class_list":{"0":"post-26108","1":"product","2":"type-product","3":"status-publish","4":"has-post-thumbnail","6":"product_cat-plano-de-curso","7":"product_tag-atividades-adaptadas","8":"product_tag-atividades-ludicas","9":"product_tag-itinerarios-mg","11":"first","12":"instock","13":"virtual","14":"taxable","15":"purchasable","16":"product-type-simple"},"_links":{"self":[{"href":"https:\/\/cacapalavrasdidaticos.com.br\/site\/wp-json\/wp\/v2\/product\/26108","targetHints":{"allow":["GET"]}}],"collection":[{"href":"https:\/\/cacapalavrasdidaticos.com.br\/site\/wp-json\/wp\/v2\/product"}],"about":[{"href":"https:\/\/cacapalavrasdidaticos.com.br\/site\/wp-json\/wp\/v2\/types\/product"}],"replies":[{"embeddable":true,"href":"https:\/\/cacapalavrasdidaticos.com.br\/site\/wp-json\/wp\/v2\/comments?post=26108"}],"wp:featuredmedia":[{"embeddable":true,"href":"https:\/\/cacapalavrasdidaticos.com.br\/site\/wp-json\/wp\/v2\/media\/26110"}],"wp:attachment":[{"href":"https:\/\/cacapalavrasdidaticos.com.br\/site\/wp-json\/wp\/v2\/media?parent=26108"}],"wp:term":[{"taxonomy":"product_brand","embeddable":true,"href":"https:\/\/cacapalavrasdidaticos.com.br\/site\/wp-json\/wp\/v2\/product_brand?post=26108"},{"taxonomy":"product_cat","embeddable":true,"href":"https:\/\/cacapalavrasdidaticos.com.br\/site\/wp-json\/wp\/v2\/product_cat?post=26108"},{"taxonomy":"product_tag","embeddable":true,"href":"https:\/\/cacapalavrasdidaticos.com.br\/site\/wp-json\/wp\/v2\/product_tag?post=26108"}],"curies":[{"name":"wp","href":"https:\/\/api.w.org\/{rel}","templated":true}]}}