{"id":26097,"date":"2026-03-06T22:12:07","date_gmt":"2026-03-07T01:12:07","guid":{"rendered":"https:\/\/cacapalavrasdidaticos.com.br\/site\/?post_type=product&#038;p=26097"},"modified":"2026-03-06T22:29:36","modified_gmt":"2026-03-07T01:29:36","slug":"educacao-digital-3o-ano-1o-trimestre","status":"publish","type":"product","link":"https:\/\/cacapalavrasdidaticos.com.br\/site\/produto\/educacao-digital-3o-ano-1o-trimestre\/","title":{"rendered":"EDUCA\u00c7\u00c3O DIGITAL &#8211; 3\u00ba ANO &#8211; 1\u00ba TRIMESTRE"},"content":{"rendered":"","protected":false},"excerpt":{"rendered":"<p data-start=\"346\" data-end=\"424\"><strong data-start=\"346\" data-end=\"424\">\ud83d\ude80 Educa\u00e7\u00e3o Digital &#8211; Ensino M\u00e9dio &#8211; 3\u00ba Ano \ud83d\ude80 \u2013 1\u00ba Trimestre \u2013 53 p\u00e1ginas<\/strong><\/p>\n<p data-start=\"426\" data-end=\"653\">Transforme a aprendizagem com o Itiner\u00e1rio Formativo Educa\u00e7\u00e3o Digital! Um material inovador para o 3\u00ba ano do Ensino M\u00e9dio, focado no desenvolvimento da cidadania digital, seguran\u00e7a online e constru\u00e7\u00e3o de conhecimentos digitais.<\/p>\n<p data-start=\"655\" data-end=\"694\">\ud83d\udca1 <strong data-start=\"658\" data-end=\"694\">O que voc\u00ea encontra no material:<\/strong><\/p>\n<ul data-start=\"696\" data-end=\"1094\">\n<li data-section-id=\"1scwpzw\" data-start=\"696\" data-end=\"790\">\n<p data-start=\"698\" data-end=\"790\">Aulas introdut\u00f3rias que abordam a cultura digital, seus impactos e os desafios de seguran\u00e7a.<\/p>\n<\/li>\n<li data-section-id=\"p6xqlz\" data-start=\"791\" data-end=\"891\">\n<p data-start=\"793\" data-end=\"891\">Atividades pr\u00e1ticas para an\u00e1lise de informa\u00e7\u00f5es, cria\u00e7\u00e3o e compartilhamento de conte\u00fados digitais.<\/p>\n<\/li>\n<li data-section-id=\"1lu1sn3\" data-start=\"892\" data-end=\"1015\">\n<p data-start=\"894\" data-end=\"1015\">Projetos e estudos dirigidos que incentivam o pensamento cr\u00edtico e a utiliza\u00e7\u00e3o respons\u00e1vel das ferramentas tecnol\u00f3gicas.<\/p>\n<\/li>\n<li data-section-id=\"uppg1t\" data-start=\"1016\" data-end=\"1094\">\n<p data-start=\"1018\" data-end=\"1094\">Quest\u00f5es reflexivas sobre cidadania digital, direitos e deveres na internet.<\/p>\n<\/li>\n<\/ul>\n<p data-start=\"1096\" data-end=\"1286\">\ud83d\udd0d <strong data-start=\"1099\" data-end=\"1112\">Objetivo:<\/strong> Capacitar os estudantes a compreenderem as implica\u00e7\u00f5es da cultura digital no mundo contempor\u00e2neo, promovendo o uso respons\u00e1vel e consciente das tecnologias no seu cotidiano.<\/p>\n<p data-start=\"1288\" data-end=\"1355\">\ud83c\udf31 <strong data-start=\"1291\" data-end=\"1303\">Autoria:<\/strong> Elaborado por Eduardo Menandes e equipe pedag\u00f3gica.<\/p>\n<p data-start=\"1357\" data-end=\"1524\">Apostila dispon\u00edvel para uso exclusivo com os alunos! Proporcione aos estudantes as ferramentas necess\u00e1rias para navegar no mundo digital com responsabilidade e \u00e9tica.<\/p>\n<p data-start=\"1526\" data-end=\"1617\">\ud83d\udcda Desenvolva habilidades essenciais para o uso consciente e transformador das tecnologias!<\/p>\n","protected":false},"featured_media":26099,"comment_status":"open","ping_status":"closed","template":"","meta":[],"product_brand":[],"product_cat":[152],"product_tag":[128,31,188],"class_list":{"0":"post-26097","1":"product","2":"type-product","3":"status-publish","4":"has-post-thumbnail","6":"product_cat-plano-de-curso","7":"product_tag-atividades-adaptadas","8":"product_tag-atividades-ludicas","9":"product_tag-itinerarios-mg","11":"first","12":"instock","13":"virtual","14":"taxable","15":"purchasable","16":"product-type-simple"},"_links":{"self":[{"href":"https:\/\/cacapalavrasdidaticos.com.br\/site\/wp-json\/wp\/v2\/product\/26097","targetHints":{"allow":["GET"]}}],"collection":[{"href":"https:\/\/cacapalavrasdidaticos.com.br\/site\/wp-json\/wp\/v2\/product"}],"about":[{"href":"https:\/\/cacapalavrasdidaticos.com.br\/site\/wp-json\/wp\/v2\/types\/product"}],"replies":[{"embeddable":true,"href":"https:\/\/cacapalavrasdidaticos.com.br\/site\/wp-json\/wp\/v2\/comments?post=26097"}],"wp:featuredmedia":[{"embeddable":true,"href":"https:\/\/cacapalavrasdidaticos.com.br\/site\/wp-json\/wp\/v2\/media\/26099"}],"wp:attachment":[{"href":"https:\/\/cacapalavrasdidaticos.com.br\/site\/wp-json\/wp\/v2\/media?parent=26097"}],"wp:term":[{"taxonomy":"product_brand","embeddable":true,"href":"https:\/\/cacapalavrasdidaticos.com.br\/site\/wp-json\/wp\/v2\/product_brand?post=26097"},{"taxonomy":"product_cat","embeddable":true,"href":"https:\/\/cacapalavrasdidaticos.com.br\/site\/wp-json\/wp\/v2\/product_cat?post=26097"},{"taxonomy":"product_tag","embeddable":true,"href":"https:\/\/cacapalavrasdidaticos.com.br\/site\/wp-json\/wp\/v2\/product_tag?post=26097"}],"curies":[{"name":"wp","href":"https:\/\/api.w.org\/{rel}","templated":true}]}}