{"id":25864,"date":"2026-03-01T22:19:49","date_gmt":"2026-03-02T01:19:49","guid":{"rendered":"https:\/\/cacapalavrasdidaticos.com.br\/site\/?post_type=product&#038;p=25864"},"modified":"2026-03-06T22:18:31","modified_gmt":"2026-03-07T01:18:31","slug":"educacao-digital-2o-ano-1o-trimestre","status":"publish","type":"product","link":"https:\/\/cacapalavrasdidaticos.com.br\/site\/produto\/educacao-digital-2o-ano-1o-trimestre\/","title":{"rendered":"EDUCA\u00c7\u00c3O DIGITAL &#8211; 2\u00ba ANO &#8211; 1\u00ba TRIMESTRE"},"content":{"rendered":"","protected":false},"excerpt":{"rendered":"<p data-start=\"90\" data-end=\"168\">\ud83d\ude80 <strong data-start=\"93\" data-end=\"137\">Educa\u00e7\u00e3o Digital &#8211; Ensino M\u00e9dio &#8211; 2\u00ba Ano<\/strong> \ud83d\ude80 \u2013 <strong>1\u00ba Trimestre \u2013 53 p\u00e1ginas<\/strong><\/p>\n<p data-start=\"170\" data-end=\"397\">Transforme a aprendizagem com o Itiner\u00e1rio Formativo Educa\u00e7\u00e3o Digital! Um material inovador para o 2\u00ba ano do Ensino M\u00e9dio, focado no desenvolvimento da cidadania digital, seguran\u00e7a online e constru\u00e7\u00e3o de conhecimentos digitais.<\/p>\n<p data-start=\"399\" data-end=\"438\">\ud83d\udca1 <strong data-start=\"402\" data-end=\"438\">O que voc\u00ea encontra no material:<\/strong><\/p>\n<ul data-start=\"440\" data-end=\"838\">\n<li data-start=\"440\" data-end=\"534\">\n<p data-start=\"442\" data-end=\"534\">Aulas introdut\u00f3rias que abordam a cultura digital, seus impactos e os desafios de seguran\u00e7a.<\/p>\n<\/li>\n<li data-start=\"535\" data-end=\"635\">\n<p data-start=\"537\" data-end=\"635\">Atividades pr\u00e1ticas para an\u00e1lise de informa\u00e7\u00f5es, cria\u00e7\u00e3o e compartilhamento de conte\u00fados digitais.<\/p>\n<\/li>\n<li data-start=\"636\" data-end=\"759\">\n<p data-start=\"638\" data-end=\"759\">Projetos e estudos dirigidos que incentivam o pensamento cr\u00edtico e a utiliza\u00e7\u00e3o respons\u00e1vel das ferramentas tecnol\u00f3gicas.<\/p>\n<\/li>\n<li data-start=\"760\" data-end=\"838\">\n<p data-start=\"762\" data-end=\"838\">Quest\u00f5es reflexivas sobre cidadania digital, direitos e deveres na internet.<\/p>\n<\/li>\n<\/ul>\n<p data-start=\"840\" data-end=\"1030\">\ud83d\udd0d <strong data-start=\"843\" data-end=\"856\">Objetivo:<\/strong> Capacitar os estudantes a compreenderem as implica\u00e7\u00f5es da cultura digital no mundo contempor\u00e2neo, promovendo o uso respons\u00e1vel e consciente das tecnologias no seu cotidiano.<\/p>\n<p data-start=\"1032\" data-end=\"1099\">\ud83c\udf31 <strong data-start=\"1035\" data-end=\"1047\">Autoria:<\/strong> Elaborado por Eduardo Menandes e equipe pedag\u00f3gica.<\/p>\n<p data-start=\"1101\" data-end=\"1268\">Apostila dispon\u00edvel para uso exclusivo com os alunos! Proporcione aos estudantes as ferramentas necess\u00e1rias para navegar no mundo digital com responsabilidade e \u00e9tica.<\/p>\n<p data-start=\"1270\" data-end=\"1361\">\ud83d\udcda Desenvolva habilidades essenciais para o uso consciente e transformador das tecnologias!<\/p>\n","protected":false},"featured_media":25865,"comment_status":"open","ping_status":"closed","template":"","meta":[],"product_brand":[],"product_cat":[152],"product_tag":[128,31,188],"class_list":{"0":"post-25864","1":"product","2":"type-product","3":"status-publish","4":"has-post-thumbnail","6":"product_cat-plano-de-curso","7":"product_tag-atividades-adaptadas","8":"product_tag-atividades-ludicas","9":"product_tag-itinerarios-mg","11":"first","12":"instock","13":"virtual","14":"taxable","15":"purchasable","16":"product-type-simple"},"_links":{"self":[{"href":"https:\/\/cacapalavrasdidaticos.com.br\/site\/wp-json\/wp\/v2\/product\/25864","targetHints":{"allow":["GET"]}}],"collection":[{"href":"https:\/\/cacapalavrasdidaticos.com.br\/site\/wp-json\/wp\/v2\/product"}],"about":[{"href":"https:\/\/cacapalavrasdidaticos.com.br\/site\/wp-json\/wp\/v2\/types\/product"}],"replies":[{"embeddable":true,"href":"https:\/\/cacapalavrasdidaticos.com.br\/site\/wp-json\/wp\/v2\/comments?post=25864"}],"wp:featuredmedia":[{"embeddable":true,"href":"https:\/\/cacapalavrasdidaticos.com.br\/site\/wp-json\/wp\/v2\/media\/25865"}],"wp:attachment":[{"href":"https:\/\/cacapalavrasdidaticos.com.br\/site\/wp-json\/wp\/v2\/media?parent=25864"}],"wp:term":[{"taxonomy":"product_brand","embeddable":true,"href":"https:\/\/cacapalavrasdidaticos.com.br\/site\/wp-json\/wp\/v2\/product_brand?post=25864"},{"taxonomy":"product_cat","embeddable":true,"href":"https:\/\/cacapalavrasdidaticos.com.br\/site\/wp-json\/wp\/v2\/product_cat?post=25864"},{"taxonomy":"product_tag","embeddable":true,"href":"https:\/\/cacapalavrasdidaticos.com.br\/site\/wp-json\/wp\/v2\/product_tag?post=25864"}],"curies":[{"name":"wp","href":"https:\/\/api.w.org\/{rel}","templated":true}]}}