{"id":25793,"date":"2026-02-28T11:04:43","date_gmt":"2026-02-28T14:04:43","guid":{"rendered":"https:\/\/cacapalavrasdidaticos.com.br\/site\/?post_type=product&#038;p=25793"},"modified":"2026-02-28T11:09:17","modified_gmt":"2026-02-28T14:09:17","slug":"clube-do-protagonismo-9o-ano-1o-trimestre-ensino-fundamental-2","status":"publish","type":"product","link":"https:\/\/cacapalavrasdidaticos.com.br\/site\/produto\/clube-do-protagonismo-9o-ano-1o-trimestre-ensino-fundamental-2\/","title":{"rendered":"CLUBE DO PROTAGONISMO &#8211; 9\u00ba ANO (1\u00ba TRIMESTRE) &#8211; ENSINO FUNDAMENTAL 2"},"content":{"rendered":"","protected":false},"excerpt":{"rendered":"<p data-start=\"86\" data-end=\"183\">\ud83d\ude80 <strong data-start=\"89\" data-end=\"147\">Clube do Protagonista \u2013 Ensino Fundamental II &#8211; 9\u00ba Ano<\/strong> \ud83d\ude80<br data-start=\"150\" data-end=\"153\" \/><strong data-start=\"153\" data-end=\"183\">1\u00ba Trimestre &#8211; 49 p\u00e1ginas<\/strong><\/p>\n<p data-start=\"185\" data-end=\"414\">Desperte o l\u00edder dentro de cada aluno com o <em data-start=\"229\" data-end=\"273\">Itiner\u00e1rio Formativo Clube do Protagonista<\/em>! Este material inovador \u00e9 ideal para o 9\u00ba ano, abordando temas essenciais como juventude, cidadania, empreendedorismo social, e comunica\u00e7\u00e3o.<\/p>\n<p data-start=\"416\" data-end=\"455\">\ud83d\udca1 <strong data-start=\"419\" data-end=\"455\">O que voc\u00ea encontra no material:<\/strong><\/p>\n<ul data-start=\"456\" data-end=\"936\">\n<li data-start=\"456\" data-end=\"546\">\n<p data-start=\"458\" data-end=\"546\"><strong data-start=\"458\" data-end=\"484\">Juventude &amp; Cidadania:<\/strong> Reflex\u00f5es sobre o papel da juventude na transforma\u00e7\u00e3o social.<\/p>\n<\/li>\n<li data-start=\"547\" data-end=\"636\">\n<p data-start=\"549\" data-end=\"636\"><strong data-start=\"549\" data-end=\"572\">Gest\u00e3o de Projetos:<\/strong> Como planejar, executar e avaliar projetos sociais com impacto.<\/p>\n<\/li>\n<li data-start=\"637\" data-end=\"742\">\n<p data-start=\"639\" data-end=\"742\"><strong data-start=\"639\" data-end=\"667\">Empreendedorismo Social:<\/strong> Desenvolvendo habilidades para identificar e solucionar problemas sociais.<\/p>\n<\/li>\n<li data-start=\"743\" data-end=\"839\">\n<p data-start=\"745\" data-end=\"839\"><strong data-start=\"745\" data-end=\"776\">Cultura Digital Consciente:<\/strong> Uso respons\u00e1vel e \u00e9tico das plataformas digitais na sociedade.<\/p>\n<\/li>\n<li data-start=\"840\" data-end=\"936\">\n<p data-start=\"842\" data-end=\"936\"><strong data-start=\"842\" data-end=\"872\">Comunica\u00e7\u00e3o &amp; Engajamento:<\/strong> T\u00e9cnicas para expressar ideias com clareza e gerar engajamento.<\/p>\n<\/li>\n<\/ul>\n<p data-start=\"938\" data-end=\"1112\">\ud83d\udd0d <strong data-start=\"941\" data-end=\"953\">Objetivo<\/strong>: Capacitar os estudantes a se posicionarem de forma cr\u00edtica e engajada, refletindo sobre os problemas sociais e transformando sua realidade e a da comunidade.<\/p>\n<p data-start=\"1114\" data-end=\"1184\">\ud83c\udf31 <strong data-start=\"1117\" data-end=\"1128\">Autoria<\/strong>: Elaborado por Elaine Cris Andrade e equipe pedag\u00f3gica.<\/p>\n<p data-start=\"1186\" data-end=\"1293\">Material exclusivo para aprofundar o protagonismo juvenil e despertar a responsabilidade social dos alunos!<\/p>\n<p data-start=\"1295\" data-end=\"1413\">\ud83d\udcda Desenvolva habilidades essenciais para o futuro acad\u00eamico e para a constru\u00e7\u00e3o de um mundo mais justo e igualit\u00e1rio!<\/p>\n","protected":false},"featured_media":25794,"comment_status":"open","ping_status":"closed","template":"","meta":[],"product_brand":[],"product_cat":[152],"product_tag":[128,31,188],"class_list":{"0":"post-25793","1":"product","2":"type-product","3":"status-publish","4":"has-post-thumbnail","6":"product_cat-plano-de-curso","7":"product_tag-atividades-adaptadas","8":"product_tag-atividades-ludicas","9":"product_tag-itinerarios-mg","11":"first","12":"instock","13":"virtual","14":"taxable","15":"purchasable","16":"product-type-simple"},"_links":{"self":[{"href":"https:\/\/cacapalavrasdidaticos.com.br\/site\/wp-json\/wp\/v2\/product\/25793","targetHints":{"allow":["GET"]}}],"collection":[{"href":"https:\/\/cacapalavrasdidaticos.com.br\/site\/wp-json\/wp\/v2\/product"}],"about":[{"href":"https:\/\/cacapalavrasdidaticos.com.br\/site\/wp-json\/wp\/v2\/types\/product"}],"replies":[{"embeddable":true,"href":"https:\/\/cacapalavrasdidaticos.com.br\/site\/wp-json\/wp\/v2\/comments?post=25793"}],"wp:featuredmedia":[{"embeddable":true,"href":"https:\/\/cacapalavrasdidaticos.com.br\/site\/wp-json\/wp\/v2\/media\/25794"}],"wp:attachment":[{"href":"https:\/\/cacapalavrasdidaticos.com.br\/site\/wp-json\/wp\/v2\/media?parent=25793"}],"wp:term":[{"taxonomy":"product_brand","embeddable":true,"href":"https:\/\/cacapalavrasdidaticos.com.br\/site\/wp-json\/wp\/v2\/product_brand?post=25793"},{"taxonomy":"product_cat","embeddable":true,"href":"https:\/\/cacapalavrasdidaticos.com.br\/site\/wp-json\/wp\/v2\/product_cat?post=25793"},{"taxonomy":"product_tag","embeddable":true,"href":"https:\/\/cacapalavrasdidaticos.com.br\/site\/wp-json\/wp\/v2\/product_tag?post=25793"}],"curies":[{"name":"wp","href":"https:\/\/api.w.org\/{rel}","templated":true}]}}