{"id":25782,"date":"2026-02-28T10:40:35","date_gmt":"2026-02-28T13:40:35","guid":{"rendered":"https:\/\/cacapalavrasdidaticos.com.br\/site\/?post_type=product&#038;p=25782"},"modified":"2026-02-28T11:04:19","modified_gmt":"2026-02-28T14:04:19","slug":"intervencao-social-aulas-eventuais-1o-trimestre","status":"publish","type":"product","link":"https:\/\/cacapalavrasdidaticos.com.br\/site\/produto\/intervencao-social-aulas-eventuais-1o-trimestre\/","title":{"rendered":"INTERVEN\u00c7\u00c3O SOCIAL &#8211; AULAS EVENTUAIS &#8211; 1\u00ba TRIMESTRE"},"content":{"rendered":"","protected":false},"excerpt":{"rendered":"<p data-start=\"79\" data-end=\"175\">\ud83d\ude80 <strong data-start=\"82\" data-end=\"128\">Interven\u00e7\u00e3o Social \u2013 Ensino M\u00e9dio <\/strong>\ud83d\ude80<br data-start=\"131\" data-end=\"134\" \/><strong data-start=\"134\" data-end=\"175\">1\u00ba Trimestre &#8211; Volume 1 &#8211; 79 p\u00e1ginas<\/strong><\/p>\n<p data-start=\"177\" data-end=\"400\">Transforme a sala de aula com o <em data-start=\"209\" data-end=\"283\">Material de Apoio para Professores de Aula Eventual &#8211; Interven\u00e7\u00e3o Social<\/em>! Um recurso essencial para trabalhar com o protagonismo juvenil e promover o desenvolvimento social e transformador.<\/p>\n<p data-start=\"402\" data-end=\"441\">\ud83d\udca1 <strong data-start=\"405\" data-end=\"441\">O que voc\u00ea encontra no material:<\/strong><\/p>\n<ul data-start=\"442\" data-end=\"959\">\n<li data-start=\"442\" data-end=\"548\">\n<p data-start=\"444\" data-end=\"548\"><strong data-start=\"444\" data-end=\"463\">Aulas din\u00e2micas<\/strong> que estimulam a reflex\u00e3o sobre as pequenas a\u00e7\u00f5es que podem mudar realidades sociais.<\/p>\n<\/li>\n<li data-start=\"549\" data-end=\"690\">\n<p data-start=\"551\" data-end=\"690\"><strong data-start=\"551\" data-end=\"574\">Atividades pr\u00e1ticas<\/strong> focadas na conscientiza\u00e7\u00e3o de problemas sociais, com \u00eanfase em cidadania ativa, direitos humanos e a\u00e7\u00f5es coletivas.<\/p>\n<\/li>\n<li data-start=\"691\" data-end=\"839\">\n<p data-start=\"693\" data-end=\"839\"><strong data-start=\"693\" data-end=\"720\">Projetos de interven\u00e7\u00e3o<\/strong> que envolvem o aluno na constru\u00e7\u00e3o de solu\u00e7\u00f5es para quest\u00f5es locais e globais, com foco em justi\u00e7a e sustentabilidade.<\/p>\n<\/li>\n<li data-start=\"840\" data-end=\"959\">\n<p data-start=\"842\" data-end=\"959\"><strong data-start=\"842\" data-end=\"866\">Quest\u00f5es de reflex\u00e3o<\/strong> que desafiam os estudantes a pensarem sobre seu papel como agentes de mudan\u00e7a na comunidade.<\/p>\n<\/li>\n<\/ul>\n<p data-start=\"961\" data-end=\"1151\">\ud83d\udd0d <strong data-start=\"964\" data-end=\"976\">Objetivo<\/strong>: Capacitar os estudantes a compreenderem os desafios sociais do seu territ\u00f3rio e a exercerem o papel de cidad\u00e3os cr\u00edticos e ativos, com foco na interven\u00e7\u00e3o social consciente.<\/p>\n<p data-start=\"1153\" data-end=\"1220\">\ud83c\udf31 <strong data-start=\"1156\" data-end=\"1167\">Autoria<\/strong>: Elaborado por Eduardo Menandes e equipe pedag\u00f3gica.<\/p>\n<p data-start=\"1222\" data-end=\"1351\">Apostila dispon\u00edvel para uso exclusivo com os alunos! Capacite-os para atuar como protagonistas de mudan\u00e7as reais e sustent\u00e1veis.<\/p>\n<p data-start=\"1353\" data-end=\"1430\">\ud83d\udcda Desperte o potencial de transforma\u00e7\u00e3o nas aulas de <strong data-start=\"1407\" data-end=\"1429\">Interven\u00e7\u00e3o Social<\/strong>!<\/p>\n","protected":false},"featured_media":25791,"comment_status":"open","ping_status":"closed","template":"","meta":[],"product_brand":[],"product_cat":[152],"product_tag":[128,31,188],"class_list":{"0":"post-25782","1":"product","2":"type-product","3":"status-publish","4":"has-post-thumbnail","6":"product_cat-plano-de-curso","7":"product_tag-atividades-adaptadas","8":"product_tag-atividades-ludicas","9":"product_tag-itinerarios-mg","11":"first","12":"instock","13":"virtual","14":"taxable","15":"purchasable","16":"product-type-simple"},"_links":{"self":[{"href":"https:\/\/cacapalavrasdidaticos.com.br\/site\/wp-json\/wp\/v2\/product\/25782","targetHints":{"allow":["GET"]}}],"collection":[{"href":"https:\/\/cacapalavrasdidaticos.com.br\/site\/wp-json\/wp\/v2\/product"}],"about":[{"href":"https:\/\/cacapalavrasdidaticos.com.br\/site\/wp-json\/wp\/v2\/types\/product"}],"replies":[{"embeddable":true,"href":"https:\/\/cacapalavrasdidaticos.com.br\/site\/wp-json\/wp\/v2\/comments?post=25782"}],"wp:featuredmedia":[{"embeddable":true,"href":"https:\/\/cacapalavrasdidaticos.com.br\/site\/wp-json\/wp\/v2\/media\/25791"}],"wp:attachment":[{"href":"https:\/\/cacapalavrasdidaticos.com.br\/site\/wp-json\/wp\/v2\/media?parent=25782"}],"wp:term":[{"taxonomy":"product_brand","embeddable":true,"href":"https:\/\/cacapalavrasdidaticos.com.br\/site\/wp-json\/wp\/v2\/product_brand?post=25782"},{"taxonomy":"product_cat","embeddable":true,"href":"https:\/\/cacapalavrasdidaticos.com.br\/site\/wp-json\/wp\/v2\/product_cat?post=25782"},{"taxonomy":"product_tag","embeddable":true,"href":"https:\/\/cacapalavrasdidaticos.com.br\/site\/wp-json\/wp\/v2\/product_tag?post=25782"}],"curies":[{"name":"wp","href":"https:\/\/api.w.org\/{rel}","templated":true}]}}