{"id":25569,"date":"2026-02-24T00:40:26","date_gmt":"2026-02-24T03:40:26","guid":{"rendered":"https:\/\/cacapalavrasdidaticos.com.br\/site\/?post_type=product&#038;p=25569"},"modified":"2026-03-30T20:05:45","modified_gmt":"2026-03-30T23:05:45","slug":"combo-de-estudos-dirigidos-de-projeto-de-vida-1o-ao-3o-ano-ensino-medio-1o-trimestre","status":"publish","type":"product","link":"https:\/\/cacapalavrasdidaticos.com.br\/site\/produto\/combo-de-estudos-dirigidos-de-projeto-de-vida-1o-ao-3o-ano-ensino-medio-1o-trimestre\/","title":{"rendered":"COMBO DE ESTUDOS DIRIGIDOS DE PROJETO DE VIDA &#8211; 1\u00ba AO 3\u00ba ANO &#8211; ENSINO M\u00c9DIO (1\u00ba TRIMESTRE)"},"content":{"rendered":"","protected":false},"excerpt":{"rendered":"<p style=\"margin: 0cm;\">Este combo cont\u00e9m 3 apostilas de <strong>ESTUDOS DIRIGIDOS<\/strong> de <strong>PROJETO DE VIDA<\/strong> para o<strong> Ensino M\u00e9dio, <\/strong>referentes ao<strong> 1\u00ba Trimestre de 2026.\u00a0<\/strong><\/p>\n<p>&nbsp;<\/p>\n<p style=\"margin: 0cm;\"><strong>P\u00c1GINAS POR APOSTILA: <\/strong><\/p>\n<p style=\"margin: 0cm;\"><strong>1\u00ba ano: 161 \/ 2\u00ba ano: 65 \/ 3\u00ba ano: 132<\/strong><\/p>\n<p>&nbsp;<\/p>\n<p><strong>\u00a0As<\/strong><strong> apostilas cont\u00e9m:<\/strong><\/p>\n<ul>\n<li>Metodologias e estrat\u00e9gias;<\/li>\n<li>Compreens\u00f5es de textos de acordo com o Plano de Curso para o 1\u00ba bimestre;<\/li>\n<li>Gabaritos.<\/li>\n<\/ul>\n<p style=\"text-align: center;\"><strong>AVISO IMPORTANTE:<\/strong><\/p>\n<p style=\"text-align: center;\"><strong>AS APOSTILAS S\u00c3O ENVIADAS EM FORMATO PDF NO EMAIL CADASTRADO NO ATO DA COMPRA. CASO QUEIRA O MATERIAL EM FORMATO IMAGEM JPEG, ENTRE EM CONTATO CONOSCO PELO WHATSAPP: 31-994716920<\/strong><\/p>\n<p style=\"text-align: center;\"><strong>MAIS INFORMA\u00c7\u00d5ES E COMPRA PELO PIX, ENTRE EM CONTATO CONOSCO: 31-994716920. PIX: 31-994716920 (Eduardo de Sousa)<\/strong><\/p>\n<p style=\"text-align: center;\"><strong>ENVIO DO MATERIAL: EM AT\u00c9 1 (UM) DIA \u00daTIL, AP\u00d3S A CONFIRMA\u00c7\u00c3O DO PAGAMENTO<\/strong>\u00a0<strong>(SER\u00c1 ENVIADO UM LINK DO GOOGLE DRIVE NO E-MAIL INFORMADO NO ATO DA COMPRA PARA O DOWNLOAD DA APOSTILA).<\/strong><\/p>\n","protected":false},"featured_media":25599,"comment_status":"open","ping_status":"closed","template":"","meta":[],"product_brand":[],"product_cat":[167],"product_tag":[127,128,31,169,35,172,59,60,132],"class_list":{"0":"post-25569","1":"product","2":"type-product","3":"status-publish","4":"has-post-thumbnail","6":"product_cat-projeto-de-vida-ensino-fundamental-medio","7":"product_tag-3o-bimestre","8":"product_tag-atividades-adaptadas","9":"product_tag-atividades-ludicas","10":"product_tag-curriculo-mg-2024","11":"product_tag-ensino-medio","12":"product_tag-estudos-dirigidos","13":"product_tag-novo-ensino-medio","14":"product_tag-projeto-de-vida","15":"product_tag-questoes-abertas","17":"first","18":"instock","19":"sale","20":"virtual","21":"taxable","22":"purchasable","23":"product-type-simple"},"_links":{"self":[{"href":"https:\/\/cacapalavrasdidaticos.com.br\/site\/wp-json\/wp\/v2\/product\/25569","targetHints":{"allow":["GET"]}}],"collection":[{"href":"https:\/\/cacapalavrasdidaticos.com.br\/site\/wp-json\/wp\/v2\/product"}],"about":[{"href":"https:\/\/cacapalavrasdidaticos.com.br\/site\/wp-json\/wp\/v2\/types\/product"}],"replies":[{"embeddable":true,"href":"https:\/\/cacapalavrasdidaticos.com.br\/site\/wp-json\/wp\/v2\/comments?post=25569"}],"wp:featuredmedia":[{"embeddable":true,"href":"https:\/\/cacapalavrasdidaticos.com.br\/site\/wp-json\/wp\/v2\/media\/25599"}],"wp:attachment":[{"href":"https:\/\/cacapalavrasdidaticos.com.br\/site\/wp-json\/wp\/v2\/media?parent=25569"}],"wp:term":[{"taxonomy":"product_brand","embeddable":true,"href":"https:\/\/cacapalavrasdidaticos.com.br\/site\/wp-json\/wp\/v2\/product_brand?post=25569"},{"taxonomy":"product_cat","embeddable":true,"href":"https:\/\/cacapalavrasdidaticos.com.br\/site\/wp-json\/wp\/v2\/product_cat?post=25569"},{"taxonomy":"product_tag","embeddable":true,"href":"https:\/\/cacapalavrasdidaticos.com.br\/site\/wp-json\/wp\/v2\/product_tag?post=25569"}],"curies":[{"name":"wp","href":"https:\/\/api.w.org\/{rel}","templated":true}]}}