{"id":25534,"date":"2026-02-23T22:35:07","date_gmt":"2026-02-24T01:35:07","guid":{"rendered":"https:\/\/cacapalavrasdidaticos.com.br\/site\/?post_type=product&#038;p=25534"},"modified":"2026-03-30T15:00:10","modified_gmt":"2026-03-30T18:00:10","slug":"estudos-dirigidos-de-sociologia-1o-ano-1o-trimestre","status":"publish","type":"product","link":"https:\/\/cacapalavrasdidaticos.com.br\/site\/produto\/estudos-dirigidos-de-sociologia-1o-ano-1o-trimestre\/","title":{"rendered":"ESTUDOS DIRIGIDOS DE SOCIOLOGIA &#8211; 1\u00ba ANO (1\u00ba TRIMESTRE)"},"content":{"rendered":"","protected":false},"excerpt":{"rendered":"<p>Esta apostila \u00e9 referente ao <strong>1\u00ba TRIMESTRE<\/strong> de <strong>FILOSOFIA<\/strong>\u00a0para o Ensino M\u00e9dio (<strong>1\u00ba ano<\/strong>). Este projeto ter\u00e1 9 apostilas com atividades variadas. Em cada uma das apostilas voc\u00ea encontrar\u00e1:<\/p>\n<p>&nbsp;<\/p>\n<ul>\n<li><strong>Planejamento Trimestral;<\/strong><\/li>\n<li><strong>9 Estudos dirigidos e atividades relacionadas na sequ\u00eancia;<\/strong><\/li>\n<li><strong>Habilidades BNCC nas atividades;<\/strong><\/li>\n<li><strong>Cruzadinhas;<\/strong><\/li>\n<li><strong>Atividades orientadas para colorir;<\/strong><\/li>\n<li><strong>Gabaritos de todas as atividades.<\/strong><\/li>\n<\/ul>\n<p><strong>\u00a0 \u00a0 \u00a0 68 P\u00c1GINAS<\/strong><\/p>\n<p>&nbsp;<\/p>\n<p style=\"text-align: center;\"><strong>AVISO IMPORTANTE:<\/strong><\/p>\n<p style=\"text-align: center;\"><strong>AS APOSTILAS S\u00c3O ENVIADAS EM FORMATO PDF NO EMAIL CADASTRADO NO ATO DA COMPRA. CASO QUEIRA O MATERIAL EM FORMATO IMAGEM JPEG, ENTRE EM CONTATO CONOSCO PELO WHATSAPP: 31-994716920<\/strong><\/p>\n<p style=\"text-align: center;\"><strong>MAIS INFORMA\u00c7\u00d5ES E COMPRA PELO PIX: 31-994716920 (Eduardo de Sousa)<\/strong><\/p>\n<p style=\"text-align: center;\"><strong>ENVIO DO MATERIAL: EM AT\u00c9 1 (UM) DIA \u00daTIL, AP\u00d3S A CONFIRMA\u00c7\u00c3O DO PAGAMENTO<\/strong>\u00a0<strong>(SER\u00c1 ENVIADO UM LINK DO GOOGLE DRIVE NO E-MAIL INFORMADO NO ATO DA COMPRA PARA O DOWNLOAD DA APOSTILA).<\/strong><\/p>\n","protected":false},"featured_media":25536,"comment_status":"open","ping_status":"closed","template":"","meta":[],"product_brand":[],"product_cat":[155],"product_tag":[31,178,34,35,172,26],"class_list":{"0":"post-25534","1":"product","2":"type-product","3":"status-publish","4":"has-post-thumbnail","6":"product_cat-sociologia","7":"product_tag-atividades-ludicas","8":"product_tag-ciencias-humanas-e-sociais","9":"product_tag-cruzadinhas","10":"product_tag-ensino-medio","11":"product_tag-estudos-dirigidos","12":"product_tag-filosofia","14":"first","15":"instock","16":"virtual","17":"taxable","18":"purchasable","19":"product-type-simple"},"_links":{"self":[{"href":"https:\/\/cacapalavrasdidaticos.com.br\/site\/wp-json\/wp\/v2\/product\/25534","targetHints":{"allow":["GET"]}}],"collection":[{"href":"https:\/\/cacapalavrasdidaticos.com.br\/site\/wp-json\/wp\/v2\/product"}],"about":[{"href":"https:\/\/cacapalavrasdidaticos.com.br\/site\/wp-json\/wp\/v2\/types\/product"}],"replies":[{"embeddable":true,"href":"https:\/\/cacapalavrasdidaticos.com.br\/site\/wp-json\/wp\/v2\/comments?post=25534"}],"wp:featuredmedia":[{"embeddable":true,"href":"https:\/\/cacapalavrasdidaticos.com.br\/site\/wp-json\/wp\/v2\/media\/25536"}],"wp:attachment":[{"href":"https:\/\/cacapalavrasdidaticos.com.br\/site\/wp-json\/wp\/v2\/media?parent=25534"}],"wp:term":[{"taxonomy":"product_brand","embeddable":true,"href":"https:\/\/cacapalavrasdidaticos.com.br\/site\/wp-json\/wp\/v2\/product_brand?post=25534"},{"taxonomy":"product_cat","embeddable":true,"href":"https:\/\/cacapalavrasdidaticos.com.br\/site\/wp-json\/wp\/v2\/product_cat?post=25534"},{"taxonomy":"product_tag","embeddable":true,"href":"https:\/\/cacapalavrasdidaticos.com.br\/site\/wp-json\/wp\/v2\/product_tag?post=25534"}],"curies":[{"name":"wp","href":"https:\/\/api.w.org\/{rel}","templated":true}]}}