{"id":25512,"date":"2026-02-23T16:07:21","date_gmt":"2026-02-23T19:07:21","guid":{"rendered":"https:\/\/cacapalavrasdidaticos.com.br\/site\/?post_type=product&#038;p=25512"},"modified":"2026-02-23T16:15:46","modified_gmt":"2026-02-23T19:15:46","slug":"combo-de-estudos-dirigidos-de-arte-6o-ao-9o-ano-1o-trimestre-ensino-fundamental-2-2","status":"publish","type":"product","link":"https:\/\/cacapalavrasdidaticos.com.br\/site\/produto\/combo-de-estudos-dirigidos-de-arte-6o-ao-9o-ano-1o-trimestre-ensino-fundamental-2-2\/","title":{"rendered":"COMBO DE ESTUDOS DIRIGIDOS DE ARTE &#8211; 6\u00ba AO 9\u00ba ANO (1\u00ba TRIMESTRE) &#8211; ENSINO FUNDAMENTAL 2"},"content":{"rendered":"","protected":false},"excerpt":{"rendered":"<p style=\"margin: 0cm;\">Esta apostila cont\u00e9m <strong>4 apostilas de <\/strong><strong>ESTUDOS DIRIGIDOS<\/strong> de <strong>ARTE (PLANO DE CURSO DE MINAS GERAIS &#8211; 2025)<\/strong>\u00a0para o<strong> 6\u00ba ao 9\u00ba ano do Ensino Fundamental, <\/strong>referente ao<strong> 1\u00baTrimestre.\u00a0<\/strong><\/p>\n<p data-start=\"0\" data-end=\"11\"><strong data-start=\"0\" data-end=\"11\">6\u00ba ANO:<\/strong><\/p>\n<ol data-start=\"13\" data-end=\"526\">\n<li data-start=\"13\" data-end=\"84\">\n<p data-start=\"16\" data-end=\"84\"><strong data-start=\"16\" data-end=\"82\">Hist\u00f3ria das Artes Visuais em Minas Gerais: Matrizes Culturais<\/strong><\/p>\n<\/li>\n<li data-start=\"85\" data-end=\"130\">\n<p data-start=\"88\" data-end=\"130\"><strong data-start=\"88\" data-end=\"128\">Estilos Visuais e Evolu\u00e7\u00e3o Hist\u00f3rica<\/strong><\/p>\n<\/li>\n<li data-start=\"131\" data-end=\"205\">\n<p data-start=\"134\" data-end=\"205\"><strong data-start=\"134\" data-end=\"203\">Produ\u00e7\u00e3o e Circula\u00e7\u00e3o Musical no Cotidiano das Sociedades Antigas<\/strong><\/p>\n<\/li>\n<li data-start=\"206\" data-end=\"268\">\n<p data-start=\"209\" data-end=\"268\"><strong data-start=\"209\" data-end=\"266\">Artes Visuais em Minas Gerais e Culturas Estrangeiras<\/strong><\/p>\n<\/li>\n<li data-start=\"269\" data-end=\"323\">\n<p data-start=\"272\" data-end=\"323\"><strong data-start=\"272\" data-end=\"321\">Dan\u00e7a Popular Brasileira e Aprecia\u00e7\u00e3o Cr\u00edtica<\/strong><\/p>\n<\/li>\n<li data-start=\"324\" data-end=\"386\">\n<p data-start=\"327\" data-end=\"386\"><strong data-start=\"327\" data-end=\"384\">Elementos do Movimento Dan\u00e7ado e a Express\u00e3o Corporal<\/strong><\/p>\n<\/li>\n<li data-start=\"387\" data-end=\"462\">\n<p data-start=\"390\" data-end=\"462\"><strong data-start=\"390\" data-end=\"460\">Reconhecimento de Artistas e Grupos de Teatro no Brasil e Exterior<\/strong><\/p>\n<\/li>\n<li data-start=\"463\" data-end=\"526\">\n<p data-start=\"466\" data-end=\"526\"><strong data-start=\"466\" data-end=\"524\">Pr\u00e1ticas Art\u00edsticas como Reflex\u00f5es Sociais e Culturais<\/strong><\/p>\n<\/li>\n<\/ol>\n<hr data-start=\"528\" data-end=\"531\" \/>\n<p data-start=\"533\" data-end=\"544\"><strong data-start=\"533\" data-end=\"544\">7\u00ba ANO:<\/strong><\/p>\n<ol data-start=\"546\" data-end=\"1102\">\n<li data-start=\"546\" data-end=\"617\">\n<p data-start=\"549\" data-end=\"617\"><strong data-start=\"549\" data-end=\"615\">Hist\u00f3ria das Artes Visuais em Minas Gerais: Matrizes Culturais<\/strong><\/p>\n<\/li>\n<li data-start=\"618\" data-end=\"702\">\n<p data-start=\"621\" data-end=\"702\"><strong data-start=\"621\" data-end=\"700\">Estilos Visuais e Fun\u00e7\u00f5es Art\u00edsticas (Neoclassicismo, Romantismo, Realismo)<\/strong><\/p>\n<\/li>\n<li data-start=\"703\" data-end=\"744\">\n<p data-start=\"706\" data-end=\"744\"><strong data-start=\"706\" data-end=\"742\">Usos e Fun\u00e7\u00f5es da M\u00fasica Moderna<\/strong><\/p>\n<\/li>\n<li data-start=\"745\" data-end=\"823\">\n<p data-start=\"748\" data-end=\"823\"><strong data-start=\"748\" data-end=\"821\">Hist\u00f3ria da Circula\u00e7\u00e3o da M\u00fasica (da Era Pr\u00e9-Industrial ao Streaming)<\/strong><\/p>\n<\/li>\n<li data-start=\"824\" data-end=\"893\">\n<p data-start=\"827\" data-end=\"893\"><strong data-start=\"827\" data-end=\"891\">Dan\u00e7a Moderna e Sua Integra\u00e7\u00e3o com Manifesta\u00e7\u00f5es Brasileiras<\/strong><\/p>\n<\/li>\n<li data-start=\"894\" data-end=\"964\">\n<p data-start=\"897\" data-end=\"964\"><strong data-start=\"897\" data-end=\"962\">Fatores do Movimento na Dan\u00e7a (Tempo, Peso, Flu\u00eancia, Espa\u00e7o)<\/strong><\/p>\n<\/li>\n<li data-start=\"965\" data-end=\"1042\">\n<p data-start=\"968\" data-end=\"1042\"><strong data-start=\"968\" data-end=\"1040\">Diversidade Hist\u00f3rica no Teatro (Antiguidade, Renascimento, Barroco)<\/strong><\/p>\n<\/li>\n<li data-start=\"1043\" data-end=\"1102\">\n<p data-start=\"1046\" data-end=\"1102\"><strong data-start=\"1046\" data-end=\"1100\">Arte Contempor\u00e2nea como Registro Social e Pol\u00edtico<\/strong><\/p>\n<\/li>\n<\/ol>\n<hr data-start=\"1104\" data-end=\"1107\" \/>\n<p data-start=\"1109\" data-end=\"1120\"><strong data-start=\"1109\" data-end=\"1120\">8\u00ba ANO:<\/strong><\/p>\n<ol data-start=\"1122\" data-end=\"1608\">\n<li data-start=\"1122\" data-end=\"1167\">\n<p data-start=\"1125\" data-end=\"1167\"><strong data-start=\"1125\" data-end=\"1165\">Hist\u00f3ria das Artes Visuais no Brasil<\/strong><\/p>\n<\/li>\n<li data-start=\"1168\" data-end=\"1224\">\n<p data-start=\"1171\" data-end=\"1224\"><strong data-start=\"1171\" data-end=\"1222\">Movimentos Art\u00edsticos Modernos e Contempor\u00e2neos<\/strong><\/p>\n<\/li>\n<li data-start=\"1225\" data-end=\"1289\">\n<p data-start=\"1228\" data-end=\"1289\"><strong data-start=\"1228\" data-end=\"1287\">Circula\u00e7\u00e3o da M\u00fasica na Modernidade e Contemporaneidade<\/strong><\/p>\n<\/li>\n<li data-start=\"1290\" data-end=\"1338\">\n<p data-start=\"1293\" data-end=\"1338\"><strong data-start=\"1293\" data-end=\"1336\">Dan\u00e7a Contempor\u00e2nea e Reflex\u00f5es Sociais<\/strong><\/p>\n<\/li>\n<li data-start=\"1339\" data-end=\"1399\">\n<p data-start=\"1342\" data-end=\"1399\"><strong data-start=\"1342\" data-end=\"1397\">Fatores do Movimento Dan\u00e7ado na Teoria do Movimento<\/strong><\/p>\n<\/li>\n<li data-start=\"1400\" data-end=\"1469\">\n<p data-start=\"1403\" data-end=\"1469\"><strong data-start=\"1403\" data-end=\"1467\">Grupos de Teatro Estrangeiros e Sua Organiza\u00e7\u00e3o Profissional<\/strong><\/p>\n<\/li>\n<li data-start=\"1470\" data-end=\"1540\">\n<p data-start=\"1473\" data-end=\"1540\"><strong data-start=\"1473\" data-end=\"1538\">Rela\u00e7\u00e3o entre Arte e Quest\u00f5es Sociais (Renascimento, Pop Art)<\/strong><\/p>\n<\/li>\n<li data-start=\"1541\" data-end=\"1608\">\n<p data-start=\"1544\" data-end=\"1608\"><strong data-start=\"1544\" data-end=\"1606\">Influ\u00eancia da M\u00fasica na Moda e Estilo em Diferentes \u00c9pocas<\/strong><\/p>\n<\/li>\n<\/ol>\n<hr data-start=\"1610\" data-end=\"1613\" \/>\n<p data-start=\"1615\" data-end=\"1626\"><strong data-start=\"1615\" data-end=\"1626\">9\u00ba ANO:<\/strong><\/p>\n<ol data-start=\"1628\" data-end=\"2257\" data-is-last-node=\"\" data-is-only-node=\"\">\n<li data-start=\"1628\" data-end=\"1676\">\n<p data-start=\"1631\" data-end=\"1676\"><strong data-start=\"1631\" data-end=\"1674\">Hist\u00f3ria das Artes Visuais Estrangeiras<\/strong><\/p>\n<\/li>\n<li data-start=\"1677\" data-end=\"1733\">\n<p data-start=\"1680\" data-end=\"1733\"><strong data-start=\"1680\" data-end=\"1731\">Movimentos Art\u00edsticos Modernos e Contempor\u00e2neos<\/strong><\/p>\n<\/li>\n<li data-start=\"1734\" data-end=\"1798\">\n<p data-start=\"1737\" data-end=\"1798\"><strong data-start=\"1737\" data-end=\"1796\">Circula\u00e7\u00e3o da M\u00fasica na Modernidade e Contemporaneidade<\/strong><\/p>\n<\/li>\n<li data-start=\"1799\" data-end=\"1847\">\n<p data-start=\"1802\" data-end=\"1847\"><strong data-start=\"1802\" data-end=\"1845\">Dan\u00e7a Contempor\u00e2nea e Reflex\u00f5es Sociais<\/strong><\/p>\n<\/li>\n<li data-start=\"1848\" data-end=\"1908\">\n<p data-start=\"1851\" data-end=\"1908\"><strong data-start=\"1851\" data-end=\"1906\">Fatores do Movimento Dan\u00e7ado na Teoria do Movimento<\/strong><\/p>\n<\/li>\n<li data-start=\"1909\" data-end=\"1978\">\n<p data-start=\"1912\" data-end=\"1978\"><strong data-start=\"1912\" data-end=\"1976\">Grupos de Teatro Estrangeiros e Sua Organiza\u00e7\u00e3o Profissional<\/strong><\/p>\n<\/li>\n<li data-start=\"1979\" data-end=\"2049\">\n<p data-start=\"1982\" data-end=\"2049\"><strong data-start=\"1982\" data-end=\"2047\">Rela\u00e7\u00e3o entre Arte e Quest\u00f5es Sociais (Renascimento, Pop Art)<\/strong><\/p>\n<\/li>\n<li data-start=\"2050\" data-end=\"2117\">\n<p data-start=\"2053\" data-end=\"2117\"><strong data-start=\"2053\" data-end=\"2115\">Influ\u00eancia da M\u00fasica na Moda e Estilo em Diferentes \u00c9pocas<\/strong><\/p>\n<\/li>\n<li data-start=\"2118\" data-end=\"2176\">\n<p data-start=\"2121\" data-end=\"2176\"><strong data-start=\"2121\" data-end=\"2174\">Videoinstala\u00e7\u00f5es e Proje\u00e7\u00f5es no Espa\u00e7o Expositivo<\/strong><\/p>\n<\/li>\n<li data-start=\"2177\" data-end=\"2223\">\n<p data-start=\"2181\" data-end=\"2223\"><strong data-start=\"2181\" data-end=\"2221\">Processo de Cria\u00e7\u00e3o em Artes Visuais<\/strong><\/p>\n<\/li>\n<li data-start=\"2224\" data-end=\"2257\" data-is-last-node=\"\">\n<p data-start=\"2228\" data-end=\"2257\" data-is-last-node=\"\"><strong data-start=\"2228\" data-end=\"2255\">Moda e Estilo na M\u00fasica<\/strong><\/p>\n<\/li>\n<\/ol>\n<p data-start=\"0\" data-end=\"11\"><strong>P\u00e1ginas por apostila: 6\u00ba ANO (54), 7\u00ba ANO (76), 8\u00ba ANO (61), 9\u00ba ANO (71).<\/strong><\/p>\n<p><strong>\u00a0Cada apostila <\/strong><strong>cont\u00e9m:<\/strong><\/p>\n<ul>\n<li><strong>Planejamento Trimestral e habilidades BNCC com descri\u00e7\u00e3o;<\/strong><\/li>\n<li><strong>Estudos dirigidos e atividades relacionadas na sequ\u00eancia;<\/strong><\/li>\n<li><strong>Ca\u00e7a-palavras;<\/strong><\/li>\n<li><strong>Cruzadinhas;<\/strong><\/li>\n<li><strong>Atividades orientadas para colorir;<\/strong><\/li>\n<li><strong>Gabaritos de todas as atividades.<\/strong><\/li>\n<\/ul>\n<p>&nbsp;<\/p>\n<p style=\"text-align: center;\"><strong>AVISO IMPORTANTE:<\/strong><\/p>\n<p style=\"text-align: center;\"><strong>MAIS INFORMA\u00c7\u00d5ES E COMPRA PELO PIX, ENTRE EM CONTATO CONOSCO: 31-994716920. PIX: 31-994716920 (Eduardo de Sousa)<\/strong><\/p>\n<p style=\"text-align: center;\"><strong>ENVIO DO MATERIAL: EM AT\u00c9 1 (UM) DIA \u00daTIL, AP\u00d3S A CONFIRMA\u00c7\u00c3O DO PAGAMENTO<\/strong>\u00a0<strong>(SER\u00c1 ENVIADO UM LINK DO GOOGLE DRIVE NO E-MAIL INFORMADO NO ATO DA COMPRA PARA O DOWNLOAD DA APOSTILA).<\/strong><\/p>\n","protected":false},"featured_media":25391,"comment_status":"open","ping_status":"closed","template":"","meta":[],"product_brand":[],"product_cat":[50],"product_tag":[128,31,35,172,132,179],"class_list":{"0":"post-25512","1":"product","2":"type-product","3":"status-publish","4":"has-post-thumbnail","6":"product_cat-arte","7":"product_tag-atividades-adaptadas","8":"product_tag-atividades-ludicas","9":"product_tag-ensino-medio","10":"product_tag-estudos-dirigidos","11":"product_tag-questoes-abertas","12":"product_tag-tecnologia-e-inovacao","14":"first","15":"instock","16":"virtual","17":"taxable","18":"purchasable","19":"product-type-simple"},"_links":{"self":[{"href":"https:\/\/cacapalavrasdidaticos.com.br\/site\/wp-json\/wp\/v2\/product\/25512","targetHints":{"allow":["GET"]}}],"collection":[{"href":"https:\/\/cacapalavrasdidaticos.com.br\/site\/wp-json\/wp\/v2\/product"}],"about":[{"href":"https:\/\/cacapalavrasdidaticos.com.br\/site\/wp-json\/wp\/v2\/types\/product"}],"replies":[{"embeddable":true,"href":"https:\/\/cacapalavrasdidaticos.com.br\/site\/wp-json\/wp\/v2\/comments?post=25512"}],"wp:featuredmedia":[{"embeddable":true,"href":"https:\/\/cacapalavrasdidaticos.com.br\/site\/wp-json\/wp\/v2\/media\/25391"}],"wp:attachment":[{"href":"https:\/\/cacapalavrasdidaticos.com.br\/site\/wp-json\/wp\/v2\/media?parent=25512"}],"wp:term":[{"taxonomy":"product_brand","embeddable":true,"href":"https:\/\/cacapalavrasdidaticos.com.br\/site\/wp-json\/wp\/v2\/product_brand?post=25512"},{"taxonomy":"product_cat","embeddable":true,"href":"https:\/\/cacapalavrasdidaticos.com.br\/site\/wp-json\/wp\/v2\/product_cat?post=25512"},{"taxonomy":"product_tag","embeddable":true,"href":"https:\/\/cacapalavrasdidaticos.com.br\/site\/wp-json\/wp\/v2\/product_tag?post=25512"}],"curies":[{"name":"wp","href":"https:\/\/api.w.org\/{rel}","templated":true}]}}