{"id":25372,"date":"2026-02-21T15:03:10","date_gmt":"2026-02-21T18:03:10","guid":{"rendered":"https:\/\/cacapalavrasdidaticos.com.br\/site\/?post_type=product&#038;p=25372"},"modified":"2026-02-23T11:45:06","modified_gmt":"2026-02-23T14:45:06","slug":"estudos-dirigidos-de-arte-8o-ano-1o-trimestre-ensino-fundamental-2","status":"publish","type":"product","link":"https:\/\/cacapalavrasdidaticos.com.br\/site\/produto\/estudos-dirigidos-de-arte-8o-ano-1o-trimestre-ensino-fundamental-2\/","title":{"rendered":"ESTUDOS DIRIGIDOS DE ARTE &#8211; 8\u00ba ANO (1\u00ba TRIMESTRE) &#8211; ENSINO FUNDAMENTAL 2"},"content":{"rendered":"","protected":false},"excerpt":{"rendered":"<p style=\"margin: 0cm;\">Esta apostila cont\u00e9m <strong>9<\/strong>\u00a0<strong>ESTUDOS DIRIGIDOS<\/strong> de <strong>ARTE (PLANO DE CURSO DE MINAS GERAIS &#8211; 2025)<\/strong>\u00a0para o<strong> 8\u00ba ano do Ensino Fundamental, <\/strong>referente ao<strong> 1\u00ba Trimestre.\u00a0<\/strong><\/p>\n<p>Temas deste volume:<\/p>\n<ul>\n<li data-start=\"3\" data-end=\"45\"><strong data-start=\"3\" data-end=\"43\" data-is-only-node=\"\">Hist\u00f3ria das Artes Visuais no Brasil<\/strong><\/li>\n<li data-start=\"3\" data-end=\"45\"><strong data-start=\"49\" data-end=\"128\" data-is-only-node=\"\">Estilos Visuais e Fun\u00e7\u00f5es Art\u00edsticas (Neoclassicismo, Romantismo, Realismo)<\/strong><\/li>\n<li data-start=\"3\" data-end=\"45\"><strong data-start=\"134\" data-end=\"170\" data-is-only-node=\"\">Usos e Fun\u00e7\u00f5es da M\u00fasica Moderna<\/strong><\/li>\n<li data-start=\"3\" data-end=\"45\"><strong data-start=\"176\" data-end=\"249\" data-is-only-node=\"\">Hist\u00f3ria da Circula\u00e7\u00e3o da M\u00fasica (da Era Pr\u00e9-Industrial ao Streaming)<\/strong><\/li>\n<li data-start=\"3\" data-end=\"45\"><strong data-start=\"255\" data-end=\"319\" data-is-only-node=\"\">Dan\u00e7a Moderna e Sua Integra\u00e7\u00e3o com Manifesta\u00e7\u00f5es Brasileiras<\/strong><\/li>\n<li data-start=\"3\" data-end=\"45\"><strong data-start=\"325\" data-end=\"390\" data-is-only-node=\"\">Fatores do Movimento na Dan\u00e7a (Tempo, Peso, Flu\u00eancia, Espa\u00e7o)<\/strong><\/li>\n<li data-start=\"3\" data-end=\"45\"><strong data-start=\"396\" data-end=\"468\" data-is-only-node=\"\">Diversidade Hist\u00f3rica no Teatro (Antiguidade, Renascimento, Barroco)<\/strong><\/li>\n<li data-start=\"3\" data-end=\"45\"><strong data-start=\"474\" data-end=\"528\" data-is-only-node=\"\">Arte Contempor\u00e2nea como Registro Social e Pol\u00edtico<\/strong><\/li>\n<li data-start=\"3\" data-end=\"45\"><strong data-start=\"534\" data-end=\"614\" data-is-only-node=\"\">Experimenta\u00e7\u00e3o de T\u00e9cnicas Art\u00edsticas Variadas (Desenho, Pintura, Modelagem)<\/strong><\/li>\n<li style=\"list-style-type: none;\"><\/li>\n<\/ul>\n<p>&nbsp;<\/p>\n<p><strong>61 P\u00c1GINAS<\/strong><\/p>\n<p><strong>\u00a0<\/strong><strong>O material cont\u00e9m:<\/strong><\/p>\n<ul>\n<li><strong>Planejamento Trimestral e habilidades BNCC com descri\u00e7\u00e3o;<\/strong><\/li>\n<li><strong>12 Estudos dirigidos e atividades relacionadas na sequ\u00eancia;<\/strong><\/li>\n<li><strong>Ca\u00e7a-palavras;<\/strong><\/li>\n<li><strong>Cruzadinhas;<\/strong><\/li>\n<li><strong>Atividades orientadas para colorir;<\/strong><\/li>\n<li><strong>Gabaritos de todas as atividades.<\/strong><\/li>\n<\/ul>\n<p>&nbsp;<\/p>\n<p style=\"text-align: center;\"><strong>AVISO IMPORTANTE:<\/strong><\/p>\n<p style=\"text-align: center;\"><strong>AS APOSTILAS S\u00c3O ENVIADAS EM FORMATO PDF NO EMAIL CADASTRADO NO ATO DA COMPRA. CASO QUEIRA O MATERIAL EM FORMATO IMAGEM JPEG, ENTRE EM CONTATO CONOSCO PELO WHATSAPP: 31-994716920<\/strong><\/p>\n<p style=\"text-align: center;\"><strong>MAIS INFORMA\u00c7\u00d5ES E COMPRA PELO PIX, ENTRE EM CONTATO CONOSCO: 31-994716920. PIX: 31-994716920 (Eduardo de Sousa)<\/strong><\/p>\n<p style=\"text-align: center;\"><strong>ENVIO DO MATERIAL: EM AT\u00c9 1 (UM) DIA \u00daTIL, AP\u00d3S A CONFIRMA\u00c7\u00c3O DO PAGAMENTO<\/strong>\u00a0<strong>(SER\u00c1 ENVIADO UM LINK DO GOOGLE DRIVE NO E-MAIL INFORMADO NO ATO DA COMPRA PARA O DOWNLOAD DA APOSTILA).<\/strong><\/p>\n","protected":false},"featured_media":25352,"comment_status":"open","ping_status":"closed","template":"","meta":[],"product_brand":[],"product_cat":[50],"product_tag":[128,31,172,132,189],"class_list":{"0":"post-25372","1":"product","2":"type-product","3":"status-publish","4":"has-post-thumbnail","6":"product_cat-arte","7":"product_tag-atividades-adaptadas","8":"product_tag-atividades-ludicas","9":"product_tag-estudos-dirigidos","10":"product_tag-questoes-abertas","11":"product_tag-trimestrais","13":"first","14":"instock","15":"virtual","16":"taxable","17":"purchasable","18":"product-type-simple"},"_links":{"self":[{"href":"https:\/\/cacapalavrasdidaticos.com.br\/site\/wp-json\/wp\/v2\/product\/25372","targetHints":{"allow":["GET"]}}],"collection":[{"href":"https:\/\/cacapalavrasdidaticos.com.br\/site\/wp-json\/wp\/v2\/product"}],"about":[{"href":"https:\/\/cacapalavrasdidaticos.com.br\/site\/wp-json\/wp\/v2\/types\/product"}],"replies":[{"embeddable":true,"href":"https:\/\/cacapalavrasdidaticos.com.br\/site\/wp-json\/wp\/v2\/comments?post=25372"}],"wp:featuredmedia":[{"embeddable":true,"href":"https:\/\/cacapalavrasdidaticos.com.br\/site\/wp-json\/wp\/v2\/media\/25352"}],"wp:attachment":[{"href":"https:\/\/cacapalavrasdidaticos.com.br\/site\/wp-json\/wp\/v2\/media?parent=25372"}],"wp:term":[{"taxonomy":"product_brand","embeddable":true,"href":"https:\/\/cacapalavrasdidaticos.com.br\/site\/wp-json\/wp\/v2\/product_brand?post=25372"},{"taxonomy":"product_cat","embeddable":true,"href":"https:\/\/cacapalavrasdidaticos.com.br\/site\/wp-json\/wp\/v2\/product_cat?post=25372"},{"taxonomy":"product_tag","embeddable":true,"href":"https:\/\/cacapalavrasdidaticos.com.br\/site\/wp-json\/wp\/v2\/product_tag?post=25372"}],"curies":[{"name":"wp","href":"https:\/\/api.w.org\/{rel}","templated":true}]}}