{"id":25349,"date":"2026-02-21T14:47:48","date_gmt":"2026-02-21T17:47:48","guid":{"rendered":"https:\/\/cacapalavrasdidaticos.com.br\/site\/?post_type=product&#038;p=25349"},"modified":"2026-02-23T16:09:13","modified_gmt":"2026-02-23T19:09:13","slug":"combo-de-estudos-dirigidos-de-arte-6o-ao-9o-ano-1o-trimestre-ensino-fundamental-2","status":"publish","type":"product","link":"https:\/\/cacapalavrasdidaticos.com.br\/site\/produto\/combo-de-estudos-dirigidos-de-arte-6o-ao-9o-ano-1o-trimestre-ensino-fundamental-2\/","title":{"rendered":"COMBO DE ESTUDOS DIRIGIDOS DE ARTE &#8211; 1\u00ba AO 3\u00ba ANO (1\u00ba TRIMESTRE) &#8211; ENSINO M\u00c9DIO"},"content":{"rendered":"","protected":false},"excerpt":{"rendered":"<p style=\"margin: 0cm;\">Esta apostila cont\u00e9m <strong>3 apostilas de <\/strong><strong>ESTUDOS DIRIGIDOS<\/strong> de <strong>ARTE (PLANO DE CURSO DE MINAS GERAIS &#8211; 2025)<\/strong>\u00a0para o<strong> 1\u00ba ao 3\u00ba ano do Ensino M\u00e9dio, <\/strong>referente ao<strong> 1\u00baTrimestre.\u00a0<\/strong><\/p>\n<h3 data-start=\"42\" data-end=\"53\">1\u00ba Ano:<\/h3>\n<ul data-start=\"54\" data-end=\"635\">\n<li data-start=\"54\" data-end=\"84\">\n<p data-start=\"56\" data-end=\"84\">Identidade e Poder nas Artes<\/p>\n<\/li>\n<li data-start=\"85\" data-end=\"129\">\n<p data-start=\"87\" data-end=\"129\">Aprecia\u00e7\u00e3o Cr\u00edtica de Produ\u00e7\u00f5es Art\u00edsticas<\/p>\n<\/li>\n<li data-start=\"130\" data-end=\"164\">\n<p data-start=\"132\" data-end=\"164\">Patrim\u00f4nio Cultural e Identidade<\/p>\n<\/li>\n<li data-start=\"165\" data-end=\"206\">\n<p data-start=\"167\" data-end=\"206\">Experimenta\u00e7\u00e3o de Linguagens Art\u00edsticas<\/p>\n<\/li>\n<li data-start=\"207\" data-end=\"256\">\n<p data-start=\"209\" data-end=\"256\">Arte e Tecnologia: Impactos das M\u00eddias Digitais<\/p>\n<\/li>\n<li data-start=\"257\" data-end=\"294\">\n<p data-start=\"259\" data-end=\"294\">Express\u00e3o e Representa\u00e7\u00e3o Art\u00edstica<\/p>\n<\/li>\n<li data-start=\"295\" data-end=\"326\">\n<p data-start=\"297\" data-end=\"326\">Cria\u00e7\u00e3o Art\u00edstica e Sociedade<\/p>\n<\/li>\n<li data-start=\"327\" data-end=\"354\">\n<p data-start=\"329\" data-end=\"354\">Produ\u00e7\u00e3o Coletiva em Arte<\/p>\n<\/li>\n<li data-start=\"355\" data-end=\"420\">\n<p data-start=\"357\" data-end=\"420\">Frui\u00e7\u00e3o e An\u00e1lise de Produ\u00e7\u00f5es Art\u00edsticas de Grupos Minorizados<\/p>\n<\/li>\n<li data-start=\"421\" data-end=\"504\">\n<p data-start=\"423\" data-end=\"504\">Conhecimento de Contextos Hist\u00f3ricos, Sociais e Culturais de Produ\u00e7\u00f5es Art\u00edsticas<\/p>\n<\/li>\n<li data-start=\"505\" data-end=\"577\">\n<p data-start=\"507\" data-end=\"577\">Problematiza\u00e7\u00e3o de Estere\u00f3tipos e Preconceitos em Produ\u00e7\u00f5es Art\u00edsticas<\/p>\n<\/li>\n<li data-start=\"578\" data-end=\"635\">\n<p data-start=\"580\" data-end=\"635\">A Arte como Forma de Resist\u00eancia e Transforma\u00e7\u00e3o Social<\/p>\n<\/li>\n<\/ul>\n<h3 data-start=\"637\" data-end=\"648\">2\u00ba Ano:<\/h3>\n<ul data-start=\"649\" data-end=\"2242\">\n<li data-start=\"649\" data-end=\"710\">\n<p data-start=\"651\" data-end=\"710\">Aprecia\u00e7\u00e3o de Produ\u00e7\u00f5es Art\u00edsticas e Posicionamento Cr\u00edtico<\/p>\n<\/li>\n<li data-start=\"711\" data-end=\"783\">\n<p data-start=\"713\" data-end=\"783\">Problematiza\u00e7\u00e3o de Estere\u00f3tipos e Preconceitos em Produ\u00e7\u00f5es Art\u00edsticas<\/p>\n<\/li>\n<li data-start=\"784\" data-end=\"859\">\n<p data-start=\"786\" data-end=\"859\">Experimenta\u00e7\u00e3o e Pr\u00e1ticas de Cria\u00e7\u00e3o nas Diferentes Linguagens Art\u00edsticas<\/p>\n<\/li>\n<li data-start=\"860\" data-end=\"922\">\n<p data-start=\"862\" data-end=\"922\">Valoriza\u00e7\u00e3o de Identidades, Tradi\u00e7\u00f5es e Patrim\u00f4nio Culturais<\/p>\n<\/li>\n<li data-start=\"923\" data-end=\"1016\">\n<p data-start=\"925\" data-end=\"1016\">Mobiliza\u00e7\u00e3o de Repert\u00f3rio Art\u00edstico-Cultural e Valoriza\u00e7\u00e3o de Diferentes Matrizes Est\u00e9ticas<\/p>\n<\/li>\n<li data-start=\"1017\" data-end=\"1099\">\n<p data-start=\"1019\" data-end=\"1099\">Frui\u00e7\u00e3o de Produ\u00e7\u00f5es Art\u00edsticas e Posicionamento Cr\u00edtico em Rela\u00e7\u00e3o a Ideologias<\/p>\n<\/li>\n<li data-start=\"1100\" data-end=\"1170\">\n<p data-start=\"1102\" data-end=\"1170\">Reconhecimento de Profissionais das Artes e Seus Modos de Composi\u00e7\u00e3o<\/p>\n<\/li>\n<li data-start=\"1171\" data-end=\"1251\">\n<p data-start=\"1173\" data-end=\"1251\">Discuss\u00e3o e Reflex\u00e3o sobre Rotinas de Trabalho em Espa\u00e7os de Cria\u00e7\u00e3o Art\u00edstica<\/p>\n<\/li>\n<li data-start=\"1252\" data-end=\"1339\">\n<p data-start=\"1254\" data-end=\"1339\">An\u00e1lise das Caracter\u00edsticas e Finalidades de Diferentes Espa\u00e7os de Circula\u00e7\u00e3o de Arte<\/p>\n<\/li>\n<li data-start=\"1340\" data-end=\"1402\">\n<p data-start=\"1342\" data-end=\"1402\">Compreens\u00e3o dos Modos de Organiza\u00e7\u00e3o Civil em Arte e Cultura<\/p>\n<\/li>\n<li data-start=\"1403\" data-end=\"1476\">\n<p data-start=\"1405\" data-end=\"1476\">Experimenta\u00e7\u00e3o e Pr\u00e1ticas de Cria\u00e7\u00e3o nas Diversas Linguagens Art\u00edsticas<\/p>\n<\/li>\n<li data-start=\"1477\" data-end=\"1551\">\n<p data-start=\"1479\" data-end=\"1551\">Frui\u00e7\u00e3o e An\u00e1lise de Processos Art\u00edsticos Criados por Grupos Minorizados<\/p>\n<\/li>\n<li data-start=\"1552\" data-end=\"1606\">\n<p data-start=\"1554\" data-end=\"1606\">Viv\u00eancias e Experimenta\u00e7\u00f5es em Movimentos Art\u00edsticos<\/p>\n<\/li>\n<li data-start=\"1607\" data-end=\"1697\">\n<p data-start=\"1609\" data-end=\"1697\">Investiga\u00e7\u00e3o e Frui\u00e7\u00e3o de Obras Art\u00edsticas de Diferentes Linguagens e Matrizes Culturais<\/p>\n<\/li>\n<li data-start=\"1698\" data-end=\"1776\">\n<p data-start=\"1700\" data-end=\"1776\">Mapeamento e Debate sobre Projetos de Educa\u00e7\u00e3o N\u00e3o-Formal no Campo Art\u00edstico<\/p>\n<\/li>\n<li data-start=\"1777\" data-end=\"1871\">\n<p data-start=\"1779\" data-end=\"1871\">Conhecimento e An\u00e1lise de Contextos Hist\u00f3ricos, Sociais e Culturais nas Produ\u00e7\u00f5es Art\u00edsticas<\/p>\n<\/li>\n<li data-start=\"1872\" data-end=\"1944\">\n<p data-start=\"1874\" data-end=\"1944\">Conhecimento de Atua\u00e7\u00f5es Art\u00edsticas Relacionadas \u00e0 Educa\u00e7\u00e3o N\u00e3o-Formal<\/p>\n<\/li>\n<li data-start=\"1945\" data-end=\"2055\">\n<p data-start=\"1947\" data-end=\"2055\">Aprecia\u00e7\u00e3o de Produ\u00e7\u00f5es Art\u00edsticas e Posicionamento Cr\u00edtico em Rela\u00e7\u00e3o a Temas, Vis\u00f5es de Mundo e Ideologias<\/p>\n<\/li>\n<li data-start=\"2056\" data-end=\"2147\">\n<p data-start=\"2058\" data-end=\"2147\">Participa\u00e7\u00e3o, Observa\u00e7\u00e3o e Posicionamento Cr\u00edtico em Manifesta\u00e7\u00f5es Art\u00edsticas e Culturais<\/p>\n<\/li>\n<li data-start=\"2148\" data-end=\"2242\">\n<p data-start=\"2150\" data-end=\"2242\">Problematiza\u00e7\u00e3o de Estere\u00f3tipos e Preconceitos em Produ\u00e7\u00f5es Art\u00edsticas de Grupos Minorizados<\/p>\n<\/li>\n<\/ul>\n<h3 data-start=\"2244\" data-end=\"2255\">3\u00ba Ano:<\/h3>\n<ul data-start=\"2256\" data-end=\"2888\">\n<li data-start=\"2256\" data-end=\"2283\">\n<p data-start=\"2258\" data-end=\"2283\">Diversidade e Pluralidade<\/p>\n<\/li>\n<li data-start=\"2284\" data-end=\"2339\">\n<p data-start=\"2286\" data-end=\"2339\">Frui\u00e7\u00e3o, Aprecia\u00e7\u00e3o e An\u00e1lise de Produ\u00e7\u00f5es Art\u00edsticas<\/p>\n<\/li>\n<li data-start=\"2340\" data-end=\"2395\">\n<p data-start=\"2342\" data-end=\"2395\">Aprecia\u00e7\u00e3o de Produ\u00e7\u00f5es Art\u00edsticas no Contexto Social<\/p>\n<\/li>\n<li data-start=\"2396\" data-end=\"2456\">\n<p data-start=\"2398\" data-end=\"2456\">Uso de Materiais Textuais e Digitais na Produ\u00e7\u00e3o Art\u00edstica<\/p>\n<\/li>\n<li data-start=\"2457\" data-end=\"2507\">\n<p data-start=\"2459\" data-end=\"2507\">Coes\u00e3o e Coer\u00eancia Textual em Diferentes G\u00eaneros<\/p>\n<\/li>\n<li data-start=\"2508\" data-end=\"2561\">\n<p data-start=\"2510\" data-end=\"2561\">Experimenta\u00e7\u00e3o nas Diferentes Linguagens Art\u00edsticas<\/p>\n<\/li>\n<li data-start=\"2562\" data-end=\"2611\">\n<p data-start=\"2564\" data-end=\"2611\">Produ\u00e7\u00e3o de Arte Contempor\u00e2nea e Seus Discursos<\/p>\n<\/li>\n<li data-start=\"2612\" data-end=\"2654\">\n<p data-start=\"2614\" data-end=\"2654\">Processos de Pesquisa e Doc\u00eancia em Arte<\/p>\n<\/li>\n<li data-start=\"2655\" data-end=\"2715\">\n<p data-start=\"2657\" data-end=\"2715\">Conhecimento sobre as Pol\u00edticas P\u00fablicas de Fomento \u00e0 Arte<\/p>\n<\/li>\n<li data-start=\"2716\" data-end=\"2766\">\n<p data-start=\"2718\" data-end=\"2766\">Arte como Canal de Den\u00fancia e Interven\u00e7\u00e3o Social<\/p>\n<\/li>\n<li data-start=\"2767\" data-end=\"2841\">\n<p data-start=\"2769\" data-end=\"2841\">An\u00e1lise das Circunst\u00e2ncias Sociais e Ideol\u00f3gicas nas Pr\u00e1ticas Art\u00edsticas<\/p>\n<\/li>\n<li data-start=\"2842\" data-end=\"2888\">\n<p data-start=\"2844\" data-end=\"2888\">Pluralidade dos Discursos e Produ\u00e7\u00e3o de Arte<\/p>\n<\/li>\n<\/ul>\n<p data-start=\"0\" data-end=\"11\"><strong>P\u00e1ginas por apostila: 1\u00ba ANO (73), 2\u00ba ANO (108), 3\u00ba ANO (73)<\/strong><\/p>\n<p><strong>\u00a0Cada apostila <\/strong><strong>cont\u00e9m:<\/strong><\/p>\n<ul>\n<li><strong>Planejamento Trimestral e habilidades BNCC com descri\u00e7\u00e3o;<\/strong><\/li>\n<li><strong>Estudos dirigidos e atividades relacionadas na sequ\u00eancia;<\/strong><\/li>\n<li><strong>Ca\u00e7a-palavras;<\/strong><\/li>\n<li><strong>Cruzadinhas;<\/strong><\/li>\n<li><strong>Atividades orientadas para colorir;<\/strong><\/li>\n<li><strong>Gabaritos de todas as atividades.<\/strong><\/li>\n<\/ul>\n<p>&nbsp;<\/p>\n<p style=\"text-align: center;\"><strong>AVISO IMPORTANTE:<\/strong><\/p>\n<p style=\"text-align: center;\"><strong>MAIS INFORMA\u00c7\u00d5ES E COMPRA PELO PIX, ENTRE EM CONTATO CONOSCO: 31-994716920. PIX: 31-994716920 (Eduardo de Sousa)<\/strong><\/p>\n<p style=\"text-align: center;\"><strong>ENVIO DO MATERIAL: EM AT\u00c9 1 (UM) DIA \u00daTIL, AP\u00d3S A CONFIRMA\u00c7\u00c3O DO PAGAMENTO<\/strong>\u00a0<strong>(SER\u00c1 ENVIADO UM LINK DO GOOGLE DRIVE NO E-MAIL INFORMADO NO ATO DA COMPRA PARA O DOWNLOAD DA APOSTILA).<\/strong><\/p>\n","protected":false},"featured_media":25511,"comment_status":"open","ping_status":"closed","template":"","meta":[],"product_brand":[],"product_cat":[50],"product_tag":[128,31,35,172,132,179],"class_list":{"0":"post-25349","1":"product","2":"type-product","3":"status-publish","4":"has-post-thumbnail","6":"product_cat-arte","7":"product_tag-atividades-adaptadas","8":"product_tag-atividades-ludicas","9":"product_tag-ensino-medio","10":"product_tag-estudos-dirigidos","11":"product_tag-questoes-abertas","12":"product_tag-tecnologia-e-inovacao","14":"first","15":"instock","16":"virtual","17":"taxable","18":"purchasable","19":"product-type-simple"},"_links":{"self":[{"href":"https:\/\/cacapalavrasdidaticos.com.br\/site\/wp-json\/wp\/v2\/product\/25349","targetHints":{"allow":["GET"]}}],"collection":[{"href":"https:\/\/cacapalavrasdidaticos.com.br\/site\/wp-json\/wp\/v2\/product"}],"about":[{"href":"https:\/\/cacapalavrasdidaticos.com.br\/site\/wp-json\/wp\/v2\/types\/product"}],"replies":[{"embeddable":true,"href":"https:\/\/cacapalavrasdidaticos.com.br\/site\/wp-json\/wp\/v2\/comments?post=25349"}],"wp:featuredmedia":[{"embeddable":true,"href":"https:\/\/cacapalavrasdidaticos.com.br\/site\/wp-json\/wp\/v2\/media\/25511"}],"wp:attachment":[{"href":"https:\/\/cacapalavrasdidaticos.com.br\/site\/wp-json\/wp\/v2\/media?parent=25349"}],"wp:term":[{"taxonomy":"product_brand","embeddable":true,"href":"https:\/\/cacapalavrasdidaticos.com.br\/site\/wp-json\/wp\/v2\/product_brand?post=25349"},{"taxonomy":"product_cat","embeddable":true,"href":"https:\/\/cacapalavrasdidaticos.com.br\/site\/wp-json\/wp\/v2\/product_cat?post=25349"},{"taxonomy":"product_tag","embeddable":true,"href":"https:\/\/cacapalavrasdidaticos.com.br\/site\/wp-json\/wp\/v2\/product_tag?post=25349"}],"curies":[{"name":"wp","href":"https:\/\/api.w.org\/{rel}","templated":true}]}}