{"id":25348,"date":"2026-02-21T14:47:31","date_gmt":"2026-02-21T17:47:31","guid":{"rendered":"https:\/\/cacapalavrasdidaticos.com.br\/site\/?post_type=product&#038;p=25348"},"modified":"2026-02-23T11:45:26","modified_gmt":"2026-02-23T14:45:26","slug":"estudos-dirigidos-de-arte-6o-ano-1o-trimestre-ensino-fundamental-2","status":"publish","type":"product","link":"https:\/\/cacapalavrasdidaticos.com.br\/site\/produto\/estudos-dirigidos-de-arte-6o-ano-1o-trimestre-ensino-fundamental-2\/","title":{"rendered":"ESTUDOS DIRIGIDOS DE ARTE &#8211; 6\u00ba ANO (1\u00ba TRIMESTRE) &#8211; ENSINO FUNDAMENTAL 2"},"content":{"rendered":"","protected":false},"excerpt":{"rendered":"<p style=\"margin: 0cm;\">Esta apostila cont\u00e9m <strong>8<\/strong> <strong>ESTUDOS DIRIGIDOS<\/strong> de <strong>ARTE (PLANO DE CURSO DE MINAS GERAIS &#8211; 2025)<\/strong>\u00a0para o<strong> 6\u00ba ano do Ensino Fundamental, <\/strong>referente ao<strong> 1\u00ba Trimestre.\u00a0<\/strong><\/p>\n<p>Temas deste volume:<\/p>\n<ul>\n<li data-start=\"0\" data-end=\"55\">\n<p data-start=\"3\" data-end=\"55\"><strong data-start=\"3\" data-end=\"53\" data-is-only-node=\"\">Artes Visuais e a Diversidade Cultural Mineira<\/strong><\/p>\n<\/li>\n<li data-start=\"56\" data-end=\"121\">\n<p data-start=\"59\" data-end=\"121\"><strong data-start=\"59\" data-end=\"119\" data-is-only-node=\"\">Estilos Visuais e sua Contextualiza\u00e7\u00e3o no Tempo e Espa\u00e7o<\/strong><\/p>\n<\/li>\n<li data-start=\"122\" data-end=\"173\">\n<p data-start=\"125\" data-end=\"173\"><strong data-start=\"125\" data-end=\"171\" data-is-only-node=\"\">Origem e Influ\u00eancia da M\u00fasica na Sociedade<\/strong><\/p>\n<\/li>\n<li data-start=\"174\" data-end=\"224\">\n<p data-start=\"177\" data-end=\"224\"><strong data-start=\"177\" data-end=\"222\" data-is-only-node=\"\">Hist\u00f3ria das Dan\u00e7as Folcl\u00f3ricas no Brasil<\/strong><\/p>\n<\/li>\n<li data-start=\"225\" data-end=\"276\">\n<p data-start=\"228\" data-end=\"276\"><strong data-start=\"228\" data-end=\"274\" data-is-only-node=\"\">Elementos do Movimento Dan\u00e7ado e Cotidiano<\/strong><\/p>\n<\/li>\n<li data-start=\"277\" data-end=\"328\">\n<p data-start=\"280\" data-end=\"328\"><strong data-start=\"280\" data-end=\"326\" data-is-only-node=\"\">Diversidade Art\u00edstica no Teatro Brasileiro<\/strong><\/p>\n<\/li>\n<li data-start=\"329\" data-end=\"389\">\n<p data-start=\"332\" data-end=\"389\"><strong data-start=\"332\" data-end=\"387\" data-is-only-node=\"\">Pr\u00e1ticas Art\u00edsticas e Dimens\u00f5es Sociais e Culturais<\/strong><\/p>\n<\/li>\n<li data-start=\"390\" data-end=\"451\" data-is-last-node=\"\">\n<p data-start=\"393\" data-end=\"451\" data-is-last-node=\"\"><strong data-start=\"393\" data-end=\"449\" data-is-only-node=\"\">Cores, Formas e Comunica\u00e7\u00e3o Gr\u00e1fica em Obras Visuais<\/strong><\/p>\n<\/li>\n<\/ul>\n<p style=\"margin: 0cm;\"><strong>54 P\u00c1GINAS<\/strong><\/p>\n<p><strong>\u00a0<\/strong><strong>O material cont\u00e9m:<\/strong><\/p>\n<ul>\n<li><strong>Planejamento Trimestral e habilidades BNCC com descri\u00e7\u00e3o;<\/strong><\/li>\n<li><strong>8 Estudos dirigidos e atividades relacionadas na sequ\u00eancia;<\/strong><\/li>\n<li><strong>Ca\u00e7a-palavras;<\/strong><\/li>\n<li><strong>Cruzadinhas;<\/strong><\/li>\n<li><strong>Atividades orientadas para colorir;<\/strong><\/li>\n<li><strong>Gabaritos de todas as atividades.<\/strong><\/li>\n<\/ul>\n<p>&nbsp;<\/p>\n<p style=\"text-align: center;\"><strong>AVISO IMPORTANTE:<\/strong><\/p>\n<p style=\"text-align: center;\"><strong>AS APOSTILAS S\u00c3O ENVIADAS EM FORMATO PDF NO EMAIL CADASTRADO NO ATO DA COMPRA. CASO QUEIRA O MATERIAL EM FORMATO IMAGEM JPEG, ENTRE EM CONTATO CONOSCO PELO WHATSAPP: 31-994716920<\/strong><\/p>\n<p style=\"text-align: center;\"><strong>MAIS INFORMA\u00c7\u00d5ES E COMPRA PELO PIX, ENTRE EM CONTATO CONOSCO: 31-994716920. PIX: 31-994716920 (Eduardo de Sousa)<\/strong><\/p>\n<p style=\"text-align: center;\"><strong>ENVIO DO MATERIAL: EM AT\u00c9 1 (UM) DIA \u00daTIL, AP\u00d3S A CONFIRMA\u00c7\u00c3O DO PAGAMENTO<\/strong>\u00a0<strong>(SER\u00c1 ENVIADO UM LINK DO GOOGLE DRIVE NO E-MAIL INFORMADO NO ATO DA COMPRA PARA O DOWNLOAD DA APOSTILA).<\/strong><\/p>\n","protected":false},"featured_media":25350,"comment_status":"open","ping_status":"closed","template":"","meta":[],"product_brand":[],"product_cat":[50],"product_tag":[128,31,172,132,189],"class_list":{"0":"post-25348","1":"product","2":"type-product","3":"status-publish","4":"has-post-thumbnail","6":"product_cat-arte","7":"product_tag-atividades-adaptadas","8":"product_tag-atividades-ludicas","9":"product_tag-estudos-dirigidos","10":"product_tag-questoes-abertas","11":"product_tag-trimestrais","13":"first","14":"instock","15":"virtual","16":"taxable","17":"purchasable","18":"product-type-simple"},"_links":{"self":[{"href":"https:\/\/cacapalavrasdidaticos.com.br\/site\/wp-json\/wp\/v2\/product\/25348","targetHints":{"allow":["GET"]}}],"collection":[{"href":"https:\/\/cacapalavrasdidaticos.com.br\/site\/wp-json\/wp\/v2\/product"}],"about":[{"href":"https:\/\/cacapalavrasdidaticos.com.br\/site\/wp-json\/wp\/v2\/types\/product"}],"replies":[{"embeddable":true,"href":"https:\/\/cacapalavrasdidaticos.com.br\/site\/wp-json\/wp\/v2\/comments?post=25348"}],"wp:featuredmedia":[{"embeddable":true,"href":"https:\/\/cacapalavrasdidaticos.com.br\/site\/wp-json\/wp\/v2\/media\/25350"}],"wp:attachment":[{"href":"https:\/\/cacapalavrasdidaticos.com.br\/site\/wp-json\/wp\/v2\/media?parent=25348"}],"wp:term":[{"taxonomy":"product_brand","embeddable":true,"href":"https:\/\/cacapalavrasdidaticos.com.br\/site\/wp-json\/wp\/v2\/product_brand?post=25348"},{"taxonomy":"product_cat","embeddable":true,"href":"https:\/\/cacapalavrasdidaticos.com.br\/site\/wp-json\/wp\/v2\/product_cat?post=25348"},{"taxonomy":"product_tag","embeddable":true,"href":"https:\/\/cacapalavrasdidaticos.com.br\/site\/wp-json\/wp\/v2\/product_tag?post=25348"}],"curies":[{"name":"wp","href":"https:\/\/api.w.org\/{rel}","templated":true}]}}