{"id":25121,"date":"2026-02-14T23:23:09","date_gmt":"2026-02-15T02:23:09","guid":{"rendered":"https:\/\/cacapalavrasdidaticos.com.br\/site\/?post_type=product&#038;p=25121"},"modified":"2026-02-14T23:30:04","modified_gmt":"2026-02-15T02:30:04","slug":"intervencao-cidada-3oano-ensino-medio-volume-1","status":"publish","type":"product","link":"https:\/\/cacapalavrasdidaticos.com.br\/site\/produto\/intervencao-cidada-3oano-ensino-medio-volume-1\/","title":{"rendered":"INTERVEN\u00c7\u00c3O CIDAD\u00c3 &#8211; 3\u00baANO &#8211; ENSINO M\u00c9DIO &#8211; VOLUME 1"},"content":{"rendered":"","protected":false},"excerpt":{"rendered":"<p data-start=\"57\" data-end=\"143\">\ud83d\ude80 <strong data-start=\"60\" data-end=\"106\">Interven\u00e7\u00e3o Cidad\u00e3 \u2013 Ensino M\u00e9dio &#8211; 1\u00ba Ano<\/strong> \ud83d\ude80 &#8211; <strong data-start=\"112\" data-end=\"128\">1\u00ba Trimestre<\/strong> &#8211; <strong>109 p\u00e1ginas<\/strong><\/p>\n<p data-start=\"145\" data-end=\"397\">Transforme a aprendizagem com o <strong data-start=\"177\" data-end=\"220\">Itiner\u00e1rio Formativo Interven\u00e7\u00e3o Cidad\u00e3<\/strong>! Um material inovador para o Ensino M\u00e9dio, focado no desenvolvimento do pensamento cr\u00edtico, participa\u00e7\u00e3o social e constru\u00e7\u00e3o de propostas de interven\u00e7\u00e3o para a realidade local.<\/p>\n<p data-start=\"399\" data-end=\"438\">\ud83d\udca1 <strong data-start=\"402\" data-end=\"437\">O que voc\u00ea encontra no material<\/strong>:<\/p>\n<ul data-start=\"440\" data-end=\"824\">\n<li data-start=\"440\" data-end=\"520\">\n<p data-start=\"442\" data-end=\"520\">Aulas introdut\u00f3rias que estimulam o debate, a reflex\u00e3o e o engajamento social.<\/p>\n<\/li>\n<li data-start=\"521\" data-end=\"630\">\n<p data-start=\"523\" data-end=\"630\">Atividades pr\u00e1ticas de an\u00e1lise de problemas sociais, leitura cr\u00edtica da realidade e constru\u00e7\u00e3o de solu\u00e7\u00f5es.<\/p>\n<\/li>\n<li data-start=\"631\" data-end=\"732\">\n<p data-start=\"633\" data-end=\"732\">Projetos de interven\u00e7\u00e3o que incentivam o protagonismo juvenil e a atua\u00e7\u00e3o consciente na comunidade.<\/p>\n<\/li>\n<li data-start=\"733\" data-end=\"824\">\n<p data-start=\"735\" data-end=\"824\">Quest\u00f5es reflexivas que conectam cidadania, direitos, deveres e participa\u00e7\u00e3o democr\u00e1tica.<\/p>\n<\/li>\n<\/ul>\n<p data-start=\"826\" data-end=\"1005\">\ud83d\udd0d <strong data-start=\"829\" data-end=\"841\">Objetivo<\/strong>: Capacitar os estudantes a compreenderem os desafios sociais do seu territ\u00f3rio e elaborarem propostas de interven\u00e7\u00e3o respons\u00e1veis, fundamentadas e transformadoras.<\/p>\n<p data-start=\"1007\" data-end=\"1074\">\ud83c\udf31 <strong data-start=\"1010\" data-end=\"1021\">Autoria<\/strong>: Elaborado por Eduardo Menandes e equipe pedag\u00f3gica.<\/p>\n<p data-start=\"1076\" data-end=\"1198\"><strong data-start=\"1076\" data-end=\"1133\">Apostila dispon\u00edvel para uso exclusivo com os alunos!<\/strong> Aprofunde o conhecimento e transforme a reflex\u00e3o em a\u00e7\u00e3o cidad\u00e3.<\/p>\n<p data-start=\"1200\" data-end=\"1287\">\ud83d\udcda <strong data-start=\"1203\" data-end=\"1287\">Desenvolva habilidades essenciais para a vida acad\u00eamica, social e participativa!<\/strong><\/p>\n","protected":false},"featured_media":25122,"comment_status":"open","ping_status":"closed","template":"","meta":[],"product_brand":[],"product_cat":[152],"product_tag":[128,31,188],"class_list":{"0":"post-25121","1":"product","2":"type-product","3":"status-publish","4":"has-post-thumbnail","6":"product_cat-plano-de-curso","7":"product_tag-atividades-adaptadas","8":"product_tag-atividades-ludicas","9":"product_tag-itinerarios-mg","11":"first","12":"instock","13":"virtual","14":"taxable","15":"purchasable","16":"product-type-simple"},"_links":{"self":[{"href":"https:\/\/cacapalavrasdidaticos.com.br\/site\/wp-json\/wp\/v2\/product\/25121","targetHints":{"allow":["GET"]}}],"collection":[{"href":"https:\/\/cacapalavrasdidaticos.com.br\/site\/wp-json\/wp\/v2\/product"}],"about":[{"href":"https:\/\/cacapalavrasdidaticos.com.br\/site\/wp-json\/wp\/v2\/types\/product"}],"replies":[{"embeddable":true,"href":"https:\/\/cacapalavrasdidaticos.com.br\/site\/wp-json\/wp\/v2\/comments?post=25121"}],"wp:featuredmedia":[{"embeddable":true,"href":"https:\/\/cacapalavrasdidaticos.com.br\/site\/wp-json\/wp\/v2\/media\/25122"}],"wp:attachment":[{"href":"https:\/\/cacapalavrasdidaticos.com.br\/site\/wp-json\/wp\/v2\/media?parent=25121"}],"wp:term":[{"taxonomy":"product_brand","embeddable":true,"href":"https:\/\/cacapalavrasdidaticos.com.br\/site\/wp-json\/wp\/v2\/product_brand?post=25121"},{"taxonomy":"product_cat","embeddable":true,"href":"https:\/\/cacapalavrasdidaticos.com.br\/site\/wp-json\/wp\/v2\/product_cat?post=25121"},{"taxonomy":"product_tag","embeddable":true,"href":"https:\/\/cacapalavrasdidaticos.com.br\/site\/wp-json\/wp\/v2\/product_tag?post=25121"}],"curies":[{"name":"wp","href":"https:\/\/api.w.org\/{rel}","templated":true}]}}