{"id":25092,"date":"2026-02-14T09:38:52","date_gmt":"2026-02-14T12:38:52","guid":{"rendered":"https:\/\/cacapalavrasdidaticos.com.br\/site\/?post_type=product&#038;p=25092"},"modified":"2026-02-15T12:46:09","modified_gmt":"2026-02-15T15:46:09","slug":"solucoes-matematicas-ensino-medio-volume-1-ensino-medio-volume-1","status":"publish","type":"product","link":"https:\/\/cacapalavrasdidaticos.com.br\/site\/produto\/solucoes-matematicas-ensino-medio-volume-1-ensino-medio-volume-1\/","title":{"rendered":"SOLU\u00c7\u00d5ES MATEM\u00c1TICAS &#8211; ENSINO M\u00c9DIO &#8211; VOLUME 1 &#8211; ENSINO M\u00c9DIO"},"content":{"rendered":"","protected":false},"excerpt":{"rendered":"<p data-start=\"148\" data-end=\"234\">\ud83d\ude80 <strong data-start=\"151\" data-end=\"199\">Solu\u00e7\u00f5es Matem\u00e1ticas \u2013 Ensino M\u00e9dio &#8211; 3\u00ba Ano<\/strong> \ud83d\ude80 &#8211; <strong data-start=\"205\" data-end=\"221\">1\u00ba Trimestre<\/strong> &#8211; <strong>47 p\u00e1ginas<\/strong><\/p>\n<p data-start=\"236\" data-end=\"525\">Transforme a aprendizagem com o <strong data-start=\"268\" data-end=\"313\">Itiner\u00e1rio Formativo Solu\u00e7\u00f5es Matem\u00e1ticas<\/strong>! Um material inovador para o 1\u00ba ano do Ensino M\u00e9dio, focado no desenvolvimento de habilidades matem\u00e1ticas pr\u00e1ticas para o cotidiano, com \u00eanfase em finan\u00e7as pessoais, economia, e an\u00e1lise cr\u00edtica de investimentos.<\/p>\n<p data-start=\"527\" data-end=\"566\">\ud83d\udca1 <strong data-start=\"530\" data-end=\"565\">O que voc\u00ea encontra no material<\/strong>:<\/p>\n<ul data-start=\"568\" data-end=\"1002\">\n<li data-start=\"568\" data-end=\"718\">\n<p data-start=\"570\" data-end=\"718\">Aulas introdut\u00f3rias para um aprendizado din\u00e2mico e envolvente, com foco em conceitos financeiros e a matem\u00e1tica por tr\u00e1s do consumo e investimentos.<\/p>\n<\/li>\n<li data-start=\"719\" data-end=\"871\">\n<p data-start=\"721\" data-end=\"871\">Atividades pr\u00e1ticas de an\u00e1lise de juros, percentagens, planejamento financeiro e como as finan\u00e7as pessoais se conectam com o cen\u00e1rio econ\u00f4mico global.<\/p>\n<\/li>\n<li data-start=\"872\" data-end=\"1002\">\n<p data-start=\"874\" data-end=\"1002\">Estrat\u00e9gias para identificar o impacto do consumo, entender as finan\u00e7as pessoais e tomar decis\u00f5es financeiras mais respons\u00e1veis.<\/p>\n<\/li>\n<\/ul>\n<p data-start=\"1004\" data-end=\"1195\">\ud83d\udd0d <strong data-start=\"1007\" data-end=\"1019\">Objetivo<\/strong>: Capacitar os estudantes a aplicarem a matem\u00e1tica para decis\u00f5es financeiras conscientes, seja no planejamento de gastos, investimentos ou na avalia\u00e7\u00e3o de propostas comerciais.<\/p>\n<p data-start=\"1197\" data-end=\"1281\">\ud83c\udf31 <strong data-start=\"1200\" data-end=\"1211\">Autoria<\/strong>: Elaborado por <strong data-start=\"1227\" data-end=\"1257\">Isabella Rezende Magalh\u00e3es<\/strong> e <strong data-start=\"1260\" data-end=\"1280\">Eduardo Menandes<\/strong>.<\/p>\n<p data-start=\"1283\" data-end=\"1479\"><strong data-start=\"1283\" data-end=\"1340\">Apostila dispon\u00edvel para uso exclusivo com os alunos!<\/strong> Aprofunde o conhecimento matem\u00e1tico de maneira pr\u00e1tica e estrat\u00e9gica, focando em finan\u00e7as pessoais, juros compostos, e consumo consciente.<\/p>\n<p data-start=\"1481\" data-end=\"1599\">\ud83d\udcda <strong data-start=\"1484\" data-end=\"1599\">Desenvolva habilidades essenciais para a vida acad\u00eamica e social com foco em decis\u00f5es financeiras respons\u00e1veis!<\/strong><\/p>\n<p>&nbsp;<\/p>\n<p style=\"text-align: center;\"><strong>AVISO IMPORTANTE:<\/strong><\/p>\n<p style=\"text-align: center;\"><strong>AS APOSTILAS S\u00c3O ENVIADAS EM FORMATO PDF NO EMAIL CADASTRADO NO ATO DA COMPRA. CASO QUEIRA O MATERIAL EM FORMATO IMAGEM JPEG, ENTRE EM CONTATO CONOSCO PELO WHATSAPP: 31-994716920<\/strong><\/p>\n<p style=\"text-align: center;\"><strong>MAIS INFORMA\u00c7\u00d5ES E COMPRA PELO PIX, ENTRE EM CONTATO CONOSCO: 31-994716920. PIX: 31-994716920 (Eduardo de Sousa)<\/strong><\/p>\n<p style=\"text-align: center;\"><strong>ENVIO DO MATERIAL: EM AT\u00c9 1 (UM) DIA \u00daTIL, AP\u00d3S A CONFIRMA\u00c7\u00c3O DO PAGAMENTO<\/strong>\u00a0<strong>(SER\u00c1 ENVIADO UM LINK DO GOOGLE DRIVE NO E-MAIL INFORMADO NO ATO DA COMPRA PARA O DOWNLOAD DA APOSTILA).<\/strong><\/p>\n","protected":false},"featured_media":25093,"comment_status":"open","ping_status":"closed","template":"","meta":[],"product_brand":[],"product_cat":[152],"product_tag":[128,31,188],"class_list":{"0":"post-25092","1":"product","2":"type-product","3":"status-publish","4":"has-post-thumbnail","6":"product_cat-plano-de-curso","7":"product_tag-atividades-adaptadas","8":"product_tag-atividades-ludicas","9":"product_tag-itinerarios-mg","11":"first","12":"instock","13":"virtual","14":"taxable","15":"purchasable","16":"product-type-simple"},"_links":{"self":[{"href":"https:\/\/cacapalavrasdidaticos.com.br\/site\/wp-json\/wp\/v2\/product\/25092","targetHints":{"allow":["GET"]}}],"collection":[{"href":"https:\/\/cacapalavrasdidaticos.com.br\/site\/wp-json\/wp\/v2\/product"}],"about":[{"href":"https:\/\/cacapalavrasdidaticos.com.br\/site\/wp-json\/wp\/v2\/types\/product"}],"replies":[{"embeddable":true,"href":"https:\/\/cacapalavrasdidaticos.com.br\/site\/wp-json\/wp\/v2\/comments?post=25092"}],"wp:featuredmedia":[{"embeddable":true,"href":"https:\/\/cacapalavrasdidaticos.com.br\/site\/wp-json\/wp\/v2\/media\/25093"}],"wp:attachment":[{"href":"https:\/\/cacapalavrasdidaticos.com.br\/site\/wp-json\/wp\/v2\/media?parent=25092"}],"wp:term":[{"taxonomy":"product_brand","embeddable":true,"href":"https:\/\/cacapalavrasdidaticos.com.br\/site\/wp-json\/wp\/v2\/product_brand?post=25092"},{"taxonomy":"product_cat","embeddable":true,"href":"https:\/\/cacapalavrasdidaticos.com.br\/site\/wp-json\/wp\/v2\/product_cat?post=25092"},{"taxonomy":"product_tag","embeddable":true,"href":"https:\/\/cacapalavrasdidaticos.com.br\/site\/wp-json\/wp\/v2\/product_tag?post=25092"}],"curies":[{"name":"wp","href":"https:\/\/api.w.org\/{rel}","templated":true}]}}