{"id":25071,"date":"2026-02-14T09:27:40","date_gmt":"2026-02-14T12:27:40","guid":{"rendered":"https:\/\/cacapalavrasdidaticos.com.br\/site\/?post_type=product&#038;p=25071"},"modified":"2026-02-14T10:01:56","modified_gmt":"2026-02-14T13:01:56","slug":"producao-cultural-e-comunicacao-1o-trimestre-ensino-medio-volume-1","status":"publish","type":"product","link":"https:\/\/cacapalavrasdidaticos.com.br\/site\/produto\/producao-cultural-e-comunicacao-1o-trimestre-ensino-medio-volume-1\/","title":{"rendered":"PRODU\u00c7\u00c3O CULTURAL E COMUNICA\u00c7\u00c3O &#8211; 1\u00ba TRIMESTRE &#8211; ENSINO M\u00c9DIO &#8211; VOLUME 1"},"content":{"rendered":"","protected":false},"excerpt":{"rendered":"<p data-start=\"102\" data-end=\"200\">\ud83d\ude80 <strong data-start=\"105\" data-end=\"180\">Produ\u00e7\u00e3o Cultural e Comunica\u00e7\u00e3o \u2013 2\u00ba Ano do Ensino M\u00e9dio &#8211; 1\u00ba Trimestre<\/strong> \ud83d\ude80 &#8211; <strong data-start=\"186\" data-end=\"200\">74 p\u00e1ginas<\/strong><\/p>\n<p data-start=\"202\" data-end=\"495\">Transforme a aprendizagem com o <strong data-start=\"234\" data-end=\"290\">Itiner\u00e1rio Formativo Produ\u00e7\u00e3o Cultural e Comunica\u00e7\u00e3o<\/strong>! Um material inovador para o 2\u00ba ano do Ensino M\u00e9dio, focado no desenvolvimento de habilidades cr\u00edticas, reflex\u00e3o sobre identidade, pertencimento e as diversas express\u00f5es culturais presentes no territ\u00f3rio.<\/p>\n<p data-start=\"497\" data-end=\"536\">\ud83d\udca1 <strong data-start=\"500\" data-end=\"535\">O que voc\u00ea encontra no material<\/strong>:<\/p>\n<ul data-start=\"538\" data-end=\"958\">\n<li data-start=\"538\" data-end=\"647\">\n<p data-start=\"540\" data-end=\"647\">Aulas introdut\u00f3rias para um aprendizado din\u00e2mico e envolvente sobre as juventudes e a diversidade cultural.<\/p>\n<\/li>\n<li data-start=\"648\" data-end=\"816\">\n<p data-start=\"650\" data-end=\"816\">Atividades pr\u00e1ticas de interpreta\u00e7\u00e3o de textos, quest\u00f5es reflexivas e an\u00e1lise cr\u00edtica sobre as manifesta\u00e7\u00f5es culturais, como funk, rap e outras express\u00f5es art\u00edsticas.<\/p>\n<\/li>\n<li data-start=\"817\" data-end=\"958\">\n<p data-start=\"819\" data-end=\"958\">Promo\u00e7\u00e3o do protagonismo juvenil: transforma a cultura em a\u00e7\u00e3o, incentivando o estudante a refletir sobre sua trajet\u00f3ria social e cultural.<\/p>\n<\/li>\n<\/ul>\n<p data-start=\"960\" data-end=\"1170\">\ud83d\udd0d <strong data-start=\"963\" data-end=\"975\">Objetivo<\/strong>: Capacitar os estudantes a entenderem as diferentes manifesta\u00e7\u00f5es culturais e a agirem com responsabilidade social, promovendo o respeito \u00e0 diversidade e valoriza\u00e7\u00e3o das identidades perif\u00e9ricas.<\/p>\n<p data-start=\"1172\" data-end=\"1259\">\ud83c\udf31 <strong data-start=\"1175\" data-end=\"1186\">Autoria<\/strong>: Elaborado por Elaine Cris Andrade, com colabora\u00e7\u00e3o de Eduardo de Sousa.<\/p>\n<p data-start=\"1261\" data-end=\"1436\"><strong data-start=\"1261\" data-end=\"1318\">Apostila dispon\u00edvel para uso exclusivo com os alunos!<\/strong> Aprofunde o conhecimento e transforme a compreens\u00e3o das manifesta\u00e7\u00f5es culturais em um processo ativo de aprendizagem.<\/p>\n<p data-start=\"1438\" data-end=\"1510\">\ud83d\udcda <strong data-start=\"1441\" data-end=\"1510\">Desenvolva habilidades essenciais para a vida acad\u00eamica e social!<\/strong><\/p>\n<p>&nbsp;<\/p>\n<p style=\"text-align: center;\"><strong>AVISO IMPORTANTE:<\/strong><\/p>\n<p style=\"text-align: center;\"><strong>AS APOSTILAS S\u00c3O ENVIADAS EM FORMATO PDF NO EMAIL CADASTRADO NO ATO DA COMPRA. CASO QUEIRA O MATERIAL EM FORMATO IMAGEM JPEG, ENTRE EM CONTATO CONOSCO PELO WHATSAPP: 31-994716920<\/strong><\/p>\n<p style=\"text-align: center;\"><strong>MAIS INFORMA\u00c7\u00d5ES E COMPRA PELO PIX, ENTRE EM CONTATO CONOSCO: 31-994716920. PIX: 31-994716920 (Eduardo de Sousa)<\/strong><\/p>\n<p style=\"text-align: center;\"><strong>ENVIO DO MATERIAL: EM AT\u00c9 1 (UM) DIA \u00daTIL, AP\u00d3S A CONFIRMA\u00c7\u00c3O DO PAGAMENTO<\/strong>\u00a0<strong>(SER\u00c1 ENVIADO UM LINK DO GOOGLE DRIVE NO E-MAIL INFORMADO NO ATO DA COMPRA PARA O DOWNLOAD DA APOSTILA).<\/strong><\/p>\n","protected":false},"featured_media":25072,"comment_status":"open","ping_status":"closed","template":"","meta":[],"product_brand":[],"product_cat":[152],"product_tag":[128,31,188],"class_list":{"0":"post-25071","1":"product","2":"type-product","3":"status-publish","4":"has-post-thumbnail","6":"product_cat-plano-de-curso","7":"product_tag-atividades-adaptadas","8":"product_tag-atividades-ludicas","9":"product_tag-itinerarios-mg","11":"first","12":"instock","13":"virtual","14":"taxable","15":"purchasable","16":"product-type-simple"},"_links":{"self":[{"href":"https:\/\/cacapalavrasdidaticos.com.br\/site\/wp-json\/wp\/v2\/product\/25071","targetHints":{"allow":["GET"]}}],"collection":[{"href":"https:\/\/cacapalavrasdidaticos.com.br\/site\/wp-json\/wp\/v2\/product"}],"about":[{"href":"https:\/\/cacapalavrasdidaticos.com.br\/site\/wp-json\/wp\/v2\/types\/product"}],"replies":[{"embeddable":true,"href":"https:\/\/cacapalavrasdidaticos.com.br\/site\/wp-json\/wp\/v2\/comments?post=25071"}],"wp:featuredmedia":[{"embeddable":true,"href":"https:\/\/cacapalavrasdidaticos.com.br\/site\/wp-json\/wp\/v2\/media\/25072"}],"wp:attachment":[{"href":"https:\/\/cacapalavrasdidaticos.com.br\/site\/wp-json\/wp\/v2\/media?parent=25071"}],"wp:term":[{"taxonomy":"product_brand","embeddable":true,"href":"https:\/\/cacapalavrasdidaticos.com.br\/site\/wp-json\/wp\/v2\/product_brand?post=25071"},{"taxonomy":"product_cat","embeddable":true,"href":"https:\/\/cacapalavrasdidaticos.com.br\/site\/wp-json\/wp\/v2\/product_cat?post=25071"},{"taxonomy":"product_tag","embeddable":true,"href":"https:\/\/cacapalavrasdidaticos.com.br\/site\/wp-json\/wp\/v2\/product_tag?post=25071"}],"curies":[{"name":"wp","href":"https:\/\/api.w.org\/{rel}","templated":true}]}}