{"id":24513,"date":"2026-01-30T23:54:22","date_gmt":"2026-01-31T02:54:22","guid":{"rendered":"https:\/\/cacapalavrasdidaticos.com.br\/site\/?post_type=product&#038;p=24513"},"modified":"2026-03-13T13:20:59","modified_gmt":"2026-03-13T16:20:59","slug":"combo-de-atividades-com-mapas-mentais-ensino-fundamental-2-5-volumes","status":"publish","type":"product","link":"https:\/\/cacapalavrasdidaticos.com.br\/site\/produto\/combo-de-atividades-com-mapas-mentais-ensino-fundamental-2-5-volumes\/","title":{"rendered":"COMBO DE ATIVIDADES COM MAPAS MENTAIS DE L\u00cdNGUA PORTUGUESA &#8211; ENSINO FUNDAMENTAL 2 (5 VOLUMES)"},"content":{"rendered":"","protected":false},"excerpt":{"rendered":"<div class=\"flex flex-col text-sm pb-25\">\n<article class=\"text-token-text-primary w-full focus:outline-none [--shadow-height:45px] has-data-writing-block:pointer-events-none has-data-writing-block:-mt-(--shadow-height) has-data-writing-block:pt-(--shadow-height) [&amp;:has([data-writing-block])&gt;*]:pointer-events-auto scroll-mt-[calc(var(--header-height)+min(200px,max(70px,20svh)))]\" dir=\"auto\" tabindex=\"-1\" data-turn-id=\"request-WEB:952fb7d2-1e4f-4473-87e8-b0c956897ad5-4\" data-testid=\"conversation-turn-10\" data-scroll-anchor=\"true\" data-turn=\"assistant\">\n<div class=\"text-base my-auto mx-auto pb-10 [--thread-content-margin:--spacing(4)] @w-sm\/main:[--thread-content-margin:--spacing(6)] @w-lg\/main:[--thread-content-margin:--spacing(16)] px-(--thread-content-margin)\">\n<div class=\"[--thread-content-max-width:40rem] @w-lg\/main:[--thread-content-max-width:48rem] mx-auto max-w-(--thread-content-max-width) flex-1 group\/turn-messages focus-visible:outline-hidden relative flex w-full min-w-0 flex-col agent-turn\" tabindex=\"-1\">\n<div class=\"flex max-w-full flex-col grow\">\n<div class=\"min-h-8 text-message relative flex w-full flex-col items-end gap-2 text-start break-words whitespace-normal [.text-message+&amp;]:mt-1\" dir=\"auto\" data-message-author-role=\"assistant\" data-message-id=\"576709fc-48a0-432c-a264-6ca46efc6820\" data-message-model-slug=\"gpt-4o-mini\">\n<div class=\"flex w-full flex-col gap-1 empty:hidden first:pt-[1px]\">\n<div class=\"markdown prose dark:prose-invert w-full break-words light markdown-new-styling\">\n<p data-start=\"0\" data-end=\"81\">\ud83c\udf1f <strong data-start=\"3\" data-end=\"78\">Atividades com Mapas Mentais &#8211; L\u00edngua Portuguesa | Ensino Fundamental 2<\/strong> \ud83c\udf1f<\/p>\n<p data-start=\"83\" data-end=\"419\">\ud83d\udd0d <strong data-start=\"86\" data-end=\"99\">Conte\u00fado:<\/strong><br \/>\nExplore conceitos essenciais de L\u00edngua Portuguesa de forma interativa com atividades baseadas em Mapas Mentais. Este material pedag\u00f3gico foi desenvolvido para estimular a compreens\u00e3o e o aprendizado de aspectos fundamentais da linguagem e da literatura, incluindo an\u00e1lise de textos narrativos, dram\u00e1ticos e cient\u00edficos.<\/p>\n<p data-start=\"421\" data-end=\"445\">\ud83c\udfaf <strong data-start=\"424\" data-end=\"445\">Principais Temas:<\/strong><\/p>\n<ol data-start=\"447\" data-end=\"1755\">\n<li data-start=\"447\" data-end=\"729\">\n<p data-start=\"450\" data-end=\"496\"><strong data-start=\"450\" data-end=\"496\">Introdu\u00e7\u00e3o ao Texto Liter\u00e1rio e Cient\u00edfico<\/strong><\/p>\n<ul data-start=\"500\" data-end=\"729\">\n<li data-start=\"500\" data-end=\"658\">\n<p data-start=\"502\" data-end=\"658\">Foco nos elementos do texto narrativo (enredo, personagens, espa\u00e7o, tempo e narrador) e no texto dram\u00e1tico (estruturas e caracter\u00edsticas de pe\u00e7as teatrais).<\/p>\n<\/li>\n<li data-start=\"662\" data-end=\"729\">\n<p data-start=\"664\" data-end=\"729\">Explora\u00e7\u00e3o dos efeitos de sentido e da fun\u00e7\u00e3o social dos g\u00eaneros.<\/p>\n<\/li>\n<\/ul>\n<\/li>\n<li data-start=\"731\" data-end=\"983\">\n<p data-start=\"734\" data-end=\"773\"><strong data-start=\"734\" data-end=\"773\">Introdu\u00e7\u00e3o \u00e0 Argumenta\u00e7\u00e3o e Cr\u00edtica<\/strong><\/p>\n<ul data-start=\"777\" data-end=\"983\">\n<li data-start=\"777\" data-end=\"913\">\n<p data-start=\"779\" data-end=\"913\">Desenvolvimento da habilidade de argumentar e entender a diferen\u00e7a entre teses e opini\u00f5es, al\u00e9m da estrutura de textos argumentativos.<\/p>\n<\/li>\n<li data-start=\"917\" data-end=\"983\">\n<p data-start=\"919\" data-end=\"983\">Aprendizado sobre o uso de ironia, humor e fun\u00e7\u00f5es da linguagem.<\/p>\n<\/li>\n<\/ul>\n<\/li>\n<li data-start=\"985\" data-end=\"1231\">\n<p data-start=\"988\" data-end=\"1030\"><strong data-start=\"988\" data-end=\"1030\">Fundamentos da Linguagem e Gram\u00e1tica I<\/strong><\/p>\n<ul data-start=\"1034\" data-end=\"1231\">\n<li data-start=\"1034\" data-end=\"1170\">\n<p data-start=\"1036\" data-end=\"1170\">Estudo das classes gramaticais essenciais: substantivos, adjetivos e verbos, al\u00e9m de quest\u00f5es como varia\u00e7\u00e3o lingu\u00edstica e preconceito.<\/p>\n<\/li>\n<li data-start=\"1174\" data-end=\"1231\">\n<p data-start=\"1176\" data-end=\"1231\">Aprofundamento na an\u00e1lise de g\u00eanero, fun\u00e7\u00e3o e contexto.<\/p>\n<\/li>\n<\/ul>\n<\/li>\n<li data-start=\"1233\" data-end=\"1493\">\n<p data-start=\"1236\" data-end=\"1278\"><strong data-start=\"1236\" data-end=\"1278\">Coer\u00eancia, Coes\u00e3o e Sentido da Palavra<\/strong><\/p>\n<ul data-start=\"1282\" data-end=\"1493\">\n<li data-start=\"1282\" data-end=\"1360\">\n<p data-start=\"1284\" data-end=\"1360\">Compreens\u00e3o da coer\u00eancia tem\u00e1tica e a utiliza\u00e7\u00e3o de conectores e marcadores.<\/p>\n<\/li>\n<li data-start=\"1364\" data-end=\"1493\">\n<p data-start=\"1366\" data-end=\"1493\">An\u00e1lise de como as palavras s\u00e3o utilizadas para construir sentido dentro de um texto, com foco na coes\u00e3o e progress\u00e3o tem\u00e1tica.<\/p>\n<\/li>\n<\/ul>\n<\/li>\n<li data-start=\"1495\" data-end=\"1755\">\n<p data-start=\"1498\" data-end=\"1528\"><strong data-start=\"1498\" data-end=\"1528\">Sintaxe do Per\u00edodo Simples<\/strong><\/p>\n<ul data-start=\"1532\" data-end=\"1755\">\n<li data-start=\"1532\" data-end=\"1656\">\n<p data-start=\"1534\" data-end=\"1656\">Explora\u00e7\u00e3o das fun\u00e7\u00f5es sint\u00e1ticas no per\u00edodo simples, com destaque para sujeito, predicado, concord\u00e2ncia verbal e nominal.<\/p>\n<\/li>\n<li data-start=\"1660\" data-end=\"1755\">\n<p data-start=\"1662\" data-end=\"1755\">Identifica\u00e7\u00e3o de tipos de predicado e o estudo da ora\u00e7\u00e3o sem sujeito e sujeito indeterminado.<\/p>\n<\/li>\n<\/ul>\n<\/li>\n<\/ol>\n<p data-start=\"1757\" data-end=\"2103\">\ud83d\udd0e <strong data-start=\"1760\" data-end=\"1773\">Objetivo:<\/strong><br \/>\nProporcionar aos estudantes uma abordagem completa e visual para o aprendizado de L\u00edngua Portuguesa, com foco em textos narrativos, argumentativos e cient\u00edficos. As atividades visam desenvolver habilidades de interpreta\u00e7\u00e3o, an\u00e1lise cr\u00edtica, e produ\u00e7\u00e3o textual, al\u00e9m de aprimorar o uso da linguagem de maneira correta e eficiente.<\/p>\n<p data-start=\"2105\" data-end=\"2122\">\ud83d\udce5 <strong data-start=\"2108\" data-end=\"2122\">Para quem?<\/strong><\/p>\n<ul data-start=\"2123\" data-end=\"2295\">\n<li data-start=\"2123\" data-end=\"2160\">\n<p data-start=\"2125\" data-end=\"2160\">Estudantes do Ensino Fundamental 2.<\/p>\n<\/li>\n<li data-start=\"2161\" data-end=\"2295\">\n<p data-start=\"2163\" data-end=\"2295\">Professores que buscam enriquecer suas aulas com atividades din\u00e2micas e interativas, com foco em conceitos gramaticais e liter\u00e1rios.<\/p>\n<\/li>\n<\/ul>\n<\/div>\n<\/div>\n<\/div>\n<\/div>\n<div class=\"z-0 flex min-h-[46px] justify-start\"><\/div>\n<\/div>\n<\/div>\n<\/article>\n<\/div>\n<p style=\"text-align: center;\"><strong>AVISO IMPORTANTE:<\/strong><\/p>\n<p style=\"text-align: center;\"><strong>AS APOSTILAS S\u00c3O ENVIADAS EM FORMATO PDF NO EMAIL CADASTRADO NO ATO DA COMPRA. CASO QUEIRA O MATERIAL EM FORMATO IMAGEM JPEG, ENTRE EM CONTATO CONOSCO PELO WHATSAPP: 31-994716920<\/strong><\/p>\n<p style=\"text-align: center;\"><strong>MAIS INFORMA\u00c7\u00d5ES E COMPRA PELO PIX, ENTRE EM CONTATO CONOSCO: 31-994716920. PIX: 31-994716920 (Eduardo de Sousa)<\/strong><\/p>\n<p style=\"text-align: center;\"><strong>ENVIO DO MATERIAL: EM AT\u00c9 1 (UM) DIA \u00daTIL, AP\u00d3S A CONFIRMA\u00c7\u00c3O DO PAGAMENTO<\/strong>\u00a0<strong>(SER\u00c1 ENVIADO UM LINK DO GOOGLE DRIVE NO E-MAIL INFORMADO NO ATO DA COMPRA PARA O DOWNLOAD DA APOSTILA).<\/strong><\/p>\n","protected":false},"featured_media":24514,"comment_status":"open","ping_status":"closed","template":"","meta":[],"product_brand":[],"product_cat":[44],"product_tag":[128,31,37],"class_list":{"0":"post-24513","1":"product","2":"type-product","3":"status-publish","4":"has-post-thumbnail","6":"product_cat-lingua-portuguesa","7":"product_tag-atividades-adaptadas","8":"product_tag-atividades-ludicas","9":"product_tag-mapas-mentais","11":"first","12":"instock","13":"virtual","14":"taxable","15":"purchasable","16":"product-type-simple"},"_links":{"self":[{"href":"https:\/\/cacapalavrasdidaticos.com.br\/site\/wp-json\/wp\/v2\/product\/24513","targetHints":{"allow":["GET"]}}],"collection":[{"href":"https:\/\/cacapalavrasdidaticos.com.br\/site\/wp-json\/wp\/v2\/product"}],"about":[{"href":"https:\/\/cacapalavrasdidaticos.com.br\/site\/wp-json\/wp\/v2\/types\/product"}],"replies":[{"embeddable":true,"href":"https:\/\/cacapalavrasdidaticos.com.br\/site\/wp-json\/wp\/v2\/comments?post=24513"}],"wp:featuredmedia":[{"embeddable":true,"href":"https:\/\/cacapalavrasdidaticos.com.br\/site\/wp-json\/wp\/v2\/media\/24514"}],"wp:attachment":[{"href":"https:\/\/cacapalavrasdidaticos.com.br\/site\/wp-json\/wp\/v2\/media?parent=24513"}],"wp:term":[{"taxonomy":"product_brand","embeddable":true,"href":"https:\/\/cacapalavrasdidaticos.com.br\/site\/wp-json\/wp\/v2\/product_brand?post=24513"},{"taxonomy":"product_cat","embeddable":true,"href":"https:\/\/cacapalavrasdidaticos.com.br\/site\/wp-json\/wp\/v2\/product_cat?post=24513"},{"taxonomy":"product_tag","embeddable":true,"href":"https:\/\/cacapalavrasdidaticos.com.br\/site\/wp-json\/wp\/v2\/product_tag?post=24513"}],"curies":[{"name":"wp","href":"https:\/\/api.w.org\/{rel}","templated":true}]}}