{"id":24504,"date":"2026-01-30T23:39:53","date_gmt":"2026-01-31T02:39:53","guid":{"rendered":"https:\/\/cacapalavrasdidaticos.com.br\/site\/?post_type=product&#038;p=24504"},"modified":"2026-01-30T23:48:54","modified_gmt":"2026-01-31T02:48:54","slug":"atividades-com-mapas-mentais-ensino-fundamental-2-sintaxe-do-periodo-simples","status":"publish","type":"product","link":"https:\/\/cacapalavrasdidaticos.com.br\/site\/produto\/atividades-com-mapas-mentais-ensino-fundamental-2-sintaxe-do-periodo-simples\/","title":{"rendered":"ATIVIDADES COM MAPAS MENTAIS &#8211; ENSINO FUNDAMENTAL 2 &#8211; SINTAXE DO PER\u00cdODO SIMPLES"},"content":{"rendered":"","protected":false},"excerpt":{"rendered":"<div class=\"flex flex-col text-sm pb-25\">\n<article class=\"text-token-text-primary w-full focus:outline-none [--shadow-height:45px] has-data-writing-block:pointer-events-none has-data-writing-block:-mt-(--shadow-height) has-data-writing-block:pt-(--shadow-height) [&amp;:has([data-writing-block])&gt;*]:pointer-events-auto scroll-mt-[calc(var(--header-height)+min(200px,max(70px,20svh)))]\" dir=\"auto\" tabindex=\"-1\" data-turn-id=\"request-WEB:952fb7d2-1e4f-4473-87e8-b0c956897ad5-4\" data-testid=\"conversation-turn-10\" data-scroll-anchor=\"true\" data-turn=\"assistant\">\n<div class=\"text-base my-auto mx-auto pb-10 [--thread-content-margin:--spacing(4)] @w-sm\/main:[--thread-content-margin:--spacing(6)] @w-lg\/main:[--thread-content-margin:--spacing(16)] px-(--thread-content-margin)\">\n<div class=\"[--thread-content-max-width:40rem] @w-lg\/main:[--thread-content-max-width:48rem] mx-auto max-w-(--thread-content-max-width) flex-1 group\/turn-messages focus-visible:outline-hidden relative flex w-full min-w-0 flex-col agent-turn\" tabindex=\"-1\">\n<div class=\"flex max-w-full flex-col grow\">\n<div class=\"min-h-8 text-message relative flex w-full flex-col items-end gap-2 text-start break-words whitespace-normal [.text-message+&amp;]:mt-1\" dir=\"auto\" data-message-author-role=\"assistant\" data-message-id=\"576709fc-48a0-432c-a264-6ca46efc6820\" data-message-model-slug=\"gpt-4o-mini\">\n<div class=\"flex w-full flex-col gap-1 empty:hidden first:pt-[1px]\">\n<div class=\"markdown prose dark:prose-invert w-full break-words light markdown-new-styling\">\n<p data-start=\"60\" data-end=\"104\"><strong data-start=\"60\" data-end=\"104\">L\u00edngua Portuguesa | Ensino Fundamental 2<\/strong><\/p>\n<p data-start=\"106\" data-end=\"183\">\ud83d\udcda <strong data-start=\"109\" data-end=\"183\">Atividades com Mapas Mentais, Estudos Dirigidos e Imagens para Colorir<\/strong><\/p>\n<p data-start=\"215\" data-end=\"231\">\ud83c\udf0d <strong data-start=\"218\" data-end=\"231\">Conte\u00fado:<\/strong><\/p>\n<ul data-start=\"233\" data-end=\"503\">\n<li data-start=\"233\" data-end=\"309\">\n<p data-start=\"235\" data-end=\"309\"><strong data-start=\"235\" data-end=\"296\">Fun\u00e7\u00f5es Sint\u00e1ticas do Per\u00edodo Simples (Sujeito\/Predicado)<\/strong> \u2013 EF06LP02<\/p>\n<\/li>\n<li data-start=\"310\" data-end=\"347\">\n<p data-start=\"312\" data-end=\"347\"><strong data-start=\"312\" data-end=\"334\">Tipos de Predicado<\/strong> \u2013 EF07LP04<\/p>\n<\/li>\n<li data-start=\"348\" data-end=\"396\">\n<p data-start=\"350\" data-end=\"396\"><strong data-start=\"350\" data-end=\"383\">Concord\u00e2ncia Verbal e Nominal<\/strong> \u2013 EF07LP05<\/p>\n<\/li>\n<li data-start=\"397\" data-end=\"458\">\n<p data-start=\"399\" data-end=\"458\"><strong data-start=\"399\" data-end=\"445\">Ora\u00e7\u00e3o Sem Sujeito e Sujeito Indeterminado<\/strong> \u2013 EF08LP09<\/p>\n<\/li>\n<li data-start=\"459\" data-end=\"503\">\n<p data-start=\"461\" data-end=\"503\"><strong data-start=\"461\" data-end=\"490\">Reg\u00eancia Verbal e Nominal<\/strong> \u2013 EF09LP06<\/p>\n<\/li>\n<\/ul>\n<p data-start=\"505\" data-end=\"754\">\ud83c\udfaf <strong data-start=\"508\" data-end=\"521\">Objetivo:<\/strong> Desenvolver a compreens\u00e3o sobre as fun\u00e7\u00f5es sint\u00e1ticas, os tipos de predicado, a concord\u00e2ncia verbal e nominal, e a reg\u00eancia verbal e nominal, estimulando a reflex\u00e3o cr\u00edtica sobre a estrutura das ora\u00e7\u00f5es e o uso correto da linguagem.<\/p>\n<p data-start=\"756\" data-end=\"773\">\ud83d\udd0e <strong data-start=\"759\" data-end=\"773\">Para quem?<\/strong><\/p>\n<ul data-start=\"775\" data-end=\"919\">\n<li data-start=\"775\" data-end=\"812\">\n<p data-start=\"777\" data-end=\"812\">Estudantes do Ensino Fundamental 2.<\/p>\n<\/li>\n<li data-start=\"813\" data-end=\"919\">\n<p data-start=\"815\" data-end=\"919\">Professores que buscam atividades visuais e interativas para enriquecer suas aulas de L\u00edngua Portuguesa.<\/p>\n<\/li>\n<\/ul>\n<\/div>\n<\/div>\n<\/div>\n<\/div>\n<div class=\"z-0 flex min-h-[46px] justify-start\"><\/div>\n<\/div>\n<\/div>\n<\/article>\n<\/div>\n<p style=\"text-align: center;\"><strong>AVISO IMPORTANTE:<\/strong><\/p>\n<p style=\"text-align: center;\"><strong>AS APOSTILAS S\u00c3O ENVIADAS EM FORMATO PDF NO EMAIL CADASTRADO NO ATO DA COMPRA. CASO QUEIRA O MATERIAL EM FORMATO IMAGEM JPEG, ENTRE EM CONTATO CONOSCO PELO WHATSAPP: 31-994716920<\/strong><\/p>\n<p style=\"text-align: center;\"><strong>MAIS INFORMA\u00c7\u00d5ES E COMPRA PELO PIX, ENTRE EM CONTATO CONOSCO: 31-994716920. PIX: 31-994716920 (Eduardo de Sousa)<\/strong><\/p>\n<p style=\"text-align: center;\"><strong>ENVIO DO MATERIAL: EM AT\u00c9 1 (UM) DIA \u00daTIL, AP\u00d3S A CONFIRMA\u00c7\u00c3O DO PAGAMENTO<\/strong>\u00a0<strong>(SER\u00c1 ENVIADO UM LINK DO GOOGLE DRIVE NO E-MAIL INFORMADO NO ATO DA COMPRA PARA O DOWNLOAD DA APOSTILA).<\/strong><\/p>\n","protected":false},"featured_media":24507,"comment_status":"open","ping_status":"closed","template":"","meta":[],"product_brand":[],"product_cat":[44],"product_tag":[128,31,37],"class_list":{"0":"post-24504","1":"product","2":"type-product","3":"status-publish","4":"has-post-thumbnail","6":"product_cat-lingua-portuguesa","7":"product_tag-atividades-adaptadas","8":"product_tag-atividades-ludicas","9":"product_tag-mapas-mentais","11":"first","12":"instock","13":"virtual","14":"taxable","15":"purchasable","16":"product-type-simple"},"_links":{"self":[{"href":"https:\/\/cacapalavrasdidaticos.com.br\/site\/wp-json\/wp\/v2\/product\/24504","targetHints":{"allow":["GET"]}}],"collection":[{"href":"https:\/\/cacapalavrasdidaticos.com.br\/site\/wp-json\/wp\/v2\/product"}],"about":[{"href":"https:\/\/cacapalavrasdidaticos.com.br\/site\/wp-json\/wp\/v2\/types\/product"}],"replies":[{"embeddable":true,"href":"https:\/\/cacapalavrasdidaticos.com.br\/site\/wp-json\/wp\/v2\/comments?post=24504"}],"wp:featuredmedia":[{"embeddable":true,"href":"https:\/\/cacapalavrasdidaticos.com.br\/site\/wp-json\/wp\/v2\/media\/24507"}],"wp:attachment":[{"href":"https:\/\/cacapalavrasdidaticos.com.br\/site\/wp-json\/wp\/v2\/media?parent=24504"}],"wp:term":[{"taxonomy":"product_brand","embeddable":true,"href":"https:\/\/cacapalavrasdidaticos.com.br\/site\/wp-json\/wp\/v2\/product_brand?post=24504"},{"taxonomy":"product_cat","embeddable":true,"href":"https:\/\/cacapalavrasdidaticos.com.br\/site\/wp-json\/wp\/v2\/product_cat?post=24504"},{"taxonomy":"product_tag","embeddable":true,"href":"https:\/\/cacapalavrasdidaticos.com.br\/site\/wp-json\/wp\/v2\/product_tag?post=24504"}],"curies":[{"name":"wp","href":"https:\/\/api.w.org\/{rel}","templated":true}]}}