{"id":24498,"date":"2026-01-30T23:34:22","date_gmt":"2026-01-31T02:34:22","guid":{"rendered":"https:\/\/cacapalavrasdidaticos.com.br\/site\/?post_type=product&#038;p=24498"},"modified":"2026-01-30T23:38:04","modified_gmt":"2026-01-31T02:38:04","slug":"atividades-com-mapas-mentais-ensino-fundamental-2-coerencia-coesao-e-sentido-da-palavra-2","status":"publish","type":"product","link":"https:\/\/cacapalavrasdidaticos.com.br\/site\/produto\/atividades-com-mapas-mentais-ensino-fundamental-2-coerencia-coesao-e-sentido-da-palavra-2\/","title":{"rendered":"ATIVIDADES COM MAPAS MENTAIS &#8211; ENSINO FUNDAMENTAL 2 &#8211; COER\u00caNCIA, COES\u00c3O E SENTIDO DA PALAVRA"},"content":{"rendered":"","protected":false},"excerpt":{"rendered":"<div class=\"flex flex-col text-sm pb-25\">\n<article class=\"text-token-text-primary w-full focus:outline-none [--shadow-height:45px] has-data-writing-block:pointer-events-none has-data-writing-block:-mt-(--shadow-height) has-data-writing-block:pt-(--shadow-height) [&amp;:has([data-writing-block])&gt;*]:pointer-events-auto scroll-mt-[calc(var(--header-height)+min(200px,max(70px,20svh)))]\" dir=\"auto\" tabindex=\"-1\" data-turn-id=\"request-WEB:952fb7d2-1e4f-4473-87e8-b0c956897ad5-4\" data-testid=\"conversation-turn-10\" data-scroll-anchor=\"true\" data-turn=\"assistant\">\n<div class=\"text-base my-auto mx-auto pb-10 [--thread-content-margin:--spacing(4)] @w-sm\/main:[--thread-content-margin:--spacing(6)] @w-lg\/main:[--thread-content-margin:--spacing(16)] px-(--thread-content-margin)\">\n<div class=\"[--thread-content-max-width:40rem] @w-lg\/main:[--thread-content-max-width:48rem] mx-auto max-w-(--thread-content-max-width) flex-1 group\/turn-messages focus-visible:outline-hidden relative flex w-full min-w-0 flex-col agent-turn\" tabindex=\"-1\">\n<div class=\"flex max-w-full flex-col grow\">\n<div class=\"min-h-8 text-message relative flex w-full flex-col items-end gap-2 text-start break-words whitespace-normal [.text-message+&amp;]:mt-1\" dir=\"auto\" data-message-author-role=\"assistant\" data-message-id=\"576709fc-48a0-432c-a264-6ca46efc6820\" data-message-model-slug=\"gpt-4o-mini\">\n<div class=\"flex w-full flex-col gap-1 empty:hidden first:pt-[1px]\">\n<div class=\"markdown prose dark:prose-invert w-full break-words light markdown-new-styling\">\n<p data-start=\"60\" data-end=\"104\"><strong data-start=\"60\" data-end=\"104\">L\u00edngua Portuguesa | Ensino Fundamental 2<\/strong><\/p>\n<p data-start=\"106\" data-end=\"183\">\ud83d\udcda <strong data-start=\"109\" data-end=\"183\">Atividades com Mapas Mentais, Estudos Dirigidos e Imagens para Colorir<\/strong><\/p>\n<p data-start=\"185\" data-end=\"201\">\ud83c\udf0d <strong data-start=\"188\" data-end=\"201\">Conte\u00fado:<\/strong><\/p>\n<ul data-start=\"203\" data-end=\"482\">\n<li data-start=\"203\" data-end=\"260\">\n<p data-start=\"205\" data-end=\"260\"><strong data-start=\"205\" data-end=\"249\">Coer\u00eancia e Progress\u00e3o Tem\u00e1tica no Texto<\/strong> \u2013 EF06LP02<\/p>\n<\/li>\n<li data-start=\"261\" data-end=\"309\">\n<p data-start=\"263\" data-end=\"309\"><strong data-start=\"263\" data-end=\"298\">Coes\u00e3o Referencial e Sequencial<\/strong> \u2013 EF07LP04<\/p>\n<\/li>\n<li data-start=\"310\" data-end=\"364\">\n<p data-start=\"312\" data-end=\"364\"><strong data-start=\"312\" data-end=\"353\">Vozes no Discurso (Direto e Indireto)<\/strong> \u2013 EF07LP05<\/p>\n<\/li>\n<li data-start=\"365\" data-end=\"423\">\n<p data-start=\"367\" data-end=\"423\"><strong data-start=\"367\" data-end=\"412\">Denota\u00e7\u00e3o e Conota\u00e7\u00e3o (Efeito de Sentido)<\/strong> \u2013 EF08LP09<\/p>\n<\/li>\n<li data-start=\"424\" data-end=\"482\">\n<p data-start=\"426\" data-end=\"482\"><strong data-start=\"426\" data-end=\"471\">Conectores e Marcadores de Tempo e Espa\u00e7o<\/strong> \u2013 EF09LP06<\/p>\n<\/li>\n<\/ul>\n<p data-start=\"484\" data-end=\"806\">\n<p data-start=\"484\" data-end=\"806\">\ud83c\udfaf <strong data-start=\"487\" data-end=\"499\">Objetivo<\/strong>: Desenvolver a compreens\u00e3o dos alunos sobre a coer\u00eancia, coes\u00e3o e os efeitos de sentido no texto, al\u00e9m da utiliza\u00e7\u00e3o dos conectores e marcadores de tempo e espa\u00e7o. As atividades promovem a reflex\u00e3o cr\u00edtica e o desenvolvimento da escrita, ajudando a melhorar a clareza e a organiza\u00e7\u00e3o das ideias nos textos.<\/p>\n<p data-start=\"808\" data-end=\"825\">\ud83d\udd0e <strong data-start=\"811\" data-end=\"825\">Para quem?<\/strong><\/p>\n<ul data-start=\"827\" data-end=\"971\">\n<li data-start=\"827\" data-end=\"864\">\n<p data-start=\"829\" data-end=\"864\">Estudantes do Ensino Fundamental 2.<\/p>\n<\/li>\n<li data-start=\"865\" data-end=\"971\">\n<p data-start=\"867\" data-end=\"971\">Professores que buscam atividades visuais e interativas para enriquecer suas aulas de L\u00edngua Portuguesa.<\/p>\n<\/li>\n<\/ul>\n<\/div>\n<\/div>\n<\/div>\n<\/div>\n<div class=\"z-0 flex min-h-[46px] justify-start\"><\/div>\n<\/div>\n<\/div>\n<\/article>\n<\/div>\n<p style=\"text-align: center;\"><strong>AVISO IMPORTANTE:<\/strong><\/p>\n<p style=\"text-align: center;\"><strong>AS APOSTILAS S\u00c3O ENVIADAS EM FORMATO PDF NO EMAIL CADASTRADO NO ATO DA COMPRA. CASO QUEIRA O MATERIAL EM FORMATO IMAGEM JPEG, ENTRE EM CONTATO CONOSCO PELO WHATSAPP: 31-994716920<\/strong><\/p>\n<p style=\"text-align: center;\"><strong>MAIS INFORMA\u00c7\u00d5ES E COMPRA PELO PIX, ENTRE EM CONTATO CONOSCO: 31-994716920. PIX: 31-994716920 (Eduardo de Sousa)<\/strong><\/p>\n<p style=\"text-align: center;\"><strong>ENVIO DO MATERIAL: EM AT\u00c9 1 (UM) DIA \u00daTIL, AP\u00d3S A CONFIRMA\u00c7\u00c3O DO PAGAMENTO<\/strong>\u00a0<strong>(SER\u00c1 ENVIADO UM LINK DO GOOGLE DRIVE NO E-MAIL INFORMADO NO ATO DA COMPRA PARA O DOWNLOAD DA APOSTILA).<\/strong><\/p>\n","protected":false},"featured_media":24499,"comment_status":"open","ping_status":"closed","template":"","meta":[],"product_brand":[],"product_cat":[44],"product_tag":[128,31,37],"class_list":{"0":"post-24498","1":"product","2":"type-product","3":"status-publish","4":"has-post-thumbnail","6":"product_cat-lingua-portuguesa","7":"product_tag-atividades-adaptadas","8":"product_tag-atividades-ludicas","9":"product_tag-mapas-mentais","11":"first","12":"instock","13":"virtual","14":"taxable","15":"purchasable","16":"product-type-simple"},"_links":{"self":[{"href":"https:\/\/cacapalavrasdidaticos.com.br\/site\/wp-json\/wp\/v2\/product\/24498","targetHints":{"allow":["GET"]}}],"collection":[{"href":"https:\/\/cacapalavrasdidaticos.com.br\/site\/wp-json\/wp\/v2\/product"}],"about":[{"href":"https:\/\/cacapalavrasdidaticos.com.br\/site\/wp-json\/wp\/v2\/types\/product"}],"replies":[{"embeddable":true,"href":"https:\/\/cacapalavrasdidaticos.com.br\/site\/wp-json\/wp\/v2\/comments?post=24498"}],"wp:featuredmedia":[{"embeddable":true,"href":"https:\/\/cacapalavrasdidaticos.com.br\/site\/wp-json\/wp\/v2\/media\/24499"}],"wp:attachment":[{"href":"https:\/\/cacapalavrasdidaticos.com.br\/site\/wp-json\/wp\/v2\/media?parent=24498"}],"wp:term":[{"taxonomy":"product_brand","embeddable":true,"href":"https:\/\/cacapalavrasdidaticos.com.br\/site\/wp-json\/wp\/v2\/product_brand?post=24498"},{"taxonomy":"product_cat","embeddable":true,"href":"https:\/\/cacapalavrasdidaticos.com.br\/site\/wp-json\/wp\/v2\/product_cat?post=24498"},{"taxonomy":"product_tag","embeddable":true,"href":"https:\/\/cacapalavrasdidaticos.com.br\/site\/wp-json\/wp\/v2\/product_tag?post=24498"}],"curies":[{"name":"wp","href":"https:\/\/api.w.org\/{rel}","templated":true}]}}