{"id":24491,"date":"2026-01-30T23:25:05","date_gmt":"2026-01-31T02:25:05","guid":{"rendered":"https:\/\/cacapalavrasdidaticos.com.br\/site\/?post_type=product&#038;p=24491"},"modified":"2026-01-30T23:33:12","modified_gmt":"2026-01-31T02:33:12","slug":"atividades-com-mapas-mentais-ensino-fundamental-2-introducao-a-argumentacao-e-critica","status":"publish","type":"product","link":"https:\/\/cacapalavrasdidaticos.com.br\/site\/produto\/atividades-com-mapas-mentais-ensino-fundamental-2-introducao-a-argumentacao-e-critica\/","title":{"rendered":"ATIVIDADES COM MAPAS MENTAIS &#8211; ENSINO FUNDAMENTAL 2 &#8211; INTRODU\u00c7\u00c3O \u00c0 ARGUMENTA\u00c7\u00c3O E CR\u00cdTICA"},"content":{"rendered":"","protected":false},"excerpt":{"rendered":"<div class=\"flex flex-col text-sm pb-25\">\n<article class=\"text-token-text-primary w-full focus:outline-none [--shadow-height:45px] has-data-writing-block:pointer-events-none has-data-writing-block:-mt-(--shadow-height) has-data-writing-block:pt-(--shadow-height) [&amp;:has([data-writing-block])&gt;*]:pointer-events-auto scroll-mt-[calc(var(--header-height)+min(200px,max(70px,20svh)))]\" dir=\"auto\" tabindex=\"-1\" data-turn-id=\"request-WEB:952fb7d2-1e4f-4473-87e8-b0c956897ad5-4\" data-testid=\"conversation-turn-10\" data-scroll-anchor=\"true\" data-turn=\"assistant\">\n<div class=\"text-base my-auto mx-auto pb-10 [--thread-content-margin:--spacing(4)] @w-sm\/main:[--thread-content-margin:--spacing(6)] @w-lg\/main:[--thread-content-margin:--spacing(16)] px-(--thread-content-margin)\">\n<div class=\"[--thread-content-max-width:40rem] @w-lg\/main:[--thread-content-max-width:48rem] mx-auto max-w-(--thread-content-max-width) flex-1 group\/turn-messages focus-visible:outline-hidden relative flex w-full min-w-0 flex-col agent-turn\" tabindex=\"-1\">\n<div class=\"flex max-w-full flex-col grow\">\n<div class=\"min-h-8 text-message relative flex w-full flex-col items-end gap-2 text-start break-words whitespace-normal [.text-message+&amp;]:mt-1\" dir=\"auto\" data-message-author-role=\"assistant\" data-message-id=\"576709fc-48a0-432c-a264-6ca46efc6820\" data-message-model-slug=\"gpt-4o-mini\">\n<div class=\"flex w-full flex-col gap-1 empty:hidden first:pt-[1px]\">\n<div class=\"markdown prose dark:prose-invert w-full break-words light markdown-new-styling\">\n<p data-start=\"81\" data-end=\"125\"><strong data-start=\"81\" data-end=\"125\">L\u00edngua Portuguesa | Ensino Fundamental 2<\/strong><\/p>\n<p data-start=\"127\" data-end=\"204\">\ud83d\udcda <strong data-start=\"130\" data-end=\"204\">Atividades com Mapas Mentais, Estudos Dirigidos e Imagens para Colorir<\/strong><\/p>\n<p data-start=\"206\" data-end=\"222\">\ud83c\udf0d <strong data-start=\"209\" data-end=\"222\">Conte\u00fado:<\/strong><\/p>\n<ul data-start=\"224\" data-end=\"476\">\n<li data-start=\"224\" data-end=\"273\">\n<p data-start=\"226\" data-end=\"273\"><strong data-start=\"226\" data-end=\"260\">Contexto de Produ\u00e7\u00e3o (Leitura)<\/strong> \u2013 EF06LP02<\/p>\n<\/li>\n<li data-start=\"274\" data-end=\"321\">\n<p data-start=\"276\" data-end=\"321\"><strong data-start=\"276\" data-end=\"308\">Elementos do Texto Narrativo<\/strong> \u2013 EF07LP04<\/p>\n<\/li>\n<li data-start=\"322\" data-end=\"369\">\n<p data-start=\"324\" data-end=\"369\"><strong data-start=\"324\" data-end=\"356\">Elementos do Texto Dram\u00e1tico<\/strong> \u2013 EF07LP05<\/p>\n<\/li>\n<li data-start=\"370\" data-end=\"421\">\n<p data-start=\"372\" data-end=\"421\"><strong data-start=\"372\" data-end=\"408\">G\u00eaneros de Divulga\u00e7\u00e3o Cient\u00edfica<\/strong> \u2013 EF08LP09<\/p>\n<\/li>\n<li data-start=\"422\" data-end=\"476\">\n<p data-start=\"424\" data-end=\"476\"><strong data-start=\"424\" data-end=\"465\">Fun\u00e7\u00e3o Social e Diversidade Liter\u00e1ria<\/strong> \u2013 EF09LP06<\/p>\n<\/li>\n<\/ul>\n<p data-start=\"478\" data-end=\"761\">\n<p data-start=\"478\" data-end=\"761\">\ud83c\udfaf <strong data-start=\"481\" data-end=\"493\">Objetivo<\/strong>:<br data-start=\"494\" data-end=\"497\" \/>Desenvolver a compreens\u00e3o sobre os diferentes tipos de textos e suas fun\u00e7\u00f5es, estimulando a reflex\u00e3o cr\u00edtica e a aprecia\u00e7\u00e3o liter\u00e1ria. As atividades visam explorar as formas narrativas, dram\u00e1ticas e cient\u00edficas, al\u00e9m de promover o respeito \u00e0 diversidade liter\u00e1ria.<\/p>\n<p data-start=\"763\" data-end=\"780\">\ud83d\udd0e <strong data-start=\"766\" data-end=\"780\">Para quem?<\/strong><\/p>\n<ul data-start=\"782\" data-end=\"938\">\n<li data-start=\"782\" data-end=\"823\">\n<p data-start=\"784\" data-end=\"823\">Estudantes do <strong data-start=\"798\" data-end=\"822\">Ensino Fundamental 2<\/strong>.<\/p>\n<\/li>\n<li data-start=\"824\" data-end=\"938\">\n<p data-start=\"826\" data-end=\"938\">Professores que buscam <strong data-start=\"849\" data-end=\"885\">atividades visuais e interativas<\/strong> para enriquecer suas aulas de <strong data-start=\"916\" data-end=\"937\">L\u00edngua Portuguesa<\/strong>.<\/p>\n<\/li>\n<\/ul>\n<\/div>\n<\/div>\n<\/div>\n<\/div>\n<div class=\"z-0 flex min-h-[46px] justify-start\"><\/div>\n<\/div>\n<\/div>\n<\/article>\n<\/div>\n<p style=\"text-align: center;\"><strong>AVISO IMPORTANTE:<\/strong><\/p>\n<p style=\"text-align: center;\"><strong>AS APOSTILAS S\u00c3O ENVIADAS EM FORMATO PDF NO EMAIL CADASTRADO NO ATO DA COMPRA. CASO QUEIRA O MATERIAL EM FORMATO IMAGEM JPEG, ENTRE EM CONTATO CONOSCO PELO WHATSAPP: 31-994716920<\/strong><\/p>\n<p style=\"text-align: center;\"><strong>MAIS INFORMA\u00c7\u00d5ES E COMPRA PELO PIX, ENTRE EM CONTATO CONOSCO: 31-994716920. PIX: 31-994716920 (Eduardo de Sousa)<\/strong><\/p>\n<p style=\"text-align: center;\"><strong>ENVIO DO MATERIAL: EM AT\u00c9 1 (UM) DIA \u00daTIL, AP\u00d3S A CONFIRMA\u00c7\u00c3O DO PAGAMENTO<\/strong>\u00a0<strong>(SER\u00c1 ENVIADO UM LINK DO GOOGLE DRIVE NO E-MAIL INFORMADO NO ATO DA COMPRA PARA O DOWNLOAD DA APOSTILA).<\/strong><\/p>\n","protected":false},"featured_media":24492,"comment_status":"open","ping_status":"closed","template":"","meta":[],"product_brand":[],"product_cat":[44],"product_tag":[128,31,37],"class_list":{"0":"post-24491","1":"product","2":"type-product","3":"status-publish","4":"has-post-thumbnail","6":"product_cat-lingua-portuguesa","7":"product_tag-atividades-adaptadas","8":"product_tag-atividades-ludicas","9":"product_tag-mapas-mentais","11":"first","12":"instock","13":"virtual","14":"taxable","15":"purchasable","16":"product-type-simple"},"_links":{"self":[{"href":"https:\/\/cacapalavrasdidaticos.com.br\/site\/wp-json\/wp\/v2\/product\/24491","targetHints":{"allow":["GET"]}}],"collection":[{"href":"https:\/\/cacapalavrasdidaticos.com.br\/site\/wp-json\/wp\/v2\/product"}],"about":[{"href":"https:\/\/cacapalavrasdidaticos.com.br\/site\/wp-json\/wp\/v2\/types\/product"}],"replies":[{"embeddable":true,"href":"https:\/\/cacapalavrasdidaticos.com.br\/site\/wp-json\/wp\/v2\/comments?post=24491"}],"wp:featuredmedia":[{"embeddable":true,"href":"https:\/\/cacapalavrasdidaticos.com.br\/site\/wp-json\/wp\/v2\/media\/24492"}],"wp:attachment":[{"href":"https:\/\/cacapalavrasdidaticos.com.br\/site\/wp-json\/wp\/v2\/media?parent=24491"}],"wp:term":[{"taxonomy":"product_brand","embeddable":true,"href":"https:\/\/cacapalavrasdidaticos.com.br\/site\/wp-json\/wp\/v2\/product_brand?post=24491"},{"taxonomy":"product_cat","embeddable":true,"href":"https:\/\/cacapalavrasdidaticos.com.br\/site\/wp-json\/wp\/v2\/product_cat?post=24491"},{"taxonomy":"product_tag","embeddable":true,"href":"https:\/\/cacapalavrasdidaticos.com.br\/site\/wp-json\/wp\/v2\/product_tag?post=24491"}],"curies":[{"name":"wp","href":"https:\/\/api.w.org\/{rel}","templated":true}]}}