{"id":24453,"date":"2026-01-29T18:31:05","date_gmt":"2026-01-29T21:31:05","guid":{"rendered":"https:\/\/cacapalavrasdidaticos.com.br\/site\/?post_type=product&#038;p=24453"},"modified":"2026-01-31T01:46:10","modified_gmt":"2026-01-31T04:46:10","slug":"mini-lapbooks-de-geografia-6o-ano-pre-historia-e-antiguidade-5-temas","status":"publish","type":"product","link":"https:\/\/cacapalavrasdidaticos.com.br\/site\/produto\/mini-lapbooks-de-geografia-6o-ano-pre-historia-e-antiguidade-5-temas\/","title":{"rendered":"MINI LAPBOOKS DE GEOGRAFIA &#8211; 6\u00ba ANO: PR\u00c9-HIST\u00d3RIA E ANTIGUIDADE (5 TEMAS)"},"content":{"rendered":"","protected":false},"excerpt":{"rendered":"<p data-start=\"0\" data-end=\"37\"><strong data-start=\"0\" data-end=\"37\">Mini Lapbooks \u2013 Hist\u00f3ria | 6\u00ba Ano<\/strong><\/p>\n<p data-start=\"39\" data-end=\"416\">Este material pedag\u00f3gico interativo, alinhado \u00e0 BNCC, visa promover a aprendizagem ativa e reflexiva por meio de atividades visuais e investigativas. Ele ajuda os alunos a compreenderem os principais conceitos hist\u00f3ricos, com foco em eventos e per\u00edodos fundamentais, como as origens da civiliza\u00e7\u00e3o, a evolu\u00e7\u00e3o das sociedades humanas, e as grandes transforma\u00e7\u00f5es da Antiguidade.<\/p>\n<p data-start=\"418\" data-end=\"447\"><strong data-start=\"418\" data-end=\"447\">Temas e habilidades BNCC:<\/strong><\/p>\n<ul data-start=\"449\" data-end=\"736\">\n<li data-start=\"449\" data-end=\"513\">\n<p data-start=\"451\" data-end=\"513\"><strong data-start=\"451\" data-end=\"500\">A Hist\u00f3ria e os seres humanos: tempo e espa\u00e7o<\/strong> \u2013 EF06HI01<\/p>\n<\/li>\n<li data-start=\"514\" data-end=\"573\">\n<p data-start=\"516\" data-end=\"573\"><strong data-start=\"516\" data-end=\"560\">Modos de vida e modifica\u00e7\u00f5es da natureza<\/strong> \u2013 EF06HI02<\/p>\n<\/li>\n<li data-start=\"574\" data-end=\"623\">\n<p data-start=\"576\" data-end=\"623\"><strong data-start=\"576\" data-end=\"610\">Povos da Antiguidade na \u00c1frica<\/strong> \u2013 EF06HI04<\/p>\n<\/li>\n<li data-start=\"624\" data-end=\"672\">\n<p data-start=\"626\" data-end=\"672\"><strong data-start=\"626\" data-end=\"659\">Sociedades antigas do Oriente<\/strong> \u2013 EF06HI03<\/p>\n<\/li>\n<li data-start=\"673\" data-end=\"707\">\n<p data-start=\"675\" data-end=\"707\"><strong data-start=\"675\" data-end=\"694\">A Gr\u00e9cia Antiga<\/strong> \u2013 EF06HI05<\/p>\n<\/li>\n<li data-start=\"708\" data-end=\"736\">\n<p data-start=\"710\" data-end=\"736\"><strong data-start=\"710\" data-end=\"725\">Roma Antiga<\/strong> \u2013 EF06HI06<\/p>\n<\/li>\n<\/ul>\n<p>&nbsp;<\/p>\n<p style=\"text-align: center;\"><strong>AVISO IMPORTANTE:<\/strong><\/p>\n<p style=\"text-align: center;\"><strong>AS APOSTILAS S\u00c3O ENVIADAS EM FORMATO PDF NO EMAIL CADASTRADO NO ATO DA COMPRA. CASO QUEIRA O MATERIAL EM FORMATO IMAGEM JPEG, ENTRE EM CONTATO CONOSCO PELO WHATSAPP: 31-994716920<\/strong><\/p>\n<p style=\"text-align: center;\"><strong>MAIS INFORMA\u00c7\u00d5ES E COMPRA PELO PIX, ENTRE EM CONTATO CONOSCO: 31-994716920. PIX: 31-994716920 (Eduardo de Sousa)<\/strong><\/p>\n<p style=\"text-align: center;\"><strong>ENVIO DO MATERIAL: EM AT\u00c9 1 (UM) DIA \u00daTIL, AP\u00d3S A CONFIRMA\u00c7\u00c3O DO PAGAMENTO<\/strong>\u00a0<strong>(SER\u00c1 ENVIADO UM LINK DO GOOGLE DRIVE NO E-MAIL INFORMADO NO ATO DA COMPRA PARA O DOWNLOAD DA APOSTILA).<\/strong><\/p>\n","protected":false},"featured_media":24454,"comment_status":"open","ping_status":"closed","template":"","meta":[],"product_brand":[],"product_cat":[166,23],"product_tag":[128,31,86,183,182],"class_list":{"0":"post-24453","1":"product","2":"type-product","3":"status-publish","4":"has-post-thumbnail","6":"product_cat-humanidades-e-ciencias-sociais-mg-ensinomedio","7":"product_cat-historia","8":"product_tag-atividades-adaptadas","9":"product_tag-atividades-ludicas","10":"product_tag-historia","11":"product_tag-lapbooks","12":"product_tag-mini-lapbooks","14":"first","15":"instock","16":"virtual","17":"taxable","18":"purchasable","19":"product-type-simple"},"_links":{"self":[{"href":"https:\/\/cacapalavrasdidaticos.com.br\/site\/wp-json\/wp\/v2\/product\/24453","targetHints":{"allow":["GET"]}}],"collection":[{"href":"https:\/\/cacapalavrasdidaticos.com.br\/site\/wp-json\/wp\/v2\/product"}],"about":[{"href":"https:\/\/cacapalavrasdidaticos.com.br\/site\/wp-json\/wp\/v2\/types\/product"}],"replies":[{"embeddable":true,"href":"https:\/\/cacapalavrasdidaticos.com.br\/site\/wp-json\/wp\/v2\/comments?post=24453"}],"wp:featuredmedia":[{"embeddable":true,"href":"https:\/\/cacapalavrasdidaticos.com.br\/site\/wp-json\/wp\/v2\/media\/24454"}],"wp:attachment":[{"href":"https:\/\/cacapalavrasdidaticos.com.br\/site\/wp-json\/wp\/v2\/media?parent=24453"}],"wp:term":[{"taxonomy":"product_brand","embeddable":true,"href":"https:\/\/cacapalavrasdidaticos.com.br\/site\/wp-json\/wp\/v2\/product_brand?post=24453"},{"taxonomy":"product_cat","embeddable":true,"href":"https:\/\/cacapalavrasdidaticos.com.br\/site\/wp-json\/wp\/v2\/product_cat?post=24453"},{"taxonomy":"product_tag","embeddable":true,"href":"https:\/\/cacapalavrasdidaticos.com.br\/site\/wp-json\/wp\/v2\/product_tag?post=24453"}],"curies":[{"name":"wp","href":"https:\/\/api.w.org\/{rel}","templated":true}]}}