{"id":24410,"date":"2026-01-28T15:47:32","date_gmt":"2026-01-28T18:47:32","guid":{"rendered":"https:\/\/cacapalavrasdidaticos.com.br\/site\/?post_type=product&#038;p=24410"},"modified":"2026-01-28T15:49:52","modified_gmt":"2026-01-28T18:49:52","slug":"mini-lapbooks-de-geografia-8o-ano-formacao-dos-estados-nacionais-e-capitalismo-5-temas","status":"publish","type":"product","link":"https:\/\/cacapalavrasdidaticos.com.br\/site\/produto\/mini-lapbooks-de-geografia-8o-ano-formacao-dos-estados-nacionais-e-capitalismo-5-temas\/","title":{"rendered":"MINI LAPBOOKS DE GEOGRAFIA &#8211; 8\u00ba ANO:  Forma\u00e7\u00e3o dos Estados Nacionais e Capitalismo (5 TEMAS)"},"content":{"rendered":"","protected":false},"excerpt":{"rendered":"<p data-start=\"199\" data-end=\"237\"><strong data-start=\"199\" data-end=\"237\">Mini Lapbooks \u2013 Geografia | 8\u00ba Ano<\/strong><\/p>\n<p data-start=\"239\" data-end=\"672\">Material pedag\u00f3gico interativo, alinhado \u00e0 BNCC, que promove a aprendizagem ativa por meio de atividades visuais, investigativas e reflexivas. Este recurso auxilia os estudantes a compreender os conceitos geogr\u00e1ficos fundamentais relacionados \u00e0 forma\u00e7\u00e3o dos Estados nacionais, ao capitalismo, \u00e0 Revolu\u00e7\u00e3o Industrial e \u00e0 moderniza\u00e7\u00e3o dos Estados, explorando os impactos sociais e econ\u00f4micos dessas transforma\u00e7\u00f5es no Brasil e no mundo.<\/p>\n<p data-start=\"674\" data-end=\"703\"><strong data-start=\"674\" data-end=\"702\">Temas e habilidades BNCC<\/strong>:<\/p>\n<ul data-start=\"705\" data-end=\"1058\">\n<li data-start=\"705\" data-end=\"770\">\n<p data-start=\"707\" data-end=\"770\"><strong data-start=\"707\" data-end=\"755\">Forma\u00e7\u00e3o dos Estados Nacionais e Capitalismo<\/strong> \u2013 <strong data-start=\"758\" data-end=\"770\">EF08GE01<\/strong><\/p>\n<\/li>\n<li data-start=\"771\" data-end=\"837\">\n<p data-start=\"773\" data-end=\"837\"><strong data-start=\"773\" data-end=\"822\">A Ascens\u00e3o do Capitalismo no Contexto Mundial<\/strong> \u2013 <strong data-start=\"825\" data-end=\"837\">EF08GE02<\/strong><\/p>\n<\/li>\n<li data-start=\"838\" data-end=\"913\">\n<p data-start=\"840\" data-end=\"913\"><strong data-start=\"840\" data-end=\"898\">A Revolu\u00e7\u00e3o Industrial e a Transforma\u00e7\u00e3o das Economias<\/strong> \u2013 <strong data-start=\"901\" data-end=\"913\">EF08GE03<\/strong><\/p>\n<\/li>\n<li data-start=\"914\" data-end=\"978\">\n<p data-start=\"916\" data-end=\"978\"><strong data-start=\"916\" data-end=\"963\">O Impacto da Revolu\u00e7\u00e3o Industrial no Brasil<\/strong> \u2013 <strong data-start=\"966\" data-end=\"978\">EF08GE04<\/strong><\/p>\n<\/li>\n<li data-start=\"979\" data-end=\"1058\">\n<p data-start=\"981\" data-end=\"1058\"><strong data-start=\"981\" data-end=\"1043\">A Moderniza\u00e7\u00e3o dos Estados Nacionais e o Papel da Economia<\/strong> \u2013 <strong data-start=\"1046\" data-end=\"1058\">EF08GE05<\/strong><\/p>\n<\/li>\n<\/ul>\n<p data-start=\"1060\" data-end=\"1445\">Este material fornece uma abordagem completa sobre a transforma\u00e7\u00e3o econ\u00f4mica e social ao longo da hist\u00f3ria, destacando a evolu\u00e7\u00e3o do capitalismo e sua influ\u00eancia nas economias modernas, com um olhar espec\u00edfico sobre os efeitos no Brasil e em outros pa\u00edses ao redor do mundo. Ideal para promover uma compreens\u00e3o profunda sobre os processos hist\u00f3ricos que moldaram o mundo contempor\u00e2neo.<\/p>\n<p data-start=\"1060\" data-end=\"1445\">\n<p style=\"text-align: center;\"><strong>AVISO IMPORTANTE:<\/strong><\/p>\n<p style=\"text-align: center;\"><strong>AS APOSTILAS S\u00c3O ENVIADAS EM FORMATO PDF NO EMAIL CADASTRADO NO ATO DA COMPRA. CASO QUEIRA O MATERIAL EM FORMATO IMAGEM JPEG, ENTRE EM CONTATO CONOSCO PELO WHATSAPP: 31-994716920<\/strong><\/p>\n<p style=\"text-align: center;\"><strong>MAIS INFORMA\u00c7\u00d5ES E COMPRA PELO PIX, ENTRE EM CONTATO CONOSCO: 31-994716920. PIX: 31-994716920 (Eduardo de Sousa)<\/strong><\/p>\n<p style=\"text-align: center;\"><strong>ENVIO DO MATERIAL: EM AT\u00c9 1 (UM) DIA \u00daTIL, AP\u00d3S A CONFIRMA\u00c7\u00c3O DO PAGAMENTO<\/strong>\u00a0<strong>(SER\u00c1 ENVIADO UM LINK DO GOOGLE DRIVE NO E-MAIL INFORMADO NO ATO DA COMPRA PARA O DOWNLOAD DA APOSTILA).<\/strong><\/p>\n","protected":false},"featured_media":24416,"comment_status":"open","ping_status":"closed","template":"","meta":[],"product_brand":[],"product_cat":[166,153],"product_tag":[128,31,92,183,182],"class_list":{"0":"post-24410","1":"product","2":"type-product","3":"status-publish","4":"has-post-thumbnail","6":"product_cat-humanidades-e-ciencias-sociais-mg-ensinomedio","7":"product_cat-geografia","8":"product_tag-atividades-adaptadas","9":"product_tag-atividades-ludicas","10":"product_tag-geografia","11":"product_tag-lapbooks","12":"product_tag-mini-lapbooks","14":"first","15":"instock","16":"virtual","17":"taxable","18":"purchasable","19":"product-type-simple"},"_links":{"self":[{"href":"https:\/\/cacapalavrasdidaticos.com.br\/site\/wp-json\/wp\/v2\/product\/24410","targetHints":{"allow":["GET"]}}],"collection":[{"href":"https:\/\/cacapalavrasdidaticos.com.br\/site\/wp-json\/wp\/v2\/product"}],"about":[{"href":"https:\/\/cacapalavrasdidaticos.com.br\/site\/wp-json\/wp\/v2\/types\/product"}],"replies":[{"embeddable":true,"href":"https:\/\/cacapalavrasdidaticos.com.br\/site\/wp-json\/wp\/v2\/comments?post=24410"}],"wp:featuredmedia":[{"embeddable":true,"href":"https:\/\/cacapalavrasdidaticos.com.br\/site\/wp-json\/wp\/v2\/media\/24416"}],"wp:attachment":[{"href":"https:\/\/cacapalavrasdidaticos.com.br\/site\/wp-json\/wp\/v2\/media?parent=24410"}],"wp:term":[{"taxonomy":"product_brand","embeddable":true,"href":"https:\/\/cacapalavrasdidaticos.com.br\/site\/wp-json\/wp\/v2\/product_brand?post=24410"},{"taxonomy":"product_cat","embeddable":true,"href":"https:\/\/cacapalavrasdidaticos.com.br\/site\/wp-json\/wp\/v2\/product_cat?post=24410"},{"taxonomy":"product_tag","embeddable":true,"href":"https:\/\/cacapalavrasdidaticos.com.br\/site\/wp-json\/wp\/v2\/product_tag?post=24410"}],"curies":[{"name":"wp","href":"https:\/\/api.w.org\/{rel}","templated":true}]}}