{"id":24399,"date":"2026-01-28T15:32:58","date_gmt":"2026-01-28T18:32:58","guid":{"rendered":"https:\/\/cacapalavrasdidaticos.com.br\/site\/?post_type=product&#038;p=24399"},"modified":"2026-01-28T15:36:01","modified_gmt":"2026-01-28T18:36:01","slug":"mini-lapbooks-de-geografia-7o-ano-formacao-e-caracteristicas-do-territorio-brasileiro-5-temas-2","status":"publish","type":"product","link":"https:\/\/cacapalavrasdidaticos.com.br\/site\/produto\/mini-lapbooks-de-geografia-7o-ano-formacao-e-caracteristicas-do-territorio-brasileiro-5-temas-2\/","title":{"rendered":"MINI LAPBOOKS DE GEOGRAFIA &#8211; 7\u00ba ANO:  Forma\u00e7\u00e3o e Caracter\u00edsticas do Territ\u00f3rio Brasileiro (5 TEMAS)"},"content":{"rendered":"","protected":false},"excerpt":{"rendered":"<p data-start=\"0\" data-end=\"464\"><strong data-start=\"0\" data-end=\"38\">Mini Lapbooks \u2013 Geografia | 7\u00ba Ano<\/strong><br data-start=\"38\" data-end=\"41\" \/>Material pedag\u00f3gico interativo, alinhado \u00e0 BNCC, que promove a aprendizagem ativa por meio de atividades visuais, investigativas e reflexivas. Este recurso auxilia os estudantes a compreender os conceitos geogr\u00e1ficos fundamentais relacionados \u00e0 forma\u00e7\u00e3o e caracter\u00edsticas do territ\u00f3rio brasileiro, explorando a ocupa\u00e7\u00e3o do solo, os aspectos econ\u00f4micos, as din\u00e2micas das regi\u00f5es e a diversidade cultural que comp\u00f5e o Brasil.<\/p>\n<p data-start=\"466\" data-end=\"495\"><strong data-start=\"466\" data-end=\"495\">Temas e habilidades BNCC:<\/strong><\/p>\n<ul data-start=\"497\" data-end=\"923\">\n<li data-start=\"497\" data-end=\"571\">\n<p data-start=\"499\" data-end=\"571\"><strong data-start=\"499\" data-end=\"554\">Forma\u00e7\u00e3o e caracter\u00edsticas do territ\u00f3rio brasileiro<\/strong> \u2013 <strong data-start=\"557\" data-end=\"569\">EF07GE01<\/strong><\/p>\n<\/li>\n<li data-start=\"572\" data-end=\"664\">\n<p data-start=\"574\" data-end=\"664\"><strong data-start=\"574\" data-end=\"647\">A ocupa\u00e7\u00e3o do territ\u00f3rio brasileiro: movimentos migrat\u00f3rios e urbanos<\/strong> \u2013 <strong data-start=\"650\" data-end=\"662\">EF07GE02<\/strong><\/p>\n<\/li>\n<li data-start=\"665\" data-end=\"763\">\n<p data-start=\"667\" data-end=\"763\"><strong data-start=\"667\" data-end=\"746\">Regi\u00f5es geogr\u00e1ficas do Brasil: Norte, Nordeste, Centro-Oeste, Sudeste e Sul<\/strong> \u2013 <strong data-start=\"749\" data-end=\"761\">EF07GE03<\/strong><\/p>\n<\/li>\n<li data-start=\"764\" data-end=\"826\">\n<p data-start=\"766\" data-end=\"826\"><strong data-start=\"766\" data-end=\"809\">Aspectos econ\u00f4micos e sociais do Brasil<\/strong> \u2013 <strong data-start=\"812\" data-end=\"824\">EF07GE04<\/strong><\/p>\n<\/li>\n<li data-start=\"827\" data-end=\"923\">\n<p data-start=\"829\" data-end=\"923\"><strong data-start=\"829\" data-end=\"908\">A diversidade cultural no Brasil: etnias, manifesta\u00e7\u00f5es culturais e sociais<\/strong> \u2013 <strong data-start=\"911\" data-end=\"923\">EF07GE05<\/strong><\/p>\n<\/li>\n<\/ul>\n<p data-start=\"925\" data-end=\"1091\" data-is-last-node=\"\" data-is-only-node=\"\">Este material oferece uma abordagem completa e interativa sobre as caracter\u00edsticas geogr\u00e1ficas do Brasil, ideal para facilitar o aprendizado dos estudantes do 7\u00ba ano.<\/p>\n<p style=\"text-align: center;\"><strong>AVISO IMPORTANTE:<\/strong><\/p>\n<p style=\"text-align: center;\"><strong>AS APOSTILAS S\u00c3O ENVIADAS EM FORMATO PDF NO EMAIL CADASTRADO NO ATO DA COMPRA. CASO QUEIRA O MATERIAL EM FORMATO IMAGEM JPEG, ENTRE EM CONTATO CONOSCO PELO WHATSAPP: 31-994716920<\/strong><\/p>\n<p style=\"text-align: center;\"><strong>MAIS INFORMA\u00c7\u00d5ES E COMPRA PELO PIX, ENTRE EM CONTATO CONOSCO: 31-994716920. PIX: 31-994716920 (Eduardo de Sousa)<\/strong><\/p>\n<p style=\"text-align: center;\"><strong>ENVIO DO MATERIAL: EM AT\u00c9 1 (UM) DIA \u00daTIL, AP\u00d3S A CONFIRMA\u00c7\u00c3O DO PAGAMENTO<\/strong>\u00a0<strong>(SER\u00c1 ENVIADO UM LINK DO GOOGLE DRIVE NO E-MAIL INFORMADO NO ATO DA COMPRA PARA O DOWNLOAD DA APOSTILA).<\/strong><\/p>\n","protected":false},"featured_media":24392,"comment_status":"open","ping_status":"closed","template":"","meta":[],"product_brand":[],"product_cat":[166,153],"product_tag":[128,31,92,183,182],"class_list":{"0":"post-24399","1":"product","2":"type-product","3":"status-publish","4":"has-post-thumbnail","6":"product_cat-humanidades-e-ciencias-sociais-mg-ensinomedio","7":"product_cat-geografia","8":"product_tag-atividades-adaptadas","9":"product_tag-atividades-ludicas","10":"product_tag-geografia","11":"product_tag-lapbooks","12":"product_tag-mini-lapbooks","14":"first","15":"instock","16":"virtual","17":"taxable","18":"purchasable","19":"product-type-simple"},"_links":{"self":[{"href":"https:\/\/cacapalavrasdidaticos.com.br\/site\/wp-json\/wp\/v2\/product\/24399","targetHints":{"allow":["GET"]}}],"collection":[{"href":"https:\/\/cacapalavrasdidaticos.com.br\/site\/wp-json\/wp\/v2\/product"}],"about":[{"href":"https:\/\/cacapalavrasdidaticos.com.br\/site\/wp-json\/wp\/v2\/types\/product"}],"replies":[{"embeddable":true,"href":"https:\/\/cacapalavrasdidaticos.com.br\/site\/wp-json\/wp\/v2\/comments?post=24399"}],"wp:featuredmedia":[{"embeddable":true,"href":"https:\/\/cacapalavrasdidaticos.com.br\/site\/wp-json\/wp\/v2\/media\/24392"}],"wp:attachment":[{"href":"https:\/\/cacapalavrasdidaticos.com.br\/site\/wp-json\/wp\/v2\/media?parent=24399"}],"wp:term":[{"taxonomy":"product_brand","embeddable":true,"href":"https:\/\/cacapalavrasdidaticos.com.br\/site\/wp-json\/wp\/v2\/product_brand?post=24399"},{"taxonomy":"product_cat","embeddable":true,"href":"https:\/\/cacapalavrasdidaticos.com.br\/site\/wp-json\/wp\/v2\/product_cat?post=24399"},{"taxonomy":"product_tag","embeddable":true,"href":"https:\/\/cacapalavrasdidaticos.com.br\/site\/wp-json\/wp\/v2\/product_tag?post=24399"}],"curies":[{"name":"wp","href":"https:\/\/api.w.org\/{rel}","templated":true}]}}