{"id":24295,"date":"2026-01-26T21:32:49","date_gmt":"2026-01-27T00:32:49","guid":{"rendered":"https:\/\/cacapalavrasdidaticos.com.br\/site\/?post_type=product&#038;p=24295"},"modified":"2026-01-26T21:35:31","modified_gmt":"2026-01-27T00:35:31","slug":"atividades-com-mapas-mentais-de-historia-9o-ano-volume-1-as-grandes-transformacoes-do-seculo-xx","status":"publish","type":"product","link":"https:\/\/cacapalavrasdidaticos.com.br\/site\/produto\/atividades-com-mapas-mentais-de-historia-9o-ano-volume-1-as-grandes-transformacoes-do-seculo-xx\/","title":{"rendered":"ATIVIDADES COM MAPAS MENTAIS DE HIST\u00d3RIA &#8211; 9\u00ba ANO (VOLUME 1): AS GRANDES TRANSFORMA\u00c7\u00d5ES DO S\u00c9CULO XX"},"content":{"rendered":"","protected":false},"excerpt":{"rendered":"<div class=\"flex flex-col text-sm pb-25\">\n<article class=\"text-token-text-primary w-full focus:outline-none [--shadow-height:45px] has-data-writing-block:pointer-events-none has-data-writing-block:-mt-(--shadow-height) has-data-writing-block:pt-(--shadow-height) [&amp;:has([data-writing-block])&gt;*]:pointer-events-auto scroll-mt-[calc(var(--header-height)+min(200px,max(70px,20svh)))]\" dir=\"auto\" tabindex=\"-1\" data-turn-id=\"request-WEB:952fb7d2-1e4f-4473-87e8-b0c956897ad5-4\" data-testid=\"conversation-turn-10\" data-scroll-anchor=\"true\" data-turn=\"assistant\">\n<div class=\"text-base my-auto mx-auto pb-10 [--thread-content-margin:--spacing(4)] @w-sm\/main:[--thread-content-margin:--spacing(6)] @w-lg\/main:[--thread-content-margin:--spacing(16)] px-(--thread-content-margin)\">\n<div class=\"[--thread-content-max-width:40rem] @w-lg\/main:[--thread-content-max-width:48rem] mx-auto max-w-(--thread-content-max-width) flex-1 group\/turn-messages focus-visible:outline-hidden relative flex w-full min-w-0 flex-col agent-turn\" tabindex=\"-1\">\n<div class=\"flex max-w-full flex-col grow\">\n<div class=\"min-h-8 text-message relative flex w-full flex-col items-end gap-2 text-start break-words whitespace-normal [.text-message+&amp;]:mt-1\" dir=\"auto\" data-message-author-role=\"assistant\" data-message-id=\"576709fc-48a0-432c-a264-6ca46efc6820\" data-message-model-slug=\"gpt-4o-mini\">\n<div class=\"flex w-full flex-col gap-1 empty:hidden first:pt-[1px]\">\n<div class=\"markdown prose dark:prose-invert w-full break-words light markdown-new-styling\">\n<p data-start=\"59\" data-end=\"181\">\ud83d\udcda <strong data-start=\"62\" data-end=\"135\">Atividades com Mapas Mentais \u2013 AS GRANDES TRANSFORMA\u00c7\u00d5ES DO S\u00c9CULO XX<\/strong><br data-start=\"135\" data-end=\"138\" \/><strong data-start=\"138\" data-end=\"181\">9\u00ba ANO DO ENSINO FUNDAMENTAL | VOLUME 1<\/strong><\/p>\n<p data-start=\"183\" data-end=\"263\">\ud83c\udf0d <strong data-start=\"186\" data-end=\"263\">Estudos Dirigidos, Mapas Mentais para Completar e Atividades para Colorir<\/strong><\/p>\n<p data-start=\"265\" data-end=\"294\">\ud83d\udcd8 <strong data-start=\"268\" data-end=\"294\">Conte\u00fados Trabalhados:<\/strong><\/p>\n<ul data-start=\"295\" data-end=\"433\">\n<li data-start=\"295\" data-end=\"337\">\n<p data-start=\"297\" data-end=\"337\">A Partilha da \u00c1frica e o Neocolonialismo<\/p>\n<\/li>\n<li data-start=\"338\" data-end=\"375\">\n<p data-start=\"340\" data-end=\"375\">Primeira Guerra Mundial (1914\u20131918)<\/p>\n<\/li>\n<li data-start=\"376\" data-end=\"395\">\n<p data-start=\"378\" data-end=\"395\">A Revolu\u00e7\u00e3o Russa<\/p>\n<\/li>\n<li data-start=\"396\" data-end=\"416\">\n<p data-start=\"398\" data-end=\"416\">Nazismo e Fascismo<\/p>\n<\/li>\n<li data-start=\"417\" data-end=\"433\">\n<p data-start=\"419\" data-end=\"433\">Cria\u00e7\u00e3o da ONU<\/p>\n<\/li>\n<\/ul>\n<p data-start=\"435\" data-end=\"848\">\ud83c\udfaf <strong data-start=\"438\" data-end=\"451\">Objetivo:<\/strong><br data-start=\"451\" data-end=\"454\" \/>Promover a compreens\u00e3o das grandes transforma\u00e7\u00f5es pol\u00edticas, sociais e econ\u00f4micas do s\u00e9culo XX de forma ativa, visual e contextualizada, por meio de mapas mentais, estudos dirigidos e atividades para colorir. O material estimula o racioc\u00ednio hist\u00f3rico, a reflex\u00e3o cr\u00edtica sobre os impactos dessas transforma\u00e7\u00f5es e a an\u00e1lise das causas e consequ\u00eancias dos principais acontecimentos do s\u00e9culo XX.<\/p>\n<p data-start=\"850\" data-end=\"883\">\ud83d\udd0e <strong data-start=\"853\" data-end=\"883\">Para quem \u00e9 este material?<\/strong><\/p>\n<ul data-start=\"884\" data-end=\"1045\">\n<li data-start=\"884\" data-end=\"928\">\n<p data-start=\"886\" data-end=\"928\">Estudantes do 9\u00ba ano do Ensino Fundamental<\/p>\n<\/li>\n<li data-start=\"929\" data-end=\"1045\">\n<p data-start=\"931\" data-end=\"1045\">Professores que buscam atividades visuais, investigativas e conceitualmente estruturadas para o ensino de Hist\u00f3ria<\/p>\n<\/li>\n<\/ul>\n<p data-start=\"1047\" data-end=\"1315\">\ud83c\udf3f <strong data-start=\"1050\" data-end=\"1315\">Transforme o aprendizado de Hist\u00f3ria com mapas mentais estruturados, atividades pr\u00e1ticas e recursos did\u00e1ticos que facilitam a compreens\u00e3o de temas como a Partilha da \u00c1frica, a Primeira Guerra Mundial, a Revolu\u00e7\u00e3o Russa, o nazismo, o fascismo e a cria\u00e7\u00e3o da ONU.<\/strong><\/p>\n<\/div>\n<\/div>\n<\/div>\n<\/div>\n<div class=\"z-0 flex min-h-[46px] justify-start\"><\/div>\n<div class=\"mt-3 w-full empty:hidden\">\n<div class=\"text-center\"><\/div>\n<\/div>\n<\/div>\n<\/div>\n<\/article>\n<\/div>\n<p style=\"text-align: center;\"><strong>AVISO IMPORTANTE:<\/strong><\/p>\n<p style=\"text-align: center;\"><strong>AS APOSTILAS S\u00c3O ENVIADAS EM FORMATO PDF NO EMAIL CADASTRADO NO ATO DA COMPRA. CASO QUEIRA O MATERIAL EM FORMATO IMAGEM JPEG, ENTRE EM CONTATO CONOSCO PELO WHATSAPP: 31-994716920<\/strong><\/p>\n<p style=\"text-align: center;\"><strong>MAIS INFORMA\u00c7\u00d5ES E COMPRA PELO PIX, ENTRE EM CONTATO CONOSCO: 31-994716920. PIX: 31-994716920 (Eduardo de Sousa)<\/strong><\/p>\n<p style=\"text-align: center;\"><strong>ENVIO DO MATERIAL: EM AT\u00c9 1 (UM) DIA \u00daTIL, AP\u00d3S A CONFIRMA\u00c7\u00c3O DO PAGAMENTO<\/strong>\u00a0<strong>(SER\u00c1 ENVIADO UM LINK DO GOOGLE DRIVE NO E-MAIL INFORMADO NO ATO DA COMPRA PARA O DOWNLOAD DA APOSTILA).<\/strong><\/p>\n","protected":false},"featured_media":24279,"comment_status":"open","ping_status":"closed","template":"","meta":[],"product_brand":[],"product_cat":[23],"product_tag":[128,31,86,37],"class_list":{"0":"post-24295","1":"product","2":"type-product","3":"status-publish","4":"has-post-thumbnail","6":"product_cat-historia","7":"product_tag-atividades-adaptadas","8":"product_tag-atividades-ludicas","9":"product_tag-historia","10":"product_tag-mapas-mentais","12":"first","13":"instock","14":"virtual","15":"taxable","16":"purchasable","17":"product-type-simple"},"_links":{"self":[{"href":"https:\/\/cacapalavrasdidaticos.com.br\/site\/wp-json\/wp\/v2\/product\/24295","targetHints":{"allow":["GET"]}}],"collection":[{"href":"https:\/\/cacapalavrasdidaticos.com.br\/site\/wp-json\/wp\/v2\/product"}],"about":[{"href":"https:\/\/cacapalavrasdidaticos.com.br\/site\/wp-json\/wp\/v2\/types\/product"}],"replies":[{"embeddable":true,"href":"https:\/\/cacapalavrasdidaticos.com.br\/site\/wp-json\/wp\/v2\/comments?post=24295"}],"wp:featuredmedia":[{"embeddable":true,"href":"https:\/\/cacapalavrasdidaticos.com.br\/site\/wp-json\/wp\/v2\/media\/24279"}],"wp:attachment":[{"href":"https:\/\/cacapalavrasdidaticos.com.br\/site\/wp-json\/wp\/v2\/media?parent=24295"}],"wp:term":[{"taxonomy":"product_brand","embeddable":true,"href":"https:\/\/cacapalavrasdidaticos.com.br\/site\/wp-json\/wp\/v2\/product_brand?post=24295"},{"taxonomy":"product_cat","embeddable":true,"href":"https:\/\/cacapalavrasdidaticos.com.br\/site\/wp-json\/wp\/v2\/product_cat?post=24295"},{"taxonomy":"product_tag","embeddable":true,"href":"https:\/\/cacapalavrasdidaticos.com.br\/site\/wp-json\/wp\/v2\/product_tag?post=24295"}],"curies":[{"name":"wp","href":"https:\/\/api.w.org\/{rel}","templated":true}]}}