{"id":24285,"date":"2026-01-26T21:23:00","date_gmt":"2026-01-27T00:23:00","guid":{"rendered":"https:\/\/cacapalavrasdidaticos.com.br\/site\/?post_type=product&#038;p=24285"},"modified":"2026-01-26T21:27:16","modified_gmt":"2026-01-27T00:27:16","slug":"atividades-com-mapas-mentais-de-historia-7o-ano-volume-1-formacao-da-europa-e-inicio-da-idade-moderna","status":"publish","type":"product","link":"https:\/\/cacapalavrasdidaticos.com.br\/site\/produto\/atividades-com-mapas-mentais-de-historia-7o-ano-volume-1-formacao-da-europa-e-inicio-da-idade-moderna\/","title":{"rendered":"ATIVIDADES COM MAPAS MENTAIS DE HIST\u00d3RIA &#8211; 7\u00ba ANO (VOLUME 1): FORMA\u00c7\u00c3O DA EUROPA E IN\u00cdCIO DA IDADE MODERNA"},"content":{"rendered":"","protected":false},"excerpt":{"rendered":"<div class=\"flex flex-col text-sm pb-25\">\n<article class=\"text-token-text-primary w-full focus:outline-none [--shadow-height:45px] has-data-writing-block:pointer-events-none has-data-writing-block:-mt-(--shadow-height) has-data-writing-block:pt-(--shadow-height) [&amp;:has([data-writing-block])&gt;*]:pointer-events-auto scroll-mt-[calc(var(--header-height)+min(200px,max(70px,20svh)))]\" dir=\"auto\" tabindex=\"-1\" data-turn-id=\"request-WEB:952fb7d2-1e4f-4473-87e8-b0c956897ad5-4\" data-testid=\"conversation-turn-10\" data-scroll-anchor=\"true\" data-turn=\"assistant\">\n<div class=\"text-base my-auto mx-auto pb-10 [--thread-content-margin:--spacing(4)] @w-sm\/main:[--thread-content-margin:--spacing(6)] @w-lg\/main:[--thread-content-margin:--spacing(16)] px-(--thread-content-margin)\">\n<div class=\"[--thread-content-max-width:40rem] @w-lg\/main:[--thread-content-max-width:48rem] mx-auto max-w-(--thread-content-max-width) flex-1 group\/turn-messages focus-visible:outline-hidden relative flex w-full min-w-0 flex-col agent-turn\" tabindex=\"-1\">\n<div class=\"flex max-w-full flex-col grow\">\n<div class=\"min-h-8 text-message relative flex w-full flex-col items-end gap-2 text-start break-words whitespace-normal [.text-message+&amp;]:mt-1\" dir=\"auto\" data-message-author-role=\"assistant\" data-message-id=\"576709fc-48a0-432c-a264-6ca46efc6820\" data-message-model-slug=\"gpt-4o-mini\">\n<div class=\"flex w-full flex-col gap-1 empty:hidden first:pt-[1px]\">\n<div class=\"markdown prose dark:prose-invert w-full break-words light markdown-new-styling\">\n<p data-start=\"65\" data-end=\"193\">\ud83d\udcda <strong data-start=\"68\" data-end=\"147\">Atividades com Mapas Mentais \u2013 FORMA\u00c7\u00c3O DA EUROPA E IN\u00cdCIO DA IDADE MODERNA<\/strong><br data-start=\"147\" data-end=\"150\" \/><strong data-start=\"150\" data-end=\"193\">7\u00ba ANO DO ENSINO FUNDAMENTAL | VOLUME 1<\/strong><\/p>\n<p data-start=\"195\" data-end=\"275\">\ud83c\udf0d <strong data-start=\"198\" data-end=\"275\">Estudos Dirigidos, Mapas Mentais para Completar e Atividades para Colorir<\/strong><\/p>\n<p data-start=\"277\" data-end=\"306\">\ud83d\udcd8 <strong data-start=\"280\" data-end=\"306\">Conte\u00fados Trabalhados:<\/strong><\/p>\n<ul data-start=\"307\" data-end=\"546\">\n<li data-start=\"307\" data-end=\"354\">\n<p data-start=\"309\" data-end=\"354\">Transi\u00e7\u00e3o da Idade M\u00e9dia para a Idade Moderna<\/p>\n<\/li>\n<li data-start=\"355\" data-end=\"393\">\n<p data-start=\"357\" data-end=\"393\">O nascimento da modernidade europeia<\/p>\n<\/li>\n<li data-start=\"394\" data-end=\"454\">\n<p data-start=\"396\" data-end=\"454\">A Queda do Imp\u00e9rio Romano e a Transi\u00e7\u00e3o para a Idade M\u00e9dia<\/p>\n<\/li>\n<li data-start=\"455\" data-end=\"500\">\n<p data-start=\"457\" data-end=\"500\">A Igreja na Idade M\u00e9dia: Poder e Influ\u00eancia<\/p>\n<\/li>\n<li data-start=\"501\" data-end=\"546\">\n<p data-start=\"503\" data-end=\"546\">A Forma\u00e7\u00e3o do Feudalismo na Europa Medieval<\/p>\n<\/li>\n<\/ul>\n<p data-start=\"548\" data-end=\"961\">\n<p data-start=\"548\" data-end=\"961\">\ud83c\udfaf <strong data-start=\"551\" data-end=\"564\">Objetivo:<\/strong><br data-start=\"564\" data-end=\"567\" \/>Promover a compreens\u00e3o dos processos hist\u00f3ricos fundamentais da Idade M\u00e9dia e sua transi\u00e7\u00e3o para a Idade Moderna de forma ativa, visual e contextualizada, por meio de mapas mentais, estudos dirigidos e atividades para colorir. O material busca estimular o racioc\u00ednio cr\u00edtico, a organiza\u00e7\u00e3o das ideias e a an\u00e1lise dos grandes eventos que moldaram a Europa medieval e o surgimento da modernidade.<\/p>\n<p data-start=\"963\" data-end=\"996\">\ud83d\udd0e <strong data-start=\"966\" data-end=\"996\">Para quem \u00e9 este material?<\/strong><\/p>\n<ul data-start=\"997\" data-end=\"1158\">\n<li data-start=\"997\" data-end=\"1041\">\n<p data-start=\"999\" data-end=\"1041\">Estudantes do 7\u00ba ano do Ensino Fundamental<\/p>\n<\/li>\n<li data-start=\"1042\" data-end=\"1158\">\n<p data-start=\"1044\" data-end=\"1158\">Professores que buscam atividades visuais, investigativas e conceitualmente estruturadas para o ensino de Hist\u00f3ria<\/p>\n<\/li>\n<\/ul>\n<p data-start=\"1160\" data-end=\"1422\">\ud83c\udf3f <strong data-start=\"1163\" data-end=\"1422\">Transforme o aprendizado de Hist\u00f3ria com mapas mentais estruturados, atividades pr\u00e1ticas e recursos did\u00e1ticos que facilitam a compreens\u00e3o da forma\u00e7\u00e3o da Europa medieval, a transi\u00e7\u00e3o para a Idade Moderna, o impacto da Igreja e a estrutura\u00e7\u00e3o do feudalismo.<\/strong><\/p>\n<\/div>\n<\/div>\n<\/div>\n<\/div>\n<div class=\"z-0 flex min-h-[46px] justify-start\"><\/div>\n<div class=\"mt-3 w-full empty:hidden\">\n<div class=\"text-center\"><\/div>\n<\/div>\n<\/div>\n<\/div>\n<\/article>\n<\/div>\n<p style=\"text-align: center;\"><strong>AVISO IMPORTANTE:<\/strong><\/p>\n<p style=\"text-align: center;\"><strong>AS APOSTILAS S\u00c3O ENVIADAS EM FORMATO PDF NO EMAIL CADASTRADO NO ATO DA COMPRA. CASO QUEIRA O MATERIAL EM FORMATO IMAGEM JPEG, ENTRE EM CONTATO CONOSCO PELO WHATSAPP: 31-994716920<\/strong><\/p>\n<p style=\"text-align: center;\"><strong>MAIS INFORMA\u00c7\u00d5ES E COMPRA PELO PIX, ENTRE EM CONTATO CONOSCO: 31-994716920. PIX: 31-994716920 (Eduardo de Sousa)<\/strong><\/p>\n<p style=\"text-align: center;\"><strong>ENVIO DO MATERIAL: EM AT\u00c9 1 (UM) DIA \u00daTIL, AP\u00d3S A CONFIRMA\u00c7\u00c3O DO PAGAMENTO<\/strong>\u00a0<strong>(SER\u00c1 ENVIADO UM LINK DO GOOGLE DRIVE NO E-MAIL INFORMADO NO ATO DA COMPRA PARA O DOWNLOAD DA APOSTILA).<\/strong><\/p>\n","protected":false},"featured_media":24277,"comment_status":"open","ping_status":"closed","template":"","meta":[],"product_brand":[],"product_cat":[23],"product_tag":[128,31,86,37],"class_list":{"0":"post-24285","1":"product","2":"type-product","3":"status-publish","4":"has-post-thumbnail","6":"product_cat-historia","7":"product_tag-atividades-adaptadas","8":"product_tag-atividades-ludicas","9":"product_tag-historia","10":"product_tag-mapas-mentais","12":"first","13":"instock","14":"virtual","15":"taxable","16":"purchasable","17":"product-type-simple"},"_links":{"self":[{"href":"https:\/\/cacapalavrasdidaticos.com.br\/site\/wp-json\/wp\/v2\/product\/24285","targetHints":{"allow":["GET"]}}],"collection":[{"href":"https:\/\/cacapalavrasdidaticos.com.br\/site\/wp-json\/wp\/v2\/product"}],"about":[{"href":"https:\/\/cacapalavrasdidaticos.com.br\/site\/wp-json\/wp\/v2\/types\/product"}],"replies":[{"embeddable":true,"href":"https:\/\/cacapalavrasdidaticos.com.br\/site\/wp-json\/wp\/v2\/comments?post=24285"}],"wp:featuredmedia":[{"embeddable":true,"href":"https:\/\/cacapalavrasdidaticos.com.br\/site\/wp-json\/wp\/v2\/media\/24277"}],"wp:attachment":[{"href":"https:\/\/cacapalavrasdidaticos.com.br\/site\/wp-json\/wp\/v2\/media?parent=24285"}],"wp:term":[{"taxonomy":"product_brand","embeddable":true,"href":"https:\/\/cacapalavrasdidaticos.com.br\/site\/wp-json\/wp\/v2\/product_brand?post=24285"},{"taxonomy":"product_cat","embeddable":true,"href":"https:\/\/cacapalavrasdidaticos.com.br\/site\/wp-json\/wp\/v2\/product_cat?post=24285"},{"taxonomy":"product_tag","embeddable":true,"href":"https:\/\/cacapalavrasdidaticos.com.br\/site\/wp-json\/wp\/v2\/product_tag?post=24285"}],"curies":[{"name":"wp","href":"https:\/\/api.w.org\/{rel}","templated":true}]}}