{"id":24276,"date":"2026-01-26T21:14:52","date_gmt":"2026-01-27T00:14:52","guid":{"rendered":"https:\/\/cacapalavrasdidaticos.com.br\/site\/?post_type=product&#038;p=24276"},"modified":"2026-01-26T21:22:36","modified_gmt":"2026-01-27T00:22:36","slug":"atividades-com-mapas-mentais-de-historia-6o-ano-volume-1-introducao-a-historia-e-as-primeiras-civilizacoes","status":"publish","type":"product","link":"https:\/\/cacapalavrasdidaticos.com.br\/site\/produto\/atividades-com-mapas-mentais-de-historia-6o-ano-volume-1-introducao-a-historia-e-as-primeiras-civilizacoes\/","title":{"rendered":"ATIVIDADES COM MAPAS MENTAIS DE HIST\u00d3RIA &#8211; 6\u00ba ANO (VOLUME 1): INTRODU\u00c7\u00c3O \u00c0 HIST\u00d3RIA E AS PRIMEIRAS CIVILIZA\u00c7\u00d5ES"},"content":{"rendered":"","protected":false},"excerpt":{"rendered":"<div class=\"flex flex-col text-sm pb-25\">\n<article class=\"text-token-text-primary w-full focus:outline-none [--shadow-height:45px] has-data-writing-block:pointer-events-none has-data-writing-block:-mt-(--shadow-height) has-data-writing-block:pt-(--shadow-height) [&amp;:has([data-writing-block])&gt;*]:pointer-events-auto scroll-mt-[calc(var(--header-height)+min(200px,max(70px,20svh)))]\" dir=\"auto\" tabindex=\"-1\" data-turn-id=\"request-WEB:952fb7d2-1e4f-4473-87e8-b0c956897ad5-4\" data-testid=\"conversation-turn-10\" data-scroll-anchor=\"true\" data-turn=\"assistant\">\n<div class=\"text-base my-auto mx-auto pb-10 [--thread-content-margin:--spacing(4)] @w-sm\/main:[--thread-content-margin:--spacing(6)] @w-lg\/main:[--thread-content-margin:--spacing(16)] px-(--thread-content-margin)\">\n<div class=\"[--thread-content-max-width:40rem] @w-lg\/main:[--thread-content-max-width:48rem] mx-auto max-w-(--thread-content-max-width) flex-1 group\/turn-messages focus-visible:outline-hidden relative flex w-full min-w-0 flex-col agent-turn\" tabindex=\"-1\">\n<div class=\"flex max-w-full flex-col grow\">\n<div class=\"min-h-8 text-message relative flex w-full flex-col items-end gap-2 text-start break-words whitespace-normal [.text-message+&amp;]:mt-1\" dir=\"auto\" data-message-author-role=\"assistant\" data-message-id=\"576709fc-48a0-432c-a264-6ca46efc6820\" data-message-model-slug=\"gpt-4o-mini\">\n<div class=\"flex w-full flex-col gap-1 empty:hidden first:pt-[1px]\">\n<div class=\"markdown prose dark:prose-invert w-full break-words light markdown-new-styling\">\n<p data-start=\"73\" data-end=\"204\">\ud83d\udcda <strong data-start=\"76\" data-end=\"160\">Atividades com Mapas Mentais \u2013 INTRODU\u00c7\u00c3O \u00c0 HIST\u00d3RIA E AS PRIMEIRAS CIVILIZA\u00c7\u00d5ES<\/strong><br \/>\n<strong data-start=\"161\" data-end=\"204\">6\u00ba ANO DO ENSINO FUNDAMENTAL | VOLUME 1<\/strong><\/p>\n<p data-start=\"206\" data-end=\"286\">\ud83c\udf0d <strong data-start=\"209\" data-end=\"286\">Estudos Dirigidos, Mapas Mentais para Completar e Atividades para Colorir<\/strong><\/p>\n<p data-start=\"288\" data-end=\"317\">\ud83d\udcd8 <strong data-start=\"291\" data-end=\"317\">Conte\u00fados Trabalhados:<\/strong><\/p>\n<ul data-start=\"318\" data-end=\"536\">\n<li data-start=\"318\" data-end=\"365\">\n<p data-start=\"320\" data-end=\"365\">A Hist\u00f3ria e os seres humanos: tempo e espa\u00e7o<\/p>\n<\/li>\n<li data-start=\"366\" data-end=\"408\">\n<p data-start=\"368\" data-end=\"408\">Modos de Vida e Modifica\u00e7\u00f5es da Natureza<\/p>\n<\/li>\n<li data-start=\"409\" data-end=\"441\">\n<p data-start=\"411\" data-end=\"441\">Povos da Antiguidade na \u00c1frica<\/p>\n<\/li>\n<li data-start=\"442\" data-end=\"473\">\n<p data-start=\"444\" data-end=\"473\">Sociedades Antigas do Oriente<\/p>\n<\/li>\n<li data-start=\"474\" data-end=\"536\">\n<p data-start=\"476\" data-end=\"536\">O Nascimento da Escrita e as Primeiras Formas de Comunica\u00e7\u00e3o<\/p>\n<\/li>\n<\/ul>\n<p data-start=\"538\" data-end=\"896\">\n<p data-start=\"538\" data-end=\"896\">\ud83c\udfaf <strong data-start=\"541\" data-end=\"554\">Objetivo:<\/strong><br data-start=\"554\" data-end=\"557\" \/>Promover a compreens\u00e3o dos conceitos hist\u00f3ricos de forma ativa, visual e contextualizada, utilizando mapas mentais, estudos dirigidos e atividades para colorir. O material visa estimular o pensamento cr\u00edtico, a organiza\u00e7\u00e3o das ideias, a an\u00e1lise dos acontecimentos hist\u00f3ricos e a reflex\u00e3o sobre o impacto de eventos passados no mundo atual.<\/p>\n<p data-start=\"898\" data-end=\"931\">\ud83d\udd0e <strong data-start=\"901\" data-end=\"931\">Para quem \u00e9 este material?<\/strong><\/p>\n<ul data-start=\"932\" data-end=\"1093\">\n<li data-start=\"932\" data-end=\"976\">\n<p data-start=\"934\" data-end=\"976\">Estudantes do 6\u00ba ano do Ensino Fundamental<\/p>\n<\/li>\n<li data-start=\"977\" data-end=\"1093\">\n<p data-start=\"979\" data-end=\"1093\">Professores que buscam atividades visuais, investigativas e conceitualmente estruturadas para o ensino de Hist\u00f3ria<\/p>\n<\/li>\n<\/ul>\n<p data-start=\"1095\" data-end=\"1340\">\ud83c\udf3f <strong data-start=\"1098\" data-end=\"1340\">Transforme o aprendizado de Hist\u00f3ria com mapas mentais estruturados, atividades pr\u00e1ticas e recursos did\u00e1ticos que facilitam a compreens\u00e3o de temas como o tempo hist\u00f3rico, as primeiras civiliza\u00e7\u00f5es e o impacto das modifica\u00e7\u00f5es da natureza.<\/strong><\/p>\n<\/div>\n<\/div>\n<\/div>\n<\/div>\n<div class=\"z-0 flex min-h-[46px] justify-start\"><\/div>\n<div class=\"mt-3 w-full empty:hidden\">\n<div class=\"text-center\"><\/div>\n<\/div>\n<\/div>\n<\/div>\n<\/article>\n<\/div>\n<p style=\"text-align: center;\"><strong>AVISO IMPORTANTE:<\/strong><\/p>\n<p style=\"text-align: center;\"><strong>AS APOSTILAS S\u00c3O ENVIADAS EM FORMATO PDF NO EMAIL CADASTRADO NO ATO DA COMPRA. CASO QUEIRA O MATERIAL EM FORMATO IMAGEM JPEG, ENTRE EM CONTATO CONOSCO PELO WHATSAPP: 31-994716920<\/strong><\/p>\n<p style=\"text-align: center;\"><strong>MAIS INFORMA\u00c7\u00d5ES E COMPRA PELO PIX, ENTRE EM CONTATO CONOSCO: 31-994716920. PIX: 31-994716920 (Eduardo de Sousa)<\/strong><\/p>\n<p style=\"text-align: center;\"><strong>ENVIO DO MATERIAL: EM AT\u00c9 1 (UM) DIA \u00daTIL, AP\u00d3S A CONFIRMA\u00c7\u00c3O DO PAGAMENTO<\/strong>\u00a0<strong>(SER\u00c1 ENVIADO UM LINK DO GOOGLE DRIVE NO E-MAIL INFORMADO NO ATO DA COMPRA PARA O DOWNLOAD DA APOSTILA).<\/strong><\/p>\n","protected":false},"featured_media":24280,"comment_status":"open","ping_status":"closed","template":"","meta":[],"product_brand":[],"product_cat":[23],"product_tag":[128,31,86,37],"class_list":{"0":"post-24276","1":"product","2":"type-product","3":"status-publish","4":"has-post-thumbnail","6":"product_cat-historia","7":"product_tag-atividades-adaptadas","8":"product_tag-atividades-ludicas","9":"product_tag-historia","10":"product_tag-mapas-mentais","12":"first","13":"instock","14":"virtual","15":"taxable","16":"purchasable","17":"product-type-simple"},"_links":{"self":[{"href":"https:\/\/cacapalavrasdidaticos.com.br\/site\/wp-json\/wp\/v2\/product\/24276","targetHints":{"allow":["GET"]}}],"collection":[{"href":"https:\/\/cacapalavrasdidaticos.com.br\/site\/wp-json\/wp\/v2\/product"}],"about":[{"href":"https:\/\/cacapalavrasdidaticos.com.br\/site\/wp-json\/wp\/v2\/types\/product"}],"replies":[{"embeddable":true,"href":"https:\/\/cacapalavrasdidaticos.com.br\/site\/wp-json\/wp\/v2\/comments?post=24276"}],"wp:featuredmedia":[{"embeddable":true,"href":"https:\/\/cacapalavrasdidaticos.com.br\/site\/wp-json\/wp\/v2\/media\/24280"}],"wp:attachment":[{"href":"https:\/\/cacapalavrasdidaticos.com.br\/site\/wp-json\/wp\/v2\/media?parent=24276"}],"wp:term":[{"taxonomy":"product_brand","embeddable":true,"href":"https:\/\/cacapalavrasdidaticos.com.br\/site\/wp-json\/wp\/v2\/product_brand?post=24276"},{"taxonomy":"product_cat","embeddable":true,"href":"https:\/\/cacapalavrasdidaticos.com.br\/site\/wp-json\/wp\/v2\/product_cat?post=24276"},{"taxonomy":"product_tag","embeddable":true,"href":"https:\/\/cacapalavrasdidaticos.com.br\/site\/wp-json\/wp\/v2\/product_tag?post=24276"}],"curies":[{"name":"wp","href":"https:\/\/api.w.org\/{rel}","templated":true}]}}