{"id":24226,"date":"2026-01-25T23:06:45","date_gmt":"2026-01-26T02:06:45","guid":{"rendered":"https:\/\/cacapalavrasdidaticos.com.br\/site\/?post_type=product&#038;p=24226"},"modified":"2026-01-26T00:01:27","modified_gmt":"2026-01-26T03:01:27","slug":"atividades-com-mapas-mentais-de-fisica-1o-ano-fundamentos-da-fisica-e-cinematica","status":"publish","type":"product","link":"https:\/\/cacapalavrasdidaticos.com.br\/site\/produto\/atividades-com-mapas-mentais-de-fisica-1o-ano-fundamentos-da-fisica-e-cinematica\/","title":{"rendered":"ATIVIDADES COM MAPAS MENTAIS DE F\u00cdSICA &#8211; 1\u00ba ANO &#8211; FUNDAMENTOS DA F\u00cdSICA E CINEM\u00c1TICA"},"content":{"rendered":"","protected":false},"excerpt":{"rendered":"<div class=\"flex flex-col text-sm pb-25\">\n<article class=\"text-token-text-primary w-full focus:outline-none [--shadow-height:45px] has-data-writing-block:pointer-events-none has-data-writing-block:-mt-(--shadow-height) has-data-writing-block:pt-(--shadow-height) [&amp;:has([data-writing-block])&gt;*]:pointer-events-auto scroll-mt-[calc(var(--header-height)+min(200px,max(70px,20svh)))]\" dir=\"auto\" tabindex=\"-1\" data-turn-id=\"request-WEB:952fb7d2-1e4f-4473-87e8-b0c956897ad5-4\" data-testid=\"conversation-turn-10\" data-scroll-anchor=\"true\" data-turn=\"assistant\">\n<div class=\"text-base my-auto mx-auto pb-10 [--thread-content-margin:--spacing(4)] @w-sm\/main:[--thread-content-margin:--spacing(6)] @w-lg\/main:[--thread-content-margin:--spacing(16)] px-(--thread-content-margin)\">\n<div class=\"[--thread-content-max-width:40rem] @w-lg\/main:[--thread-content-max-width:48rem] mx-auto max-w-(--thread-content-max-width) flex-1 group\/turn-messages focus-visible:outline-hidden relative flex w-full min-w-0 flex-col agent-turn\" tabindex=\"-1\">\n<div class=\"flex max-w-full flex-col grow\">\n<div class=\"min-h-8 text-message relative flex w-full flex-col items-end gap-2 text-start break-words whitespace-normal [.text-message+&amp;]:mt-1\" dir=\"auto\" data-message-author-role=\"assistant\" data-message-id=\"576709fc-48a0-432c-a264-6ca46efc6820\" data-message-model-slug=\"gpt-4o-mini\">\n<div class=\"flex w-full flex-col gap-1 empty:hidden first:pt-[1px]\">\n<div class=\"markdown prose dark:prose-invert w-full break-words light markdown-new-styling\">\n<p data-start=\"133\" data-end=\"245\">\ud83d\udcda <strong data-start=\"136\" data-end=\"205\">Atividades com Mapas Mentais \u2013 FUNDAMENTOS DA F\u00cdSICA E CINEM\u00c1TICA<\/strong><br data-start=\"205\" data-end=\"208\" \/><strong data-start=\"208\" data-end=\"245\">1\u00ba ANO DO ENSINO M\u00c9DIO | VOLUME 1<\/strong><\/p>\n<p data-start=\"247\" data-end=\"327\">\ud83e\uddea <strong data-start=\"250\" data-end=\"327\">Estudos Dirigidos, Mapas Mentais para Completar e Atividades para Colorir<\/strong><\/p>\n<p data-start=\"329\" data-end=\"358\">\ud83d\udcd8 <strong data-start=\"332\" data-end=\"358\">Conte\u00fados Trabalhados:<\/strong><\/p>\n<ul data-start=\"359\" data-end=\"576\">\n<li data-start=\"359\" data-end=\"402\">\n<p data-start=\"361\" data-end=\"402\">Introdu\u00e7\u00e3o \u00e0 F\u00edsica e M\u00e9todo Cient\u00edfico<\/p>\n<\/li>\n<li data-start=\"403\" data-end=\"445\">\n<p data-start=\"405\" data-end=\"445\">Grandezas F\u00edsicas e Unidades de Medida<\/p>\n<\/li>\n<li data-start=\"446\" data-end=\"486\">\n<p data-start=\"448\" data-end=\"486\">Conceitos Fundamentais da Cinem\u00e1tica<\/p>\n<\/li>\n<li data-start=\"487\" data-end=\"534\">\n<p data-start=\"489\" data-end=\"534\">Cinem\u00e1tica Escalar: Movimento Uniforme (MU)<\/p>\n<\/li>\n<li data-start=\"535\" data-end=\"576\">\n<p data-start=\"537\" data-end=\"576\">Movimento Uniformemente Variado (MUV)<\/p>\n<\/li>\n<\/ul>\n<p data-start=\"578\" data-end=\"936\">\ud83c\udfaf <strong data-start=\"581\" data-end=\"594\">Objetivo:<\/strong><br data-start=\"594\" data-end=\"597\" \/>Promover a compreens\u00e3o dos conceitos iniciais da F\u00edsica de forma ativa, visual e contextualizada, por meio de mapas mentais orientados, estudos dirigidos e atividades para colorir. O material estimula o racioc\u00ednio cient\u00edfico, a organiza\u00e7\u00e3o das ideias, a interpreta\u00e7\u00e3o de situa\u00e7\u00f5es-problema e a an\u00e1lise de movimentos presentes no cotidiano.<\/p>\n<p data-start=\"938\" data-end=\"971\">\ud83d\udd0e <strong data-start=\"941\" data-end=\"971\">Para quem \u00e9 este material?<\/strong><\/p>\n<ul data-start=\"972\" data-end=\"1137\">\n<li data-start=\"972\" data-end=\"1016\">\n<p data-start=\"974\" data-end=\"1016\">Estudantes do <strong data-start=\"988\" data-end=\"1014\">1\u00ba ano do Ensino M\u00e9dio<\/strong><\/p>\n<\/li>\n<li data-start=\"1017\" data-end=\"1137\">\n<p data-start=\"1019\" data-end=\"1137\">Professores que buscam <strong data-start=\"1042\" data-end=\"1111\">atividades visuais, investigativas e conceitualmente estruturadas<\/strong> para o ensino de F\u00edsica<\/p>\n<\/li>\n<\/ul>\n<p data-start=\"1139\" data-end=\"1379\">\ud83c\udf3f <strong data-start=\"1142\" data-end=\"1180\">Transforme o aprendizado de F\u00edsica<\/strong> com mapas mentais estruturados, atividades pr\u00e1ticas e recursos did\u00e1ticos que facilitam a compreens\u00e3o de conceitos como movimento, velocidade, acelera\u00e7\u00e3o e aplica\u00e7\u00e3o da cinem\u00e1tica em situa\u00e7\u00f5es reais.<\/p>\n<\/div>\n<\/div>\n<\/div>\n<\/div>\n<div class=\"z-0 flex min-h-[46px] justify-start\"><\/div>\n<div class=\"mt-3 w-full empty:hidden\">\n<div class=\"text-center\"><\/div>\n<\/div>\n<\/div>\n<\/div>\n<\/article>\n<\/div>\n<p style=\"text-align: center;\"><strong>AVISO IMPORTANTE:<\/strong><\/p>\n<p style=\"text-align: center;\"><strong>AS APOSTILAS S\u00c3O ENVIADAS EM FORMATO PDF NO EMAIL CADASTRADO NO ATO DA COMPRA. CASO QUEIRA O MATERIAL EM FORMATO IMAGEM JPEG, ENTRE EM CONTATO CONOSCO PELO WHATSAPP: 31-994716920<\/strong><\/p>\n<p style=\"text-align: center;\"><strong>MAIS INFORMA\u00c7\u00d5ES E COMPRA PELO PIX, ENTRE EM CONTATO CONOSCO: 31-994716920. PIX: 31-994716920 (Eduardo de Sousa)<\/strong><\/p>\n<p style=\"text-align: center;\"><strong>ENVIO DO MATERIAL: EM AT\u00c9 1 (UM) DIA \u00daTIL, AP\u00d3S A CONFIRMA\u00c7\u00c3O DO PAGAMENTO<\/strong>\u00a0<strong>(SER\u00c1 ENVIADO UM LINK DO GOOGLE DRIVE NO E-MAIL INFORMADO NO ATO DA COMPRA PARA O DOWNLOAD DA APOSTILA).<\/strong><\/p>\n","protected":false},"featured_media":24228,"comment_status":"open","ping_status":"closed","template":"","meta":[],"product_brand":[],"product_cat":[150],"product_tag":[128,31,37,177],"class_list":{"0":"post-24226","1":"product","2":"type-product","3":"status-publish","4":"has-post-thumbnail","6":"product_cat-fisica","7":"product_tag-atividades-adaptadas","8":"product_tag-atividades-ludicas","9":"product_tag-mapas-mentais","10":"product_tag-quimica","12":"first","13":"instock","14":"virtual","15":"taxable","16":"purchasable","17":"product-type-simple"},"_links":{"self":[{"href":"https:\/\/cacapalavrasdidaticos.com.br\/site\/wp-json\/wp\/v2\/product\/24226","targetHints":{"allow":["GET"]}}],"collection":[{"href":"https:\/\/cacapalavrasdidaticos.com.br\/site\/wp-json\/wp\/v2\/product"}],"about":[{"href":"https:\/\/cacapalavrasdidaticos.com.br\/site\/wp-json\/wp\/v2\/types\/product"}],"replies":[{"embeddable":true,"href":"https:\/\/cacapalavrasdidaticos.com.br\/site\/wp-json\/wp\/v2\/comments?post=24226"}],"wp:featuredmedia":[{"embeddable":true,"href":"https:\/\/cacapalavrasdidaticos.com.br\/site\/wp-json\/wp\/v2\/media\/24228"}],"wp:attachment":[{"href":"https:\/\/cacapalavrasdidaticos.com.br\/site\/wp-json\/wp\/v2\/media?parent=24226"}],"wp:term":[{"taxonomy":"product_brand","embeddable":true,"href":"https:\/\/cacapalavrasdidaticos.com.br\/site\/wp-json\/wp\/v2\/product_brand?post=24226"},{"taxonomy":"product_cat","embeddable":true,"href":"https:\/\/cacapalavrasdidaticos.com.br\/site\/wp-json\/wp\/v2\/product_cat?post=24226"},{"taxonomy":"product_tag","embeddable":true,"href":"https:\/\/cacapalavrasdidaticos.com.br\/site\/wp-json\/wp\/v2\/product_tag?post=24226"}],"curies":[{"name":"wp","href":"https:\/\/api.w.org\/{rel}","templated":true}]}}