{"id":24157,"date":"2026-01-21T23:44:23","date_gmt":"2026-01-22T02:44:23","guid":{"rendered":"https:\/\/cacapalavrasdidaticos.com.br\/site\/?post_type=product&#038;p=24157"},"modified":"2026-01-28T14:36:46","modified_gmt":"2026-01-28T17:36:46","slug":"lapbook-de-quimica-reacoes-quimicas-reversiveis-e-irreversiveis","status":"publish","type":"product","link":"https:\/\/cacapalavrasdidaticos.com.br\/site\/produto\/lapbook-de-quimica-reacoes-quimicas-reversiveis-e-irreversiveis\/","title":{"rendered":"LAPBOOK DE QU\u00cdMICA &#8211; REA\u00c7\u00d5ES QU\u00cdMICAS REVERS\u00cdVEIS E IRREVERS\u00cdVEIS"},"content":{"rendered":"","protected":false},"excerpt":{"rendered":"<div class=\"flex max-w-full flex-col grow\">\n<div class=\"min-h-8 text-message relative flex w-full flex-col items-end gap-2 text-start break-words whitespace-normal [.text-message+&amp;]:mt-1\" dir=\"auto\" data-message-author-role=\"assistant\" data-message-id=\"3c52ffbf-a79b-4efa-8c78-badf7f1a3767\" data-message-model-slug=\"gpt-4o-mini\">\n<div class=\"flex w-full flex-col gap-1 empty:hidden first:pt-[1px]\">\n<div class=\"markdown prose dark:prose-invert w-full break-words light markdown-new-styling\">\n<p data-start=\"152\" data-end=\"228\"><strong data-start=\"152\" data-end=\"228\">Aprenda Qu\u00edmica de forma interativa e envolvente com nossos Lapbooks! \ud83d\udcda<\/strong><\/p>\n<p data-start=\"230\" data-end=\"284\">Para o Ensino M\u00e9dio | Habilidades BNCC: <strong data-start=\"270\" data-end=\"284\">(EM13CN01)<\/strong><\/p>\n<p data-start=\"286\" data-end=\"343\">\ud83c\udf1f <strong data-start=\"289\" data-end=\"342\">O que voc\u00ea encontra em nossos Lapbooks de Qu\u00edmica<\/strong>:<\/p>\n<p data-start=\"345\" data-end=\"399\"><strong data-start=\"345\" data-end=\"399\">Tema: Rea\u00e7\u00f5es Qu\u00edmicas Revers\u00edveis e Irrevers\u00edveis<\/strong><\/p>\n<ul data-start=\"401\" data-end=\"776\">\n<li data-start=\"401\" data-end=\"776\">\n<p data-start=\"403\" data-end=\"776\"><strong data-start=\"403\" data-end=\"418\">Vis\u00e3o Geral<\/strong>: Este lapbook aborda as <strong data-start=\"443\" data-end=\"475\">rea\u00e7\u00f5es qu\u00edmicas revers\u00edveis<\/strong> e <strong data-start=\"478\" data-end=\"495\">irrevers\u00edveis<\/strong>, explicando a diferen\u00e7a entre elas. Em rea\u00e7\u00f5es <strong data-start=\"543\" data-end=\"560\">irrevers\u00edveis<\/strong>, os reagentes se transformam completamente em produtos, sem possibilidade de retorno. J\u00e1 nas rea\u00e7\u00f5es <strong data-start=\"662\" data-end=\"677\">revers\u00edveis<\/strong>, os produtos podem reagir para formar novamente os reagentes, atingindo um <strong data-start=\"753\" data-end=\"775\">equil\u00edbrio qu\u00edmico<\/strong>.<\/p>\n<\/li>\n<\/ul>\n<p data-start=\"778\" data-end=\"791\"><strong data-start=\"778\" data-end=\"790\">Conte\u00fado<\/strong>:<\/p>\n<ul data-start=\"792\" data-end=\"1464\">\n<li data-start=\"792\" data-end=\"924\">\n<p data-start=\"794\" data-end=\"924\"><strong data-start=\"794\" data-end=\"814\">Rea\u00e7\u00f5es Qu\u00edmicas<\/strong>: Processo em que subst\u00e2ncias se transformam em novas subst\u00e2ncias, com quebra e forma\u00e7\u00e3o de liga\u00e7\u00f5es qu\u00edmicas.<\/p>\n<\/li>\n<li data-start=\"925\" data-end=\"1051\">\n<p data-start=\"927\" data-end=\"1051\"><strong data-start=\"927\" data-end=\"952\">Rea\u00e7\u00f5es Irrevers\u00edveis<\/strong>: Rea\u00e7\u00f5es onde os reagentes se transformam completamente em produtos, sem possibilidade de retorno.<\/p>\n<\/li>\n<li data-start=\"1052\" data-end=\"1188\">\n<p data-start=\"1054\" data-end=\"1188\"><strong data-start=\"1054\" data-end=\"1077\">Rea\u00e7\u00f5es Revers\u00edveis<\/strong>: Rea\u00e7\u00f5es em que produtos podem voltar a reagir entre si para formar os reagentes, estabelecendo um equil\u00edbrio.<\/p>\n<\/li>\n<li data-start=\"1189\" data-end=\"1339\">\n<p data-start=\"1191\" data-end=\"1339\"><strong data-start=\"1191\" data-end=\"1213\">Equil\u00edbrio Qu\u00edmico<\/strong>: Quando as rea\u00e7\u00f5es direta e inversa ocorrem \u00e0 mesma velocidade, mantendo as concentra\u00e7\u00f5es de reagentes e produtos constantes.<\/p>\n<\/li>\n<li data-start=\"1340\" data-end=\"1464\">\n<p data-start=\"1342\" data-end=\"1464\"><strong data-start=\"1342\" data-end=\"1377\">Fatores que Afetam o Equil\u00edbrio<\/strong>: Temperatura, press\u00e3o e concentra\u00e7\u00e3o influenciam o equil\u00edbrio das rea\u00e7\u00f5es revers\u00edveis.<\/p>\n<\/li>\n<\/ul>\n<p data-start=\"1466\" data-end=\"1553\">\ud83d\udcda Cada Lapbook tem 14 p\u00e1ginas repletas de conte\u00fado relevante para o ensino de Qu\u00edmica.<\/p>\n<p data-start=\"1555\" data-end=\"1603\"><strong data-start=\"1555\" data-end=\"1603\">Por que escolher nossos Lapbooks de Qu\u00edmica?<\/strong><\/p>\n<ul data-start=\"1604\" data-end=\"1780\">\n<li data-start=\"1604\" data-end=\"1681\">\n<p data-start=\"1606\" data-end=\"1681\">M\u00e9todo visual e interativo que torna o aprendizado mais prazeroso e eficaz.<\/p>\n<\/li>\n<li data-start=\"1682\" data-end=\"1780\">\n<p data-start=\"1684\" data-end=\"1780\">Estimula o pensamento cr\u00edtico, a curiosidade cient\u00edfica e a compreens\u00e3o de conceitos essenciais.<\/p>\n<\/li>\n<\/ul>\n<p data-start=\"1782\" data-end=\"1858\">\ud83c\udf1f Transforme o aprendizado de Qu\u00edmica em uma experi\u00eancia \u00fanica e memor\u00e1vel!<\/p>\n<p data-start=\"1820\" data-end=\"1896\">\n<\/div>\n<\/div>\n<\/div>\n<\/div>\n<p style=\"text-align: center;\"><strong>AVISO IMPORTANTE:<\/strong><\/p>\n<p style=\"text-align: center;\"><strong>AS APOSTILAS S\u00c3O ENVIADAS EM FORMATO PDF NO EMAIL CADASTRADO NO ATO DA COMPRA. CASO QUEIRA O MATERIAL EM FORMATO IMAGEM JPEG, ENTRE EM CONTATO CONOSCO PELO WHATSAPP: 31-994716920<\/strong><\/p>\n<p style=\"text-align: center;\"><strong>MAIS INFORMA\u00c7\u00d5ES E COMPRA PELO PIX, ENTRE EM CONTATO CONOSCO: 31-994716920. PIX: 31-994716920 (Eduardo de Sousa)<\/strong><\/p>\n<p style=\"text-align: center;\"><strong>ENVIO DO MATERIAL: EM AT\u00c9 1 (UM) DIA \u00daTIL, AP\u00d3S A CONFIRMA\u00c7\u00c3O DO PAGAMENTO<\/strong>\u00a0<strong>(SER\u00c1 ENVIADO UM LINK DO GOOGLE DRIVE NO E-MAIL INFORMADO NO ATO DA COMPRA PARA O DOWNLOAD DA APOSTILA).<\/strong><\/p>\n","protected":false},"featured_media":24160,"comment_status":"open","ping_status":"closed","template":"","meta":[],"product_brand":[],"product_cat":[139],"product_tag":[128,31,35,183,177],"class_list":{"0":"post-24157","1":"product","2":"type-product","3":"status-publish","4":"has-post-thumbnail","6":"product_cat-quimica","7":"product_tag-atividades-adaptadas","8":"product_tag-atividades-ludicas","9":"product_tag-ensino-medio","10":"product_tag-lapbooks","11":"product_tag-quimica","13":"first","14":"instock","15":"virtual","16":"taxable","17":"purchasable","18":"product-type-simple"},"_links":{"self":[{"href":"https:\/\/cacapalavrasdidaticos.com.br\/site\/wp-json\/wp\/v2\/product\/24157","targetHints":{"allow":["GET"]}}],"collection":[{"href":"https:\/\/cacapalavrasdidaticos.com.br\/site\/wp-json\/wp\/v2\/product"}],"about":[{"href":"https:\/\/cacapalavrasdidaticos.com.br\/site\/wp-json\/wp\/v2\/types\/product"}],"replies":[{"embeddable":true,"href":"https:\/\/cacapalavrasdidaticos.com.br\/site\/wp-json\/wp\/v2\/comments?post=24157"}],"wp:featuredmedia":[{"embeddable":true,"href":"https:\/\/cacapalavrasdidaticos.com.br\/site\/wp-json\/wp\/v2\/media\/24160"}],"wp:attachment":[{"href":"https:\/\/cacapalavrasdidaticos.com.br\/site\/wp-json\/wp\/v2\/media?parent=24157"}],"wp:term":[{"taxonomy":"product_brand","embeddable":true,"href":"https:\/\/cacapalavrasdidaticos.com.br\/site\/wp-json\/wp\/v2\/product_brand?post=24157"},{"taxonomy":"product_cat","embeddable":true,"href":"https:\/\/cacapalavrasdidaticos.com.br\/site\/wp-json\/wp\/v2\/product_cat?post=24157"},{"taxonomy":"product_tag","embeddable":true,"href":"https:\/\/cacapalavrasdidaticos.com.br\/site\/wp-json\/wp\/v2\/product_tag?post=24157"}],"curies":[{"name":"wp","href":"https:\/\/api.w.org\/{rel}","templated":true}]}}