{"id":24151,"date":"2026-01-21T23:36:12","date_gmt":"2026-01-22T02:36:12","guid":{"rendered":"https:\/\/cacapalavrasdidaticos.com.br\/site\/?post_type=product&#038;p=24151"},"modified":"2026-01-28T14:36:46","modified_gmt":"2026-01-28T17:36:46","slug":"lapbook-de-quimica-solucoes-quimicas-e-concentracao","status":"publish","type":"product","link":"https:\/\/cacapalavrasdidaticos.com.br\/site\/produto\/lapbook-de-quimica-solucoes-quimicas-e-concentracao\/","title":{"rendered":"LAPBOOK DE QU\u00cdMICA &#8211; SOLU\u00c7\u00d5ES QU\u00cdMICAS E CONCENTRA\u00c7\u00c3O"},"content":{"rendered":"","protected":false},"excerpt":{"rendered":"<div class=\"flex max-w-full flex-col grow\">\n<div class=\"min-h-8 text-message relative flex w-full flex-col items-end gap-2 text-start break-words whitespace-normal [.text-message+&amp;]:mt-1\" dir=\"auto\" data-message-author-role=\"assistant\" data-message-id=\"3c52ffbf-a79b-4efa-8c78-badf7f1a3767\" data-message-model-slug=\"gpt-4o-mini\">\n<div class=\"flex w-full flex-col gap-1 empty:hidden first:pt-[1px]\">\n<div class=\"markdown prose dark:prose-invert w-full break-words light markdown-new-styling\">\n<p data-start=\"140\" data-end=\"216\"><strong data-start=\"140\" data-end=\"216\">Aprenda Qu\u00edmica de forma interativa e envolvente com nossos Lapbooks! \ud83d\udcda<\/strong><\/p>\n<p data-start=\"218\" data-end=\"272\">Para o Ensino M\u00e9dio | Habilidades BNCC: <strong data-start=\"258\" data-end=\"272\">(EM13CN01)<\/strong><\/p>\n<p data-start=\"274\" data-end=\"331\">\ud83c\udf1f <strong data-start=\"277\" data-end=\"330\">O que voc\u00ea encontra em nossos Lapbooks de Qu\u00edmica<\/strong>:<\/p>\n<p data-start=\"333\" data-end=\"375\"><strong data-start=\"333\" data-end=\"375\">Tema: Solu\u00e7\u00f5es Qu\u00edmicas e Concentra\u00e7\u00e3o<\/strong><\/p>\n<ul data-start=\"377\" data-end=\"708\">\n<li data-start=\"377\" data-end=\"708\">\n<p data-start=\"379\" data-end=\"708\"><strong data-start=\"379\" data-end=\"394\">Vis\u00e3o Geral<\/strong>: Este lapbook explora as <strong data-start=\"420\" data-end=\"441\">solu\u00e7\u00f5es qu\u00edmicas<\/strong>, que s\u00e3o misturas homog\u00eaneas formadas por <strong data-start=\"484\" data-end=\"494\">soluto<\/strong> e <strong data-start=\"497\" data-end=\"509\">solvente<\/strong>. O conte\u00fado aborda as <strong data-start=\"532\" data-end=\"563\">classifica\u00e7\u00f5es das solu\u00e7\u00f5es<\/strong> (saturadas, insaturadas e supersaturadas) e as diferentes formas de <strong data-start=\"632\" data-end=\"656\">medir a concentra\u00e7\u00e3o<\/strong>, como concentra\u00e7\u00e3o comum, molaridade e porcentagem.<\/p>\n<\/li>\n<\/ul>\n<p data-start=\"710\" data-end=\"723\"><strong data-start=\"710\" data-end=\"722\">Conte\u00fado<\/strong>:<\/p>\n<ul data-start=\"724\" data-end=\"1540\">\n<li data-start=\"724\" data-end=\"844\">\n<p data-start=\"726\" data-end=\"844\"><strong data-start=\"726\" data-end=\"747\">Solu\u00e7\u00f5es Qu\u00edmicas<\/strong>: Mistura homog\u00eanea formada por um soluto dissolvido em um solvente, como \u00e1gua com sal ou a\u00e7\u00facar.<\/p>\n<\/li>\n<li data-start=\"845\" data-end=\"997\">\n<p data-start=\"847\" data-end=\"997\"><strong data-start=\"847\" data-end=\"868\">Soluto e Solvente<\/strong>: O <strong data-start=\"872\" data-end=\"882\">soluto<\/strong> \u00e9 a subst\u00e2ncia que se dissolve no <strong data-start=\"917\" data-end=\"929\">solvente<\/strong>, sendo a quantidade de soluto que define a concentra\u00e7\u00e3o da solu\u00e7\u00e3o.<\/p>\n<\/li>\n<li data-start=\"998\" data-end=\"1076\">\n<p data-start=\"1000\" data-end=\"1076\"><strong data-start=\"1000\" data-end=\"1022\">Concentra\u00e7\u00e3o Comum<\/strong>: Relaciona a massa do soluto com o volume da solu\u00e7\u00e3o.<\/p>\n<\/li>\n<li data-start=\"1077\" data-end=\"1207\">\n<p data-start=\"1079\" data-end=\"1207\"><strong data-start=\"1079\" data-end=\"1093\">Molaridade<\/strong>: Quantidade de mat\u00e9ria do soluto por volume de solu\u00e7\u00e3o, expressa em mol\/L, amplamente usada em c\u00e1lculos qu\u00edmicos.<\/p>\n<\/li>\n<li data-start=\"1208\" data-end=\"1356\">\n<p data-start=\"1210\" data-end=\"1356\"><strong data-start=\"1210\" data-end=\"1241\">Concentra\u00e7\u00e3o em Porcentagem<\/strong>: Expressa a quantidade de soluto em rela\u00e7\u00e3o a 100 partes da solu\u00e7\u00e3o, podendo ser em massa, volume ou massa\/volume.<\/p>\n<\/li>\n<li data-start=\"1357\" data-end=\"1540\">\n<p data-start=\"1359\" data-end=\"1540\"><strong data-start=\"1359\" data-end=\"1411\">Solu\u00e7\u00f5es Saturadas, Insaturadas e Supersaturadas<\/strong>: Classifica\u00e7\u00e3o das solu\u00e7\u00f5es conforme a quantidade de soluto dissolvido em rela\u00e7\u00e3o \u00e0 capacidade m\u00e1xima de dissolu\u00e7\u00e3o do solvente.<\/p>\n<\/li>\n<\/ul>\n<p data-start=\"1542\" data-end=\"1629\">\ud83d\udcda Cada Lapbook tem 14 p\u00e1ginas repletas de conte\u00fado relevante para o ensino de Qu\u00edmica.<\/p>\n<p data-start=\"1631\" data-end=\"1679\"><strong data-start=\"1631\" data-end=\"1679\">Por que escolher nossos Lapbooks de Qu\u00edmica?<\/strong><\/p>\n<ul data-start=\"1680\" data-end=\"1856\">\n<li data-start=\"1680\" data-end=\"1757\">\n<p data-start=\"1682\" data-end=\"1757\">M\u00e9todo visual e interativo que torna o aprendizado mais prazeroso e eficaz.<\/p>\n<\/li>\n<li data-start=\"1758\" data-end=\"1856\">\n<p data-start=\"1760\" data-end=\"1856\">Estimula o pensamento cr\u00edtico, a curiosidade cient\u00edfica e a compreens\u00e3o de conceitos essenciais.<\/p>\n<\/li>\n<\/ul>\n<p data-start=\"1858\" data-end=\"1934\">\ud83c\udf1f Transforme o aprendizado de Qu\u00edmica em uma experi\u00eancia \u00fanica e memor\u00e1vel!<\/p>\n<p data-start=\"1820\" data-end=\"1896\">\n<\/div>\n<\/div>\n<\/div>\n<\/div>\n<p style=\"text-align: center;\"><strong>AVISO IMPORTANTE:<\/strong><\/p>\n<p style=\"text-align: center;\"><strong>AS APOSTILAS S\u00c3O ENVIADAS EM FORMATO PDF NO EMAIL CADASTRADO NO ATO DA COMPRA. CASO QUEIRA O MATERIAL EM FORMATO IMAGEM JPEG, ENTRE EM CONTATO CONOSCO PELO WHATSAPP: 31-994716920<\/strong><\/p>\n<p style=\"text-align: center;\"><strong>MAIS INFORMA\u00c7\u00d5ES E COMPRA PELO PIX, ENTRE EM CONTATO CONOSCO: 31-994716920. PIX: 31-994716920 (Eduardo de Sousa)<\/strong><\/p>\n<p style=\"text-align: center;\"><strong>ENVIO DO MATERIAL: EM AT\u00c9 1 (UM) DIA \u00daTIL, AP\u00d3S A CONFIRMA\u00c7\u00c3O DO PAGAMENTO<\/strong>\u00a0<strong>(SER\u00c1 ENVIADO UM LINK DO GOOGLE DRIVE NO E-MAIL INFORMADO NO ATO DA COMPRA PARA O DOWNLOAD DA APOSTILA).<\/strong><\/p>\n","protected":false},"featured_media":24153,"comment_status":"open","ping_status":"closed","template":"","meta":[],"product_brand":[],"product_cat":[139],"product_tag":[128,31,35,183,177],"class_list":{"0":"post-24151","1":"product","2":"type-product","3":"status-publish","4":"has-post-thumbnail","6":"product_cat-quimica","7":"product_tag-atividades-adaptadas","8":"product_tag-atividades-ludicas","9":"product_tag-ensino-medio","10":"product_tag-lapbooks","11":"product_tag-quimica","13":"first","14":"instock","15":"virtual","16":"taxable","17":"purchasable","18":"product-type-simple"},"_links":{"self":[{"href":"https:\/\/cacapalavrasdidaticos.com.br\/site\/wp-json\/wp\/v2\/product\/24151","targetHints":{"allow":["GET"]}}],"collection":[{"href":"https:\/\/cacapalavrasdidaticos.com.br\/site\/wp-json\/wp\/v2\/product"}],"about":[{"href":"https:\/\/cacapalavrasdidaticos.com.br\/site\/wp-json\/wp\/v2\/types\/product"}],"replies":[{"embeddable":true,"href":"https:\/\/cacapalavrasdidaticos.com.br\/site\/wp-json\/wp\/v2\/comments?post=24151"}],"wp:featuredmedia":[{"embeddable":true,"href":"https:\/\/cacapalavrasdidaticos.com.br\/site\/wp-json\/wp\/v2\/media\/24153"}],"wp:attachment":[{"href":"https:\/\/cacapalavrasdidaticos.com.br\/site\/wp-json\/wp\/v2\/media?parent=24151"}],"wp:term":[{"taxonomy":"product_brand","embeddable":true,"href":"https:\/\/cacapalavrasdidaticos.com.br\/site\/wp-json\/wp\/v2\/product_brand?post=24151"},{"taxonomy":"product_cat","embeddable":true,"href":"https:\/\/cacapalavrasdidaticos.com.br\/site\/wp-json\/wp\/v2\/product_cat?post=24151"},{"taxonomy":"product_tag","embeddable":true,"href":"https:\/\/cacapalavrasdidaticos.com.br\/site\/wp-json\/wp\/v2\/product_tag?post=24151"}],"curies":[{"name":"wp","href":"https:\/\/api.w.org\/{rel}","templated":true}]}}