{"id":24142,"date":"2026-01-21T23:25:26","date_gmt":"2026-01-22T02:25:26","guid":{"rendered":"https:\/\/cacapalavrasdidaticos.com.br\/site\/?post_type=product&#038;p=24142"},"modified":"2026-01-28T14:36:46","modified_gmt":"2026-01-28T17:36:46","slug":"lapbook-de-quimica-oxirreducao-e-numero-de-oxidacao-nox","status":"publish","type":"product","link":"https:\/\/cacapalavrasdidaticos.com.br\/site\/produto\/lapbook-de-quimica-oxirreducao-e-numero-de-oxidacao-nox\/","title":{"rendered":"LAPBOOK DE QU\u00cdMICA &#8211; OXIRREDU\u00c7\u00c3O E N\u00daMERO DE OXIDA\u00c7\u00c3O (NOX)"},"content":{"rendered":"","protected":false},"excerpt":{"rendered":"<div class=\"flex max-w-full flex-col grow\">\n<div class=\"min-h-8 text-message relative flex w-full flex-col items-end gap-2 text-start break-words whitespace-normal [.text-message+&amp;]:mt-1\" dir=\"auto\" data-message-author-role=\"assistant\" data-message-id=\"3c52ffbf-a79b-4efa-8c78-badf7f1a3767\" data-message-model-slug=\"gpt-4o-mini\">\n<div class=\"flex w-full flex-col gap-1 empty:hidden first:pt-[1px]\">\n<div class=\"markdown prose dark:prose-invert w-full break-words light markdown-new-styling\">\n<p data-start=\"146\" data-end=\"222\"><strong data-start=\"146\" data-end=\"222\">Aprenda Qu\u00edmica de forma interativa e envolvente com nossos Lapbooks! \ud83d\udcda<\/strong><\/p>\n<p data-start=\"224\" data-end=\"278\">Para o Ensino M\u00e9dio | Habilidades BNCC: <strong data-start=\"264\" data-end=\"278\">(EM13CN01)<\/strong><\/p>\n<p data-start=\"280\" data-end=\"337\">\ud83c\udf1f <strong data-start=\"283\" data-end=\"336\">O que voc\u00ea encontra em nossos Lapbooks de Qu\u00edmica<\/strong>:<\/p>\n<p data-start=\"339\" data-end=\"387\"><strong data-start=\"339\" data-end=\"387\">Tema: Oxirredu\u00e7\u00e3o e N\u00famero de Oxida\u00e7\u00e3o (NOX)<\/strong><\/p>\n<ul data-start=\"389\" data-end=\"800\">\n<li data-start=\"389\" data-end=\"800\">\n<p data-start=\"391\" data-end=\"800\"><strong data-start=\"391\" data-end=\"406\">Vis\u00e3o Geral<\/strong>: Este lapbook explora as <strong data-start=\"432\" data-end=\"458\">rea\u00e7\u00f5es de oxirredu\u00e7\u00e3o<\/strong>, onde ocorre a transfer\u00eancia de el\u00e9trons entre esp\u00e9cies qu\u00edmicas. O conte\u00fado detalha como identificar quando uma subst\u00e2ncia sofre <strong data-start=\"589\" data-end=\"601\">oxida\u00e7\u00e3o<\/strong> (perda de el\u00e9trons) e <strong data-start=\"624\" data-end=\"635\">redu\u00e7\u00e3o<\/strong> (ganho de el\u00e9trons), al\u00e9m de ensinar a <strong data-start=\"675\" data-end=\"719\">determina\u00e7\u00e3o do n\u00famero de oxida\u00e7\u00e3o (NOX)<\/strong>, que \u00e9 fundamental para classificar essas rea\u00e7\u00f5es e balancear equa\u00e7\u00f5es qu\u00edmicas.<\/p>\n<\/li>\n<\/ul>\n<p data-start=\"802\" data-end=\"815\"><strong data-start=\"802\" data-end=\"814\">Conte\u00fado<\/strong>:<\/p>\n<ul data-start=\"816\" data-end=\"1499\">\n<li data-start=\"816\" data-end=\"954\">\n<p data-start=\"818\" data-end=\"954\"><strong data-start=\"818\" data-end=\"833\">Oxirredu\u00e7\u00e3o<\/strong>: Rea\u00e7\u00f5es onde ocorre transfer\u00eancia de el\u00e9trons entre reagentes. A oxida\u00e7\u00e3o e a redu\u00e7\u00e3o sempre acontecem simultaneamente.<\/p>\n<\/li>\n<li data-start=\"955\" data-end=\"1052\">\n<p data-start=\"957\" data-end=\"1052\"><strong data-start=\"957\" data-end=\"969\">Oxida\u00e7\u00e3o<\/strong>: Processo em que uma subst\u00e2ncia perde el\u00e9trons, aumentando seu n\u00famero de oxida\u00e7\u00e3o.<\/p>\n<\/li>\n<li data-start=\"1053\" data-end=\"1149\">\n<p data-start=\"1055\" data-end=\"1149\"><strong data-start=\"1055\" data-end=\"1066\">Redu\u00e7\u00e3o<\/strong>: Processo em que uma subst\u00e2ncia ganha el\u00e9trons, diminuindo seu n\u00famero de oxida\u00e7\u00e3o.<\/p>\n<\/li>\n<li data-start=\"1150\" data-end=\"1319\">\n<p data-start=\"1152\" data-end=\"1319\"><strong data-start=\"1152\" data-end=\"1180\">N\u00famero de Oxida\u00e7\u00e3o (NOX)<\/strong>: Representa a carga aparente de um \u00e1tomo em uma subst\u00e2ncia e \u00e9 utilizado para acompanhar a transfer\u00eancia de el\u00e9trons nas rea\u00e7\u00f5es qu\u00edmicas.<\/p>\n<\/li>\n<li data-start=\"1320\" data-end=\"1499\">\n<p data-start=\"1322\" data-end=\"1499\"><strong data-start=\"1322\" data-end=\"1354\">Regras para determinar o NOX<\/strong>: Inclui regras gerais, como a soma dos NOX em um composto neutro ser igual a zero, e as regras espec\u00edficas para compostos i\u00f4nicos e moleculares.<\/p>\n<\/li>\n<\/ul>\n<p data-start=\"1501\" data-end=\"1588\">\ud83d\udcda Cada Lapbook tem 14 p\u00e1ginas repletas de conte\u00fado relevante para o ensino de Qu\u00edmica.<\/p>\n<p data-start=\"1590\" data-end=\"1638\"><strong data-start=\"1590\" data-end=\"1638\">Por que escolher nossos Lapbooks de Qu\u00edmica?<\/strong><\/p>\n<ul data-start=\"1639\" data-end=\"1815\">\n<li data-start=\"1639\" data-end=\"1716\">\n<p data-start=\"1641\" data-end=\"1716\">M\u00e9todo visual e interativo que torna o aprendizado mais prazeroso e eficaz.<\/p>\n<\/li>\n<li data-start=\"1717\" data-end=\"1815\">\n<p data-start=\"1719\" data-end=\"1815\">Estimula o pensamento cr\u00edtico, a curiosidade cient\u00edfica e a compreens\u00e3o de conceitos essenciais.<\/p>\n<\/li>\n<\/ul>\n<p data-start=\"1817\" data-end=\"1893\">\ud83c\udf1f Transforme o aprendizado de Qu\u00edmica em uma experi\u00eancia \u00fanica e memor\u00e1vel!<\/p>\n<p data-start=\"1820\" data-end=\"1896\">\n<\/div>\n<\/div>\n<\/div>\n<\/div>\n<p style=\"text-align: center;\"><strong>AVISO IMPORTANTE:<\/strong><\/p>\n<p style=\"text-align: center;\"><strong>AS APOSTILAS S\u00c3O ENVIADAS EM FORMATO PDF NO EMAIL CADASTRADO NO ATO DA COMPRA. CASO QUEIRA O MATERIAL EM FORMATO IMAGEM JPEG, ENTRE EM CONTATO CONOSCO PELO WHATSAPP: 31-994716920<\/strong><\/p>\n<p style=\"text-align: center;\"><strong>MAIS INFORMA\u00c7\u00d5ES E COMPRA PELO PIX, ENTRE EM CONTATO CONOSCO: 31-994716920. PIX: 31-994716920 (Eduardo de Sousa)<\/strong><\/p>\n<p style=\"text-align: center;\"><strong>ENVIO DO MATERIAL: EM AT\u00c9 1 (UM) DIA \u00daTIL, AP\u00d3S A CONFIRMA\u00c7\u00c3O DO PAGAMENTO<\/strong>\u00a0<strong>(SER\u00c1 ENVIADO UM LINK DO GOOGLE DRIVE NO E-MAIL INFORMADO NO ATO DA COMPRA PARA O DOWNLOAD DA APOSTILA).<\/strong><\/p>\n","protected":false},"featured_media":24144,"comment_status":"open","ping_status":"closed","template":"","meta":[],"product_brand":[],"product_cat":[139],"product_tag":[128,31,35,183,177],"class_list":{"0":"post-24142","1":"product","2":"type-product","3":"status-publish","4":"has-post-thumbnail","6":"product_cat-quimica","7":"product_tag-atividades-adaptadas","8":"product_tag-atividades-ludicas","9":"product_tag-ensino-medio","10":"product_tag-lapbooks","11":"product_tag-quimica","13":"first","14":"instock","15":"virtual","16":"taxable","17":"purchasable","18":"product-type-simple"},"_links":{"self":[{"href":"https:\/\/cacapalavrasdidaticos.com.br\/site\/wp-json\/wp\/v2\/product\/24142","targetHints":{"allow":["GET"]}}],"collection":[{"href":"https:\/\/cacapalavrasdidaticos.com.br\/site\/wp-json\/wp\/v2\/product"}],"about":[{"href":"https:\/\/cacapalavrasdidaticos.com.br\/site\/wp-json\/wp\/v2\/types\/product"}],"replies":[{"embeddable":true,"href":"https:\/\/cacapalavrasdidaticos.com.br\/site\/wp-json\/wp\/v2\/comments?post=24142"}],"wp:featuredmedia":[{"embeddable":true,"href":"https:\/\/cacapalavrasdidaticos.com.br\/site\/wp-json\/wp\/v2\/media\/24144"}],"wp:attachment":[{"href":"https:\/\/cacapalavrasdidaticos.com.br\/site\/wp-json\/wp\/v2\/media?parent=24142"}],"wp:term":[{"taxonomy":"product_brand","embeddable":true,"href":"https:\/\/cacapalavrasdidaticos.com.br\/site\/wp-json\/wp\/v2\/product_brand?post=24142"},{"taxonomy":"product_cat","embeddable":true,"href":"https:\/\/cacapalavrasdidaticos.com.br\/site\/wp-json\/wp\/v2\/product_cat?post=24142"},{"taxonomy":"product_tag","embeddable":true,"href":"https:\/\/cacapalavrasdidaticos.com.br\/site\/wp-json\/wp\/v2\/product_tag?post=24142"}],"curies":[{"name":"wp","href":"https:\/\/api.w.org\/{rel}","templated":true}]}}