{"id":24136,"date":"2026-01-21T23:16:53","date_gmt":"2026-01-22T02:16:53","guid":{"rendered":"https:\/\/cacapalavrasdidaticos.com.br\/site\/?post_type=product&#038;p=24136"},"modified":"2026-01-28T14:36:46","modified_gmt":"2026-01-28T17:36:46","slug":"lapbook-de-quimica-calor-temperatura-e-transferencia-de-energia","status":"publish","type":"product","link":"https:\/\/cacapalavrasdidaticos.com.br\/site\/produto\/lapbook-de-quimica-calor-temperatura-e-transferencia-de-energia\/","title":{"rendered":"LAPBOOK DE QU\u00cdMICA &#8211; CALOR, TEMPERATURA E TRANSFER\u00caNCIA DE ENERGIA"},"content":{"rendered":"","protected":false},"excerpt":{"rendered":"<div class=\"flex max-w-full flex-col grow\">\n<div class=\"min-h-8 text-message relative flex w-full flex-col items-end gap-2 text-start break-words whitespace-normal [.text-message+&amp;]:mt-1\" dir=\"auto\" data-message-author-role=\"assistant\" data-message-id=\"3c52ffbf-a79b-4efa-8c78-badf7f1a3767\" data-message-model-slug=\"gpt-4o-mini\">\n<div class=\"flex w-full flex-col gap-1 empty:hidden first:pt-[1px]\">\n<div class=\"markdown prose dark:prose-invert w-full break-words light markdown-new-styling\">\n<p data-start=\"188\" data-end=\"264\"><strong data-start=\"188\" data-end=\"264\">Aprenda Qu\u00edmica de forma interativa e envolvente com nossos Lapbooks! \ud83d\udcda<\/strong><\/p>\n<p data-start=\"266\" data-end=\"320\">Para o Ensino M\u00e9dio | Habilidades BNCC: <strong data-start=\"306\" data-end=\"320\">(EM13CN01)<\/strong><\/p>\n<p data-start=\"322\" data-end=\"379\">\ud83c\udf1f <strong data-start=\"325\" data-end=\"378\">O que voc\u00ea encontra em nossos Lapbooks de Qu\u00edmica<\/strong>:<\/p>\n<p data-start=\"381\" data-end=\"436\"><strong data-start=\"381\" data-end=\"436\">Tema: Calor, Temperatura e Transfer\u00eancia de Energia<\/strong><\/p>\n<ul data-start=\"438\" data-end=\"774\">\n<li data-start=\"438\" data-end=\"774\">\n<p data-start=\"440\" data-end=\"774\"><strong data-start=\"440\" data-end=\"455\">Vis\u00e3o Geral<\/strong>: Este lapbook explora os conceitos de <strong data-start=\"494\" data-end=\"503\">calor<\/strong> e <strong data-start=\"506\" data-end=\"521\">temperatura<\/strong>, que s\u00e3o fundamentais para entender a <strong data-start=\"560\" data-end=\"596\">transfer\u00eancia de energia t\u00e9rmica<\/strong>. O conte\u00fado detalha como a <strong data-start=\"624\" data-end=\"643\">energia t\u00e9rmica<\/strong> se move entre corpos de diferentes temperaturas e como esse processo ocorre atrav\u00e9s de <strong data-start=\"731\" data-end=\"743\">condu\u00e7\u00e3o<\/strong>, <strong data-start=\"745\" data-end=\"758\">convec\u00e7\u00e3o<\/strong> e <strong data-start=\"761\" data-end=\"773\">radia\u00e7\u00e3o<\/strong>.<\/p>\n<\/li>\n<\/ul>\n<p data-start=\"776\" data-end=\"789\"><strong data-start=\"776\" data-end=\"788\">Conte\u00fado<\/strong>:<\/p>\n<ul data-start=\"790\" data-end=\"1502\">\n<li data-start=\"790\" data-end=\"937\">\n<p data-start=\"792\" data-end=\"937\"><strong data-start=\"792\" data-end=\"807\">Temperatura<\/strong>: A medida do grau de agita\u00e7\u00e3o das part\u00edculas de um corpo, que pode ser quantificada em escalas como Celsius, Kelvin e Fahrenheit.<\/p>\n<\/li>\n<li data-start=\"938\" data-end=\"1094\">\n<p data-start=\"940\" data-end=\"1094\"><strong data-start=\"940\" data-end=\"949\">Calor<\/strong>: A energia transferida entre corpos de diferentes temperaturas, sempre fluindo do mais quente para o mais frio at\u00e9 atingir o equil\u00edbrio t\u00e9rmico.<\/p>\n<\/li>\n<li data-start=\"1095\" data-end=\"1211\">\n<p data-start=\"1097\" data-end=\"1211\"><strong data-start=\"1097\" data-end=\"1109\">Condu\u00e7\u00e3o<\/strong>: A transfer\u00eancia de calor atrav\u00e9s do contato direto entre part\u00edculas, comumente observada em s\u00f3lidos.<\/p>\n<\/li>\n<li data-start=\"1212\" data-end=\"1350\">\n<p data-start=\"1214\" data-end=\"1350\"><strong data-start=\"1214\" data-end=\"1227\">Convec\u00e7\u00e3o<\/strong>: O movimento de fluidos (l\u00edquidos e gases) onde partes aquecidas sobem e partes frias descem, formando correntes de calor.<\/p>\n<\/li>\n<li data-start=\"1351\" data-end=\"1502\">\n<p data-start=\"1353\" data-end=\"1502\"><strong data-start=\"1353\" data-end=\"1365\">Radia\u00e7\u00e3o<\/strong>: A transfer\u00eancia de calor atrav\u00e9s de ondas eletromagn\u00e9ticas, sem a necessidade de um meio material, como a energia que recebemos do Sol.<\/p>\n<\/li>\n<\/ul>\n<p data-start=\"1504\" data-end=\"1591\">\ud83d\udcda Cada Lapbook tem 14 p\u00e1ginas repletas de conte\u00fado relevante para o ensino de Qu\u00edmica.<\/p>\n<p data-start=\"1593\" data-end=\"1641\"><strong data-start=\"1593\" data-end=\"1641\">Por que escolher nossos Lapbooks de Qu\u00edmica?<\/strong><\/p>\n<ul data-start=\"1642\" data-end=\"1818\">\n<li data-start=\"1642\" data-end=\"1719\">\n<p data-start=\"1644\" data-end=\"1719\">M\u00e9todo visual e interativo que torna o aprendizado mais prazeroso e eficaz.<\/p>\n<\/li>\n<li data-start=\"1720\" data-end=\"1818\">\n<p data-start=\"1722\" data-end=\"1818\">Estimula o pensamento cr\u00edtico, a curiosidade cient\u00edfica e a compreens\u00e3o de conceitos essenciais.<\/p>\n<\/li>\n<\/ul>\n<p data-start=\"1820\" data-end=\"1896\">\ud83c\udf1f Transforme o aprendizado de Qu\u00edmica em uma experi\u00eancia \u00fanica e memor\u00e1vel!<\/p>\n<p data-start=\"1820\" data-end=\"1896\">\n<\/div>\n<\/div>\n<\/div>\n<\/div>\n<p style=\"text-align: center;\"><strong>AVISO IMPORTANTE:<\/strong><\/p>\n<p style=\"text-align: center;\"><strong>AS APOSTILAS S\u00c3O ENVIADAS EM FORMATO PDF NO EMAIL CADASTRADO NO ATO DA COMPRA. CASO QUEIRA O MATERIAL EM FORMATO IMAGEM JPEG, ENTRE EM CONTATO CONOSCO PELO WHATSAPP: 31-994716920<\/strong><\/p>\n<p style=\"text-align: center;\"><strong>MAIS INFORMA\u00c7\u00d5ES E COMPRA PELO PIX, ENTRE EM CONTATO CONOSCO: 31-994716920. PIX: 31-994716920 (Eduardo de Sousa)<\/strong><\/p>\n<p style=\"text-align: center;\"><strong>ENVIO DO MATERIAL: EM AT\u00c9 1 (UM) DIA \u00daTIL, AP\u00d3S A CONFIRMA\u00c7\u00c3O DO PAGAMENTO<\/strong>\u00a0<strong>(SER\u00c1 ENVIADO UM LINK DO GOOGLE DRIVE NO E-MAIL INFORMADO NO ATO DA COMPRA PARA O DOWNLOAD DA APOSTILA).<\/strong><\/p>\n","protected":false},"featured_media":24137,"comment_status":"open","ping_status":"closed","template":"","meta":[],"product_brand":[],"product_cat":[139],"product_tag":[128,31,35,183,177],"class_list":{"0":"post-24136","1":"product","2":"type-product","3":"status-publish","4":"has-post-thumbnail","6":"product_cat-quimica","7":"product_tag-atividades-adaptadas","8":"product_tag-atividades-ludicas","9":"product_tag-ensino-medio","10":"product_tag-lapbooks","11":"product_tag-quimica","13":"first","14":"instock","15":"virtual","16":"taxable","17":"purchasable","18":"product-type-simple"},"_links":{"self":[{"href":"https:\/\/cacapalavrasdidaticos.com.br\/site\/wp-json\/wp\/v2\/product\/24136","targetHints":{"allow":["GET"]}}],"collection":[{"href":"https:\/\/cacapalavrasdidaticos.com.br\/site\/wp-json\/wp\/v2\/product"}],"about":[{"href":"https:\/\/cacapalavrasdidaticos.com.br\/site\/wp-json\/wp\/v2\/types\/product"}],"replies":[{"embeddable":true,"href":"https:\/\/cacapalavrasdidaticos.com.br\/site\/wp-json\/wp\/v2\/comments?post=24136"}],"wp:featuredmedia":[{"embeddable":true,"href":"https:\/\/cacapalavrasdidaticos.com.br\/site\/wp-json\/wp\/v2\/media\/24137"}],"wp:attachment":[{"href":"https:\/\/cacapalavrasdidaticos.com.br\/site\/wp-json\/wp\/v2\/media?parent=24136"}],"wp:term":[{"taxonomy":"product_brand","embeddable":true,"href":"https:\/\/cacapalavrasdidaticos.com.br\/site\/wp-json\/wp\/v2\/product_brand?post=24136"},{"taxonomy":"product_cat","embeddable":true,"href":"https:\/\/cacapalavrasdidaticos.com.br\/site\/wp-json\/wp\/v2\/product_cat?post=24136"},{"taxonomy":"product_tag","embeddable":true,"href":"https:\/\/cacapalavrasdidaticos.com.br\/site\/wp-json\/wp\/v2\/product_tag?post=24136"}],"curies":[{"name":"wp","href":"https:\/\/api.w.org\/{rel}","templated":true}]}}