{"id":24123,"date":"2026-01-21T22:53:46","date_gmt":"2026-01-22T01:53:46","guid":{"rendered":"https:\/\/cacapalavrasdidaticos.com.br\/site\/?post_type=product&#038;p=24123"},"modified":"2026-01-28T14:36:47","modified_gmt":"2026-01-28T17:36:47","slug":"lapbook-de-quimica-seguranca-em-laboratorio-de-ciencias","status":"publish","type":"product","link":"https:\/\/cacapalavrasdidaticos.com.br\/site\/produto\/lapbook-de-quimica-seguranca-em-laboratorio-de-ciencias\/","title":{"rendered":"LAPBOOK DE QU\u00cdMICA &#8211; SEGURAN\u00c7A EM LABORAT\u00d3RIO DE CI\u00caNCIAS"},"content":{"rendered":"","protected":false},"excerpt":{"rendered":"<div class=\"flex max-w-full flex-col grow\">\n<div class=\"min-h-8 text-message relative flex w-full flex-col items-end gap-2 text-start break-words whitespace-normal [.text-message+&amp;]:mt-1\" dir=\"auto\" data-message-author-role=\"assistant\" data-message-id=\"3c52ffbf-a79b-4efa-8c78-badf7f1a3767\" data-message-model-slug=\"gpt-4o-mini\">\n<div class=\"flex w-full flex-col gap-1 empty:hidden first:pt-[1px]\">\n<div class=\"markdown prose dark:prose-invert w-full break-words light markdown-new-styling\">\n<p data-start=\"185\" data-end=\"261\"><strong data-start=\"185\" data-end=\"261\">Aprenda Qu\u00edmica de forma interativa e envolvente com nossos Lapbooks! \ud83d\udcda<\/strong><\/p>\n<p data-start=\"263\" data-end=\"317\">Para o Ensino M\u00e9dio | Habilidades BNCC: <strong data-start=\"303\" data-end=\"317\">(EM13CN01)<\/strong><\/p>\n<p data-start=\"319\" data-end=\"376\">\ud83c\udf1f <strong data-start=\"322\" data-end=\"375\">O que voc\u00ea encontra em nossos Lapbooks de Qu\u00edmica<\/strong>:<\/p>\n<p data-start=\"378\" data-end=\"424\"><strong data-start=\"378\" data-end=\"424\">Tema: Seguran\u00e7a em Laborat\u00f3rio de Ci\u00eancias<\/strong><\/p>\n<ul data-start=\"426\" data-end=\"819\">\n<li data-start=\"426\" data-end=\"819\">\n<p data-start=\"428\" data-end=\"819\"><strong data-start=\"428\" data-end=\"443\">Vis\u00e3o Geral<\/strong>: Este lapbook aborda a <strong data-start=\"467\" data-end=\"495\">seguran\u00e7a em laborat\u00f3rio<\/strong>, enfatizando a import\u00e2ncia do uso correto de <strong data-start=\"541\" data-end=\"587\">equipamentos de prote\u00e7\u00e3o individual (EPIs)<\/strong>, a organiza\u00e7\u00e3o do espa\u00e7o e o cumprimento das normas para prevenir acidentes durante atividades experimentais. O foco est\u00e1 na <strong data-start=\"713\" data-end=\"738\">postura investigativa<\/strong>, que envolve aten\u00e7\u00e3o, responsabilidade e respeito aos procedimentos cient\u00edficos.<\/p>\n<\/li>\n<\/ul>\n<p data-start=\"821\" data-end=\"834\"><strong data-start=\"821\" data-end=\"833\">Conte\u00fado<\/strong>:<\/p>\n<ul data-start=\"835\" data-end=\"1424\">\n<li data-start=\"835\" data-end=\"944\">\n<p data-start=\"837\" data-end=\"944\"><strong data-start=\"837\" data-end=\"865\">Seguran\u00e7a em Laborat\u00f3rio<\/strong>: Conjunto de normas e cuidados para prevenir acidentes e garantir a seguran\u00e7a.<\/p>\n<\/li>\n<li data-start=\"945\" data-end=\"1088\">\n<p data-start=\"947\" data-end=\"1088\"><strong data-start=\"947\" data-end=\"992\">Equipamentos de Prote\u00e7\u00e3o Individual (EPI)<\/strong>: Uso de jaleco, luvas, \u00f3culos de prote\u00e7\u00e3o e m\u00e1scara para proteger contra subst\u00e2ncias perigosas.<\/p>\n<\/li>\n<li data-start=\"1089\" data-end=\"1184\">\n<p data-start=\"1091\" data-end=\"1184\"><strong data-start=\"1091\" data-end=\"1121\">Procedimentos de Seguran\u00e7a<\/strong>: Como agir corretamente antes, durante e ap\u00f3s os experimentos.<\/p>\n<\/li>\n<li data-start=\"1185\" data-end=\"1336\">\n<p data-start=\"1187\" data-end=\"1336\"><strong data-start=\"1187\" data-end=\"1208\">S\u00edmbolos de Risco<\/strong>: Identifica\u00e7\u00e3o de subst\u00e2ncias perigosas por meio de s\u00edmbolos, alertando para riscos de inflamabilidade, toxicidade ou corros\u00e3o.<\/p>\n<\/li>\n<li data-start=\"1337\" data-end=\"1424\">\n<p data-start=\"1339\" data-end=\"1424\"><strong data-start=\"1339\" data-end=\"1364\">Postura Investigativa<\/strong>: Agir com aten\u00e7\u00e3o, \u00e9tica e cuidado durante os experimentos.<\/p>\n<\/li>\n<\/ul>\n<p data-start=\"1426\" data-end=\"1513\">\ud83d\udcda Cada Lapbook tem 14 p\u00e1ginas repletas de conte\u00fado relevante para o ensino de Qu\u00edmica.<\/p>\n<p data-start=\"1515\" data-end=\"1563\"><strong data-start=\"1515\" data-end=\"1563\">Por que escolher nossos Lapbooks de Qu\u00edmica?<\/strong><\/p>\n<ul data-start=\"1564\" data-end=\"1740\">\n<li data-start=\"1564\" data-end=\"1641\">\n<p data-start=\"1566\" data-end=\"1641\">M\u00e9todo visual e interativo que torna o aprendizado mais prazeroso e eficaz.<\/p>\n<\/li>\n<li data-start=\"1642\" data-end=\"1740\">\n<p data-start=\"1644\" data-end=\"1740\">Estimula o pensamento cr\u00edtico, a curiosidade cient\u00edfica e a compreens\u00e3o de conceitos essenciais.<\/p>\n<\/li>\n<\/ul>\n<p data-start=\"1742\" data-end=\"1818\">\ud83c\udf1f Transforme o aprendizado de Qu\u00edmica em uma experi\u00eancia \u00fanica e memor\u00e1vel!<\/p>\n<\/div>\n<\/div>\n<\/div>\n<\/div>\n<div class=\"mt-3 w-full empty:hidden\">\n<div class=\"text-center\">\n<div>\n<div class=\"inline-flex border border-gray-100 dark:border-gray-700 rounded-xl\">\n<div class=\"text-token-text-secondary flex items-center justify-center gap-4 px-4 py-2.5 text-sm whitespace-nowrap\"><\/div>\n<\/div>\n<\/div>\n<\/div>\n<\/div>\n<p style=\"text-align: center;\"><strong>AVISO IMPORTANTE:<\/strong><\/p>\n<p style=\"text-align: center;\"><strong>AS APOSTILAS S\u00c3O ENVIADAS EM FORMATO PDF NO EMAIL CADASTRADO NO ATO DA COMPRA. CASO QUEIRA O MATERIAL EM FORMATO IMAGEM JPEG, ENTRE EM CONTATO CONOSCO PELO WHATSAPP: 31-994716920<\/strong><\/p>\n<p style=\"text-align: center;\"><strong>MAIS INFORMA\u00c7\u00d5ES E COMPRA PELO PIX, ENTRE EM CONTATO CONOSCO: 31-994716920. PIX: 31-994716920 (Eduardo de Sousa)<\/strong><\/p>\n<p style=\"text-align: center;\"><strong>ENVIO DO MATERIAL: EM AT\u00c9 1 (UM) DIA \u00daTIL, AP\u00d3S A CONFIRMA\u00c7\u00c3O DO PAGAMENTO<\/strong>\u00a0<strong>(SER\u00c1 ENVIADO UM LINK DO GOOGLE DRIVE NO E-MAIL INFORMADO NO ATO DA COMPRA PARA O DOWNLOAD DA APOSTILA).<\/strong><\/p>\n","protected":false},"featured_media":24124,"comment_status":"open","ping_status":"closed","template":"","meta":[],"product_brand":[],"product_cat":[139],"product_tag":[128,31,35,183,177],"class_list":{"0":"post-24123","1":"product","2":"type-product","3":"status-publish","4":"has-post-thumbnail","6":"product_cat-quimica","7":"product_tag-atividades-adaptadas","8":"product_tag-atividades-ludicas","9":"product_tag-ensino-medio","10":"product_tag-lapbooks","11":"product_tag-quimica","13":"first","14":"instock","15":"virtual","16":"taxable","17":"purchasable","18":"product-type-simple"},"_links":{"self":[{"href":"https:\/\/cacapalavrasdidaticos.com.br\/site\/wp-json\/wp\/v2\/product\/24123","targetHints":{"allow":["GET"]}}],"collection":[{"href":"https:\/\/cacapalavrasdidaticos.com.br\/site\/wp-json\/wp\/v2\/product"}],"about":[{"href":"https:\/\/cacapalavrasdidaticos.com.br\/site\/wp-json\/wp\/v2\/types\/product"}],"replies":[{"embeddable":true,"href":"https:\/\/cacapalavrasdidaticos.com.br\/site\/wp-json\/wp\/v2\/comments?post=24123"}],"wp:featuredmedia":[{"embeddable":true,"href":"https:\/\/cacapalavrasdidaticos.com.br\/site\/wp-json\/wp\/v2\/media\/24124"}],"wp:attachment":[{"href":"https:\/\/cacapalavrasdidaticos.com.br\/site\/wp-json\/wp\/v2\/media?parent=24123"}],"wp:term":[{"taxonomy":"product_brand","embeddable":true,"href":"https:\/\/cacapalavrasdidaticos.com.br\/site\/wp-json\/wp\/v2\/product_brand?post=24123"},{"taxonomy":"product_cat","embeddable":true,"href":"https:\/\/cacapalavrasdidaticos.com.br\/site\/wp-json\/wp\/v2\/product_cat?post=24123"},{"taxonomy":"product_tag","embeddable":true,"href":"https:\/\/cacapalavrasdidaticos.com.br\/site\/wp-json\/wp\/v2\/product_tag?post=24123"}],"curies":[{"name":"wp","href":"https:\/\/api.w.org\/{rel}","templated":true}]}}