{"id":24101,"date":"2026-01-21T22:07:02","date_gmt":"2026-01-22T01:07:02","guid":{"rendered":"https:\/\/cacapalavrasdidaticos.com.br\/site\/?post_type=product&#038;p=24101"},"modified":"2026-01-28T14:37:34","modified_gmt":"2026-01-28T17:37:34","slug":"lapbook-de-quimica-introducao-a-quimica-e-estrutura-atomica","status":"publish","type":"product","link":"https:\/\/cacapalavrasdidaticos.com.br\/site\/produto\/lapbook-de-quimica-introducao-a-quimica-e-estrutura-atomica\/","title":{"rendered":"LAPBOOK DE QU\u00cdMICA &#8211; INTRODU\u00c7\u00c3O \u00c0 QU\u00cdMICA E ESTRUTURA AT\u00d4MICA"},"content":{"rendered":"","protected":false},"excerpt":{"rendered":"<div class=\"flex max-w-full flex-col grow\">\n<div class=\"min-h-8 text-message relative flex w-full flex-col items-end gap-2 text-start break-words whitespace-normal [.text-message+&amp;]:mt-1\" dir=\"auto\" data-message-author-role=\"assistant\" data-message-id=\"3c52ffbf-a79b-4efa-8c78-badf7f1a3767\" data-message-model-slug=\"gpt-4o-mini\">\n<div class=\"flex w-full flex-col gap-1 empty:hidden first:pt-[1px]\">\n<div class=\"markdown prose dark:prose-invert w-full break-words light markdown-new-styling\">\n<p data-start=\"107\" data-end=\"183\"><strong data-start=\"107\" data-end=\"183\">Aprenda Qu\u00edmica de forma interativa e envolvente com nossos Lapbooks! \ud83d\udcda<\/strong><\/p>\n<p data-start=\"185\" data-end=\"239\">Para o Ensino M\u00e9dio | Habilidades BNCC: <strong data-start=\"225\" data-end=\"239\">(EM13CN01)<\/strong><\/p>\n<p data-start=\"241\" data-end=\"294\">\ud83c\udf1f O que voc\u00ea encontra em nossos Lapbooks de Qu\u00edmica:<\/p>\n<ul data-start=\"296\" data-end=\"840\">\n<li data-start=\"296\" data-end=\"406\">\n<p data-start=\"298\" data-end=\"406\">Conte\u00fados completos e interativos: Resumos, quest\u00f5es + respostas, livreto, cart\u00f5es de estudo e autoavalia\u00e7\u00e3o<\/p>\n<\/li>\n<li data-start=\"407\" data-end=\"534\">\n<p data-start=\"409\" data-end=\"534\">Instru\u00e7\u00f5es de montagem detalhadas para que os alunos possam criar, organizar e revisar o conte\u00fado de forma pr\u00e1tica e criativa<\/p>\n<\/li>\n<li data-start=\"535\" data-end=\"674\">\n<p data-start=\"537\" data-end=\"674\">Atividades l\u00fadicas e educativas que exploram temas como a estrutura at\u00f4mica, a Tabela Peri\u00f3dica, propriedades dos elementos, e muito mais<\/p>\n<\/li>\n<li data-start=\"675\" data-end=\"777\">\n<p data-start=\"677\" data-end=\"777\">Abas, bolsos e cart\u00f5es para facilitar a organiza\u00e7\u00e3o do conhecimento e estimular a autonomia do aluno<\/p>\n<\/li>\n<li data-start=\"778\" data-end=\"840\">\n<p data-start=\"780\" data-end=\"840\">Ideal para estudantes que aprendem de forma visual e pr\u00e1tica<\/p>\n<\/li>\n<\/ul>\n<p data-start=\"842\" data-end=\"929\">\ud83d\udcda Cada Lapbook tem 14 p\u00e1ginas repletas de conte\u00fado relevante para o ensino de Qu\u00edmica.<\/p>\n<p data-start=\"931\" data-end=\"979\"><strong data-start=\"931\" data-end=\"979\">Por que escolher nossos Lapbooks de Qu\u00edmica?<\/strong><\/p>\n<ul data-start=\"981\" data-end=\"1250\">\n<li data-start=\"981\" data-end=\"1057\">\n<p data-start=\"983\" data-end=\"1057\">M\u00e9todo visual e interativo que torna o aprendizado mais prazeroso e eficaz<\/p>\n<\/li>\n<li data-start=\"1058\" data-end=\"1156\">\n<p data-start=\"1060\" data-end=\"1156\">Estimula o pensamento cr\u00edtico, a curiosidade cient\u00edfica e a compreens\u00e3o dos conceitos essenciais<\/p>\n<\/li>\n<li data-start=\"1157\" data-end=\"1250\">\n<p data-start=\"1159\" data-end=\"1250\">Perfeito para complementar o ensino de Qu\u00edmica e facilitar a revis\u00e3o de conte\u00fados complexos<\/p>\n<\/li>\n<\/ul>\n<p data-start=\"1252\" data-end=\"1328\">\ud83c\udf1f Transforme o aprendizado de Qu\u00edmica em uma experi\u00eancia \u00fanica e memor\u00e1vel!<\/p>\n<\/div>\n<\/div>\n<\/div>\n<\/div>\n<div class=\"z-0 flex min-h-[46px] justify-start\"><\/div>\n<div class=\"mt-3 w-full empty:hidden\">\n<div class=\"text-center\">\n<div>\n<div class=\"inline-flex border border-gray-100 dark:border-gray-700 rounded-xl\">\n<div class=\"text-token-text-secondary flex items-center justify-center gap-4 px-4 py-2.5 text-sm whitespace-nowrap\"><\/div>\n<\/div>\n<\/div>\n<\/div>\n<\/div>\n<p style=\"text-align: center;\"><strong>AVISO IMPORTANTE:<\/strong><\/p>\n<p style=\"text-align: center;\"><strong>AS APOSTILAS S\u00c3O ENVIADAS EM FORMATO PDF NO EMAIL CADASTRADO NO ATO DA COMPRA. CASO QUEIRA O MATERIAL EM FORMATO IMAGEM JPEG, ENTRE EM CONTATO CONOSCO PELO WHATSAPP: 31-994716920<\/strong><\/p>\n<p style=\"text-align: center;\"><strong>MAIS INFORMA\u00c7\u00d5ES E COMPRA PELO PIX, ENTRE EM CONTATO CONOSCO: 31-994716920. PIX: 31-994716920 (Eduardo de Sousa)<\/strong><\/p>\n<p style=\"text-align: center;\"><strong>ENVIO DO MATERIAL: EM AT\u00c9 1 (UM) DIA \u00daTIL, AP\u00d3S A CONFIRMA\u00c7\u00c3O DO PAGAMENTO<\/strong>\u00a0<strong>(SER\u00c1 ENVIADO UM LINK DO GOOGLE DRIVE NO E-MAIL INFORMADO NO ATO DA COMPRA PARA O DOWNLOAD DA APOSTILA).<\/strong><\/p>\n","protected":false},"featured_media":24103,"comment_status":"open","ping_status":"closed","template":"","meta":[],"product_brand":[],"product_cat":[139],"product_tag":[128,31,35,172,132,179],"class_list":{"0":"post-24101","1":"product","2":"type-product","3":"status-publish","4":"has-post-thumbnail","6":"product_cat-quimica","7":"product_tag-atividades-adaptadas","8":"product_tag-atividades-ludicas","9":"product_tag-ensino-medio","10":"product_tag-estudos-dirigidos","11":"product_tag-questoes-abertas","12":"product_tag-tecnologia-e-inovacao","14":"first","15":"instock","16":"virtual","17":"taxable","18":"purchasable","19":"product-type-simple"},"_links":{"self":[{"href":"https:\/\/cacapalavrasdidaticos.com.br\/site\/wp-json\/wp\/v2\/product\/24101","targetHints":{"allow":["GET"]}}],"collection":[{"href":"https:\/\/cacapalavrasdidaticos.com.br\/site\/wp-json\/wp\/v2\/product"}],"about":[{"href":"https:\/\/cacapalavrasdidaticos.com.br\/site\/wp-json\/wp\/v2\/types\/product"}],"replies":[{"embeddable":true,"href":"https:\/\/cacapalavrasdidaticos.com.br\/site\/wp-json\/wp\/v2\/comments?post=24101"}],"wp:featuredmedia":[{"embeddable":true,"href":"https:\/\/cacapalavrasdidaticos.com.br\/site\/wp-json\/wp\/v2\/media\/24103"}],"wp:attachment":[{"href":"https:\/\/cacapalavrasdidaticos.com.br\/site\/wp-json\/wp\/v2\/media?parent=24101"}],"wp:term":[{"taxonomy":"product_brand","embeddable":true,"href":"https:\/\/cacapalavrasdidaticos.com.br\/site\/wp-json\/wp\/v2\/product_brand?post=24101"},{"taxonomy":"product_cat","embeddable":true,"href":"https:\/\/cacapalavrasdidaticos.com.br\/site\/wp-json\/wp\/v2\/product_cat?post=24101"},{"taxonomy":"product_tag","embeddable":true,"href":"https:\/\/cacapalavrasdidaticos.com.br\/site\/wp-json\/wp\/v2\/product_tag?post=24101"}],"curies":[{"name":"wp","href":"https:\/\/api.w.org\/{rel}","templated":true}]}}