{"id":24098,"date":"2026-01-21T21:52:28","date_gmt":"2026-01-22T00:52:28","guid":{"rendered":"https:\/\/cacapalavrasdidaticos.com.br\/site\/?post_type=product&#038;p=24098"},"modified":"2026-01-28T14:37:34","modified_gmt":"2026-01-28T17:37:34","slug":"lapbook-de-quimica-geometria-molecular-polaridade-das-ligacoes-e-interacoes-intermoleculares","status":"publish","type":"product","link":"https:\/\/cacapalavrasdidaticos.com.br\/site\/produto\/lapbook-de-quimica-geometria-molecular-polaridade-das-ligacoes-e-interacoes-intermoleculares\/","title":{"rendered":"LAPBOOK DE QU\u00cdMICA &#8211; GEOMETRIA MOLECULAR, POLARIDADE DAS LIGA\u00c7\u00d5ES E INTERA\u00c7\u00d5ES INTERMOLECULARES"},"content":{"rendered":"","protected":false},"excerpt":{"rendered":"<div class=\"flex max-w-full flex-col grow\">\n<div class=\"min-h-8 text-message relative flex w-full flex-col items-end gap-2 text-start break-words whitespace-normal [.text-message+&amp;]:mt-1\" dir=\"auto\" data-message-author-role=\"assistant\" data-message-id=\"3c52ffbf-a79b-4efa-8c78-badf7f1a3767\" data-message-model-slug=\"gpt-4o-mini\">\n<div class=\"flex w-full flex-col gap-1 empty:hidden first:pt-[1px]\">\n<div class=\"markdown prose dark:prose-invert w-full break-words light markdown-new-styling\">\n<p data-start=\"97\" data-end=\"173\"><strong data-start=\"97\" data-end=\"173\">Aprenda Qu\u00edmica de forma interativa e envolvente com nossos Lapbooks! \ud83d\udcda<\/strong><\/p>\n<p data-start=\"175\" data-end=\"229\">Para o Ensino M\u00e9dio | Habilidades BNCC: <strong data-start=\"215\" data-end=\"229\">(EM13CN10)<\/strong><\/p>\n<p data-start=\"231\" data-end=\"284\">\ud83c\udf1f O que voc\u00ea encontra em nossos Lapbooks de Qu\u00edmica:<\/p>\n<ul data-start=\"286\" data-end=\"836\">\n<li data-start=\"286\" data-end=\"396\">\n<p data-start=\"288\" data-end=\"396\">Conte\u00fados completos e interativos: Resumos, quest\u00f5es + respostas, livreto, cart\u00f5es de estudo e autoavalia\u00e7\u00e3o<\/p>\n<\/li>\n<li data-start=\"397\" data-end=\"524\">\n<p data-start=\"399\" data-end=\"524\">Instru\u00e7\u00f5es de montagem detalhadas para que os alunos possam criar, organizar e revisar o conte\u00fado de forma pr\u00e1tica e criativa<\/p>\n<\/li>\n<li data-start=\"525\" data-end=\"670\">\n<p data-start=\"527\" data-end=\"670\">Atividades l\u00fadicas e educativas que exploram temas como geometria molecular, polaridade das liga\u00e7\u00f5es, intera\u00e7\u00f5es intermoleculares, e muito mais<\/p>\n<\/li>\n<li data-start=\"671\" data-end=\"773\">\n<p data-start=\"673\" data-end=\"773\">Abas, bolsos e cart\u00f5es para facilitar a organiza\u00e7\u00e3o do conhecimento e estimular a autonomia do aluno<\/p>\n<\/li>\n<li data-start=\"774\" data-end=\"836\">\n<p data-start=\"776\" data-end=\"836\">Ideal para estudantes que aprendem de forma visual e pr\u00e1tica<\/p>\n<\/li>\n<\/ul>\n<p data-start=\"838\" data-end=\"925\">\ud83d\udcda Cada Lapbook tem 14 p\u00e1ginas repletas de conte\u00fado relevante para o ensino de Qu\u00edmica.<\/p>\n<p data-start=\"927\" data-end=\"975\"><strong data-start=\"927\" data-end=\"975\">Por que escolher nossos Lapbooks de Qu\u00edmica?<\/strong><\/p>\n<ul data-start=\"977\" data-end=\"1246\">\n<li data-start=\"977\" data-end=\"1053\">\n<p data-start=\"979\" data-end=\"1053\">M\u00e9todo visual e interativo que torna o aprendizado mais prazeroso e eficaz<\/p>\n<\/li>\n<li data-start=\"1054\" data-end=\"1152\">\n<p data-start=\"1056\" data-end=\"1152\">Estimula o pensamento cr\u00edtico, a curiosidade cient\u00edfica e a compreens\u00e3o dos conceitos essenciais<\/p>\n<\/li>\n<li data-start=\"1153\" data-end=\"1246\">\n<p data-start=\"1155\" data-end=\"1246\">Perfeito para complementar o ensino de Qu\u00edmica e facilitar a revis\u00e3o de conte\u00fados complexos<\/p>\n<\/li>\n<\/ul>\n<p data-start=\"1248\" data-end=\"1324\">\ud83c\udf1f Transforme o aprendizado de Qu\u00edmica em uma experi\u00eancia \u00fanica e memor\u00e1vel!<\/p>\n<\/div>\n<\/div>\n<\/div>\n<\/div>\n<div class=\"z-0 flex min-h-[46px] justify-start\"><\/div>\n<div class=\"mt-3 w-full empty:hidden\">\n<div class=\"text-center\">\n<div>\n<div class=\"inline-flex border border-gray-100 dark:border-gray-700 rounded-xl\">\n<div class=\"text-token-text-secondary flex items-center justify-center gap-4 px-4 py-2.5 text-sm whitespace-nowrap\"><\/div>\n<\/div>\n<\/div>\n<\/div>\n<\/div>\n<p style=\"text-align: center;\"><strong>AVISO IMPORTANTE:<\/strong><\/p>\n<p style=\"text-align: center;\"><strong>AS APOSTILAS S\u00c3O ENVIADAS EM FORMATO PDF NO EMAIL CADASTRADO NO ATO DA COMPRA. CASO QUEIRA O MATERIAL EM FORMATO IMAGEM JPEG, ENTRE EM CONTATO CONOSCO PELO WHATSAPP: 31-994716920<\/strong><\/p>\n<p style=\"text-align: center;\"><strong>MAIS INFORMA\u00c7\u00d5ES E COMPRA PELO PIX, ENTRE EM CONTATO CONOSCO: 31-994716920. PIX: 31-994716920 (Eduardo de Sousa)<\/strong><\/p>\n<p style=\"text-align: center;\"><strong>ENVIO DO MATERIAL: EM AT\u00c9 1 (UM) DIA \u00daTIL, AP\u00d3S A CONFIRMA\u00c7\u00c3O DO PAGAMENTO<\/strong>\u00a0<strong>(SER\u00c1 ENVIADO UM LINK DO GOOGLE DRIVE NO E-MAIL INFORMADO NO ATO DA COMPRA PARA O DOWNLOAD DA APOSTILA).<\/strong><\/p>\n","protected":false},"featured_media":24099,"comment_status":"open","ping_status":"closed","template":"","meta":[],"product_brand":[],"product_cat":[139],"product_tag":[128,31,35,172,132,179],"class_list":{"0":"post-24098","1":"product","2":"type-product","3":"status-publish","4":"has-post-thumbnail","6":"product_cat-quimica","7":"product_tag-atividades-adaptadas","8":"product_tag-atividades-ludicas","9":"product_tag-ensino-medio","10":"product_tag-estudos-dirigidos","11":"product_tag-questoes-abertas","12":"product_tag-tecnologia-e-inovacao","14":"first","15":"instock","16":"virtual","17":"taxable","18":"purchasable","19":"product-type-simple"},"_links":{"self":[{"href":"https:\/\/cacapalavrasdidaticos.com.br\/site\/wp-json\/wp\/v2\/product\/24098","targetHints":{"allow":["GET"]}}],"collection":[{"href":"https:\/\/cacapalavrasdidaticos.com.br\/site\/wp-json\/wp\/v2\/product"}],"about":[{"href":"https:\/\/cacapalavrasdidaticos.com.br\/site\/wp-json\/wp\/v2\/types\/product"}],"replies":[{"embeddable":true,"href":"https:\/\/cacapalavrasdidaticos.com.br\/site\/wp-json\/wp\/v2\/comments?post=24098"}],"wp:featuredmedia":[{"embeddable":true,"href":"https:\/\/cacapalavrasdidaticos.com.br\/site\/wp-json\/wp\/v2\/media\/24099"}],"wp:attachment":[{"href":"https:\/\/cacapalavrasdidaticos.com.br\/site\/wp-json\/wp\/v2\/media?parent=24098"}],"wp:term":[{"taxonomy":"product_brand","embeddable":true,"href":"https:\/\/cacapalavrasdidaticos.com.br\/site\/wp-json\/wp\/v2\/product_brand?post=24098"},{"taxonomy":"product_cat","embeddable":true,"href":"https:\/\/cacapalavrasdidaticos.com.br\/site\/wp-json\/wp\/v2\/product_cat?post=24098"},{"taxonomy":"product_tag","embeddable":true,"href":"https:\/\/cacapalavrasdidaticos.com.br\/site\/wp-json\/wp\/v2\/product_tag?post=24098"}],"curies":[{"name":"wp","href":"https:\/\/api.w.org\/{rel}","templated":true}]}}