{"id":23897,"date":"2026-01-13T00:46:04","date_gmt":"2026-01-13T03:46:04","guid":{"rendered":"https:\/\/cacapalavrasdidaticos.com.br\/site\/?post_type=product&#038;p=23897"},"modified":"2026-01-28T14:33:56","modified_gmt":"2026-01-28T17:33:56","slug":"mini-lapbooks-de-ciencias-da-natureza-8o-ano-1o-bimestre-materia-e-energia-5-temas-2","status":"publish","type":"product","link":"https:\/\/cacapalavrasdidaticos.com.br\/site\/produto\/mini-lapbooks-de-ciencias-da-natureza-8o-ano-1o-bimestre-materia-e-energia-5-temas-2\/","title":{"rendered":"MINI LAPBOOKS DE CI\u00caNCIAS DA NATUREZA &#8211; 8\u00ba ANO (1\u00ba BIMESTRE): MAT\u00c9RIA E ENERGIA (5 TEMAS)"},"content":{"rendered":"","protected":false},"excerpt":{"rendered":"<p data-start=\"130\" data-end=\"179\"><strong data-start=\"130\" data-end=\"179\">Mini Lapbooks \u2013 Ci\u00eancias da Natureza | 8\u00ba Ano<\/strong><\/p>\n<p data-start=\"181\" data-end=\"670\">Material pedag\u00f3gico interativo, desenvolvido de acordo com a BNCC, que promove a aprendizagem ativa por meio de atividades visuais, investigativas e reflexivas. Este material auxilia os estudantes a compreender os conceitos relacionados \u00e0 mat\u00e9ria e \u00e0 energia, as fontes e transforma\u00e7\u00f5es energ\u00e9ticas, o funcionamento dos circuitos el\u00e9tricos e o consumo consciente de energia no cotidiano, fortalecendo o pensamento cient\u00edfico, a autonomia e a participa\u00e7\u00e3o ativa no processo de aprendizagem.<\/p>\n<p data-start=\"672\" data-end=\"704\"><strong data-start=\"672\" data-end=\"704\">Temas e habilidades da BNCC:<\/strong><\/p>\n<ul>\n<li data-start=\"706\" data-end=\"933\">Fontes e tipos de energia \u2013 <strong data-start=\"734\" data-end=\"746\">EF08CI01<\/strong><\/li>\n<li data-start=\"706\" data-end=\"933\">Transforma\u00e7\u00e3o de energia \u2013 <strong data-start=\"776\" data-end=\"788\">EF08CI02<\/strong><\/li>\n<li data-start=\"706\" data-end=\"933\">Circuitos el\u00e9tricos \u2013 <strong data-start=\"813\" data-end=\"825\">EF08CI03<\/strong><\/li>\n<li data-start=\"706\" data-end=\"933\">C\u00e1lculo de consumo de energia el\u00e9trica \u2013 <strong data-start=\"869\" data-end=\"881\">EF08CI04<\/strong><\/li>\n<li data-start=\"706\" data-end=\"933\">Uso consciente de energia el\u00e9trica \u2013 <strong data-start=\"921\" data-end=\"933\">EF08CI05<\/strong><\/li>\n<\/ul>\n<p>&nbsp;<\/p>\n<p style=\"text-align: center;\"><strong>AVISO IMPORTANTE:<\/strong><\/p>\n<p style=\"text-align: center;\"><strong>AS APOSTILAS S\u00c3O ENVIADAS EM FORMATO PDF NO EMAIL CADASTRADO NO ATO DA COMPRA. CASO QUEIRA O MATERIAL EM FORMATO IMAGEM JPEG, ENTRE EM CONTATO CONOSCO PELO WHATSAPP: 31-994716920<\/strong><\/p>\n<p style=\"text-align: center;\"><strong>MAIS INFORMA\u00c7\u00d5ES E COMPRA PELO PIX, ENTRE EM CONTATO CONOSCO: 31-994716920. PIX: 31-994716920 (Eduardo de Sousa)<\/strong><\/p>\n<p style=\"text-align: center;\"><strong>ENVIO DO MATERIAL: EM AT\u00c9 1 (UM) DIA \u00daTIL, AP\u00d3S A CONFIRMA\u00c7\u00c3O DO PAGAMENTO<\/strong>\u00a0<strong>(SER\u00c1 ENVIADO UM LINK DO GOOGLE DRIVE NO E-MAIL INFORMADO NO ATO DA COMPRA PARA O DOWNLOAD DA APOSTILA).<\/strong><\/p>\n","protected":false},"featured_media":23886,"comment_status":"open","ping_status":"closed","template":"","meta":[],"product_brand":[],"product_cat":[24],"product_tag":[128,31,183,182],"class_list":{"0":"post-23897","1":"product","2":"type-product","3":"status-publish","4":"has-post-thumbnail","6":"product_cat-ciencias","7":"product_tag-atividades-adaptadas","8":"product_tag-atividades-ludicas","9":"product_tag-lapbooks","10":"product_tag-mini-lapbooks","12":"first","13":"instock","14":"virtual","15":"taxable","16":"purchasable","17":"product-type-simple"},"_links":{"self":[{"href":"https:\/\/cacapalavrasdidaticos.com.br\/site\/wp-json\/wp\/v2\/product\/23897","targetHints":{"allow":["GET"]}}],"collection":[{"href":"https:\/\/cacapalavrasdidaticos.com.br\/site\/wp-json\/wp\/v2\/product"}],"about":[{"href":"https:\/\/cacapalavrasdidaticos.com.br\/site\/wp-json\/wp\/v2\/types\/product"}],"replies":[{"embeddable":true,"href":"https:\/\/cacapalavrasdidaticos.com.br\/site\/wp-json\/wp\/v2\/comments?post=23897"}],"wp:featuredmedia":[{"embeddable":true,"href":"https:\/\/cacapalavrasdidaticos.com.br\/site\/wp-json\/wp\/v2\/media\/23886"}],"wp:attachment":[{"href":"https:\/\/cacapalavrasdidaticos.com.br\/site\/wp-json\/wp\/v2\/media?parent=23897"}],"wp:term":[{"taxonomy":"product_brand","embeddable":true,"href":"https:\/\/cacapalavrasdidaticos.com.br\/site\/wp-json\/wp\/v2\/product_brand?post=23897"},{"taxonomy":"product_cat","embeddable":true,"href":"https:\/\/cacapalavrasdidaticos.com.br\/site\/wp-json\/wp\/v2\/product_cat?post=23897"},{"taxonomy":"product_tag","embeddable":true,"href":"https:\/\/cacapalavrasdidaticos.com.br\/site\/wp-json\/wp\/v2\/product_tag?post=23897"}],"curies":[{"name":"wp","href":"https:\/\/api.w.org\/{rel}","templated":true}]}}