{"id":23873,"date":"2026-01-12T23:23:08","date_gmt":"2026-01-13T02:23:08","guid":{"rendered":"https:\/\/cacapalavrasdidaticos.com.br\/site\/?post_type=product&#038;p=23873"},"modified":"2026-01-28T14:33:57","modified_gmt":"2026-01-28T17:33:57","slug":"mini-lapbooks-de-ciencias-da-natureza-7o-ano-1o-bimestre-materia-e-energia-5-temas","status":"publish","type":"product","link":"https:\/\/cacapalavrasdidaticos.com.br\/site\/produto\/mini-lapbooks-de-ciencias-da-natureza-7o-ano-1o-bimestre-materia-e-energia-5-temas\/","title":{"rendered":"MINI LAPBOOKS DE CI\u00caNCIAS DA NATUREZA &#8211; 7\u00ba ANO (1\u00ba BIMESTRE): MAT\u00c9RIA E ENERGIA (5 TEMAS)"},"content":{"rendered":"","protected":false},"excerpt":{"rendered":"<p data-start=\"129\" data-end=\"178\"><strong data-start=\"129\" data-end=\"178\">Mini Lapbooks \u2013 Ci\u00eancias da Natureza | 7\u00ba Ano<\/strong><\/p>\n<p data-start=\"180\" data-end=\"677\">Material pedag\u00f3gico interativo, desenvolvido de acordo com a BNCC, que promove a aprendizagem ativa por meio de atividades visuais, investigativas e reflexivas. Este material auxilia os estudantes a compreender os conceitos relacionados \u00e0 mat\u00e9ria e \u00e0 energia, as m\u00e1quinas simples, as formas de propaga\u00e7\u00e3o do calor, o equil\u00edbrio termodin\u00e2mico, a hist\u00f3ria dos combust\u00edveis e das m\u00e1quinas t\u00e9rmicas, fortalecendo o pensamento cient\u00edfico e incentivando a participa\u00e7\u00e3o ativa no processo de aprendizagem.<\/p>\n<p data-start=\"679\" data-end=\"711\"><strong data-start=\"679\" data-end=\"711\">Temas e habilidades da BNCC:<\/strong><\/p>\n<ul>\n<li data-pm-slice=\"1 1 []\">M\u00e1quinas simples \u2013 EF07CI01<\/li>\n<li>Formas de propaga\u00e7\u00e3o do calor \u2013 EF07CI02<\/li>\n<li>Equil\u00edbrio termodin\u00e2mico e vida na Terra \u2013 EF07CI04<\/li>\n<li>Hist\u00f3ria dos combust\u00edveis e das m\u00e1quinas t\u00e9rmicas \u2013 EF07CI05<\/li>\n<li>Caracter\u00edsticas dos materiais \u2013 EF06CI01<\/li>\n<\/ul>\n<p style=\"text-align: center;\"><strong>AVISO IMPORTANTE:<\/strong><\/p>\n<p style=\"text-align: center;\"><strong>AS APOSTILAS S\u00c3O ENVIADAS EM FORMATO PDF NO EMAIL CADASTRADO NO ATO DA COMPRA. CASO QUEIRA O MATERIAL EM FORMATO IMAGEM JPEG, ENTRE EM CONTATO CONOSCO PELO WHATSAPP: 31-994716920<\/strong><\/p>\n<p style=\"text-align: center;\"><strong>MAIS INFORMA\u00c7\u00d5ES E COMPRA PELO PIX, ENTRE EM CONTATO CONOSCO: 31-994716920. PIX: 31-994716920 (Eduardo de Sousa)<\/strong><\/p>\n<p style=\"text-align: center;\"><strong>ENVIO DO MATERIAL: EM AT\u00c9 1 (UM) DIA \u00daTIL, AP\u00d3S A CONFIRMA\u00c7\u00c3O DO PAGAMENTO<\/strong>\u00a0<strong>(SER\u00c1 ENVIADO UM LINK DO GOOGLE DRIVE NO E-MAIL INFORMADO NO ATO DA COMPRA PARA O DOWNLOAD DA APOSTILA).<\/strong><\/p>\n","protected":false},"featured_media":23874,"comment_status":"open","ping_status":"closed","template":"","meta":[],"product_brand":[],"product_cat":[24],"product_tag":[128,31,183,182],"class_list":{"0":"post-23873","1":"product","2":"type-product","3":"status-publish","4":"has-post-thumbnail","6":"product_cat-ciencias","7":"product_tag-atividades-adaptadas","8":"product_tag-atividades-ludicas","9":"product_tag-lapbooks","10":"product_tag-mini-lapbooks","12":"first","13":"instock","14":"virtual","15":"taxable","16":"purchasable","17":"product-type-simple"},"_links":{"self":[{"href":"https:\/\/cacapalavrasdidaticos.com.br\/site\/wp-json\/wp\/v2\/product\/23873","targetHints":{"allow":["GET"]}}],"collection":[{"href":"https:\/\/cacapalavrasdidaticos.com.br\/site\/wp-json\/wp\/v2\/product"}],"about":[{"href":"https:\/\/cacapalavrasdidaticos.com.br\/site\/wp-json\/wp\/v2\/types\/product"}],"replies":[{"embeddable":true,"href":"https:\/\/cacapalavrasdidaticos.com.br\/site\/wp-json\/wp\/v2\/comments?post=23873"}],"wp:featuredmedia":[{"embeddable":true,"href":"https:\/\/cacapalavrasdidaticos.com.br\/site\/wp-json\/wp\/v2\/media\/23874"}],"wp:attachment":[{"href":"https:\/\/cacapalavrasdidaticos.com.br\/site\/wp-json\/wp\/v2\/media?parent=23873"}],"wp:term":[{"taxonomy":"product_brand","embeddable":true,"href":"https:\/\/cacapalavrasdidaticos.com.br\/site\/wp-json\/wp\/v2\/product_brand?post=23873"},{"taxonomy":"product_cat","embeddable":true,"href":"https:\/\/cacapalavrasdidaticos.com.br\/site\/wp-json\/wp\/v2\/product_cat?post=23873"},{"taxonomy":"product_tag","embeddable":true,"href":"https:\/\/cacapalavrasdidaticos.com.br\/site\/wp-json\/wp\/v2\/product_tag?post=23873"}],"curies":[{"name":"wp","href":"https:\/\/api.w.org\/{rel}","templated":true}]}}